{"id":4212,"date":"2024-04-04T18:49:26","date_gmt":"2024-04-04T16:49:26","guid":{"rendered":"https:\/\/agora.xtec.cat\/ieslesmarines\/?page_id=4212"},"modified":"2024-04-04T18:50:03","modified_gmt":"2024-04-04T16:50:03","slug":"colonies-2n-eso-dia-1","status":"publish","type":"page","link":"https:\/\/agora.xtec.cat\/ieslesmarines\/colonies-2n-eso-dia-1\/","title":{"rendered":"Col\u00f2nies 2n ESO &#8211; dia 1"},"content":{"rendered":"<p>Ahir vam estar esmorzant al poble de Penelles i vam veure els grafittis de les fa\u00e7anes de les cases.<\/p>\n<p>Vam dinar a la Font de la Figuereta, al costat de la Pobla de Segur i ens vam instal\u00b7lar a l\u2019hotel, a Espot.<\/p>\n<p>\u2600\ufe0fEl dia magn\u00edfic de sol i no feia fred. Tot est\u00e0 anant molt b\u00e9.<\/p>\n<p>Podeu veure m\u00e9s imatges, <a href=\"https:\/\/www.instagram.com\/p\/C5VVW8es3Ob\/?utm_source=ig_web_copy_link\">aqu\u00ed<\/a>.<\/p>\n<p><img loading=\"lazy\" decoding=\"async\" class=\"alignnone wp-image-4214\" src=\"https:\/\/agora.xtec.cat\/ieslesmarines\/wp-content\/uploads\/usu619\/2024\/04\/1a8a729f-6c91-4722-b3cc-21414f257af6-1024x768.jpg\" alt=\"\" width=\"700\" height=\"525\" srcset=\"https:\/\/agora.xtec.cat\/ieslesmarines\/wp-content\/uploads\/usu619\/2024\/04\/1a8a729f-6c91-4722-b3cc-21414f257af6-1024x768.jpg 1024w, https:\/\/agora.xtec.cat\/ieslesmarines\/wp-content\/uploads\/usu619\/2024\/04\/1a8a729f-6c91-4722-b3cc-21414f257af6-300x225.jpg 300w, https:\/\/agora.xtec.cat\/ieslesmarines\/wp-content\/uploads\/usu619\/2024\/04\/1a8a729f-6c91-4722-b3cc-21414f257af6-768x576.jpg 768w, https:\/\/agora.xtec.cat\/ieslesmarines\/wp-content\/uploads\/usu619\/2024\/04\/1a8a729f-6c91-4722-b3cc-21414f257af6-1536x1152.jpg 1536w, https:\/\/agora.xtec.cat\/ieslesmarines\/wp-content\/uploads\/usu619\/2024\/04\/1a8a729f-6c91-4722-b3cc-21414f257af6-200x150.jpg 200w, https:\/\/agora.xtec.cat\/ieslesmarines\/wp-content\/uploads\/usu619\/2024\/04\/1a8a729f-6c91-4722-b3cc-21414f257af6.jpg 1600w\" sizes=\"auto, (max-width: 700px) 100vw, 700px\" \/><\/p>\n","protected":false},"excerpt":{"rendered":"<p>Ahir vam estar esmorzant al poble de Penelles i vam veure els grafittis de les fa\u00e7anes de les cases. Vam dinar a la Font de la Figuereta, al costat de la Pobla de Segur i ens vam instal\u00b7lar a l\u2019hotel, a Espot. \u2600\ufe0fEl dia magn\u00edfic de sol i no feia fred. Tot est\u00e0 anant molt [&hellip;]<\/p>\n","protected":false},"author":1,"featured_media":0,"parent":0,"menu_order":0,"comment_status":"closed","ping_status":"closed","template":"","meta":{"_bbp_topic_count":0,"_bbp_reply_count":0,"_bbp_total_topic_count":0,"_bbp_total_reply_count":0,"_bbp_voice_count":0,"_bbp_anonymous_reply_count":0,"_bbp_topic_count_hidden":0,"_bbp_reply_count_hidden":0,"_bbp_forum_subforum_count":0,"site-sidebar-layout":"default","site-content-layout":"","ast-site-content-layout":"","site-content-style":"default","site-sidebar-style":"default","ast-global-header-display":"","ast-banner-title-visibility":"","ast-main-header-display":"","ast-hfb-above-header-display":"","ast-hfb-below-header-display":"","ast-hfb-mobile-header-display":"","site-post-title":"","ast-breadcrumbs-content":"","ast-featured-img":"","footer-sml-layout":"","theme-transparent-header-meta":"","adv-header-id-meta":"","stick-header-meta":"","header-above-stick-meta":"","header-main-stick-meta":"","header-below-stick-meta":"","astra-migrate-meta-layouts":"default","ast-page-background-enabled":"default","ast-page-background-meta":{"desktop":{"background-color":"var(--ast-global-color-4)","background-image":"","background-repeat":"repeat","background-position":"center center","background-size":"auto","background-attachment":"scroll","background-type":"","background-media":"","overlay-type":"","overlay-color":"","overlay-opacity":"","overlay-gradient":""},"tablet":{"background-color":"","background-image":"","background-repeat":"repeat","background-position":"center center","background-size":"auto","background-attachment":"scroll","background-type":"","background-media":"","overlay-type":"","overlay-color":"","overlay-opacity":"","overlay-gradient":""},"mobile":{"background-color":"","background-image":"","background-repeat":"repeat","background-position":"center center","background-size":"auto","background-attachment":"scroll","background-type":"","background-media":"","overlay-type":"","overlay-color":"","overlay-opacity":"","overlay-gradient":""}},"ast-content-background-meta":{"desktop":{"background-color":"var(--ast-global-color-5)","background-image":"","background-repeat":"repeat","background-position":"center center","background-size":"auto","background-attachment":"scroll","background-type":"","background-media":"","overlay-type":"","overlay-color":"","overlay-opacity":"","overlay-gradient":""},"tablet":{"background-color":"var(--ast-global-color-5)","background-image":"","background-repeat":"repeat","background-position":"center center","background-size":"auto","background-attachment":"scroll","background-type":"","background-media":"","overlay-type":"","overlay-color":"","overlay-opacity":"","overlay-gradient":""},"mobile":{"background-color":"var(--ast-global-color-5)","background-image":"","background-repeat":"repeat","background-position":"center center","background-size":"auto","background-attachment":"scroll","background-type":"","background-media":"","overlay-type":"","overlay-color":"","overlay-opacity":"","overlay-gradient":""}},"footnotes":""},"class_list":["post-4212","page","type-page","status-publish","hentry"],"post_mailing_queue_ids":[],"_links":{"self":[{"href":"https:\/\/agora.xtec.cat\/ieslesmarines\/wp-json\/wp\/v2\/pages\/4212","targetHints":{"allow":["GET"]}}],"collection":[{"href":"https:\/\/agora.xtec.cat\/ieslesmarines\/wp-json\/wp\/v2\/pages"}],"about":[{"href":"https:\/\/agora.xtec.cat\/ieslesmarines\/wp-json\/wp\/v2\/types\/page"}],"author":[{"embeddable":true,"href":"https:\/\/agora.xtec.cat\/ieslesmarines\/wp-json\/wp\/v2\/users\/1"}],"replies":[{"embeddable":true,"href":"https:\/\/agora.xtec.cat\/ieslesmarines\/wp-json\/wp\/v2\/comments?post=4212"}],"version-history":[{"count":2,"href":"https:\/\/agora.xtec.cat\/ieslesmarines\/wp-json\/wp\/v2\/pages\/4212\/revisions"}],"predecessor-version":[{"id":4216,"href":"https:\/\/agora.xtec.cat\/ieslesmarines\/wp-json\/wp\/v2\/pages\/4212\/revisions\/4216"}],"wp:attachment":[{"href":"https:\/\/agora.xtec.cat\/ieslesmarines\/wp-json\/wp\/v2\/media?parent=4212"}],"curies":[{"name":"wp","href":"https:\/\/api.w.org\/{rel}","templated":true}]}}