{"id":4186,"date":"2024-03-12T13:48:34","date_gmt":"2024-03-12T12:48:34","guid":{"rendered":"https:\/\/agora.xtec.cat\/ieslesmarines\/?page_id=4186"},"modified":"2024-03-12T13:48:34","modified_gmt":"2024-03-12T12:48:34","slug":"taller-sobre-afectivitat-i-sexualitat","status":"publish","type":"page","link":"https:\/\/agora.xtec.cat\/ieslesmarines\/taller-sobre-afectivitat-i-sexualitat\/","title":{"rendered":"Taller sobre afectivitat i sexualitat"},"content":{"rendered":"<p>L&#8217;Ajuntament de Castelldefels ha reprogramat el taller sobre sexualitat que s&#8217;havia hagut de realitzar el 12 de desmbre per al 8 d&#8217;abril al Servei Local de Transici\u00f3 Escola Treball (SLTET), al carrer Esgl\u00e9sia, n\u00fam. 1.<\/p>\n<p>La inscripci\u00f3 es pot fer a trav\u00e9s d&#8217;aquest <a href=\"https:\/\/forms.office.com\/pages\/responsepage.aspx?id=-DxhUWt3L0-l16g6v9TwqswL-z6fDPZJob_J1QkwKORUQVAwUlFWUko3WEk4WjdHU1hWR05aRVNGWS4u\">enlla\u00e7<\/a>.<\/p>\n<p><a href=\"https:\/\/forms.office.com\/pages\/responsepage.aspx?id=-DxhUWt3L0-l16g6v9TwqswL-z6fDPZJob_J1QkwKORUQVAwUlFWUko3WEk4WjdHU1hWR05aRVNGWS4u\"><img loading=\"lazy\" decoding=\"async\" class=\"alignnone size-full wp-image-4187\" src=\"https:\/\/agora.xtec.cat\/ieslesmarines\/wp-content\/uploads\/usu619\/2024\/03\/sexualitat-i-afectivitat.png\" alt=\"\" width=\"580\" height=\"745\" srcset=\"https:\/\/agora.xtec.cat\/ieslesmarines\/wp-content\/uploads\/usu619\/2024\/03\/sexualitat-i-afectivitat.png 580w, https:\/\/agora.xtec.cat\/ieslesmarines\/wp-content\/uploads\/usu619\/2024\/03\/sexualitat-i-afectivitat-234x300.png 234w\" sizes=\"auto, (max-width: 580px) 100vw, 580px\" \/><\/a><\/p>\n","protected":false},"excerpt":{"rendered":"<p>L&#8217;Ajuntament de Castelldefels ha reprogramat el taller sobre sexualitat que s&#8217;havia hagut de realitzar el 12 de desmbre per al 8 d&#8217;abril al Servei Local de Transici\u00f3 Escola Treball (SLTET), al carrer Esgl\u00e9sia, n\u00fam. 1. La inscripci\u00f3 es pot fer a trav\u00e9s d&#8217;aquest enlla\u00e7.<\/p>\n","protected":false},"author":1,"featured_media":0,"parent":0,"menu_order":0,"comment_status":"closed","ping_status":"closed","template":"","meta":{"_bbp_topic_count":0,"_bbp_reply_count":0,"_bbp_total_topic_count":0,"_bbp_total_reply_count":0,"_bbp_voice_count":0,"_bbp_anonymous_reply_count":0,"_bbp_topic_count_hidden":0,"_bbp_reply_count_hidden":0,"_bbp_forum_subforum_count":0,"site-sidebar-layout":"default","site-content-layout":"","ast-site-content-layout":"","site-content-style":"default","site-sidebar-style":"default","ast-global-header-display":"","ast-banner-title-visibility":"","ast-main-header-display":"","ast-hfb-above-header-display":"","ast-hfb-below-header-display":"","ast-hfb-mobile-header-display":"","site-post-title":"","ast-breadcrumbs-content":"","ast-featured-img":"","footer-sml-layout":"","theme-transparent-header-meta":"","adv-header-id-meta":"","stick-header-meta":"","header-above-stick-meta":"","header-main-stick-meta":"","header-below-stick-meta":"","astra-migrate-meta-layouts":"default","ast-page-background-enabled":"default","ast-page-background-meta":{"desktop":{"background-color":"var(--ast-global-color-4)","background-image":"","background-repeat":"repeat","background-position":"center center","background-size":"auto","background-attachment":"scroll","background-type":"","background-media":"","overlay-type":"","overlay-color":"","overlay-opacity":"","overlay-gradient":""},"tablet":{"background-color":"","background-image":"","background-repeat":"repeat","background-position":"center center","background-size":"auto","background-attachment":"scroll","background-type":"","background-media":"","overlay-type":"","overlay-color":"","overlay-opacity":"","overlay-gradient":""},"mobile":{"background-color":"","background-image":"","background-repeat":"repeat","background-position":"center center","background-size":"auto","background-attachment":"scroll","background-type":"","background-media":"","overlay-type":"","overlay-color":"","overlay-opacity":"","overlay-gradient":""}},"ast-content-background-meta":{"desktop":{"background-color":"var(--ast-global-color-5)","background-image":"","background-repeat":"repeat","background-position":"center center","background-size":"auto","background-attachment":"scroll","background-type":"","background-media":"","overlay-type":"","overlay-color":"","overlay-opacity":"","overlay-gradient":""},"tablet":{"background-color":"var(--ast-global-color-5)","background-image":"","background-repeat":"repeat","background-position":"center center","background-size":"auto","background-attachment":"scroll","background-type":"","background-media":"","overlay-type":"","overlay-color":"","overlay-opacity":"","overlay-gradient":""},"mobile":{"background-color":"var(--ast-global-color-5)","background-image":"","background-repeat":"repeat","background-position":"center center","background-size":"auto","background-attachment":"scroll","background-type":"","background-media":"","overlay-type":"","overlay-color":"","overlay-opacity":"","overlay-gradient":""}},"footnotes":""},"class_list":["post-4186","page","type-page","status-publish","hentry"],"post_mailing_queue_ids":[],"_links":{"self":[{"href":"https:\/\/agora.xtec.cat\/ieslesmarines\/wp-json\/wp\/v2\/pages\/4186","targetHints":{"allow":["GET"]}}],"collection":[{"href":"https:\/\/agora.xtec.cat\/ieslesmarines\/wp-json\/wp\/v2\/pages"}],"about":[{"href":"https:\/\/agora.xtec.cat\/ieslesmarines\/wp-json\/wp\/v2\/types\/page"}],"author":[{"embeddable":true,"href":"https:\/\/agora.xtec.cat\/ieslesmarines\/wp-json\/wp\/v2\/users\/1"}],"replies":[{"embeddable":true,"href":"https:\/\/agora.xtec.cat\/ieslesmarines\/wp-json\/wp\/v2\/comments?post=4186"}],"version-history":[{"count":1,"href":"https:\/\/agora.xtec.cat\/ieslesmarines\/wp-json\/wp\/v2\/pages\/4186\/revisions"}],"predecessor-version":[{"id":4188,"href":"https:\/\/agora.xtec.cat\/ieslesmarines\/wp-json\/wp\/v2\/pages\/4186\/revisions\/4188"}],"wp:attachment":[{"href":"https:\/\/agora.xtec.cat\/ieslesmarines\/wp-json\/wp\/v2\/media?parent=4186"}],"curies":[{"name":"wp","href":"https:\/\/api.w.org\/{rel}","templated":true}]}}