{"id":4147,"date":"2024-03-05T13:37:11","date_gmt":"2024-03-05T12:37:11","guid":{"rendered":"https:\/\/agora.xtec.cat\/ieslesmarines\/?page_id=4147"},"modified":"2024-03-05T13:37:11","modified_gmt":"2024-03-05T12:37:11","slug":"ultima-sessio-de-booktrailers","status":"publish","type":"page","link":"https:\/\/agora.xtec.cat\/ieslesmarines\/ultima-sessio-de-booktrailers\/","title":{"rendered":"\u00daltima sessi\u00f3 de booktrailers"},"content":{"rendered":"<p><span style=\"font-weight: 400;\">El dijous 8 de febrer l\u2019alumnat de 4t d\u2019ESO va poder gaudir de la quarta i \u00faltima sessi\u00f3 del taller de booktrailers, impartit pel Carles Alcoy. El formador els va explicar aspectes importants sobre la postproducci\u00f3 i el muntatge audiovisual del booktrailer.\u00a0<\/span><\/p>\n<p><span style=\"font-weight: 400;\">Els va mostrar la import\u00e0ncia d\u2019aconseguir transmetre l\u2019emoci\u00f3 adequada, i captar la implicaci\u00f3 emocional de l\u2019espectador.\u00a0<\/span><\/p>\n<p><span style=\"font-weight: 400;\">Tamb\u00e9 els explic\u00e0 com poden aconseguir filmar diferents punts de vista de la mateixa situaci\u00f3. El tall \u00e9s l\u2019accent que posen en les imatges: \u00e9s important on s\u2019acaba. Els talls i el muntatge s\u00f3n els accents i els signes de puntuaci\u00f3. No haurien d\u2019allargar el pla m\u00e9s del necessari. Les transicions han de ser f\u00e0cils d\u2019entendre. La localitzaci\u00f3, els plans i els enquadraments escollits s\u00f3n molt importants. Cal jugar amb el tema de les perspectives.\u00a0<\/span><\/p>\n<p><span style=\"font-weight: 400;\">Tamb\u00e9, l\u2019<\/span><i><span style=\"font-weight: 400;\">atrezzo<\/span><\/i><span style=\"font-weight: 400;\">, l\u2019ambientaci\u00f3 i la caracteritzaci\u00f3 han de ser adequats amb la narrativa del llibre i amb l\u2019\u00e8poca de la hist\u00f2ria. Fins i tot la tipografia ha de ser coherent amb el que s\u2019explica.\u00a0<\/span><\/p>\n<p><span style=\"font-weight: 400;\">El que es pret\u00e9n \u00e9s que quedi clar, que s\u2019entengui emocionalment el que est\u00e0 passant. Tots els detalls que veiem en un pla ens expliquen una hist\u00f2ria, la del llibre que hem escollit per fer el booktrailer.<\/span><\/p>\n<p><span style=\"font-weight: 400;\">A continuaci\u00f3, tamb\u00e9 pos\u00e0 l\u2019accent en la llum i la il\u00b7luminaci\u00f3 de la filmaci\u00f3. La voluntat del muntador \u00e9s que la ficci\u00f3 pugui ser real.\u00a0<\/span><\/p>\n<p><span style=\"font-weight: 400;\">La m\u00fasica tamb\u00e9 ha d\u2019estar ben trobada, ha d\u2019acompanyar la imatge.<\/span><\/p>\n<p><span style=\"font-weight: 400;\">I un punt essencial de l\u2019activitat \u00e9s que els agradi el seu booktrailer: si els agrada a ells, els agradar\u00e0 als altres. Han de trobar la manera d\u2019expressar-se cinematogr\u00e0ficament. M\u00e9s que el producte final, l\u2019important \u00e9s el proc\u00e9s.<\/span><\/p>\n<p><span style=\"font-weight: 400;\">Despr\u00e9s de l\u2019explicaci\u00f3, visionaren els booktrailers que havien muntat i el Carles coment\u00e0 els aspectes positius i els que es podien millorar. Va ser una sessi\u00f3 molt profitosa on l\u2019alumnat se sent\u00ed valorat, ja que el seu producte final era avaluat per un professional de les arts cinematogr\u00e0fiques i narratives. Va valorar positivament l\u2019actuaci\u00f3 d\u2019alguns dels participants.<\/span><\/p>\n<p><img loading=\"lazy\" decoding=\"async\" class=\"alignnone size-large wp-image-4148\" src=\"https:\/\/agora.xtec.cat\/ieslesmarines\/wp-content\/uploads\/usu619\/2024\/03\/3a-1024x768.jpg\" alt=\"\" width=\"1024\" height=\"768\" srcset=\"https:\/\/agora.xtec.cat\/ieslesmarines\/wp-content\/uploads\/usu619\/2024\/03\/3a-1024x768.jpg 1024w, https:\/\/agora.xtec.cat\/ieslesmarines\/wp-content\/uploads\/usu619\/2024\/03\/3a-300x225.jpg 300w, https:\/\/agora.xtec.cat\/ieslesmarines\/wp-content\/uploads\/usu619\/2024\/03\/3a-768x576.jpg 768w, https:\/\/agora.xtec.cat\/ieslesmarines\/wp-content\/uploads\/usu619\/2024\/03\/3a-1536x1152.jpg 1536w, https:\/\/agora.xtec.cat\/ieslesmarines\/wp-content\/uploads\/usu619\/2024\/03\/3a-2048x1536.jpg 2048w, https:\/\/agora.xtec.cat\/ieslesmarines\/wp-content\/uploads\/usu619\/2024\/03\/3a-200x150.jpg 200w\" sizes=\"auto, (max-width: 1024px) 100vw, 1024px\" \/><\/p>\n<p><span style=\"font-weight: 400;\">A continuaci\u00f3, podeu llegir els comentaris d\u2019alguns alumnes que van assistir al taller:<\/span><\/p>\n<p><span style=\"font-weight: 400;\">\u201cMe ha parecido muy interesante lo que nos explic\u00f3 Carles a nuestro grupo sobre el plano que hicimos y c\u00f3mo poder corregirlo. Una sesi\u00f3n muy \u00fatil.\u201d C. A. A.<\/span><\/p>\n<p><span style=\"font-weight: 400;\">\u201cHa sido muy \u00fatil ver ejemplos de otros booktrailers para tener m\u00e1s ideas a la hora de crear el nuestro.\u201d M C. M.\u00a0<\/span><\/p>\n<p><span style=\"font-weight: 400;\">\u201cEsta cuarta sesi\u00f3n me pareci\u00f3 muy interesante y nos hizo poder ver los fallos y cosas a mejorar a la hora de hacer nuestros booktrailers. Nos permiti\u00f3 ver las escenas desde otra perspectiva.\u201d G. T.<\/span><\/p>\n<p><span style=\"font-weight: 400;\">\u201cMe ha gustado ver los booktrailers de los dem\u00e1s y el m\u00edo y ver d\u00f3nde hab\u00eda fallos y qu\u00e9 se pod\u00eda mejorar.\u201d M. B. M.<\/span><\/p>\n<p><span style=\"font-weight: 400;\">\u201cInteresante, din\u00e1mico y divertido.\u201d P. B. B.<\/span><\/p>\n<p><span style=\"font-weight: 400;\">\u201cMe ha parecido muy interesante, tambi\u00e9n una buena forma de revisar los de tus compa\u00f1eros para hacer el tuyo correctamente.\u201d P. E. A.\u00a0<\/span><\/p>\n<p><span style=\"font-weight: 400;\">\u201cEl taller fue bastante divertido y entretenido de nuevo, el profesor supo ayudarnos a mejorar nuestros proyectos al revisar un par de escenas.\u201d E. J. V.\u00a0<\/span><\/p>\n<p><span style=\"font-weight: 400;\">\u201cEstuvo muy bien y ver los booktrailers para analizar y comparar fue algo bastante ingenioso.\u201d K. M. P.\u00a0<\/span><\/p>\n<p><span style=\"font-weight: 400;\">\u201cLa cuarta sesi\u00f3n del booktrailer me ha parecido muy \u00fatil e interesante, ya que hemos podido analizar algunos booktrailers de nuestros compa\u00f1eros y nuestros y hemos podido saber qu\u00e9 pod\u00edamos mejorar para el resultado final.\u201d S. P. S.\u00a0<\/span><\/p>\n<p><span style=\"font-weight: 400;\">\u201cLa \u00faltima sesi\u00f3n del booktrailer nos ha ense\u00f1ado a c\u00f3mo mejorar nuestro proyecto de v\u00eddeo, y en mi opini\u00f3n me ha servido mucho. \u201c M. T. D.\u00a0<\/span><\/p>\n<p>&nbsp;<\/p>\n","protected":false},"excerpt":{"rendered":"<p>El dijous 8 de febrer l\u2019alumnat de 4t d\u2019ESO va poder gaudir de la quarta i \u00faltima sessi\u00f3 del taller de booktrailers, impartit pel Carles Alcoy. El formador els va explicar aspectes importants sobre la postproducci\u00f3 i el muntatge audiovisual del booktrailer.\u00a0 Els va mostrar la import\u00e0ncia d\u2019aconseguir transmetre l\u2019emoci\u00f3 adequada, i captar la implicaci\u00f3 [&hellip;]<\/p>\n","protected":false},"author":1,"featured_media":0,"parent":0,"menu_order":0,"comment_status":"closed","ping_status":"closed","template":"","meta":{"_bbp_topic_count":0,"_bbp_reply_count":0,"_bbp_total_topic_count":0,"_bbp_total_reply_count":0,"_bbp_voice_count":0,"_bbp_anonymous_reply_count":0,"_bbp_topic_count_hidden":0,"_bbp_reply_count_hidden":0,"_bbp_forum_subforum_count":0,"site-sidebar-layout":"default","site-content-layout":"","ast-site-content-layout":"","site-content-style":"default","site-sidebar-style":"default","ast-global-header-display":"","ast-banner-title-visibility":"","ast-main-header-display":"","ast-hfb-above-header-display":"","ast-hfb-below-header-display":"","ast-hfb-mobile-header-display":"","site-post-title":"","ast-breadcrumbs-content":"","ast-featured-img":"","footer-sml-layout":"","theme-transparent-header-meta":"","adv-header-id-meta":"","stick-header-meta":"","header-above-stick-meta":"","header-main-stick-meta":"","header-below-stick-meta":"","astra-migrate-meta-layouts":"default","ast-page-background-enabled":"default","ast-page-background-meta":{"desktop":{"background-color":"var(--ast-global-color-4)","background-image":"","background-repeat":"repeat","background-position":"center center","background-size":"auto","background-attachment":"scroll","background-type":"","background-media":"","overlay-type":"","overlay-color":"","overlay-opacity":"","overlay-gradient":""},"tablet":{"background-color":"","background-image":"","background-repeat":"repeat","background-position":"center center","background-size":"auto","background-attachment":"scroll","background-type":"","background-media":"","overlay-type":"","overlay-color":"","overlay-opacity":"","overlay-gradient":""},"mobile":{"background-color":"","background-image":"","background-repeat":"repeat","background-position":"center center","background-size":"auto","background-attachment":"scroll","background-type":"","background-media":"","overlay-type":"","overlay-color":"","overlay-opacity":"","overlay-gradient":""}},"ast-content-background-meta":{"desktop":{"background-color":"var(--ast-global-color-5)","background-image":"","background-repeat":"repeat","background-position":"center center","background-size":"auto","background-attachment":"scroll","background-type":"","background-media":"","overlay-type":"","overlay-color":"","overlay-opacity":"","overlay-gradient":""},"tablet":{"background-color":"var(--ast-global-color-5)","background-image":"","background-repeat":"repeat","background-position":"center center","background-size":"auto","background-attachment":"scroll","background-type":"","background-media":"","overlay-type":"","overlay-color":"","overlay-opacity":"","overlay-gradient":""},"mobile":{"background-color":"var(--ast-global-color-5)","background-image":"","background-repeat":"repeat","background-position":"center center","background-size":"auto","background-attachment":"scroll","background-type":"","background-media":"","overlay-type":"","overlay-color":"","overlay-opacity":"","overlay-gradient":""}},"footnotes":""},"class_list":["post-4147","page","type-page","status-publish","hentry"],"post_mailing_queue_ids":[],"_links":{"self":[{"href":"https:\/\/agora.xtec.cat\/ieslesmarines\/wp-json\/wp\/v2\/pages\/4147","targetHints":{"allow":["GET"]}}],"collection":[{"href":"https:\/\/agora.xtec.cat\/ieslesmarines\/wp-json\/wp\/v2\/pages"}],"about":[{"href":"https:\/\/agora.xtec.cat\/ieslesmarines\/wp-json\/wp\/v2\/types\/page"}],"author":[{"embeddable":true,"href":"https:\/\/agora.xtec.cat\/ieslesmarines\/wp-json\/wp\/v2\/users\/1"}],"replies":[{"embeddable":true,"href":"https:\/\/agora.xtec.cat\/ieslesmarines\/wp-json\/wp\/v2\/comments?post=4147"}],"version-history":[{"count":1,"href":"https:\/\/agora.xtec.cat\/ieslesmarines\/wp-json\/wp\/v2\/pages\/4147\/revisions"}],"predecessor-version":[{"id":4149,"href":"https:\/\/agora.xtec.cat\/ieslesmarines\/wp-json\/wp\/v2\/pages\/4147\/revisions\/4149"}],"wp:attachment":[{"href":"https:\/\/agora.xtec.cat\/ieslesmarines\/wp-json\/wp\/v2\/media?parent=4147"}],"curies":[{"name":"wp","href":"https:\/\/api.w.org\/{rel}","templated":true}]}}