{"id":4002,"date":"2024-02-06T14:25:54","date_gmt":"2024-02-06T13:25:54","guid":{"rendered":"https:\/\/agora.xtec.cat\/ieslesmarines\/?page_id=4002"},"modified":"2024-02-06T14:25:54","modified_gmt":"2024-02-06T13:25:54","slug":"taller-itineraris-educatius-despres-de-leso","status":"publish","type":"page","link":"https:\/\/agora.xtec.cat\/ieslesmarines\/taller-itineraris-educatius-despres-de-leso\/","title":{"rendered":"Taller Itineraris educatius despr\u00e9s de l\u2019ESO"},"content":{"rendered":"<p style=\"font-weight: 400;\">L&#8217;Ajuntament de Castelldefels organitza el taller <strong>Itineraris educatius despr\u00e9s de l\u2019ESO i parer clau de les fam\u00edlies<\/strong>, que es realitzar\u00e0 el 19 de mar\u00e7 \u00a017.30 a 19.30 h \u00a0al nostre institut.<\/p>\n<p style=\"font-weight: 400;\">Aquesta activitat compta amb el suport de la Diputaci\u00f3 de Barcelona.<\/p>\n<p style=\"font-weight: 400;\">\u00c9s necessari preinscripci\u00f3 pr\u00e8via. Podeu fer-la en aquest <a href=\"https:\/\/forms.office.com\/pages\/responsepage.aspx?id=-DxhUWt3L0-l16g6v9TwqswL-z6fDPZJob_J1QkwKORUNTIyQUtMTFI5T1hTWldHWkE1VlA3SzZHVC4u&amp;origin=QRCode\">enlla\u00e7<\/a>.<\/p>\n","protected":false},"excerpt":{"rendered":"<p>L&#8217;Ajuntament de Castelldefels organitza el taller Itineraris educatius despr\u00e9s de l\u2019ESO i parer clau de les fam\u00edlies, que es realitzar\u00e0 el 19 de mar\u00e7 \u00a017.30 a 19.30 h \u00a0al nostre institut. Aquesta activitat compta amb el suport de la Diputaci\u00f3 de Barcelona. \u00c9s necessari preinscripci\u00f3 pr\u00e8via. Podeu fer-la en aquest enlla\u00e7.<\/p>\n","protected":false},"author":1,"featured_media":0,"parent":0,"menu_order":0,"comment_status":"closed","ping_status":"closed","template":"","meta":{"_bbp_topic_count":0,"_bbp_reply_count":0,"_bbp_total_topic_count":0,"_bbp_total_reply_count":0,"_bbp_voice_count":0,"_bbp_anonymous_reply_count":0,"_bbp_topic_count_hidden":0,"_bbp_reply_count_hidden":0,"_bbp_forum_subforum_count":0,"site-sidebar-layout":"default","site-content-layout":"","ast-site-content-layout":"","site-content-style":"default","site-sidebar-style":"default","ast-global-header-display":"","ast-banner-title-visibility":"","ast-main-header-display":"","ast-hfb-above-header-display":"","ast-hfb-below-header-display":"","ast-hfb-mobile-header-display":"","site-post-title":"","ast-breadcrumbs-content":"","ast-featured-img":"","footer-sml-layout":"","theme-transparent-header-meta":"","adv-header-id-meta":"","stick-header-meta":"","header-above-stick-meta":"","header-main-stick-meta":"","header-below-stick-meta":"","astra-migrate-meta-layouts":"default","ast-page-background-enabled":"default","ast-page-background-meta":{"desktop":{"background-color":"var(--ast-global-color-4)","background-image":"","background-repeat":"repeat","background-position":"center center","background-size":"auto","background-attachment":"scroll","background-type":"","background-media":"","overlay-type":"","overlay-color":"","overlay-opacity":"","overlay-gradient":""},"tablet":{"background-color":"","background-image":"","background-repeat":"repeat","background-position":"center center","background-size":"auto","background-attachment":"scroll","background-type":"","background-media":"","overlay-type":"","overlay-color":"","overlay-opacity":"","overlay-gradient":""},"mobile":{"background-color":"","background-image":"","background-repeat":"repeat","background-position":"center center","background-size":"auto","background-attachment":"scroll","background-type":"","background-media":"","overlay-type":"","overlay-color":"","overlay-opacity":"","overlay-gradient":""}},"ast-content-background-meta":{"desktop":{"background-color":"var(--ast-global-color-5)","background-image":"","background-repeat":"repeat","background-position":"center center","background-size":"auto","background-attachment":"scroll","background-type":"","background-media":"","overlay-type":"","overlay-color":"","overlay-opacity":"","overlay-gradient":""},"tablet":{"background-color":"var(--ast-global-color-5)","background-image":"","background-repeat":"repeat","background-position":"center center","background-size":"auto","background-attachment":"scroll","background-type":"","background-media":"","overlay-type":"","overlay-color":"","overlay-opacity":"","overlay-gradient":""},"mobile":{"background-color":"var(--ast-global-color-5)","background-image":"","background-repeat":"repeat","background-position":"center center","background-size":"auto","background-attachment":"scroll","background-type":"","background-media":"","overlay-type":"","overlay-color":"","overlay-opacity":"","overlay-gradient":""}},"footnotes":""},"class_list":["post-4002","page","type-page","status-publish","hentry"],"post_mailing_queue_ids":[],"_links":{"self":[{"href":"https:\/\/agora.xtec.cat\/ieslesmarines\/wp-json\/wp\/v2\/pages\/4002","targetHints":{"allow":["GET"]}}],"collection":[{"href":"https:\/\/agora.xtec.cat\/ieslesmarines\/wp-json\/wp\/v2\/pages"}],"about":[{"href":"https:\/\/agora.xtec.cat\/ieslesmarines\/wp-json\/wp\/v2\/types\/page"}],"author":[{"embeddable":true,"href":"https:\/\/agora.xtec.cat\/ieslesmarines\/wp-json\/wp\/v2\/users\/1"}],"replies":[{"embeddable":true,"href":"https:\/\/agora.xtec.cat\/ieslesmarines\/wp-json\/wp\/v2\/comments?post=4002"}],"version-history":[{"count":1,"href":"https:\/\/agora.xtec.cat\/ieslesmarines\/wp-json\/wp\/v2\/pages\/4002\/revisions"}],"predecessor-version":[{"id":4003,"href":"https:\/\/agora.xtec.cat\/ieslesmarines\/wp-json\/wp\/v2\/pages\/4002\/revisions\/4003"}],"wp:attachment":[{"href":"https:\/\/agora.xtec.cat\/ieslesmarines\/wp-json\/wp\/v2\/media?parent=4002"}],"curies":[{"name":"wp","href":"https:\/\/api.w.org\/{rel}","templated":true}]}}