{"id":3990,"date":"2024-02-06T13:27:41","date_gmt":"2024-02-06T12:27:41","guid":{"rendered":"https:\/\/agora.xtec.cat\/ieslesmarines\/?page_id=3990"},"modified":"2024-02-06T13:27:41","modified_gmt":"2024-02-06T12:27:41","slug":"taller-sobre-la-identitat-digital-saludable","status":"publish","type":"page","link":"https:\/\/agora.xtec.cat\/ieslesmarines\/taller-sobre-la-identitat-digital-saludable\/","title":{"rendered":"Taller sobre la identitat digital saludable"},"content":{"rendered":"<p>Aquest espai formatiu per a fam\u00edlies amb infants de 12 a 16 anys est\u00e0 pensat com un taller\/xerrada en l\u00ednia on poder reflexionar sobre l\u2019acompanyament a una identitat digital saludable. Es tractaran temes preventius i sensibilitzadors des d\u2019un vessant socio-emocional, tenint en compte l\u2019edat, les necessitats i els l\u00edmits que \u00e9s important posar com a adults.<\/p>\n<p>Des de l&#8217;Ajuntament de Castelldefels es donar\u00e0 un vessant positiu parlant de bones pr\u00e0ctiques i de com enfortir les relacions que tenim amb els nostres fills i filles combinant connexi\u00f3 i entesa amb fermesa amable que puguem sostenir.<\/p>\n<p>Us podeu inscriure en aquest <a href=\"https:\/\/forms.office.com\/pages\/responsepage.aspx?id=-DxhUWt3L0-l16g6v9TwqswL-z6fDPZJob_J1QkwKORUMTJPUE9XVThGUzJCRkxRMFdUVkxNRUY0Si4u&amp;origin=QRCode\">enlla\u00e7<\/a>.<\/p>\n","protected":false},"excerpt":{"rendered":"<p>Aquest espai formatiu per a fam\u00edlies amb infants de 12 a 16 anys est\u00e0 pensat com un taller\/xerrada en l\u00ednia on poder reflexionar sobre l\u2019acompanyament a una identitat digital saludable. Es tractaran temes preventius i sensibilitzadors des d\u2019un vessant socio-emocional, tenint en compte l\u2019edat, les necessitats i els l\u00edmits que \u00e9s important posar com a [&hellip;]<\/p>\n","protected":false},"author":1,"featured_media":0,"parent":0,"menu_order":0,"comment_status":"closed","ping_status":"closed","template":"","meta":{"_bbp_topic_count":0,"_bbp_reply_count":0,"_bbp_total_topic_count":0,"_bbp_total_reply_count":0,"_bbp_voice_count":0,"_bbp_anonymous_reply_count":0,"_bbp_topic_count_hidden":0,"_bbp_reply_count_hidden":0,"_bbp_forum_subforum_count":0,"site-sidebar-layout":"default","site-content-layout":"","ast-site-content-layout":"","site-content-style":"default","site-sidebar-style":"default","ast-global-header-display":"","ast-banner-title-visibility":"","ast-main-header-display":"","ast-hfb-above-header-display":"","ast-hfb-below-header-display":"","ast-hfb-mobile-header-display":"","site-post-title":"","ast-breadcrumbs-content":"","ast-featured-img":"","footer-sml-layout":"","theme-transparent-header-meta":"","adv-header-id-meta":"","stick-header-meta":"","header-above-stick-meta":"","header-main-stick-meta":"","header-below-stick-meta":"","astra-migrate-meta-layouts":"default","ast-page-background-enabled":"default","ast-page-background-meta":{"desktop":{"background-color":"var(--ast-global-color-4)","background-image":"","background-repeat":"repeat","background-position":"center center","background-size":"auto","background-attachment":"scroll","background-type":"","background-media":"","overlay-type":"","overlay-color":"","overlay-opacity":"","overlay-gradient":""},"tablet":{"background-color":"","background-image":"","background-repeat":"repeat","background-position":"center center","background-size":"auto","background-attachment":"scroll","background-type":"","background-media":"","overlay-type":"","overlay-color":"","overlay-opacity":"","overlay-gradient":""},"mobile":{"background-color":"","background-image":"","background-repeat":"repeat","background-position":"center center","background-size":"auto","background-attachment":"scroll","background-type":"","background-media":"","overlay-type":"","overlay-color":"","overlay-opacity":"","overlay-gradient":""}},"ast-content-background-meta":{"desktop":{"background-color":"var(--ast-global-color-5)","background-image":"","background-repeat":"repeat","background-position":"center center","background-size":"auto","background-attachment":"scroll","background-type":"","background-media":"","overlay-type":"","overlay-color":"","overlay-opacity":"","overlay-gradient":""},"tablet":{"background-color":"var(--ast-global-color-5)","background-image":"","background-repeat":"repeat","background-position":"center center","background-size":"auto","background-attachment":"scroll","background-type":"","background-media":"","overlay-type":"","overlay-color":"","overlay-opacity":"","overlay-gradient":""},"mobile":{"background-color":"var(--ast-global-color-5)","background-image":"","background-repeat":"repeat","background-position":"center center","background-size":"auto","background-attachment":"scroll","background-type":"","background-media":"","overlay-type":"","overlay-color":"","overlay-opacity":"","overlay-gradient":""}},"footnotes":""},"class_list":["post-3990","page","type-page","status-publish","hentry"],"post_mailing_queue_ids":[],"_links":{"self":[{"href":"https:\/\/agora.xtec.cat\/ieslesmarines\/wp-json\/wp\/v2\/pages\/3990","targetHints":{"allow":["GET"]}}],"collection":[{"href":"https:\/\/agora.xtec.cat\/ieslesmarines\/wp-json\/wp\/v2\/pages"}],"about":[{"href":"https:\/\/agora.xtec.cat\/ieslesmarines\/wp-json\/wp\/v2\/types\/page"}],"author":[{"embeddable":true,"href":"https:\/\/agora.xtec.cat\/ieslesmarines\/wp-json\/wp\/v2\/users\/1"}],"replies":[{"embeddable":true,"href":"https:\/\/agora.xtec.cat\/ieslesmarines\/wp-json\/wp\/v2\/comments?post=3990"}],"version-history":[{"count":1,"href":"https:\/\/agora.xtec.cat\/ieslesmarines\/wp-json\/wp\/v2\/pages\/3990\/revisions"}],"predecessor-version":[{"id":3991,"href":"https:\/\/agora.xtec.cat\/ieslesmarines\/wp-json\/wp\/v2\/pages\/3990\/revisions\/3991"}],"wp:attachment":[{"href":"https:\/\/agora.xtec.cat\/ieslesmarines\/wp-json\/wp\/v2\/media?parent=3990"}],"curies":[{"name":"wp","href":"https:\/\/api.w.org\/{rel}","templated":true}]}}