{"id":3939,"date":"2024-01-30T13:57:16","date_gmt":"2024-01-30T12:57:16","guid":{"rendered":"https:\/\/agora.xtec.cat\/ieslesmarines\/?page_id=3939"},"modified":"2024-01-30T13:57:16","modified_gmt":"2024-01-30T12:57:16","slug":"3a-sessio-del-taller-de-booktrailer-a-4t-deso","status":"publish","type":"page","link":"https:\/\/agora.xtec.cat\/ieslesmarines\/3a-sessio-del-taller-de-booktrailer-a-4t-deso\/","title":{"rendered":"3a sessi\u00f3 del taller de booktrailer a 4t d&#8217;ESO"},"content":{"rendered":"<p><span style=\"font-weight: 400;\">El 8 de gener l\u2019alumnat de 4t d\u2019ESO va poder gaudir de la 3a sessi\u00f3 del taller de booktrailers, impartit pel Carles Alcoy. El formador els va explicar aspectes importants sobre la imatge i la gravaci\u00f3, que hauran de tenir en compte a l\u2019hora de filmar el seu booktrailer. Va comentar els <\/span><b><i>storyboard<\/i><\/b><span style=\"font-weight: 400;\"> que havien creat els alumnes: encerts i errors. El va suggerir que l\u2019<\/span><i><span style=\"font-weight: 400;\">storyboard<\/span><\/i><span style=\"font-weight: 400;\"> ha de contenir continguts narratius i t\u00e8cnics, refer\u00e8ncies a la llum, a la direcci\u00f3 de la llum, al so, a les pistes de veu, a la m\u00fasica, al moviment de la c\u00e0mera, al tipus de pla; han d\u2019afegir tot el que afecta a l\u2019escena\u2026 Si hi ha una pantalla negra, ha de tenir una explicaci\u00f3.\u00a0 A la postproducci\u00f3 hauran de tenir en compte l\u2019edici\u00f3 del v\u00eddeo, el format, els cr\u00e8dits\u2026 Els va aconsellar gravar en diverses c\u00e0meres.<\/span><\/p>\n<p><span style=\"font-weight: 400;\">Va explicar i comentar els elements contextuals: espai, llum, so, acci\u00f3, pla\u2026 I els elements textuals: s\u00edntesi, an\u00e0lisi i narraci\u00f3.<\/span><\/p>\n<p><span style=\"font-weight: 400;\">Van visualitzar fragments de la pel\u00b7l\u00edcula<\/span> <a href=\"https:\/\/youtu.be\/PkqHVGFAhbU\"><i><span style=\"font-weight: 400;\">Blade Runner<\/span><\/i><\/a> <span style=\"font-weight: 400;\">(1982) com a exemple de com la llum \u00e9s narrativament important. La llum \u00e9s indirecta, fruit dels anuncis de ne\u00f3 que hi ha al carrer.<\/span><\/p>\n<p><span style=\"font-weight: 400;\">La pel\u00edcula d\u2019<\/span><a href=\"https:\/\/youtu.be\/iv5OSXQyi1U\"><i><span style=\"font-weight: 400;\">Apocalypse Now<\/span><\/i><\/a><span style=\"font-weight: 400;\"> (1979) cada cop \u00e9s m\u00e9s fosca perqu\u00e8 \u00e9s un viatge cap a la bogeria. El tr\u00e0iler va de la llum a la foscor.\u00a0<\/span><\/p>\n<p><span style=\"font-weight: 400;\">L\u2019<\/span><i><span style=\"font-weight: 400;\">storyboard<\/span><\/i><span style=\"font-weight: 400;\"> no \u00e9s necessari que sigui un resum del llibre. Es pot explicar desordenadament. Ha de generar desconcert. Pot no contenir text.<\/span><\/p>\n<p><img loading=\"lazy\" decoding=\"async\" class=\"alignnone wp-image-3940\" src=\"https:\/\/agora.xtec.cat\/ieslesmarines\/wp-content\/uploads\/usu619\/2024\/01\/IMG_20240108_120420-1024x768.jpg\" alt=\"\" width=\"700\" height=\"525\" srcset=\"https:\/\/agora.xtec.cat\/ieslesmarines\/wp-content\/uploads\/usu619\/2024\/01\/IMG_20240108_120420-1024x768.jpg 1024w, https:\/\/agora.xtec.cat\/ieslesmarines\/wp-content\/uploads\/usu619\/2024\/01\/IMG_20240108_120420-300x225.jpg 300w, https:\/\/agora.xtec.cat\/ieslesmarines\/wp-content\/uploads\/usu619\/2024\/01\/IMG_20240108_120420-768x576.jpg 768w, https:\/\/agora.xtec.cat\/ieslesmarines\/wp-content\/uploads\/usu619\/2024\/01\/IMG_20240108_120420-1536x1152.jpg 1536w, https:\/\/agora.xtec.cat\/ieslesmarines\/wp-content\/uploads\/usu619\/2024\/01\/IMG_20240108_120420-2048x1536.jpg 2048w, https:\/\/agora.xtec.cat\/ieslesmarines\/wp-content\/uploads\/usu619\/2024\/01\/IMG_20240108_120420-200x150.jpg 200w\" sizes=\"auto, (max-width: 700px) 100vw, 700px\" \/><\/p>\n<p><span style=\"font-weight: 400;\">Els va mostrar tr\u00e0ilers de pel\u00b7l\u00edcules com <\/span><a href=\"https:\/\/www.bing.com\/videos\/search?q=avengers+official+trailer&amp;view=detail&amp;mid=DE16CC14EF1912A5312BDE16CC14EF1912A5312B&amp;FORM=VIRE\"><b><i>Avengers: Endgame<\/i><\/b><\/a><span style=\"font-weight: 400;\"> i la direfer\u00e8ncia entre el tr\u00e0iler americ\u00e0 i l\u2019espanyol:<\/span><\/p>\n<p><a href=\"https:\/\/www.youtube.com\/watch?v=UQ3bqYKnyhM\"><span style=\"font-weight: 400;\">https:\/\/www.youtube.com\/watch?v=UQ3bqYKnyhM<\/span><\/a><\/p>\n<p><span style=\"font-weight: 400;\">Tamb\u00e9 visionaren l\u2019<\/span><a href=\"https:\/\/www.youtube.com\/watch?v=hYBCFASEQOE\"><span style=\"font-weight: 400;\">entrevista a <\/span><b>Steven Spielberg<\/b><span style=\"font-weight: 400;\"> en qu\u00e8 explica quan i com va con\u00e8ixer el director <\/span><b>John Ford<\/b><\/a><span style=\"font-weight: 400;\">, el qual li don\u00e0 consells sobre la import\u00e0ncia de decidir on posar l\u2019horitz\u00f3 en un fotograma. Segons on est\u00e0 l\u2019horitz\u00f3 canvia el significat i el prop\u00f2sit del director.\u00a0<\/span><\/p>\n<p><span style=\"font-weight: 400;\">Van veure fragments d\u2019altres pel\u00b7l\u00edcules: <\/span><a href=\"https:\/\/youtu.be\/zEZPP5-sJGE\"><span style=\"font-weight: 400;\">El tercer hombre<\/span><\/a><span style=\"font-weight: 400;\"> i <\/span><a href=\"https:\/\/youtu.be\/Q5vS9nRuQTI\"><span style=\"font-weight: 400;\">Ciudadano Kane<\/span><\/a><span style=\"font-weight: 400;\">.<\/span><\/p>\n<p><span style=\"font-weight: 400;\">Cal trencar la narrativa, el booktrailer ha de ser m\u00e9s seq\u00fcencial. La imatge explica, t\u00e9 un valor narratiu, i han d\u2019aprendre a comunicar el que volen destacar al receptor del seu v\u00eddeo i del llibre escollit. I sobretot s\u2019ho han de passar b\u00e9, han de gravar idees sorprenents, han de ser originals\u2026 cal que depertin l\u2019angoixa, l\u2019inter\u00e8s en l\u2019espectador. Han de filmar di\u00e0legs, han d\u2019actuar, actuar costa molt, per\u00f2 el jurat ho valora positivament.\u00a0<\/span><\/p>\n<p><span style=\"font-weight: 400;\">Al booktrailer no cal fer un resum del llibre, han de despertar en el futur lector les ganes de llegir-lo, han de destacar del llibre all\u00f2 m\u00e9s significatiu i crear expectaci\u00f3, intriga i inter\u00e8s.<\/span><\/p>\n<p><span style=\"font-weight: 400;\">Per a la propera sessi\u00f3, que tindr\u00e0 lloc <\/span><b>el 8 de febrer<\/b><span style=\"font-weight: 400;\">, han de gravar el booktrailer.\u00a0<\/span><\/p>\n<p><img loading=\"lazy\" decoding=\"async\" class=\"alignnone wp-image-3941\" src=\"https:\/\/agora.xtec.cat\/ieslesmarines\/wp-content\/uploads\/usu619\/2024\/01\/IMG_20240108_113107-1024x768.jpg\" alt=\"\" width=\"700\" height=\"525\" srcset=\"https:\/\/agora.xtec.cat\/ieslesmarines\/wp-content\/uploads\/usu619\/2024\/01\/IMG_20240108_113107-1024x768.jpg 1024w, https:\/\/agora.xtec.cat\/ieslesmarines\/wp-content\/uploads\/usu619\/2024\/01\/IMG_20240108_113107-300x225.jpg 300w, https:\/\/agora.xtec.cat\/ieslesmarines\/wp-content\/uploads\/usu619\/2024\/01\/IMG_20240108_113107-768x576.jpg 768w, https:\/\/agora.xtec.cat\/ieslesmarines\/wp-content\/uploads\/usu619\/2024\/01\/IMG_20240108_113107-1536x1152.jpg 1536w, https:\/\/agora.xtec.cat\/ieslesmarines\/wp-content\/uploads\/usu619\/2024\/01\/IMG_20240108_113107-2048x1536.jpg 2048w, https:\/\/agora.xtec.cat\/ieslesmarines\/wp-content\/uploads\/usu619\/2024\/01\/IMG_20240108_113107-200x150.jpg 200w\" sizes=\"auto, (max-width: 700px) 100vw, 700px\" \/><\/p>\n<p><span style=\"font-weight: 400;\">A continuaci\u00f3, podeu llegir els comentaris d\u2019alguns alumnes que van assistir al taller:<\/span><\/p>\n<p><span style=\"font-weight: 400;\">\u201cHa sido interesante saber todo lo que se tiene que incluir en un storyboard y, de esta manera, poder mejorar el nuestro.\u201d M. C. M.\u00a0<\/span><\/p>\n<p><span style=\"font-weight: 400;\">\u201cInteressant com sempre, i m&#8217;agrada molt perqu\u00e8 abans mai hav\u00edem fet aquest tipus d&#8217;activitats.\u201d A. G. G.\u00a0<\/span><\/p>\n<p><span style=\"font-weight: 400;\">\u201cEsta tercera sesi\u00f3n me ha parecido muy interesante, ya que hemos profundizado en algunos temas como la importancia de la direcci\u00f3n de la luz, el movimiento de la c\u00e1mara, etc.\u201d G. T.\u00a0<\/span><\/p>\n<p><span style=\"font-weight: 400;\">\u201cLa verdad es que me ha parecido una clase magn\u00edfica, nos han ense\u00f1ado cosas nuevas sobre la distinci\u00f3n de la colocaci\u00f3n del horizonte y fue una clase de valores y ense\u00f1anzas normalmente necesarias en la vida cotidiana.\u201d J. P. C. C.\u00a0<\/span><\/p>\n<p><span style=\"font-weight: 400;\">\u201cLa 3\u00aa sesi\u00f3n del taller de Booktrailer me ha parecido bastante interesante y a la vez divertida, y ha sido f\u00e1cil entender lo que se explicaba.\u201d P. E. A.\u00a0<\/span><\/p>\n<p><span style=\"font-weight: 400;\">\u201cMolt interessant aquesta sessi\u00f3, una pena que nom\u00e9s en quedi una.\u201d M. G. B.<\/span><\/p>\n<p><span style=\"font-weight: 400;\">\u201cLa clase de nuevo fue entretenida, el profesor explicaba muy bien mediante los videos y ejemplos que pon\u00eda.\u201d E. J. V.<\/span><\/p>\n<p><span style=\"font-weight: 400;\">\u201cHa estado muy entretenida y din\u00e1mica la clase, ya que explicaba mediante videos e im\u00e1genes y nos pon\u00eda a nosotros de ejemplo para que lo entendi\u00e9ramos perfectamente.\u201d P. L. S.\u00a0<\/span><\/p>\n<p><span style=\"font-weight: 400;\">\u201cLa tercera sesi\u00f3n del booktrailer fue muy bien, nos ayud\u00f3 a entender qu\u00e9 se ten\u00eda que hacer en el Storyboard y nos ayud\u00f3 a mejorarlo, aparte nos ha ense\u00f1ado los diferentes \u00e1ngulos para grabar los video y as\u00ed poder tener los mejores booktrailers.\u201d N. M. E.\u00a0<\/span><\/p>\n<p><span style=\"font-weight: 400;\">\u201cTotalmente espectacular, muy interesante y did\u00e1ctica. \u201c C. B. B.\u00a0<\/span><\/p>\n<p><span style=\"font-weight: 400;\">\u201cLa tercera sesi\u00f3n de booktrailer nos ha ense\u00f1ado la importancia en la colocaci\u00f3n de las luces, la c\u00e1mara y los efectos como la lluvia o el tipo de luz.\u201d M. G. F.\u00a0<\/span><\/p>\n<p><span style=\"font-weight: 400;\">\u201cEste taller me ha parecido muy interesante porque Carles nos ha hecho ponernos en la situaci\u00f3n de un director de cine y nos ha explicado la base sobre c\u00f3mo hay que pensar para ser uno bueno y los elementos que hay que tener en cuenta, qu\u00e9 podemos usar para mejorar nuestro storyboard, como la luz, el plano, el sonido&#8230;Tambi\u00e9n nos ha puesto ejemplos de pel\u00edculas bastante interesantes para poder fijarnos en estos elementos.\u201d S. P. S.\u00a0<\/span><\/p>\n<p><span style=\"font-weight: 400;\">\u201cPersonalmente pienso que ha sido en la que m\u00e1s he aprendido ya que fue despu\u00e9s de hacer el storyboard y Carles me ayud\u00f3 a mejorarlo d\u00e1ndome consejos, adem\u00e1s estuve muy atenta y la parte de los robots me impact\u00f3 bastante. Mejoramos cosas como la importancia de la luz, de los diferentes planos\u2026\u201d N. P. P.\u00a0<\/span><\/p>\n<p><span style=\"font-weight: 400;\">\u201cEste taller me ha parecido muy interesante, ha sido muy entretenido, me encant\u00f3 la din\u00e1mica de que nos explicara los tipos de plano, la iluminaci\u00f3n con los tr\u00e1ilers que nos puso.\u201d A. T. T.<\/span><\/p>\n<p><span style=\"font-weight: 400;\">\u201cLa sesi\u00f3n del taller de booktrailer ha sido muy interesante y tambi\u00e9n hemos aprendido muchas cosas nuevas para nuestro proyecto.\u201d P. T.\u00a0<\/span><\/p>\n<p><span style=\"font-weight: 400;\">\u201cLa sesi\u00f3n del booktrailer me ha parecido muy interesante y lo que va ense\u00f1ando en clase me genera m\u00e1s ideas para nuestro proyecto.\u201d M. T. D.\u00a0<\/span><\/p>\n","protected":false},"excerpt":{"rendered":"<p>El 8 de gener l\u2019alumnat de 4t d\u2019ESO va poder gaudir de la 3a sessi\u00f3 del taller de booktrailers, impartit pel Carles Alcoy. El formador els va explicar aspectes importants sobre la imatge i la gravaci\u00f3, que hauran de tenir en compte a l\u2019hora de filmar el seu booktrailer. Va comentar els storyboard que havien [&hellip;]<\/p>\n","protected":false},"author":1,"featured_media":0,"parent":0,"menu_order":0,"comment_status":"closed","ping_status":"closed","template":"","meta":{"_bbp_topic_count":0,"_bbp_reply_count":0,"_bbp_total_topic_count":0,"_bbp_total_reply_count":0,"_bbp_voice_count":0,"_bbp_anonymous_reply_count":0,"_bbp_topic_count_hidden":0,"_bbp_reply_count_hidden":0,"_bbp_forum_subforum_count":0,"site-sidebar-layout":"default","site-content-layout":"","ast-site-content-layout":"","site-content-style":"default","site-sidebar-style":"default","ast-global-header-display":"","ast-banner-title-visibility":"","ast-main-header-display":"","ast-hfb-above-header-display":"","ast-hfb-below-header-display":"","ast-hfb-mobile-header-display":"","site-post-title":"","ast-breadcrumbs-content":"","ast-featured-img":"","footer-sml-layout":"","theme-transparent-header-meta":"","adv-header-id-meta":"","stick-header-meta":"","header-above-stick-meta":"","header-main-stick-meta":"","header-below-stick-meta":"","astra-migrate-meta-layouts":"default","ast-page-background-enabled":"default","ast-page-background-meta":{"desktop":{"background-color":"var(--ast-global-color-4)","background-image":"","background-repeat":"repeat","background-position":"center center","background-size":"auto","background-attachment":"scroll","background-type":"","background-media":"","overlay-type":"","overlay-color":"","overlay-opacity":"","overlay-gradient":""},"tablet":{"background-color":"","background-image":"","background-repeat":"repeat","background-position":"center center","background-size":"auto","background-attachment":"scroll","background-type":"","background-media":"","overlay-type":"","overlay-color":"","overlay-opacity":"","overlay-gradient":""},"mobile":{"background-color":"","background-image":"","background-repeat":"repeat","background-position":"center center","background-size":"auto","background-attachment":"scroll","background-type":"","background-media":"","overlay-type":"","overlay-color":"","overlay-opacity":"","overlay-gradient":""}},"ast-content-background-meta":{"desktop":{"background-color":"var(--ast-global-color-5)","background-image":"","background-repeat":"repeat","background-position":"center center","background-size":"auto","background-attachment":"scroll","background-type":"","background-media":"","overlay-type":"","overlay-color":"","overlay-opacity":"","overlay-gradient":""},"tablet":{"background-color":"var(--ast-global-color-5)","background-image":"","background-repeat":"repeat","background-position":"center center","background-size":"auto","background-attachment":"scroll","background-type":"","background-media":"","overlay-type":"","overlay-color":"","overlay-opacity":"","overlay-gradient":""},"mobile":{"background-color":"var(--ast-global-color-5)","background-image":"","background-repeat":"repeat","background-position":"center center","background-size":"auto","background-attachment":"scroll","background-type":"","background-media":"","overlay-type":"","overlay-color":"","overlay-opacity":"","overlay-gradient":""}},"footnotes":""},"class_list":["post-3939","page","type-page","status-publish","hentry"],"post_mailing_queue_ids":[],"_links":{"self":[{"href":"https:\/\/agora.xtec.cat\/ieslesmarines\/wp-json\/wp\/v2\/pages\/3939","targetHints":{"allow":["GET"]}}],"collection":[{"href":"https:\/\/agora.xtec.cat\/ieslesmarines\/wp-json\/wp\/v2\/pages"}],"about":[{"href":"https:\/\/agora.xtec.cat\/ieslesmarines\/wp-json\/wp\/v2\/types\/page"}],"author":[{"embeddable":true,"href":"https:\/\/agora.xtec.cat\/ieslesmarines\/wp-json\/wp\/v2\/users\/1"}],"replies":[{"embeddable":true,"href":"https:\/\/agora.xtec.cat\/ieslesmarines\/wp-json\/wp\/v2\/comments?post=3939"}],"version-history":[{"count":1,"href":"https:\/\/agora.xtec.cat\/ieslesmarines\/wp-json\/wp\/v2\/pages\/3939\/revisions"}],"predecessor-version":[{"id":3942,"href":"https:\/\/agora.xtec.cat\/ieslesmarines\/wp-json\/wp\/v2\/pages\/3939\/revisions\/3942"}],"wp:attachment":[{"href":"https:\/\/agora.xtec.cat\/ieslesmarines\/wp-json\/wp\/v2\/media?parent=3939"}],"curies":[{"name":"wp","href":"https:\/\/api.w.org\/{rel}","templated":true}]}}