{"id":3916,"date":"2024-01-24T21:34:57","date_gmt":"2024-01-24T20:34:57","guid":{"rendered":"https:\/\/agora.xtec.cat\/ieslesmarines\/?page_id=3916"},"modified":"2024-01-24T21:34:57","modified_gmt":"2024-01-24T20:34:57","slug":"2a-jornada-desquiada-a-les-angles","status":"publish","type":"page","link":"https:\/\/agora.xtec.cat\/ieslesmarines\/2a-jornada-desquiada-a-les-angles\/","title":{"rendered":"2a jornada d&#8217;esquiada a Les Angles"},"content":{"rendered":"<p>Per segon dia, l&#8217;alumnat de 1r hem passat un dia genial d&#8217;esqu\u00ed; avui, a l&#8217;estaci\u00f3 de Les Angles! \ud83c\udfbf\u26f7\ufe0f<\/p>\n<p>A la tarda, hem anat a patinar a la pista de gel de Puigcerd\u00e0. \u26f8\ufe0f Alguns, per\u00f2, hem anat a fer la passejada dels enamorats. \u2764\ufe0f<\/p>\n<p>\ud83e\udea9 Ara, estem posant-nos guap\u00edssims i guap\u00edssimes per a gaudir de la nit de discoteca! I, clar, tamb\u00e9, del partit del Bar\u00e7a! \u26bd<\/p>\n<p>Podeu veure m\u00e9s imatges en aquest <a href=\"https:\/\/www.instagram.com\/p\/C2fx5TNt1uZ\/?igsh=MnZjZW1zeGd6bDk4\" target=\"_blank\" rel=\"noopener\">enlla\u00e7<\/a>.<\/p>\n<p><img loading=\"lazy\" decoding=\"async\" class=\"alignnone size-large wp-image-3920\" src=\"https:\/\/agora.xtec.cat\/ieslesmarines\/wp-content\/uploads\/usu619\/2024\/01\/WhatsApp-Image-2024-01-24-at-20.16.12-1024x768.jpeg\" alt=\"\" width=\"1024\" height=\"768\" srcset=\"https:\/\/agora.xtec.cat\/ieslesmarines\/wp-content\/uploads\/usu619\/2024\/01\/WhatsApp-Image-2024-01-24-at-20.16.12-1024x768.jpeg 1024w, https:\/\/agora.xtec.cat\/ieslesmarines\/wp-content\/uploads\/usu619\/2024\/01\/WhatsApp-Image-2024-01-24-at-20.16.12-300x225.jpeg 300w, https:\/\/agora.xtec.cat\/ieslesmarines\/wp-content\/uploads\/usu619\/2024\/01\/WhatsApp-Image-2024-01-24-at-20.16.12-768x576.jpeg 768w, https:\/\/agora.xtec.cat\/ieslesmarines\/wp-content\/uploads\/usu619\/2024\/01\/WhatsApp-Image-2024-01-24-at-20.16.12-1536x1152.jpeg 1536w, https:\/\/agora.xtec.cat\/ieslesmarines\/wp-content\/uploads\/usu619\/2024\/01\/WhatsApp-Image-2024-01-24-at-20.16.12-200x150.jpeg 200w, https:\/\/agora.xtec.cat\/ieslesmarines\/wp-content\/uploads\/usu619\/2024\/01\/WhatsApp-Image-2024-01-24-at-20.16.12.jpeg 2048w\" sizes=\"auto, (max-width: 1024px) 100vw, 1024px\" \/><\/p>\n<p>&nbsp;<\/p>\n","protected":false},"excerpt":{"rendered":"<p>Per segon dia, l&#8217;alumnat de 1r hem passat un dia genial d&#8217;esqu\u00ed; avui, a l&#8217;estaci\u00f3 de Les Angles! \ud83c\udfbf\u26f7\ufe0f A la tarda, hem anat a patinar a la pista de gel de Puigcerd\u00e0. \u26f8\ufe0f Alguns, per\u00f2, hem anat a fer la passejada dels enamorats. \u2764\ufe0f \ud83e\udea9 Ara, estem posant-nos guap\u00edssims i guap\u00edssimes per a gaudir [&hellip;]<\/p>\n","protected":false},"author":1,"featured_media":0,"parent":0,"menu_order":0,"comment_status":"closed","ping_status":"closed","template":"","meta":{"_bbp_topic_count":0,"_bbp_reply_count":0,"_bbp_total_topic_count":0,"_bbp_total_reply_count":0,"_bbp_voice_count":0,"_bbp_anonymous_reply_count":0,"_bbp_topic_count_hidden":0,"_bbp_reply_count_hidden":0,"_bbp_forum_subforum_count":0,"site-sidebar-layout":"default","site-content-layout":"","ast-site-content-layout":"","site-content-style":"default","site-sidebar-style":"default","ast-global-header-display":"","ast-banner-title-visibility":"","ast-main-header-display":"","ast-hfb-above-header-display":"","ast-hfb-below-header-display":"","ast-hfb-mobile-header-display":"","site-post-title":"","ast-breadcrumbs-content":"","ast-featured-img":"","footer-sml-layout":"","theme-transparent-header-meta":"","adv-header-id-meta":"","stick-header-meta":"","header-above-stick-meta":"","header-main-stick-meta":"","header-below-stick-meta":"","astra-migrate-meta-layouts":"default","ast-page-background-enabled":"default","ast-page-background-meta":{"desktop":{"background-color":"var(--ast-global-color-4)","background-image":"","background-repeat":"repeat","background-position":"center center","background-size":"auto","background-attachment":"scroll","background-type":"","background-media":"","overlay-type":"","overlay-color":"","overlay-opacity":"","overlay-gradient":""},"tablet":{"background-color":"","background-image":"","background-repeat":"repeat","background-position":"center center","background-size":"auto","background-attachment":"scroll","background-type":"","background-media":"","overlay-type":"","overlay-color":"","overlay-opacity":"","overlay-gradient":""},"mobile":{"background-color":"","background-image":"","background-repeat":"repeat","background-position":"center center","background-size":"auto","background-attachment":"scroll","background-type":"","background-media":"","overlay-type":"","overlay-color":"","overlay-opacity":"","overlay-gradient":""}},"ast-content-background-meta":{"desktop":{"background-color":"var(--ast-global-color-5)","background-image":"","background-repeat":"repeat","background-position":"center center","background-size":"auto","background-attachment":"scroll","background-type":"","background-media":"","overlay-type":"","overlay-color":"","overlay-opacity":"","overlay-gradient":""},"tablet":{"background-color":"var(--ast-global-color-5)","background-image":"","background-repeat":"repeat","background-position":"center center","background-size":"auto","background-attachment":"scroll","background-type":"","background-media":"","overlay-type":"","overlay-color":"","overlay-opacity":"","overlay-gradient":""},"mobile":{"background-color":"var(--ast-global-color-5)","background-image":"","background-repeat":"repeat","background-position":"center center","background-size":"auto","background-attachment":"scroll","background-type":"","background-media":"","overlay-type":"","overlay-color":"","overlay-opacity":"","overlay-gradient":""}},"footnotes":""},"class_list":["post-3916","page","type-page","status-publish","hentry"],"post_mailing_queue_ids":[],"_links":{"self":[{"href":"https:\/\/agora.xtec.cat\/ieslesmarines\/wp-json\/wp\/v2\/pages\/3916","targetHints":{"allow":["GET"]}}],"collection":[{"href":"https:\/\/agora.xtec.cat\/ieslesmarines\/wp-json\/wp\/v2\/pages"}],"about":[{"href":"https:\/\/agora.xtec.cat\/ieslesmarines\/wp-json\/wp\/v2\/types\/page"}],"author":[{"embeddable":true,"href":"https:\/\/agora.xtec.cat\/ieslesmarines\/wp-json\/wp\/v2\/users\/1"}],"replies":[{"embeddable":true,"href":"https:\/\/agora.xtec.cat\/ieslesmarines\/wp-json\/wp\/v2\/comments?post=3916"}],"version-history":[{"count":3,"href":"https:\/\/agora.xtec.cat\/ieslesmarines\/wp-json\/wp\/v2\/pages\/3916\/revisions"}],"predecessor-version":[{"id":3921,"href":"https:\/\/agora.xtec.cat\/ieslesmarines\/wp-json\/wp\/v2\/pages\/3916\/revisions\/3921"}],"wp:attachment":[{"href":"https:\/\/agora.xtec.cat\/ieslesmarines\/wp-json\/wp\/v2\/media?parent=3916"}],"curies":[{"name":"wp","href":"https:\/\/api.w.org\/{rel}","templated":true}]}}