{"id":39,"date":"2014-09-17T16:36:44","date_gmt":"2014-09-17T16:36:44","guid":{"rendered":"http:\/\/agora.xtec.cat\/ieslesmarines\/?page_id=39"},"modified":"2018-07-09T11:22:49","modified_gmt":"2018-07-09T09:22:49","slug":"instal%c2%b7lacions","status":"publish","type":"page","link":"https:\/\/agora.xtec.cat\/ieslesmarines\/linstitut\/instal%c2%b7lacions\/","title":{"rendered":"Instal\u00b7lacions"},"content":{"rendered":"<p>L&#8217;edifici compta amb els seg\u00fcents espais espec\u00edfics, equipats convenientment per a la funci\u00f3 que s&#8217;hi desenvolupa:<\/p>\n<ul>\n<li>22 aules per als grups-classe<\/li>\n<li>Aules de desdoblament<\/li>\n<li>2 aules d&#8217;Inform\u00e0tica<\/li>\n<li>Aula de Pl\u00e0stica<\/li>\n<li>Aula de M\u00fasica<\/li>\n<li>Aula de Tecnologia<\/li>\n<li>Laboratori de F\u00edsica i Qu\u00edmica<\/li>\n<li>Laboratori de Ci\u00e8ncies Naturals<\/li>\n<li>Laboratori d&#8217;Idiomes<\/li>\n<li>Aula d&#8217;acollida<\/li>\n<li>Sala d&#8217;actes i aula polivalent<\/li>\n<li>Biblioteca<\/li>\n<li>Departaments did\u00e0ctics<\/li>\n<li>Sala de rebuda de fam\u00edlies<\/li>\n<li>Sala de gu\u00e0rdia<\/li>\n<li>Consergeria<\/li>\n<li>Secretaria<\/li>\n<\/ul>\n<p>El centre disposa d&#8217;un gimn\u00e0s cobert i pistes esportives a l&#8217;aire lliure, utilitzades per a les classes d&#8217;Educaci\u00f3 F\u00edsica.<\/p>\n<p>Tamb\u00e9 hi ha una zona exterior d&#8217;esbarjo per a l&#8217;alumnat i una zona enjardinada, creada i mantinguda pels alumnes en mat\u00e8ries optatives d&#8217;hort i jardineria.<\/p>\n","protected":false},"excerpt":{"rendered":"<p>L&#8217;edifici compta amb els seg\u00fcents espais espec\u00edfics, equipats convenientment per a la funci\u00f3 que s&#8217;hi desenvolupa: 22 aules per als grups-classe Aules de desdoblament 2 aules d&#8217;Inform\u00e0tica Aula de Pl\u00e0stica Aula de M\u00fasica Aula de Tecnologia Laboratori de F\u00edsica i Qu\u00edmica Laboratori de Ci\u00e8ncies Naturals Laboratori d&#8217;Idiomes Aula d&#8217;acollida Sala d&#8217;actes i aula polivalent Biblioteca [&hellip;]<\/p>\n","protected":false},"author":1,"featured_media":0,"parent":19,"menu_order":30,"comment_status":"closed","ping_status":"closed","template":"page-templates\/side-menu.php","meta":{"_bbp_topic_count":0,"_bbp_reply_count":0,"_bbp_total_topic_count":0,"_bbp_total_reply_count":0,"_bbp_voice_count":0,"_bbp_anonymous_reply_count":0,"_bbp_topic_count_hidden":0,"_bbp_reply_count_hidden":0,"_bbp_forum_subforum_count":0,"site-sidebar-layout":"default","site-content-layout":"","ast-site-content-layout":"","site-content-style":"default","site-sidebar-style":"default","ast-global-header-display":"","ast-banner-title-visibility":"","ast-main-header-display":"","ast-hfb-above-header-display":"","ast-hfb-below-header-display":"","ast-hfb-mobile-header-display":"","site-post-title":"","ast-breadcrumbs-content":"","ast-featured-img":"","footer-sml-layout":"","theme-transparent-header-meta":"","adv-header-id-meta":"","stick-header-meta":"","header-above-stick-meta":"","header-main-stick-meta":"","header-below-stick-meta":"","astra-migrate-meta-layouts":"default","ast-page-background-enabled":"default","ast-page-background-meta":{"desktop":{"background-color":"var(--ast-global-color-4)","background-image":"","background-repeat":"repeat","background-position":"center center","background-size":"auto","background-attachment":"scroll","background-type":"","background-media":"","overlay-type":"","overlay-color":"","overlay-opacity":"","overlay-gradient":""},"tablet":{"background-color":"","background-image":"","background-repeat":"repeat","background-position":"center center","background-size":"auto","background-attachment":"scroll","background-type":"","background-media":"","overlay-type":"","overlay-color":"","overlay-opacity":"","overlay-gradient":""},"mobile":{"background-color":"","background-image":"","background-repeat":"repeat","background-position":"center center","background-size":"auto","background-attachment":"scroll","background-type":"","background-media":"","overlay-type":"","overlay-color":"","overlay-opacity":"","overlay-gradient":""}},"ast-content-background-meta":{"desktop":{"background-color":"var(--ast-global-color-5)","background-image":"","background-repeat":"repeat","background-position":"center center","background-size":"auto","background-attachment":"scroll","background-type":"","background-media":"","overlay-type":"","overlay-color":"","overlay-opacity":"","overlay-gradient":""},"tablet":{"background-color":"var(--ast-global-color-5)","background-image":"","background-repeat":"repeat","background-position":"center center","background-size":"auto","background-attachment":"scroll","background-type":"","background-media":"","overlay-type":"","overlay-color":"","overlay-opacity":"","overlay-gradient":""},"mobile":{"background-color":"var(--ast-global-color-5)","background-image":"","background-repeat":"repeat","background-position":"center center","background-size":"auto","background-attachment":"scroll","background-type":"","background-media":"","overlay-type":"","overlay-color":"","overlay-opacity":"","overlay-gradient":""}},"footnotes":""},"class_list":["post-39","page","type-page","status-publish","hentry"],"post_mailing_queue_ids":[],"_links":{"self":[{"href":"https:\/\/agora.xtec.cat\/ieslesmarines\/wp-json\/wp\/v2\/pages\/39","targetHints":{"allow":["GET"]}}],"collection":[{"href":"https:\/\/agora.xtec.cat\/ieslesmarines\/wp-json\/wp\/v2\/pages"}],"about":[{"href":"https:\/\/agora.xtec.cat\/ieslesmarines\/wp-json\/wp\/v2\/types\/page"}],"author":[{"embeddable":true,"href":"https:\/\/agora.xtec.cat\/ieslesmarines\/wp-json\/wp\/v2\/users\/1"}],"replies":[{"embeddable":true,"href":"https:\/\/agora.xtec.cat\/ieslesmarines\/wp-json\/wp\/v2\/comments?post=39"}],"version-history":[{"count":4,"href":"https:\/\/agora.xtec.cat\/ieslesmarines\/wp-json\/wp\/v2\/pages\/39\/revisions"}],"predecessor-version":[{"id":5895,"href":"https:\/\/agora.xtec.cat\/ieslesmarines\/wp-json\/wp\/v2\/pages\/39\/revisions\/5895"}],"up":[{"embeddable":true,"href":"https:\/\/agora.xtec.cat\/ieslesmarines\/wp-json\/wp\/v2\/pages\/19"}],"wp:attachment":[{"href":"https:\/\/agora.xtec.cat\/ieslesmarines\/wp-json\/wp\/v2\/media?parent=39"}],"curies":[{"name":"wp","href":"https:\/\/api.w.org\/{rel}","templated":true}]}}