{"id":378,"date":"2017-01-19T13:37:39","date_gmt":"2017-01-19T12:37:39","guid":{"rendered":"http:\/\/agora.xtec.cat\/ieslesmarines\/?page_id=378"},"modified":"2018-07-09T11:44:26","modified_gmt":"2018-07-09T09:44:26","slug":"intercanvis-linguistics","status":"publish","type":"page","link":"https:\/\/agora.xtec.cat\/ieslesmarines\/intercanvis-linguistics\/","title":{"rendered":"Intercanvis ling\u00fc\u00edstics"},"content":{"rendered":"<p><strong>Intercanvi amb Alemanya (3r d&#8217;ESO)<\/strong><\/p>\n<p>Des del curs 2012-13 tenim establert un intercanvi entre alumnes del nostre centre i alumnes alemanys membres de l\u2019Institut IGS Busecker Tal, de Buseck (Alemanya), estudiants d\u2019angl\u00e8s com a primera llengua estrangera, i de castell\u00e0 com a segona.<\/p>\n<p><strong>Intercanvi amb Su\u00e8cia (1r de batxillerat)<\/strong><\/p>\n<p>Des del curs 2009-10 tenim establert un intercanvi entre alumnes del nostre centre i alumnes suecs membres de l\u2019Institut Blackebergs Gymnasium d\u2019Estocolm, estudiants d\u2019angl\u00e8s com a segona llengua estrangera, i de castell\u00e0 com a primera.<\/p>\n<p>\u00c9s innegable el valor que aporten aquestes experi\u00e8ncies d&#8217;intercanvi als nostres alumnes i \u00e9s per aix\u00f2 que \u00e9s un dels projectes clau del centre.\u00a0 L&#8217;experi\u00e8ncia \u00e9s valorada molt positivament i l\u2019hem consolidada per al nivell durant els \u00faltims cursos i fins al present com a experi\u00e8ncia per refor\u00e7ar l&#8217;aprenentatge i pr\u00e0ctica de l&#8217;angl\u00e8s dels nostres alumnes.<\/p>\n<p>&nbsp;<\/p>\n","protected":false},"excerpt":{"rendered":"<p>Intercanvi amb Alemanya (3r d&#8217;ESO) Des del curs 2012-13 tenim establert un intercanvi entre alumnes del nostre centre i alumnes alemanys membres de l\u2019Institut IGS Busecker Tal, de Buseck (Alemanya), estudiants d\u2019angl\u00e8s com a primera llengua estrangera, i de castell\u00e0 com a segona. Intercanvi amb Su\u00e8cia (1r de batxillerat) Des del curs 2009-10 tenim establert [&hellip;]<\/p>\n","protected":false},"author":1,"featured_media":0,"parent":0,"menu_order":0,"comment_status":"closed","ping_status":"closed","template":"","meta":{"_bbp_topic_count":0,"_bbp_reply_count":0,"_bbp_total_topic_count":0,"_bbp_total_reply_count":0,"_bbp_voice_count":0,"_bbp_anonymous_reply_count":0,"_bbp_topic_count_hidden":0,"_bbp_reply_count_hidden":0,"_bbp_forum_subforum_count":0,"site-sidebar-layout":"default","site-content-layout":"","ast-site-content-layout":"","site-content-style":"default","site-sidebar-style":"default","ast-global-header-display":"","ast-banner-title-visibility":"","ast-main-header-display":"","ast-hfb-above-header-display":"","ast-hfb-below-header-display":"","ast-hfb-mobile-header-display":"","site-post-title":"","ast-breadcrumbs-content":"","ast-featured-img":"","footer-sml-layout":"","theme-transparent-header-meta":"","adv-header-id-meta":"","stick-header-meta":"","header-above-stick-meta":"","header-main-stick-meta":"","header-below-stick-meta":"","astra-migrate-meta-layouts":"default","ast-page-background-enabled":"default","ast-page-background-meta":{"desktop":{"background-color":"var(--ast-global-color-4)","background-image":"","background-repeat":"repeat","background-position":"center center","background-size":"auto","background-attachment":"scroll","background-type":"","background-media":"","overlay-type":"","overlay-color":"","overlay-opacity":"","overlay-gradient":""},"tablet":{"background-color":"","background-image":"","background-repeat":"repeat","background-position":"center center","background-size":"auto","background-attachment":"scroll","background-type":"","background-media":"","overlay-type":"","overlay-color":"","overlay-opacity":"","overlay-gradient":""},"mobile":{"background-color":"","background-image":"","background-repeat":"repeat","background-position":"center center","background-size":"auto","background-attachment":"scroll","background-type":"","background-media":"","overlay-type":"","overlay-color":"","overlay-opacity":"","overlay-gradient":""}},"ast-content-background-meta":{"desktop":{"background-color":"var(--ast-global-color-5)","background-image":"","background-repeat":"repeat","background-position":"center center","background-size":"auto","background-attachment":"scroll","background-type":"","background-media":"","overlay-type":"","overlay-color":"","overlay-opacity":"","overlay-gradient":""},"tablet":{"background-color":"var(--ast-global-color-5)","background-image":"","background-repeat":"repeat","background-position":"center center","background-size":"auto","background-attachment":"scroll","background-type":"","background-media":"","overlay-type":"","overlay-color":"","overlay-opacity":"","overlay-gradient":""},"mobile":{"background-color":"var(--ast-global-color-5)","background-image":"","background-repeat":"repeat","background-position":"center center","background-size":"auto","background-attachment":"scroll","background-type":"","background-media":"","overlay-type":"","overlay-color":"","overlay-opacity":"","overlay-gradient":""}},"footnotes":""},"class_list":["post-378","page","type-page","status-publish","hentry"],"post_mailing_queue_ids":[],"_links":{"self":[{"href":"https:\/\/agora.xtec.cat\/ieslesmarines\/wp-json\/wp\/v2\/pages\/378","targetHints":{"allow":["GET"]}}],"collection":[{"href":"https:\/\/agora.xtec.cat\/ieslesmarines\/wp-json\/wp\/v2\/pages"}],"about":[{"href":"https:\/\/agora.xtec.cat\/ieslesmarines\/wp-json\/wp\/v2\/types\/page"}],"author":[{"embeddable":true,"href":"https:\/\/agora.xtec.cat\/ieslesmarines\/wp-json\/wp\/v2\/users\/1"}],"replies":[{"embeddable":true,"href":"https:\/\/agora.xtec.cat\/ieslesmarines\/wp-json\/wp\/v2\/comments?post=378"}],"version-history":[{"count":3,"href":"https:\/\/agora.xtec.cat\/ieslesmarines\/wp-json\/wp\/v2\/pages\/378\/revisions"}],"predecessor-version":[{"id":878,"href":"https:\/\/agora.xtec.cat\/ieslesmarines\/wp-json\/wp\/v2\/pages\/378\/revisions\/878"}],"wp:attachment":[{"href":"https:\/\/agora.xtec.cat\/ieslesmarines\/wp-json\/wp\/v2\/media?parent=378"}],"curies":[{"name":"wp","href":"https:\/\/api.w.org\/{rel}","templated":true}]}}