{"id":3779,"date":"2023-12-19T14:22:11","date_gmt":"2023-12-19T13:22:11","guid":{"rendered":"https:\/\/agora.xtec.cat\/ieslesmarines\/?page_id=3779"},"modified":"2023-12-19T14:22:11","modified_gmt":"2023-12-19T13:22:11","slug":"building-paper-structures-3r-deso","status":"publish","type":"page","link":"https:\/\/agora.xtec.cat\/ieslesmarines\/building-paper-structures-3r-deso\/","title":{"rendered":"Building paper structures &#8211; 3r d&#8217;ESO"},"content":{"rendered":"<p><span style=\"text-decoration: underline;\"><strong>Catal\u00e0<\/strong>:<\/span> L&#8217;alumnat de 3r d&#8217;ESO de l&#8217;INS Les Marines hem fet una estructura de paper que resisteix el nostre pes afegint triangles a l&#8217;estructura.<\/p>\n<p>Per fer aquesta estructura hem fet servir paper i cinta adhesiva per fer pals de paper. Per fer el paper enganxat, primer hav\u00edem d&#8217;inscriure el paper, i despr\u00e9s ens hav\u00edem de posar la cinta adhesiva. Despr\u00e9s, hav\u00edem de tallar els pals de paper que havien de tenir\u00a0 11 cm de llarg. Per fer la base de l&#8217;estructura, hem fet servir cartr\u00f3 i cola. A continuaci\u00f3, hem enganxat els pals de paper perqu\u00e8 quedessin triangles. M\u00e9s tard, hem enganxat l&#8217;altra part de la cartolina a sobre dels triangles.<\/p>\n<p>Hem apr\u00e8s que els triangles s\u00f3n les figures m\u00e9s resistents i que s\u00f3n necessaris per crear una estructura resistent.<\/p>\n<p><span style=\"text-decoration: underline;\"><strong>Angl\u00e8s<\/strong><\/span>: The students of 3rd ESO of INS Les Marines, we have made a paper structure that resists our weight by adding triangles to the structure.<\/p>\n<p>To make this structure, we have used paper and tape to make paper sticks. To make the paper stick, first we had to roll the paper, and after that, we had to put on the tape. Then we had to cut the paper sticks. They had to be 11cm long. To make the base of the structure, we used cardboard and glue. Next, we stuck the paper sticks so that they remain triangles. Later, we stuck the other part of the cardboard on top of the triangles.<\/p>\n<div><\/div>\n<p>We learned that the triangles are the most resistant figures, and they are necessary to create a resistant structure.<\/p>\n<p><iframe loading=\"lazy\" title=\"YouTube video player\" src=\"\/\/www.youtube.com\/embed\/fzwAhSKEd2I?si=Db8YqtihNnMPmzc6\" width=\"560\" height=\"315\" frameborder=\"0\" allowfullscreen=\"allowfullscreen\"><\/iframe><\/p>\n","protected":false},"excerpt":{"rendered":"<p>Catal\u00e0: L&#8217;alumnat de 3r d&#8217;ESO de l&#8217;INS Les Marines hem fet una estructura de paper que resisteix el nostre pes afegint triangles a l&#8217;estructura. Per fer aquesta estructura hem fet servir paper i cinta adhesiva per fer pals de paper. Per fer el paper enganxat, primer hav\u00edem d&#8217;inscriure el paper, i despr\u00e9s ens hav\u00edem de [&hellip;]<\/p>\n","protected":false},"author":1,"featured_media":0,"parent":0,"menu_order":0,"comment_status":"closed","ping_status":"closed","template":"","meta":{"_bbp_topic_count":0,"_bbp_reply_count":0,"_bbp_total_topic_count":0,"_bbp_total_reply_count":0,"_bbp_voice_count":0,"_bbp_anonymous_reply_count":0,"_bbp_topic_count_hidden":0,"_bbp_reply_count_hidden":0,"_bbp_forum_subforum_count":0,"site-sidebar-layout":"default","site-content-layout":"","ast-site-content-layout":"","site-content-style":"default","site-sidebar-style":"default","ast-global-header-display":"","ast-banner-title-visibility":"","ast-main-header-display":"","ast-hfb-above-header-display":"","ast-hfb-below-header-display":"","ast-hfb-mobile-header-display":"","site-post-title":"","ast-breadcrumbs-content":"","ast-featured-img":"","footer-sml-layout":"","theme-transparent-header-meta":"","adv-header-id-meta":"","stick-header-meta":"","header-above-stick-meta":"","header-main-stick-meta":"","header-below-stick-meta":"","astra-migrate-meta-layouts":"default","ast-page-background-enabled":"default","ast-page-background-meta":{"desktop":{"background-color":"var(--ast-global-color-4)","background-image":"","background-repeat":"repeat","background-position":"center center","background-size":"auto","background-attachment":"scroll","background-type":"","background-media":"","overlay-type":"","overlay-color":"","overlay-opacity":"","overlay-gradient":""},"tablet":{"background-color":"","background-image":"","background-repeat":"repeat","background-position":"center center","background-size":"auto","background-attachment":"scroll","background-type":"","background-media":"","overlay-type":"","overlay-color":"","overlay-opacity":"","overlay-gradient":""},"mobile":{"background-color":"","background-image":"","background-repeat":"repeat","background-position":"center center","background-size":"auto","background-attachment":"scroll","background-type":"","background-media":"","overlay-type":"","overlay-color":"","overlay-opacity":"","overlay-gradient":""}},"ast-content-background-meta":{"desktop":{"background-color":"var(--ast-global-color-5)","background-image":"","background-repeat":"repeat","background-position":"center center","background-size":"auto","background-attachment":"scroll","background-type":"","background-media":"","overlay-type":"","overlay-color":"","overlay-opacity":"","overlay-gradient":""},"tablet":{"background-color":"var(--ast-global-color-5)","background-image":"","background-repeat":"repeat","background-position":"center center","background-size":"auto","background-attachment":"scroll","background-type":"","background-media":"","overlay-type":"","overlay-color":"","overlay-opacity":"","overlay-gradient":""},"mobile":{"background-color":"var(--ast-global-color-5)","background-image":"","background-repeat":"repeat","background-position":"center center","background-size":"auto","background-attachment":"scroll","background-type":"","background-media":"","overlay-type":"","overlay-color":"","overlay-opacity":"","overlay-gradient":""}},"footnotes":""},"class_list":["post-3779","page","type-page","status-publish","hentry"],"post_mailing_queue_ids":[],"_links":{"self":[{"href":"https:\/\/agora.xtec.cat\/ieslesmarines\/wp-json\/wp\/v2\/pages\/3779","targetHints":{"allow":["GET"]}}],"collection":[{"href":"https:\/\/agora.xtec.cat\/ieslesmarines\/wp-json\/wp\/v2\/pages"}],"about":[{"href":"https:\/\/agora.xtec.cat\/ieslesmarines\/wp-json\/wp\/v2\/types\/page"}],"author":[{"embeddable":true,"href":"https:\/\/agora.xtec.cat\/ieslesmarines\/wp-json\/wp\/v2\/users\/1"}],"replies":[{"embeddable":true,"href":"https:\/\/agora.xtec.cat\/ieslesmarines\/wp-json\/wp\/v2\/comments?post=3779"}],"version-history":[{"count":1,"href":"https:\/\/agora.xtec.cat\/ieslesmarines\/wp-json\/wp\/v2\/pages\/3779\/revisions"}],"predecessor-version":[{"id":3780,"href":"https:\/\/agora.xtec.cat\/ieslesmarines\/wp-json\/wp\/v2\/pages\/3779\/revisions\/3780"}],"wp:attachment":[{"href":"https:\/\/agora.xtec.cat\/ieslesmarines\/wp-json\/wp\/v2\/media?parent=3779"}],"curies":[{"name":"wp","href":"https:\/\/api.w.org\/{rel}","templated":true}]}}