{"id":3724,"date":"2023-12-01T16:29:48","date_gmt":"2023-12-01T15:29:48","guid":{"rendered":"https:\/\/agora.xtec.cat\/ieslesmarines\/?page_id=3724"},"modified":"2023-12-01T16:29:48","modified_gmt":"2023-12-01T15:29:48","slug":"ruta-literaria-marina-3rb-i-3rc","status":"publish","type":"page","link":"https:\/\/agora.xtec.cat\/ieslesmarines\/ruta-literaria-marina-3rb-i-3rc\/","title":{"rendered":"Ruta liter\u00e0ria &#8216;Marina&#8217; &#8211; 3rB i 3rC"},"content":{"rendered":"<p>\ud83d\udcdaL&#8217;alumnat de 3rB i 3rC hem fet la ruta liter\u00e0ria de la novel\u00b7la que ens hem llegit aquest trimestre, <em>Marina<\/em>, de Carlos Ruiz Zaf\u00f3n.<\/p>\n<p>\ud83d\udc63 Hem caminat des de Passeig de Gr\u00e0cia fins a l&#8217;estaci\u00f3 de Fran\u00e7a, tot recordant els llocs per on es mouen Oscar i Marina, els protagonistes de la hist\u00f2ria,<br \/>\nrevivint les seves accions i coneixent la Barcelona de Zaf\u00f3n.<\/p>\n<p>\ud83c\udfa5 Aix\u00ed mateix, hem fet de youtubers per Pla\u00e7a Catalunya, les Rambles, Nou de la Rambla, la Pla\u00e7a Reial, el Carrer Ferran, la Pla\u00e7a Sant Jaume, Via Laietana, Carrer Princesa, el mercat del Born i la Ciutadella.<\/p>\n<p><img loading=\"lazy\" decoding=\"async\" class=\"alignnone size-large wp-image-3726\" src=\"https:\/\/agora.xtec.cat\/ieslesmarines\/wp-content\/uploads\/usu619\/2023\/12\/5ea501f9-a671-4532-ac0d-df45b2f59518-1024x768.jpg\" alt=\"\" width=\"1024\" height=\"768\" srcset=\"https:\/\/agora.xtec.cat\/ieslesmarines\/wp-content\/uploads\/usu619\/2023\/12\/5ea501f9-a671-4532-ac0d-df45b2f59518-1024x768.jpg 1024w, https:\/\/agora.xtec.cat\/ieslesmarines\/wp-content\/uploads\/usu619\/2023\/12\/5ea501f9-a671-4532-ac0d-df45b2f59518-300x225.jpg 300w, https:\/\/agora.xtec.cat\/ieslesmarines\/wp-content\/uploads\/usu619\/2023\/12\/5ea501f9-a671-4532-ac0d-df45b2f59518-768x576.jpg 768w, https:\/\/agora.xtec.cat\/ieslesmarines\/wp-content\/uploads\/usu619\/2023\/12\/5ea501f9-a671-4532-ac0d-df45b2f59518-200x150.jpg 200w, https:\/\/agora.xtec.cat\/ieslesmarines\/wp-content\/uploads\/usu619\/2023\/12\/5ea501f9-a671-4532-ac0d-df45b2f59518.jpg 1280w\" sizes=\"auto, (max-width: 1024px) 100vw, 1024px\" \/><\/p>\n<p>Podeu veure m\u00e9s imatges en aquest <a href=\"https:\/\/www.instagram.com\/p\/C0T98jTtFKA\/?utm_source=ig_web_copy_link&amp;igshid=ODhhZWM5NmIwOQ==\" target=\"_blank\" rel=\"noopener\">enlla\u00e7<\/a>.<\/p>\n","protected":false},"excerpt":{"rendered":"<p>\ud83d\udcdaL&#8217;alumnat de 3rB i 3rC hem fet la ruta liter\u00e0ria de la novel\u00b7la que ens hem llegit aquest trimestre, Marina, de Carlos Ruiz Zaf\u00f3n. \ud83d\udc63 Hem caminat des de Passeig de Gr\u00e0cia fins a l&#8217;estaci\u00f3 de Fran\u00e7a, tot recordant els llocs per on es mouen Oscar i Marina, els protagonistes de la hist\u00f2ria, revivint les [&hellip;]<\/p>\n","protected":false},"author":1,"featured_media":0,"parent":0,"menu_order":0,"comment_status":"closed","ping_status":"closed","template":"","meta":{"_bbp_topic_count":0,"_bbp_reply_count":0,"_bbp_total_topic_count":0,"_bbp_total_reply_count":0,"_bbp_voice_count":0,"_bbp_anonymous_reply_count":0,"_bbp_topic_count_hidden":0,"_bbp_reply_count_hidden":0,"_bbp_forum_subforum_count":0,"site-sidebar-layout":"default","site-content-layout":"","ast-site-content-layout":"","site-content-style":"default","site-sidebar-style":"default","ast-global-header-display":"","ast-banner-title-visibility":"","ast-main-header-display":"","ast-hfb-above-header-display":"","ast-hfb-below-header-display":"","ast-hfb-mobile-header-display":"","site-post-title":"","ast-breadcrumbs-content":"","ast-featured-img":"","footer-sml-layout":"","theme-transparent-header-meta":"","adv-header-id-meta":"","stick-header-meta":"","header-above-stick-meta":"","header-main-stick-meta":"","header-below-stick-meta":"","astra-migrate-meta-layouts":"default","ast-page-background-enabled":"default","ast-page-background-meta":{"desktop":{"background-color":"var(--ast-global-color-4)","background-image":"","background-repeat":"repeat","background-position":"center center","background-size":"auto","background-attachment":"scroll","background-type":"","background-media":"","overlay-type":"","overlay-color":"","overlay-opacity":"","overlay-gradient":""},"tablet":{"background-color":"","background-image":"","background-repeat":"repeat","background-position":"center center","background-size":"auto","background-attachment":"scroll","background-type":"","background-media":"","overlay-type":"","overlay-color":"","overlay-opacity":"","overlay-gradient":""},"mobile":{"background-color":"","background-image":"","background-repeat":"repeat","background-position":"center center","background-size":"auto","background-attachment":"scroll","background-type":"","background-media":"","overlay-type":"","overlay-color":"","overlay-opacity":"","overlay-gradient":""}},"ast-content-background-meta":{"desktop":{"background-color":"var(--ast-global-color-5)","background-image":"","background-repeat":"repeat","background-position":"center center","background-size":"auto","background-attachment":"scroll","background-type":"","background-media":"","overlay-type":"","overlay-color":"","overlay-opacity":"","overlay-gradient":""},"tablet":{"background-color":"var(--ast-global-color-5)","background-image":"","background-repeat":"repeat","background-position":"center center","background-size":"auto","background-attachment":"scroll","background-type":"","background-media":"","overlay-type":"","overlay-color":"","overlay-opacity":"","overlay-gradient":""},"mobile":{"background-color":"var(--ast-global-color-5)","background-image":"","background-repeat":"repeat","background-position":"center center","background-size":"auto","background-attachment":"scroll","background-type":"","background-media":"","overlay-type":"","overlay-color":"","overlay-opacity":"","overlay-gradient":""}},"footnotes":""},"class_list":["post-3724","page","type-page","status-publish","hentry"],"post_mailing_queue_ids":[],"_links":{"self":[{"href":"https:\/\/agora.xtec.cat\/ieslesmarines\/wp-json\/wp\/v2\/pages\/3724","targetHints":{"allow":["GET"]}}],"collection":[{"href":"https:\/\/agora.xtec.cat\/ieslesmarines\/wp-json\/wp\/v2\/pages"}],"about":[{"href":"https:\/\/agora.xtec.cat\/ieslesmarines\/wp-json\/wp\/v2\/types\/page"}],"author":[{"embeddable":true,"href":"https:\/\/agora.xtec.cat\/ieslesmarines\/wp-json\/wp\/v2\/users\/1"}],"replies":[{"embeddable":true,"href":"https:\/\/agora.xtec.cat\/ieslesmarines\/wp-json\/wp\/v2\/comments?post=3724"}],"version-history":[{"count":1,"href":"https:\/\/agora.xtec.cat\/ieslesmarines\/wp-json\/wp\/v2\/pages\/3724\/revisions"}],"predecessor-version":[{"id":3727,"href":"https:\/\/agora.xtec.cat\/ieslesmarines\/wp-json\/wp\/v2\/pages\/3724\/revisions\/3727"}],"wp:attachment":[{"href":"https:\/\/agora.xtec.cat\/ieslesmarines\/wp-json\/wp\/v2\/media?parent=3724"}],"curies":[{"name":"wp","href":"https:\/\/api.w.org\/{rel}","templated":true}]}}