{"id":3633,"date":"2023-11-02T17:11:45","date_gmt":"2023-11-02T16:11:45","guid":{"rendered":"https:\/\/agora.xtec.cat\/ieslesmarines\/?page_id=3633"},"modified":"2023-11-02T17:14:12","modified_gmt":"2023-11-02T16:14:12","slug":"eleccions-al-consell-escolar","status":"publish","type":"page","link":"https:\/\/agora.xtec.cat\/ieslesmarines\/eleccions-al-consell-escolar\/","title":{"rendered":"Eleccions al Consell Escolar 2023"},"content":{"rendered":"<p><span style=\"font-weight: 400;\">Informem a tota la comunitat escolar que el 30 d\u2019octubre s\u2019ha iniciat el per\u00edode de renovaci\u00f3 dels Consells Escolars.<\/span><\/p>\n<p><span style=\"font-weight: 400;\">Els Consells es renoven per meitats cada dos anys i hi estan representats tots els sectors que conformen la comunitat educativa: el professorat, pares i mares, personal no docent, Ajuntament i alumnat. Aquest any cal renovar:<\/span><\/p>\n<ul>\n<li style=\"font-weight: 400;\" aria-level=\"1\"><span style=\"font-weight: 400;\">Dos representants del sector fam\u00edlies.<\/span><\/li>\n<li style=\"font-weight: 400;\" aria-level=\"1\"><span style=\"font-weight: 400;\">Quatre representants del sector de professorat.<\/span><\/li>\n<li style=\"font-weight: 400;\" aria-level=\"1\"><span style=\"font-weight: 400;\">Dos representants del sector alumnat.<\/span><\/li>\n<\/ul>\n<p><span style=\"font-weight: 400;\">El Consell Escolar \u00e9s l\u2019\u00f2rgan de participaci\u00f3 de la comunitat educativa en el govern dels centres escolars. \u00c9s per aix\u00f2 que us volem encoratjar a participar-hi presentant-vos com a candidats i fent \u00fas del vostre dret al vot.<\/span><\/p>\n<p><b>CALENDARI<\/b><\/p>\n<table>\n<tbody>\n<tr>\n<td><span style=\"font-weight: 400;\">30 d\u2019octubre de 2023<\/span><\/td>\n<td><span style=\"font-weight: 400;\">Publicaci\u00f3 cens electoral del centre en el\u00a0 taulell d\u2019anuncis<\/span><\/td>\n<\/tr>\n<tr>\n<td><span style=\"font-weight: 400;\">9 de novembre de 2023<\/span><\/td>\n<td><span style=\"font-weight: 400;\">Publicaci\u00f3 del cens electoral definitiu<\/span><\/td>\n<\/tr>\n<tr>\n<td><span style=\"font-weight: 400;\">Del 30 d\u2019octubre al 15 de novembre de 2023<\/span><\/td>\n<td><span style=\"font-weight: 400;\">Presentaci\u00f3 a Secretaria del centre de les candidatures al consell escolar<\/span><\/td>\n<\/tr>\n<tr>\n<td><span style=\"font-weight: 400;\">6 de novembre de 2023<\/span><\/td>\n<td><span style=\"font-weight: 400;\">Sorteig per tal de designar els vocals de\u00a0 les meses.<\/span><\/td>\n<\/tr>\n<tr>\n<td><span style=\"font-weight: 400;\">9 de novembre de 2023<\/span><\/td>\n<td><span style=\"font-weight: 400;\">Constituci\u00f3 de les meses electorals<\/span><\/td>\n<\/tr>\n<tr>\n<td><span style=\"font-weight: 400;\">21 de novembre de 2023<\/span><\/td>\n<td><span style=\"font-weight: 400;\">Votacions sector professorat<\/span><\/td>\n<\/tr>\n<tr>\n<td><b>21 de novembre de 2023\u00a0<\/b><\/td>\n<td><b>Votacions del sector fam\u00edlies:\u00a0<\/b><\/p>\n<p><b>Mat\u00ed: 8.00-9.30<\/b><\/p>\n<p><b>Tarda: 17:00-19:00h<\/b><\/td>\n<\/tr>\n<tr>\n<td><span style=\"font-weight: 400;\">23 de novembre de 2023<\/span><\/td>\n<td><span style=\"font-weight: 400;\">Votacions sector alumnat:<\/span><\/p>\n<p><span style=\"font-weight: 400;\">Al llarg de la jornada lectiva<\/span><\/td>\n<\/tr>\n<\/tbody>\n<\/table>\n<p>&nbsp;<\/p>\n","protected":false},"excerpt":{"rendered":"<p>Informem a tota la comunitat escolar que el 30 d\u2019octubre s\u2019ha iniciat el per\u00edode de renovaci\u00f3 dels Consells Escolars. Els Consells es renoven per meitats cada dos anys i hi estan representats tots els sectors que conformen la comunitat educativa: el professorat, pares i mares, personal no docent, Ajuntament i alumnat. Aquest any cal renovar: [&hellip;]<\/p>\n","protected":false},"author":1,"featured_media":0,"parent":0,"menu_order":0,"comment_status":"closed","ping_status":"closed","template":"","meta":{"_bbp_topic_count":0,"_bbp_reply_count":0,"_bbp_total_topic_count":0,"_bbp_total_reply_count":0,"_bbp_voice_count":0,"_bbp_anonymous_reply_count":0,"_bbp_topic_count_hidden":0,"_bbp_reply_count_hidden":0,"_bbp_forum_subforum_count":0,"site-sidebar-layout":"default","site-content-layout":"","ast-site-content-layout":"","site-content-style":"default","site-sidebar-style":"default","ast-global-header-display":"","ast-banner-title-visibility":"","ast-main-header-display":"","ast-hfb-above-header-display":"","ast-hfb-below-header-display":"","ast-hfb-mobile-header-display":"","site-post-title":"","ast-breadcrumbs-content":"","ast-featured-img":"","footer-sml-layout":"","theme-transparent-header-meta":"","adv-header-id-meta":"","stick-header-meta":"","header-above-stick-meta":"","header-main-stick-meta":"","header-below-stick-meta":"","astra-migrate-meta-layouts":"default","ast-page-background-enabled":"default","ast-page-background-meta":{"desktop":{"background-color":"var(--ast-global-color-4)","background-image":"","background-repeat":"repeat","background-position":"center center","background-size":"auto","background-attachment":"scroll","background-type":"","background-media":"","overlay-type":"","overlay-color":"","overlay-opacity":"","overlay-gradient":""},"tablet":{"background-color":"","background-image":"","background-repeat":"repeat","background-position":"center center","background-size":"auto","background-attachment":"scroll","background-type":"","background-media":"","overlay-type":"","overlay-color":"","overlay-opacity":"","overlay-gradient":""},"mobile":{"background-color":"","background-image":"","background-repeat":"repeat","background-position":"center center","background-size":"auto","background-attachment":"scroll","background-type":"","background-media":"","overlay-type":"","overlay-color":"","overlay-opacity":"","overlay-gradient":""}},"ast-content-background-meta":{"desktop":{"background-color":"var(--ast-global-color-5)","background-image":"","background-repeat":"repeat","background-position":"center center","background-size":"auto","background-attachment":"scroll","background-type":"","background-media":"","overlay-type":"","overlay-color":"","overlay-opacity":"","overlay-gradient":""},"tablet":{"background-color":"var(--ast-global-color-5)","background-image":"","background-repeat":"repeat","background-position":"center center","background-size":"auto","background-attachment":"scroll","background-type":"","background-media":"","overlay-type":"","overlay-color":"","overlay-opacity":"","overlay-gradient":""},"mobile":{"background-color":"var(--ast-global-color-5)","background-image":"","background-repeat":"repeat","background-position":"center center","background-size":"auto","background-attachment":"scroll","background-type":"","background-media":"","overlay-type":"","overlay-color":"","overlay-opacity":"","overlay-gradient":""}},"footnotes":""},"class_list":["post-3633","page","type-page","status-publish","hentry"],"post_mailing_queue_ids":[],"_links":{"self":[{"href":"https:\/\/agora.xtec.cat\/ieslesmarines\/wp-json\/wp\/v2\/pages\/3633","targetHints":{"allow":["GET"]}}],"collection":[{"href":"https:\/\/agora.xtec.cat\/ieslesmarines\/wp-json\/wp\/v2\/pages"}],"about":[{"href":"https:\/\/agora.xtec.cat\/ieslesmarines\/wp-json\/wp\/v2\/types\/page"}],"author":[{"embeddable":true,"href":"https:\/\/agora.xtec.cat\/ieslesmarines\/wp-json\/wp\/v2\/users\/1"}],"replies":[{"embeddable":true,"href":"https:\/\/agora.xtec.cat\/ieslesmarines\/wp-json\/wp\/v2\/comments?post=3633"}],"version-history":[{"count":2,"href":"https:\/\/agora.xtec.cat\/ieslesmarines\/wp-json\/wp\/v2\/pages\/3633\/revisions"}],"predecessor-version":[{"id":3639,"href":"https:\/\/agora.xtec.cat\/ieslesmarines\/wp-json\/wp\/v2\/pages\/3633\/revisions\/3639"}],"wp:attachment":[{"href":"https:\/\/agora.xtec.cat\/ieslesmarines\/wp-json\/wp\/v2\/media?parent=3633"}],"curies":[{"name":"wp","href":"https:\/\/api.w.org\/{rel}","templated":true}]}}