{"id":3611,"date":"2023-10-30T13:06:27","date_gmt":"2023-10-30T12:06:27","guid":{"rendered":"https:\/\/agora.xtec.cat\/ieslesmarines\/?page_id=3611"},"modified":"2023-10-30T13:10:05","modified_gmt":"2023-10-30T12:10:05","slug":"els-nostres-veins-23","status":"publish","type":"page","link":"https:\/\/agora.xtec.cat\/ieslesmarines\/els-nostres-veins-23\/","title":{"rendered":"Els Nostres Ve\u00efns &#8217;23"},"content":{"rendered":"<p>El passat dimecres, 25 d&#8217;octubre, part de l&#8217;alumnat de 1r ESO va anar a visitar els Nostres Ve\u00efns, els insectes.<\/p>\n<p>Van buscar, observar i classificar els insectes per despr\u00e9s continuar buscant informaci\u00f3 i aprenent sobre ells, en el marc del projecte que estan duent a terme. \ud83e\udd97\ud83d\udc1e<\/p>\n<p><a class=\"text-entity-link\" dir=\"auto\" data-entity-type=\"MessageEntityHashtag\">#projectes<\/a>\u00a0<a class=\"text-entity-link\" dir=\"auto\" data-entity-type=\"MessageEntityHashtag\">#innovaci\u00f3<\/a>\u00a0<a class=\"text-entity-link\" dir=\"auto\" data-entity-type=\"MessageEntityHashtag\">#insectes<\/a>\u00a0<a class=\"text-entity-link\" dir=\"auto\" data-entity-type=\"MessageEntityHashtag\">#1rESO<\/a>\u00a0<a class=\"text-entity-link\" dir=\"auto\" data-entity-type=\"MessageEntityHashtag\">#natura<\/a><\/p>\n<p><img loading=\"lazy\" decoding=\"async\" class=\"alignnone size-large wp-image-3613\" src=\"https:\/\/agora.xtec.cat\/ieslesmarines\/wp-content\/uploads\/usu619\/2023\/10\/photo1698667410-1024x768.jpeg\" alt=\"\" width=\"1024\" height=\"768\" srcset=\"https:\/\/agora.xtec.cat\/ieslesmarines\/wp-content\/uploads\/usu619\/2023\/10\/photo1698667410-1024x768.jpeg 1024w, https:\/\/agora.xtec.cat\/ieslesmarines\/wp-content\/uploads\/usu619\/2023\/10\/photo1698667410-300x225.jpeg 300w, https:\/\/agora.xtec.cat\/ieslesmarines\/wp-content\/uploads\/usu619\/2023\/10\/photo1698667410-768x576.jpeg 768w, https:\/\/agora.xtec.cat\/ieslesmarines\/wp-content\/uploads\/usu619\/2023\/10\/photo1698667410-200x150.jpeg 200w, https:\/\/agora.xtec.cat\/ieslesmarines\/wp-content\/uploads\/usu619\/2023\/10\/photo1698667410.jpeg 1280w\" sizes=\"auto, (max-width: 1024px) 100vw, 1024px\" \/><\/p>\n<p>Podeu veure m\u00e9s imatges <a href=\"https:\/\/www.instagram.com\/p\/Cy5-9mHtNoN\/?igshid=MzRlODBiNWFlZA==\" target=\"_blank\" rel=\"noopener\">aqu\u00ed<\/a><\/p>\n","protected":false},"excerpt":{"rendered":"<p>El passat dimecres, 25 d&#8217;octubre, part de l&#8217;alumnat de 1r ESO va anar a visitar els Nostres Ve\u00efns, els insectes. Van buscar, observar i classificar els insectes per despr\u00e9s continuar buscant informaci\u00f3 i aprenent sobre ells, en el marc del projecte que estan duent a terme. \ud83e\udd97\ud83d\udc1e #projectes\u00a0#innovaci\u00f3\u00a0#insectes\u00a0#1rESO\u00a0#natura Podeu veure m\u00e9s imatges aqu\u00ed<\/p>\n","protected":false},"author":1,"featured_media":0,"parent":0,"menu_order":0,"comment_status":"closed","ping_status":"closed","template":"","meta":{"_bbp_topic_count":0,"_bbp_reply_count":0,"_bbp_total_topic_count":0,"_bbp_total_reply_count":0,"_bbp_voice_count":0,"_bbp_anonymous_reply_count":0,"_bbp_topic_count_hidden":0,"_bbp_reply_count_hidden":0,"_bbp_forum_subforum_count":0,"site-sidebar-layout":"default","site-content-layout":"","ast-site-content-layout":"","site-content-style":"default","site-sidebar-style":"default","ast-global-header-display":"","ast-banner-title-visibility":"","ast-main-header-display":"","ast-hfb-above-header-display":"","ast-hfb-below-header-display":"","ast-hfb-mobile-header-display":"","site-post-title":"","ast-breadcrumbs-content":"","ast-featured-img":"","footer-sml-layout":"","theme-transparent-header-meta":"","adv-header-id-meta":"","stick-header-meta":"","header-above-stick-meta":"","header-main-stick-meta":"","header-below-stick-meta":"","astra-migrate-meta-layouts":"default","ast-page-background-enabled":"default","ast-page-background-meta":{"desktop":{"background-color":"var(--ast-global-color-4)","background-image":"","background-repeat":"repeat","background-position":"center center","background-size":"auto","background-attachment":"scroll","background-type":"","background-media":"","overlay-type":"","overlay-color":"","overlay-opacity":"","overlay-gradient":""},"tablet":{"background-color":"","background-image":"","background-repeat":"repeat","background-position":"center center","background-size":"auto","background-attachment":"scroll","background-type":"","background-media":"","overlay-type":"","overlay-color":"","overlay-opacity":"","overlay-gradient":""},"mobile":{"background-color":"","background-image":"","background-repeat":"repeat","background-position":"center center","background-size":"auto","background-attachment":"scroll","background-type":"","background-media":"","overlay-type":"","overlay-color":"","overlay-opacity":"","overlay-gradient":""}},"ast-content-background-meta":{"desktop":{"background-color":"var(--ast-global-color-5)","background-image":"","background-repeat":"repeat","background-position":"center center","background-size":"auto","background-attachment":"scroll","background-type":"","background-media":"","overlay-type":"","overlay-color":"","overlay-opacity":"","overlay-gradient":""},"tablet":{"background-color":"var(--ast-global-color-5)","background-image":"","background-repeat":"repeat","background-position":"center center","background-size":"auto","background-attachment":"scroll","background-type":"","background-media":"","overlay-type":"","overlay-color":"","overlay-opacity":"","overlay-gradient":""},"mobile":{"background-color":"var(--ast-global-color-5)","background-image":"","background-repeat":"repeat","background-position":"center center","background-size":"auto","background-attachment":"scroll","background-type":"","background-media":"","overlay-type":"","overlay-color":"","overlay-opacity":"","overlay-gradient":""}},"footnotes":""},"class_list":["post-3611","page","type-page","status-publish","hentry"],"post_mailing_queue_ids":[],"_links":{"self":[{"href":"https:\/\/agora.xtec.cat\/ieslesmarines\/wp-json\/wp\/v2\/pages\/3611","targetHints":{"allow":["GET"]}}],"collection":[{"href":"https:\/\/agora.xtec.cat\/ieslesmarines\/wp-json\/wp\/v2\/pages"}],"about":[{"href":"https:\/\/agora.xtec.cat\/ieslesmarines\/wp-json\/wp\/v2\/types\/page"}],"author":[{"embeddable":true,"href":"https:\/\/agora.xtec.cat\/ieslesmarines\/wp-json\/wp\/v2\/users\/1"}],"replies":[{"embeddable":true,"href":"https:\/\/agora.xtec.cat\/ieslesmarines\/wp-json\/wp\/v2\/comments?post=3611"}],"version-history":[{"count":3,"href":"https:\/\/agora.xtec.cat\/ieslesmarines\/wp-json\/wp\/v2\/pages\/3611\/revisions"}],"predecessor-version":[{"id":3618,"href":"https:\/\/agora.xtec.cat\/ieslesmarines\/wp-json\/wp\/v2\/pages\/3611\/revisions\/3618"}],"wp:attachment":[{"href":"https:\/\/agora.xtec.cat\/ieslesmarines\/wp-json\/wp\/v2\/media?parent=3611"}],"curies":[{"name":"wp","href":"https:\/\/api.w.org\/{rel}","templated":true}]}}