{"id":3547,"date":"2023-10-06T19:07:43","date_gmt":"2023-10-06T17:07:43","guid":{"rendered":"https:\/\/agora.xtec.cat\/ieslesmarines\/?page_id=3547"},"modified":"2023-10-06T20:01:54","modified_gmt":"2023-10-06T18:01:54","slug":"sharing-to-learn-23-24","status":"publish","type":"page","link":"https:\/\/agora.xtec.cat\/ieslesmarines\/sharing-to-learn-23-24\/","title":{"rendered":"Sharing to learn 23-24"},"content":{"rendered":"<p>Un grup de 17 alumnes de 4t d&#8217;ESO participaran durant aquest curs en el Projecte <em>Sharing to Learn,<\/em> que es dur\u00e0 a terme al nostre municipi. Es tracta d&#8217;una iniciativa coordinada des del CRP de Castelldefels i en la qual participen les escoles de prim\u00e0ria i de secund\u00e0ria. Un cop a la setmana, els nostres alumnes faran de <em>language assistants<\/em> a una escola de prim\u00e0ria. L&#8217;objectiu del projecte \u00e9s afavorir l&#8217;intercanvi entre alumnat de diferentes etapes educatives i donar suport a la millora de l&#8217;expressi\u00f3 oral en llengua anglesa.<\/p>\n<p>Abans de comen\u00e7ar el projecte vam fer una reflexi\u00f3 inicial de les nostres expectatives que volem compartir amb vosaltres.<\/p>\n<div><\/div>\n<div><a href=\"https:\/\/agora.xtec.cat\/ieslesmarines\/wp-content\/uploads\/usu619\/2023\/10\/initial-self-assessment-group-work-scaled.jpg\"><img loading=\"lazy\" decoding=\"async\" class=\"alignnone size-large wp-image-3548\" src=\"https:\/\/agora.xtec.cat\/ieslesmarines\/wp-content\/uploads\/usu619\/2023\/10\/initial-self-assessment-group-work-1024x462.jpg\" alt=\"\" width=\"1024\" height=\"462\" srcset=\"https:\/\/agora.xtec.cat\/ieslesmarines\/wp-content\/uploads\/usu619\/2023\/10\/initial-self-assessment-group-work-1024x462.jpg 1024w, https:\/\/agora.xtec.cat\/ieslesmarines\/wp-content\/uploads\/usu619\/2023\/10\/initial-self-assessment-group-work-300x135.jpg 300w, https:\/\/agora.xtec.cat\/ieslesmarines\/wp-content\/uploads\/usu619\/2023\/10\/initial-self-assessment-group-work-768x346.jpg 768w, https:\/\/agora.xtec.cat\/ieslesmarines\/wp-content\/uploads\/usu619\/2023\/10\/initial-self-assessment-group-work-1536x692.jpg 1536w, https:\/\/agora.xtec.cat\/ieslesmarines\/wp-content\/uploads\/usu619\/2023\/10\/initial-self-assessment-group-work-2048x923.jpg 2048w\" sizes=\"auto, (max-width: 1024px) 100vw, 1024px\" \/><\/a><\/div>\n<p>&nbsp;<\/p>\n<p>Estem segures que el nostre alumnat far\u00e0 molt b\u00e9 la seva feina, amb responsabilitat i dedicaci\u00f3. Aquesta activitat est\u00e0 plantejada com a Servei Comunitari i es coordina des del Departament de Lleng\u00fces Estrangeres.<\/p>\n<p><a href=\"https:\/\/agora.xtec.cat\/ieslesmarines\/wp-content\/uploads\/usu619\/2023\/10\/sharing-to-learn.jpg\"><img loading=\"lazy\" decoding=\"async\" class=\"alignnone wp-image-3557 size-medium\" src=\"https:\/\/agora.xtec.cat\/ieslesmarines\/wp-content\/uploads\/usu619\/2023\/10\/sharing-to-learn-300x291.jpg\" alt=\"\" width=\"300\" height=\"291\" srcset=\"https:\/\/agora.xtec.cat\/ieslesmarines\/wp-content\/uploads\/usu619\/2023\/10\/sharing-to-learn-300x291.jpg 300w, https:\/\/agora.xtec.cat\/ieslesmarines\/wp-content\/uploads\/usu619\/2023\/10\/sharing-to-learn.jpg 512w\" sizes=\"auto, (max-width: 300px) 100vw, 300px\" \/><\/a><\/p>\n","protected":false},"excerpt":{"rendered":"<p>Un grup de 17 alumnes de 4t d&#8217;ESO participaran durant aquest curs en el Projecte Sharing to Learn, que es dur\u00e0 a terme al nostre municipi. Es tracta d&#8217;una iniciativa coordinada des del CRP de Castelldefels i en la qual participen les escoles de prim\u00e0ria i de secund\u00e0ria. Un cop a la setmana, els nostres [&hellip;]<\/p>\n","protected":false},"author":1,"featured_media":0,"parent":0,"menu_order":0,"comment_status":"closed","ping_status":"closed","template":"","meta":{"_bbp_topic_count":0,"_bbp_reply_count":0,"_bbp_total_topic_count":0,"_bbp_total_reply_count":0,"_bbp_voice_count":0,"_bbp_anonymous_reply_count":0,"_bbp_topic_count_hidden":0,"_bbp_reply_count_hidden":0,"_bbp_forum_subforum_count":0,"site-sidebar-layout":"default","site-content-layout":"","ast-site-content-layout":"","site-content-style":"default","site-sidebar-style":"default","ast-global-header-display":"","ast-banner-title-visibility":"","ast-main-header-display":"","ast-hfb-above-header-display":"","ast-hfb-below-header-display":"","ast-hfb-mobile-header-display":"","site-post-title":"","ast-breadcrumbs-content":"","ast-featured-img":"","footer-sml-layout":"","theme-transparent-header-meta":"","adv-header-id-meta":"","stick-header-meta":"","header-above-stick-meta":"","header-main-stick-meta":"","header-below-stick-meta":"","astra-migrate-meta-layouts":"default","ast-page-background-enabled":"default","ast-page-background-meta":{"desktop":{"background-color":"var(--ast-global-color-4)","background-image":"","background-repeat":"repeat","background-position":"center center","background-size":"auto","background-attachment":"scroll","background-type":"","background-media":"","overlay-type":"","overlay-color":"","overlay-opacity":"","overlay-gradient":""},"tablet":{"background-color":"","background-image":"","background-repeat":"repeat","background-position":"center center","background-size":"auto","background-attachment":"scroll","background-type":"","background-media":"","overlay-type":"","overlay-color":"","overlay-opacity":"","overlay-gradient":""},"mobile":{"background-color":"","background-image":"","background-repeat":"repeat","background-position":"center center","background-size":"auto","background-attachment":"scroll","background-type":"","background-media":"","overlay-type":"","overlay-color":"","overlay-opacity":"","overlay-gradient":""}},"ast-content-background-meta":{"desktop":{"background-color":"var(--ast-global-color-5)","background-image":"","background-repeat":"repeat","background-position":"center center","background-size":"auto","background-attachment":"scroll","background-type":"","background-media":"","overlay-type":"","overlay-color":"","overlay-opacity":"","overlay-gradient":""},"tablet":{"background-color":"var(--ast-global-color-5)","background-image":"","background-repeat":"repeat","background-position":"center center","background-size":"auto","background-attachment":"scroll","background-type":"","background-media":"","overlay-type":"","overlay-color":"","overlay-opacity":"","overlay-gradient":""},"mobile":{"background-color":"var(--ast-global-color-5)","background-image":"","background-repeat":"repeat","background-position":"center center","background-size":"auto","background-attachment":"scroll","background-type":"","background-media":"","overlay-type":"","overlay-color":"","overlay-opacity":"","overlay-gradient":""}},"footnotes":""},"class_list":["post-3547","page","type-page","status-publish","hentry"],"post_mailing_queue_ids":[],"_links":{"self":[{"href":"https:\/\/agora.xtec.cat\/ieslesmarines\/wp-json\/wp\/v2\/pages\/3547","targetHints":{"allow":["GET"]}}],"collection":[{"href":"https:\/\/agora.xtec.cat\/ieslesmarines\/wp-json\/wp\/v2\/pages"}],"about":[{"href":"https:\/\/agora.xtec.cat\/ieslesmarines\/wp-json\/wp\/v2\/types\/page"}],"author":[{"embeddable":true,"href":"https:\/\/agora.xtec.cat\/ieslesmarines\/wp-json\/wp\/v2\/users\/1"}],"replies":[{"embeddable":true,"href":"https:\/\/agora.xtec.cat\/ieslesmarines\/wp-json\/wp\/v2\/comments?post=3547"}],"version-history":[{"count":5,"href":"https:\/\/agora.xtec.cat\/ieslesmarines\/wp-json\/wp\/v2\/pages\/3547\/revisions"}],"predecessor-version":[{"id":3560,"href":"https:\/\/agora.xtec.cat\/ieslesmarines\/wp-json\/wp\/v2\/pages\/3547\/revisions\/3560"}],"wp:attachment":[{"href":"https:\/\/agora.xtec.cat\/ieslesmarines\/wp-json\/wp\/v2\/media?parent=3547"}],"curies":[{"name":"wp","href":"https:\/\/api.w.org\/{rel}","templated":true}]}}