{"id":3541,"date":"2023-10-05T21:33:29","date_gmt":"2023-10-05T19:33:29","guid":{"rendered":"https:\/\/agora.xtec.cat\/ieslesmarines\/?page_id=3541"},"modified":"2023-10-05T21:33:29","modified_gmt":"2023-10-05T19:33:29","slug":"dinamica-inici-de-curs","status":"publish","type":"page","link":"https:\/\/agora.xtec.cat\/ieslesmarines\/dinamica-inici-de-curs\/","title":{"rendered":"Din\u00e0mica inici de curs"},"content":{"rendered":"<p>\ud83d\udc68\u200d\ud83d\udc69\u200d\ud83d\udc67\u200d\ud83d\udc66\ud83d\udc69\u200d\ud83d\udc69\u200d\ud83d\udc67\ud83d\udc68\u200d\ud83d\udc68\u200d\ud83d\udc67\u200d\ud83d\udc66\ud83d\udc69\u200d\ud83d\udc67\u200d\ud83d\udc67\ud83d\udc68\u200d\ud83d\udc67\u200d\ud83d\udc66<\/p>\n<p>Aprofitant la reuni\u00f3 de presentaci\u00f3 del curs, hem demanat a les fam\u00edlies que escriguin un missatge per als seus fills i filles. Al mural, podeu veure qu\u00e8 demana l&#8217;alumnat per aquest curs i, al voltant, els missatges de les families. \ud83e\udd70<\/p>\n<p>Per m\u00e9s imatges, consulteu aquest <a href=\"https:\/\/www.instagram.com\/p\/CyB14gbN6S3\/?utm_source=ig_web_copy_link&amp;igshid=MzRlODBiNWFlZA==\" target=\"_blank\" rel=\"noopener\">enlla\u00e7<\/a>.<\/p>\n<p><a href=\"https:\/\/agora.xtec.cat\/ieslesmarines\/wp-content\/uploads\/usu619\/2023\/10\/12fbfcd5-ea54-41b8-b094-f9bcf70491d5.jpg\"><img loading=\"lazy\" decoding=\"async\" class=\"alignnone size-large wp-image-3539\" src=\"https:\/\/agora.xtec.cat\/ieslesmarines\/wp-content\/uploads\/usu619\/2023\/10\/12fbfcd5-ea54-41b8-b094-f9bcf70491d5-769x1024.jpg\" alt=\"\" width=\"769\" height=\"1024\" srcset=\"https:\/\/agora.xtec.cat\/ieslesmarines\/wp-content\/uploads\/usu619\/2023\/10\/12fbfcd5-ea54-41b8-b094-f9bcf70491d5-769x1024.jpg 769w, https:\/\/agora.xtec.cat\/ieslesmarines\/wp-content\/uploads\/usu619\/2023\/10\/12fbfcd5-ea54-41b8-b094-f9bcf70491d5-225x300.jpg 225w, https:\/\/agora.xtec.cat\/ieslesmarines\/wp-content\/uploads\/usu619\/2023\/10\/12fbfcd5-ea54-41b8-b094-f9bcf70491d5-768x1023.jpg 768w, https:\/\/agora.xtec.cat\/ieslesmarines\/wp-content\/uploads\/usu619\/2023\/10\/12fbfcd5-ea54-41b8-b094-f9bcf70491d5.jpg 961w\" sizes=\"auto, (max-width: 769px) 100vw, 769px\" \/><\/a><\/p>\n","protected":false},"excerpt":{"rendered":"<p>\ud83d\udc68\u200d\ud83d\udc69\u200d\ud83d\udc67\u200d\ud83d\udc66\ud83d\udc69\u200d\ud83d\udc69\u200d\ud83d\udc67\ud83d\udc68\u200d\ud83d\udc68\u200d\ud83d\udc67\u200d\ud83d\udc66\ud83d\udc69\u200d\ud83d\udc67\u200d\ud83d\udc67\ud83d\udc68\u200d\ud83d\udc67\u200d\ud83d\udc66 Aprofitant la reuni\u00f3 de presentaci\u00f3 del curs, hem demanat a les fam\u00edlies que escriguin un missatge per als seus fills i filles. Al mural, podeu veure qu\u00e8 demana l&#8217;alumnat per aquest curs i, al voltant, els missatges de les families. \ud83e\udd70 Per m\u00e9s imatges, consulteu aquest enlla\u00e7.<\/p>\n","protected":false},"author":1,"featured_media":0,"parent":0,"menu_order":0,"comment_status":"closed","ping_status":"closed","template":"","meta":{"_bbp_topic_count":0,"_bbp_reply_count":0,"_bbp_total_topic_count":0,"_bbp_total_reply_count":0,"_bbp_voice_count":0,"_bbp_anonymous_reply_count":0,"_bbp_topic_count_hidden":0,"_bbp_reply_count_hidden":0,"_bbp_forum_subforum_count":0,"site-sidebar-layout":"default","site-content-layout":"","ast-site-content-layout":"","site-content-style":"default","site-sidebar-style":"default","ast-global-header-display":"","ast-banner-title-visibility":"","ast-main-header-display":"","ast-hfb-above-header-display":"","ast-hfb-below-header-display":"","ast-hfb-mobile-header-display":"","site-post-title":"","ast-breadcrumbs-content":"","ast-featured-img":"","footer-sml-layout":"","theme-transparent-header-meta":"","adv-header-id-meta":"","stick-header-meta":"","header-above-stick-meta":"","header-main-stick-meta":"","header-below-stick-meta":"","astra-migrate-meta-layouts":"default","ast-page-background-enabled":"default","ast-page-background-meta":{"desktop":{"background-color":"var(--ast-global-color-4)","background-image":"","background-repeat":"repeat","background-position":"center center","background-size":"auto","background-attachment":"scroll","background-type":"","background-media":"","overlay-type":"","overlay-color":"","overlay-opacity":"","overlay-gradient":""},"tablet":{"background-color":"","background-image":"","background-repeat":"repeat","background-position":"center center","background-size":"auto","background-attachment":"scroll","background-type":"","background-media":"","overlay-type":"","overlay-color":"","overlay-opacity":"","overlay-gradient":""},"mobile":{"background-color":"","background-image":"","background-repeat":"repeat","background-position":"center center","background-size":"auto","background-attachment":"scroll","background-type":"","background-media":"","overlay-type":"","overlay-color":"","overlay-opacity":"","overlay-gradient":""}},"ast-content-background-meta":{"desktop":{"background-color":"var(--ast-global-color-5)","background-image":"","background-repeat":"repeat","background-position":"center center","background-size":"auto","background-attachment":"scroll","background-type":"","background-media":"","overlay-type":"","overlay-color":"","overlay-opacity":"","overlay-gradient":""},"tablet":{"background-color":"var(--ast-global-color-5)","background-image":"","background-repeat":"repeat","background-position":"center center","background-size":"auto","background-attachment":"scroll","background-type":"","background-media":"","overlay-type":"","overlay-color":"","overlay-opacity":"","overlay-gradient":""},"mobile":{"background-color":"var(--ast-global-color-5)","background-image":"","background-repeat":"repeat","background-position":"center center","background-size":"auto","background-attachment":"scroll","background-type":"","background-media":"","overlay-type":"","overlay-color":"","overlay-opacity":"","overlay-gradient":""}},"footnotes":""},"class_list":["post-3541","page","type-page","status-publish","hentry"],"post_mailing_queue_ids":[],"_links":{"self":[{"href":"https:\/\/agora.xtec.cat\/ieslesmarines\/wp-json\/wp\/v2\/pages\/3541","targetHints":{"allow":["GET"]}}],"collection":[{"href":"https:\/\/agora.xtec.cat\/ieslesmarines\/wp-json\/wp\/v2\/pages"}],"about":[{"href":"https:\/\/agora.xtec.cat\/ieslesmarines\/wp-json\/wp\/v2\/types\/page"}],"author":[{"embeddable":true,"href":"https:\/\/agora.xtec.cat\/ieslesmarines\/wp-json\/wp\/v2\/users\/1"}],"replies":[{"embeddable":true,"href":"https:\/\/agora.xtec.cat\/ieslesmarines\/wp-json\/wp\/v2\/comments?post=3541"}],"version-history":[{"count":1,"href":"https:\/\/agora.xtec.cat\/ieslesmarines\/wp-json\/wp\/v2\/pages\/3541\/revisions"}],"predecessor-version":[{"id":3542,"href":"https:\/\/agora.xtec.cat\/ieslesmarines\/wp-json\/wp\/v2\/pages\/3541\/revisions\/3542"}],"wp:attachment":[{"href":"https:\/\/agora.xtec.cat\/ieslesmarines\/wp-json\/wp\/v2\/media?parent=3541"}],"curies":[{"name":"wp","href":"https:\/\/api.w.org\/{rel}","templated":true}]}}