{"id":3469,"date":"2023-09-08T16:44:09","date_gmt":"2023-09-08T14:44:09","guid":{"rendered":"https:\/\/agora.xtec.cat\/ieslesmarines\/?page_id=3469"},"modified":"2023-09-08T16:52:56","modified_gmt":"2023-09-08T14:52:56","slug":"espai-violeta","status":"publish","type":"page","link":"https:\/\/agora.xtec.cat\/ieslesmarines\/espai-violeta\/","title":{"rendered":"Espai violeta"},"content":{"rendered":"<p><a href=\"https:\/\/agora.xtec.cat\/ieslesmarines\/wp-content\/uploads\/usu619\/2023\/09\/photo1694167191.jpeg\"><img loading=\"lazy\" decoding=\"async\" class=\"size-medium wp-image-3450 aligncenter\" src=\"https:\/\/agora.xtec.cat\/ieslesmarines\/wp-content\/uploads\/usu619\/2023\/09\/photo1694167191-225x300.jpeg\" alt=\"\" width=\"225\" height=\"300\" srcset=\"https:\/\/agora.xtec.cat\/ieslesmarines\/wp-content\/uploads\/usu619\/2023\/09\/photo1694167191-225x300.jpeg 225w, https:\/\/agora.xtec.cat\/ieslesmarines\/wp-content\/uploads\/usu619\/2023\/09\/photo1694167191-768x1024.jpeg 768w, https:\/\/agora.xtec.cat\/ieslesmarines\/wp-content\/uploads\/usu619\/2023\/09\/photo1694167191.jpeg 960w\" sizes=\"auto, (max-width: 225px) 100vw, 225px\" \/><\/a><\/p>\n<p>Aquest curs l&#8217;hem inaugurat pintant les parets de lila. Ara, en un dels racons del centre es pot veure l&#8217;acci\u00f3 que es va realitzar pel 8M. Perqu\u00e8 tots els dies s\u00f3n vuit de mar\u00e7.<\/p>\n<p>El que hi ha a les parets \u00e9s un collage amb les fotografies que es van fer al photocall juntament amb els cartells amb les paraules que tant alumnes com professores van escollir.<\/p>\n<p>Aix\u00ed mateix, es troba la tela que es va fer servir al &#8216;happening&#8217;, &#8220;una acci\u00f3 realitzada per reivindicar el dia de la dona amb l\u2019objectiu de representar un naixement o, millor dit, un renaixement. Un renaixement de totes les dones perqu\u00e8 puguem ser lliures, un trencament dels estereotips. No hi ha res que pugui frenar una dona.<\/p>\n<p>Amb aquesta acci\u00f3 metaf\u00f2rica es pretenia donar ales a totes les presents perqu\u00e8 sent\u00edssim que podem ser el que vulguem amb independ\u00e8ncia de la nostra identitat de g\u00e8nere, de la nostra orientaci\u00f3 sexual, de la nostra ra\u00e7a o de la nostra posici\u00f3 social.<\/p>\n<p>Perqu\u00e8 juntes ho podem tot!&#8221;<\/p>\n<p>Podeu veure el v\u00eddeo amb el resultat en el seg\u00fcent enlla\u00e7:\u00a0<a href=\"https:\/\/www.instagram.com\/reel\/Cw47YD9NhFi\/?igshid=MzRlODBiNWFlZA==\" target=\"_blank\" rel=\"noopener\">V\u00eddeo espai violeta<\/a><\/p>\n<p><a href=\"https:\/\/agora.xtec.cat\/ieslesmarines\/wp-content\/uploads\/usu619\/2023\/09\/photo1694167172-1.jpeg\"><img loading=\"lazy\" decoding=\"async\" class=\"alignnone wp-image-3453 size-full\" src=\"https:\/\/agora.xtec.cat\/ieslesmarines\/wp-content\/uploads\/usu619\/2023\/09\/photo1694167172-1.jpeg\" alt=\"\" width=\"1280\" height=\"960\" srcset=\"https:\/\/agora.xtec.cat\/ieslesmarines\/wp-content\/uploads\/usu619\/2023\/09\/photo1694167172-1.jpeg 1280w, https:\/\/agora.xtec.cat\/ieslesmarines\/wp-content\/uploads\/usu619\/2023\/09\/photo1694167172-1-300x225.jpeg 300w, https:\/\/agora.xtec.cat\/ieslesmarines\/wp-content\/uploads\/usu619\/2023\/09\/photo1694167172-1-1024x768.jpeg 1024w, https:\/\/agora.xtec.cat\/ieslesmarines\/wp-content\/uploads\/usu619\/2023\/09\/photo1694167172-1-768x576.jpeg 768w, https:\/\/agora.xtec.cat\/ieslesmarines\/wp-content\/uploads\/usu619\/2023\/09\/photo1694167172-1-200x150.jpeg 200w\" sizes=\"auto, (max-width: 1280px) 100vw, 1280px\" \/><\/a><\/p>\n","protected":false},"excerpt":{"rendered":"<p>Aquest curs l&#8217;hem inaugurat pintant les parets de lila. Ara, en un dels racons del centre es pot veure l&#8217;acci\u00f3 que es va realitzar pel 8M. Perqu\u00e8 tots els dies s\u00f3n vuit de mar\u00e7. El que hi ha a les parets \u00e9s un collage amb les fotografies que es van fer al photocall juntament amb [&hellip;]<\/p>\n","protected":false},"author":1,"featured_media":0,"parent":0,"menu_order":0,"comment_status":"closed","ping_status":"closed","template":"","meta":{"_bbp_topic_count":0,"_bbp_reply_count":0,"_bbp_total_topic_count":0,"_bbp_total_reply_count":0,"_bbp_voice_count":0,"_bbp_anonymous_reply_count":0,"_bbp_topic_count_hidden":0,"_bbp_reply_count_hidden":0,"_bbp_forum_subforum_count":0,"site-sidebar-layout":"default","site-content-layout":"","ast-site-content-layout":"","site-content-style":"default","site-sidebar-style":"default","ast-global-header-display":"","ast-banner-title-visibility":"","ast-main-header-display":"","ast-hfb-above-header-display":"","ast-hfb-below-header-display":"","ast-hfb-mobile-header-display":"","site-post-title":"","ast-breadcrumbs-content":"","ast-featured-img":"","footer-sml-layout":"","theme-transparent-header-meta":"","adv-header-id-meta":"","stick-header-meta":"","header-above-stick-meta":"","header-main-stick-meta":"","header-below-stick-meta":"","astra-migrate-meta-layouts":"default","ast-page-background-enabled":"default","ast-page-background-meta":{"desktop":{"background-color":"var(--ast-global-color-4)","background-image":"","background-repeat":"repeat","background-position":"center center","background-size":"auto","background-attachment":"scroll","background-type":"","background-media":"","overlay-type":"","overlay-color":"","overlay-opacity":"","overlay-gradient":""},"tablet":{"background-color":"","background-image":"","background-repeat":"repeat","background-position":"center center","background-size":"auto","background-attachment":"scroll","background-type":"","background-media":"","overlay-type":"","overlay-color":"","overlay-opacity":"","overlay-gradient":""},"mobile":{"background-color":"","background-image":"","background-repeat":"repeat","background-position":"center center","background-size":"auto","background-attachment":"scroll","background-type":"","background-media":"","overlay-type":"","overlay-color":"","overlay-opacity":"","overlay-gradient":""}},"ast-content-background-meta":{"desktop":{"background-color":"var(--ast-global-color-5)","background-image":"","background-repeat":"repeat","background-position":"center center","background-size":"auto","background-attachment":"scroll","background-type":"","background-media":"","overlay-type":"","overlay-color":"","overlay-opacity":"","overlay-gradient":""},"tablet":{"background-color":"var(--ast-global-color-5)","background-image":"","background-repeat":"repeat","background-position":"center center","background-size":"auto","background-attachment":"scroll","background-type":"","background-media":"","overlay-type":"","overlay-color":"","overlay-opacity":"","overlay-gradient":""},"mobile":{"background-color":"var(--ast-global-color-5)","background-image":"","background-repeat":"repeat","background-position":"center center","background-size":"auto","background-attachment":"scroll","background-type":"","background-media":"","overlay-type":"","overlay-color":"","overlay-opacity":"","overlay-gradient":""}},"footnotes":""},"class_list":["post-3469","page","type-page","status-publish","hentry"],"post_mailing_queue_ids":[],"_links":{"self":[{"href":"https:\/\/agora.xtec.cat\/ieslesmarines\/wp-json\/wp\/v2\/pages\/3469","targetHints":{"allow":["GET"]}}],"collection":[{"href":"https:\/\/agora.xtec.cat\/ieslesmarines\/wp-json\/wp\/v2\/pages"}],"about":[{"href":"https:\/\/agora.xtec.cat\/ieslesmarines\/wp-json\/wp\/v2\/types\/page"}],"author":[{"embeddable":true,"href":"https:\/\/agora.xtec.cat\/ieslesmarines\/wp-json\/wp\/v2\/users\/1"}],"replies":[{"embeddable":true,"href":"https:\/\/agora.xtec.cat\/ieslesmarines\/wp-json\/wp\/v2\/comments?post=3469"}],"version-history":[{"count":2,"href":"https:\/\/agora.xtec.cat\/ieslesmarines\/wp-json\/wp\/v2\/pages\/3469\/revisions"}],"predecessor-version":[{"id":3476,"href":"https:\/\/agora.xtec.cat\/ieslesmarines\/wp-json\/wp\/v2\/pages\/3469\/revisions\/3476"}],"wp:attachment":[{"href":"https:\/\/agora.xtec.cat\/ieslesmarines\/wp-json\/wp\/v2\/media?parent=3469"}],"curies":[{"name":"wp","href":"https:\/\/api.w.org\/{rel}","templated":true}]}}