{"id":3384,"date":"2023-06-14T21:23:04","date_gmt":"2023-06-14T19:23:04","guid":{"rendered":"https:\/\/agora.xtec.cat\/ieslesmarines\/?page_id=3384"},"modified":"2023-06-15T21:30:37","modified_gmt":"2023-06-15T19:30:37","slug":"colonies-final-de-curs-3r-deso","status":"publish","type":"page","link":"https:\/\/agora.xtec.cat\/ieslesmarines\/colonies-final-de-curs-3r-deso\/","title":{"rendered":"Col\u00f2nies final de curs 3r d&#8217;ESO"},"content":{"rendered":"<p dir=\"auto\"><a href=\"https:\/\/photos.app.goo.gl\/vH4ddMipLq4bGW8B7\" target=\"_blank\" rel=\"noopener\"><img loading=\"lazy\" decoding=\"async\" class=\"aligncenter wp-image-3385\" src=\"https:\/\/agora.xtec.cat\/ieslesmarines\/wp-content\/uploads\/usu619\/2023\/06\/1-2-300x300.png\" alt=\"\" width=\"500\" height=\"500\" srcset=\"https:\/\/agora.xtec.cat\/ieslesmarines\/wp-content\/uploads\/usu619\/2023\/06\/1-2-300x300.png 300w, https:\/\/agora.xtec.cat\/ieslesmarines\/wp-content\/uploads\/usu619\/2023\/06\/1-2-150x150.png 150w, https:\/\/agora.xtec.cat\/ieslesmarines\/wp-content\/uploads\/usu619\/2023\/06\/1-2-768x768.png 768w, https:\/\/agora.xtec.cat\/ieslesmarines\/wp-content\/uploads\/usu619\/2023\/06\/1-2.png 1000w\" sizes=\"auto, (max-width: 500px) 100vw, 500px\" \/><\/a><\/p>\n<p dir=\"auto\">Dia 1<\/p>\n<p dir=\"auto\">Primer dia superat amb \u00e8xit! Despr\u00e9s d&#8217;un mat\u00ed de ruta per les cales de Sant Feliu de Gu\u00edxols en qu\u00e8 hem gaudit de la natura i ens hem pogut banyar, hem arribat al c\u00e0mping i ja estem instal\u00b7lats!\u00a0<img decoding=\"async\" class=\"an1\" src=\"https:\/\/fonts.gstatic.com\/s\/e\/notoemoji\/15.0\/1f3d6_fe0f\/32.png\" alt=\"\ud83c\udfd6\ufe0f\" data-emoji=\"\ud83c\udfd6\ufe0f\" aria-label=\"\ud83c\udfd6\ufe0f\" \/><\/p>\n<p dir=\"auto\"><img decoding=\"async\" class=\"an1\" src=\"https:\/\/fonts.gstatic.com\/s\/e\/notoemoji\/15.0\/26bd_fe0f\/32.png\" alt=\"\u26bd\ufe0f\" data-emoji=\"\u26bd\ufe0f\" aria-label=\"\u26bd\ufe0f\" \/>\u00a0A la tarda hem pogut banyar-nos a la piscina i jugar a futbol! Ara ja sols queda sopar i quiz!<\/p>\n<p dir=\"auto\">I, per sort, el temps de moment est\u00e0 acompanyant\u00a0<img decoding=\"async\" class=\"an1\" src=\"https:\/\/fonts.gstatic.com\/s\/e\/notoemoji\/15.0\/1f389\/32.png\" alt=\"\ud83c\udf89\" data-emoji=\"\ud83c\udf89\" aria-label=\"\ud83c\udf89\" \/><\/p>\n<p dir=\"auto\">\n<p dir=\"auto\">Dia 2<\/p>\n<p>I el segon dia, ben intens! \ud83d\udcaa\ud83c\udffb<\/p>\n<p>La meitat de nosaltres hem anat amb un vaixell a fer snorkel a l&#8217;estartit i a les illes medes, i l&#8217;altra meitat ha fet una ruta de senderisme i kayak pel riu fluvi\u00e0. Despr\u00e9s de dinar, hem invertit els papers! \u26f4\ud83d\udea3\u200d\u2642<\/p>\n<p>Ara sols ens queda donar-ho tot\u00a0a\u00a0la\u00a0disco!\u00a0\ud83c\udf89<\/p>\n","protected":false},"excerpt":{"rendered":"<p>Dia 1 Primer dia superat amb \u00e8xit! Despr\u00e9s d&#8217;un mat\u00ed de ruta per les cales de Sant Feliu de Gu\u00edxols en qu\u00e8 hem gaudit de la natura i ens hem pogut banyar, hem arribat al c\u00e0mping i ja estem instal\u00b7lats!\u00a0 \u00a0A la tarda hem pogut banyar-nos a la piscina i jugar a futbol! Ara ja [&hellip;]<\/p>\n","protected":false},"author":1,"featured_media":0,"parent":0,"menu_order":0,"comment_status":"closed","ping_status":"closed","template":"","meta":{"_bbp_topic_count":0,"_bbp_reply_count":0,"_bbp_total_topic_count":0,"_bbp_total_reply_count":0,"_bbp_voice_count":0,"_bbp_anonymous_reply_count":0,"_bbp_topic_count_hidden":0,"_bbp_reply_count_hidden":0,"_bbp_forum_subforum_count":0,"site-sidebar-layout":"default","site-content-layout":"","ast-site-content-layout":"","site-content-style":"default","site-sidebar-style":"default","ast-global-header-display":"","ast-banner-title-visibility":"","ast-main-header-display":"","ast-hfb-above-header-display":"","ast-hfb-below-header-display":"","ast-hfb-mobile-header-display":"","site-post-title":"","ast-breadcrumbs-content":"","ast-featured-img":"","footer-sml-layout":"","theme-transparent-header-meta":"","adv-header-id-meta":"","stick-header-meta":"","header-above-stick-meta":"","header-main-stick-meta":"","header-below-stick-meta":"","astra-migrate-meta-layouts":"default","ast-page-background-enabled":"default","ast-page-background-meta":{"desktop":{"background-color":"var(--ast-global-color-4)","background-image":"","background-repeat":"repeat","background-position":"center center","background-size":"auto","background-attachment":"scroll","background-type":"","background-media":"","overlay-type":"","overlay-color":"","overlay-opacity":"","overlay-gradient":""},"tablet":{"background-color":"","background-image":"","background-repeat":"repeat","background-position":"center center","background-size":"auto","background-attachment":"scroll","background-type":"","background-media":"","overlay-type":"","overlay-color":"","overlay-opacity":"","overlay-gradient":""},"mobile":{"background-color":"","background-image":"","background-repeat":"repeat","background-position":"center center","background-size":"auto","background-attachment":"scroll","background-type":"","background-media":"","overlay-type":"","overlay-color":"","overlay-opacity":"","overlay-gradient":""}},"ast-content-background-meta":{"desktop":{"background-color":"var(--ast-global-color-5)","background-image":"","background-repeat":"repeat","background-position":"center center","background-size":"auto","background-attachment":"scroll","background-type":"","background-media":"","overlay-type":"","overlay-color":"","overlay-opacity":"","overlay-gradient":""},"tablet":{"background-color":"var(--ast-global-color-5)","background-image":"","background-repeat":"repeat","background-position":"center center","background-size":"auto","background-attachment":"scroll","background-type":"","background-media":"","overlay-type":"","overlay-color":"","overlay-opacity":"","overlay-gradient":""},"mobile":{"background-color":"var(--ast-global-color-5)","background-image":"","background-repeat":"repeat","background-position":"center center","background-size":"auto","background-attachment":"scroll","background-type":"","background-media":"","overlay-type":"","overlay-color":"","overlay-opacity":"","overlay-gradient":""}},"footnotes":""},"class_list":["post-3384","page","type-page","status-publish","hentry"],"post_mailing_queue_ids":[],"_links":{"self":[{"href":"https:\/\/agora.xtec.cat\/ieslesmarines\/wp-json\/wp\/v2\/pages\/3384","targetHints":{"allow":["GET"]}}],"collection":[{"href":"https:\/\/agora.xtec.cat\/ieslesmarines\/wp-json\/wp\/v2\/pages"}],"about":[{"href":"https:\/\/agora.xtec.cat\/ieslesmarines\/wp-json\/wp\/v2\/types\/page"}],"author":[{"embeddable":true,"href":"https:\/\/agora.xtec.cat\/ieslesmarines\/wp-json\/wp\/v2\/users\/1"}],"replies":[{"embeddable":true,"href":"https:\/\/agora.xtec.cat\/ieslesmarines\/wp-json\/wp\/v2\/comments?post=3384"}],"version-history":[{"count":2,"href":"https:\/\/agora.xtec.cat\/ieslesmarines\/wp-json\/wp\/v2\/pages\/3384\/revisions"}],"predecessor-version":[{"id":3389,"href":"https:\/\/agora.xtec.cat\/ieslesmarines\/wp-json\/wp\/v2\/pages\/3384\/revisions\/3389"}],"wp:attachment":[{"href":"https:\/\/agora.xtec.cat\/ieslesmarines\/wp-json\/wp\/v2\/media?parent=3384"}],"curies":[{"name":"wp","href":"https:\/\/api.w.org\/{rel}","templated":true}]}}