{"id":3219,"date":"2023-03-26T19:48:39","date_gmt":"2023-03-26T17:48:39","guid":{"rendered":"https:\/\/agora.xtec.cat\/ieslesmarines\/?page_id=3219"},"modified":"2023-03-30T10:45:28","modified_gmt":"2023-03-30T08:45:28","slug":"codewars-1r-de-btx","status":"publish","type":"page","link":"https:\/\/agora.xtec.cat\/ieslesmarines\/codewars-1r-de-btx\/","title":{"rendered":"CodeWars &#8211; 1r de BTX"},"content":{"rendered":"<p><a href=\"https:\/\/photos.app.goo.gl\/mEpr9MriytE6h8uo8\" target=\"_blank\" rel=\"noopener\"><img loading=\"lazy\" decoding=\"async\" class=\"aligncenter wp-image-3230\" src=\"https:\/\/agora.xtec.cat\/ieslesmarines\/wp-content\/uploads\/usu619\/2023\/03\/1-9-300x300.png\" alt=\"\" width=\"500\" height=\"500\" srcset=\"https:\/\/agora.xtec.cat\/ieslesmarines\/wp-content\/uploads\/usu619\/2023\/03\/1-9-300x300.png 300w, https:\/\/agora.xtec.cat\/ieslesmarines\/wp-content\/uploads\/usu619\/2023\/03\/1-9-150x150.png 150w, https:\/\/agora.xtec.cat\/ieslesmarines\/wp-content\/uploads\/usu619\/2023\/03\/1-9-768x768.png 768w, https:\/\/agora.xtec.cat\/ieslesmarines\/wp-content\/uploads\/usu619\/2023\/03\/1-9.png 1000w\" sizes=\"auto, (max-width: 500px) 100vw, 500px\" \/><\/a><\/p>\n<p>PROGRAMEM A LA CENTRAL D\u2019HP<br \/>\nHi participen sis alumnes de batxillerat de Les Marines.<\/p>\n<p>Fa alguns mesos, des de l\u2019assignatura de programaci\u00f3 (optativa a 1r de Batxillerat), ens\u00a0va oferir a sis alumnes participar a un concurs organitzat per l\u2019empresa @hpespana anomenat #CodeWars.<\/p>\n<p>CodeWars \u00e9s un concurs de programaci\u00f3 on participen equips d\u2019adolescents entre 14 i 18\u00a0anys. En grups de tres integrants ens entreguen un dossier de problemes que hem de\u00a0resoldre tot utilitzant l\u2019enginy, la creativitat i els coneixements en programaci\u00f3. Cada\u00a0exercici t\u00e9 puntuaci\u00f3 diferent depenent de la dificultat.<\/p>\n<p>El darrer 4 de mar\u00e7 de 2023 ens vam despla\u00e7ar fins la central a Sant Cugat del Vall\u00e8s, per\u00a0trobar-nos amb els altres 300 participants. Vam competir de 10:30 a 13:00 hores,\u00a0esfor\u00e7ant-nos per aconseguir els m\u00e0xims punts possibles i aconseguir escalar les\u00a0m\u00e0ximes posicions.<\/p>\n<p>Tot i tenir una s\u00e8rie de problemes t\u00e8cnics abans de comen\u00e7ar, vam aconseguir\u00a0solventar-los i donar la millor versi\u00f3 de nosaltres mateixos. (Sense abans sofrir perqu\u00e8\u00a0ens don\u00e9s temps a resoldre\u2019ls abans de que comenc\u00e9s la competici\u00f3).<br \/>\nFinalment, l\u2019equip Error404 vam quedar en la posici\u00f3 41, amb 32 punts; i l\u2019equip\u00a0Kstf@Coders vam quedar en la posici\u00f3 40 amb la mateixa quantitat de punts.<\/p>\n<p>Un cop va acabar el concurs, vam tenir l\u2019oportunitat de realitzar un petit tour per les\u00a0instal\u00b7lacions. Vam poder veure les diferents sales d\u2019impressi\u00f3 i t\u00e8cniques innovadores\u00a0que comencen a ser molt rellevants&#8230;<\/p>\n<p>Fem Marines!<\/p>\n","protected":false},"excerpt":{"rendered":"<p>PROGRAMEM A LA CENTRAL D\u2019HP Hi participen sis alumnes de batxillerat de Les Marines. Fa alguns mesos, des de l\u2019assignatura de programaci\u00f3 (optativa a 1r de Batxillerat), ens\u00a0va oferir a sis alumnes participar a un concurs organitzat per l\u2019empresa @hpespana anomenat #CodeWars. CodeWars \u00e9s un concurs de programaci\u00f3 on participen equips d\u2019adolescents entre 14 i [&hellip;]<\/p>\n","protected":false},"author":1,"featured_media":0,"parent":0,"menu_order":0,"comment_status":"closed","ping_status":"closed","template":"","meta":{"_bbp_topic_count":0,"_bbp_reply_count":0,"_bbp_total_topic_count":0,"_bbp_total_reply_count":0,"_bbp_voice_count":0,"_bbp_anonymous_reply_count":0,"_bbp_topic_count_hidden":0,"_bbp_reply_count_hidden":0,"_bbp_forum_subforum_count":0,"site-sidebar-layout":"default","site-content-layout":"","ast-site-content-layout":"","site-content-style":"default","site-sidebar-style":"default","ast-global-header-display":"","ast-banner-title-visibility":"","ast-main-header-display":"","ast-hfb-above-header-display":"","ast-hfb-below-header-display":"","ast-hfb-mobile-header-display":"","site-post-title":"","ast-breadcrumbs-content":"","ast-featured-img":"","footer-sml-layout":"","theme-transparent-header-meta":"","adv-header-id-meta":"","stick-header-meta":"","header-above-stick-meta":"","header-main-stick-meta":"","header-below-stick-meta":"","astra-migrate-meta-layouts":"default","ast-page-background-enabled":"default","ast-page-background-meta":{"desktop":{"background-color":"var(--ast-global-color-4)","background-image":"","background-repeat":"repeat","background-position":"center center","background-size":"auto","background-attachment":"scroll","background-type":"","background-media":"","overlay-type":"","overlay-color":"","overlay-opacity":"","overlay-gradient":""},"tablet":{"background-color":"","background-image":"","background-repeat":"repeat","background-position":"center center","background-size":"auto","background-attachment":"scroll","background-type":"","background-media":"","overlay-type":"","overlay-color":"","overlay-opacity":"","overlay-gradient":""},"mobile":{"background-color":"","background-image":"","background-repeat":"repeat","background-position":"center center","background-size":"auto","background-attachment":"scroll","background-type":"","background-media":"","overlay-type":"","overlay-color":"","overlay-opacity":"","overlay-gradient":""}},"ast-content-background-meta":{"desktop":{"background-color":"var(--ast-global-color-5)","background-image":"","background-repeat":"repeat","background-position":"center center","background-size":"auto","background-attachment":"scroll","background-type":"","background-media":"","overlay-type":"","overlay-color":"","overlay-opacity":"","overlay-gradient":""},"tablet":{"background-color":"var(--ast-global-color-5)","background-image":"","background-repeat":"repeat","background-position":"center center","background-size":"auto","background-attachment":"scroll","background-type":"","background-media":"","overlay-type":"","overlay-color":"","overlay-opacity":"","overlay-gradient":""},"mobile":{"background-color":"var(--ast-global-color-5)","background-image":"","background-repeat":"repeat","background-position":"center center","background-size":"auto","background-attachment":"scroll","background-type":"","background-media":"","overlay-type":"","overlay-color":"","overlay-opacity":"","overlay-gradient":""}},"footnotes":""},"class_list":["post-3219","page","type-page","status-publish","hentry"],"post_mailing_queue_ids":[],"_links":{"self":[{"href":"https:\/\/agora.xtec.cat\/ieslesmarines\/wp-json\/wp\/v2\/pages\/3219","targetHints":{"allow":["GET"]}}],"collection":[{"href":"https:\/\/agora.xtec.cat\/ieslesmarines\/wp-json\/wp\/v2\/pages"}],"about":[{"href":"https:\/\/agora.xtec.cat\/ieslesmarines\/wp-json\/wp\/v2\/types\/page"}],"author":[{"embeddable":true,"href":"https:\/\/agora.xtec.cat\/ieslesmarines\/wp-json\/wp\/v2\/users\/1"}],"replies":[{"embeddable":true,"href":"https:\/\/agora.xtec.cat\/ieslesmarines\/wp-json\/wp\/v2\/comments?post=3219"}],"version-history":[{"count":2,"href":"https:\/\/agora.xtec.cat\/ieslesmarines\/wp-json\/wp\/v2\/pages\/3219\/revisions"}],"predecessor-version":[{"id":3232,"href":"https:\/\/agora.xtec.cat\/ieslesmarines\/wp-json\/wp\/v2\/pages\/3219\/revisions\/3232"}],"wp:attachment":[{"href":"https:\/\/agora.xtec.cat\/ieslesmarines\/wp-json\/wp\/v2\/media?parent=3219"}],"curies":[{"name":"wp","href":"https:\/\/api.w.org\/{rel}","templated":true}]}}