{"id":3143,"date":"2023-03-08T13:27:38","date_gmt":"2023-03-08T12:27:38","guid":{"rendered":"https:\/\/agora.xtec.cat\/ieslesmarines\/?page_id=3143"},"modified":"2023-03-08T13:27:38","modified_gmt":"2023-03-08T12:27:38","slug":"pindoles-microteatre-2n-deso","status":"publish","type":"page","link":"https:\/\/agora.xtec.cat\/ieslesmarines\/pindoles-microteatre-2n-deso\/","title":{"rendered":"P\u00cdNDOLES: Microteatre 2n d\u2019ESO"},"content":{"rendered":"<p style=\"text-align: center;\"><a href=\"https:\/\/photos.app.goo.gl\/eUEAmQmzJxLR5fxx5\" target=\"_blank\" rel=\"noopener\"><img loading=\"lazy\" decoding=\"async\" class=\"aligncenter wp-image-3144\" src=\"https:\/\/agora.xtec.cat\/ieslesmarines\/wp-content\/uploads\/usu619\/2023\/03\/1-1-300x300.png\" alt=\"\" width=\"500\" height=\"500\" srcset=\"https:\/\/agora.xtec.cat\/ieslesmarines\/wp-content\/uploads\/usu619\/2023\/03\/1-1-300x300.png 300w, https:\/\/agora.xtec.cat\/ieslesmarines\/wp-content\/uploads\/usu619\/2023\/03\/1-1-150x150.png 150w, https:\/\/agora.xtec.cat\/ieslesmarines\/wp-content\/uploads\/usu619\/2023\/03\/1-1-768x768.png 768w, https:\/\/agora.xtec.cat\/ieslesmarines\/wp-content\/uploads\/usu619\/2023\/03\/1-1.png 1000w\" sizes=\"auto, (max-width: 500px) 100vw, 500px\" \/><\/a><\/p>\n<p><span style=\"font-weight: 400;\">El divendres 10 de febrer els alumnes de 2n d\u2019ESO anaren al teatre Atrium de Viladecans i assistiren a l\u2019espectacle <\/span><i><span style=\"font-weight: 400;\">P\u00edndoles: microteatre fora del teatre.<\/span><\/i><\/p>\n<p>&nbsp;<\/p>\n<p><span style=\"font-weight: 400;\">SINOPSI<\/span><\/p>\n<p><span style=\"font-weight: 400;\">Qui ha dit que necessitem un escenari?<\/span><\/p>\n<p><span style=\"font-weight: 400;\">Qui ha dit que el teatre no atreu als adolescents?<\/span><\/p>\n<p><i><span style=\"font-weight: 400;\">P\u00edndoles<\/span><\/i><span style=\"font-weight: 400;\"> \u00e9s una forma d\u2019entendre el teatre com a descoberta, com a joc, com a experi\u00e8ncia.<\/span><\/p>\n<p><span style=\"font-weight: 400;\">Al <\/span><i><span style=\"font-weight: 400;\">P\u00edndoles &#8211; teatre breu en espais vius<\/span><\/i><span style=\"font-weight: 400;\"> l\u2019espectacle no es gaudeix des de la platea sin\u00f3 que es viu en espais singulars. Trenquem la quarta paret i us convidem a deixar-vos seduir per una experi\u00e8ncia \u00fanica i innovadora de teatre breu, intens i proper, en indrets inesperats de l\u2019Atrium de Viladecans. Proposem un circuit teatral itinerant per tres espais gens convencionals del recinte amb una selecci\u00f3 d\u2019obres contempor\u00e0nies i d\u2019actualitat que emfatitzen els valors \u00e8tics i positius, oferint als joves la construcci\u00f3 de noves mirades que els\/les fan cr\u00e9ixer com a persones i com a societat.<\/span><\/p>\n<p>&nbsp;<\/p>\n<p><span style=\"font-weight: 400;\">L\u2019espectacle<\/span><i><span style=\"font-weight: 400;\"> P\u00edndoles<\/span><\/i><span style=\"font-weight: 400;\"> \u00e9s un circuit teatral compost per tres micro-obres seleccionades espec\u00edficament per les escoles de Viladecans.<\/span><\/p>\n<p>&nbsp;<\/p>\n<p><span style=\"font-weight: 400;\">Cada grup d\u2019alumnes va veure tres espectacles gaudint dels avantatges del teatre fora del teatre: proximitat amb els\/les artistes, descoberta de nous espais no teatrals i com aquests espais aporten sentit a les peces d\u2019arts esc\u00e8niques.<\/span><\/p>\n<p>&nbsp;<\/p>\n<p><span style=\"font-weight: 400;\">M\u00e9s informaci\u00f3:\u00a0<\/span><\/p>\n<p><a href=\"https:\/\/pindoles.com\/\"><span style=\"font-weight: 400;\">https:\/\/pindoles.com\/<\/span><\/a><\/p>\n<p><a href=\"https:\/\/www.youtube.com\/watch?v=XzpnR2oXlu4\"><span style=\"font-weight: 400;\">https:\/\/www.youtube.com\/watch?v=XzpnR2oXlu4<\/span><\/a><\/p>\n<p>&nbsp;<\/p>\n<p><span style=\"font-weight: 400;\">A continuaci\u00f3, podeu llegir l\u2019opini\u00f3 d\u2019alguns alumnes sobre l\u2019espectacle:<\/span><\/p>\n<p>&nbsp;<\/p>\n<p><span style=\"font-weight: 400;\">\u201cImpresionante, no tengo palabras para describir la emoci\u00f3n que sent\u00ed al tener a los actores y actrices tan cerca. Las obras las puedes interpretar de muchas maneras. Esta excursi\u00f3n fue un tema de conversaci\u00f3n y se formaron muchos debates entre mis amigos y yo.\u201d Isabel Borges<\/span><\/p>\n<p>&nbsp;<\/p>\n<p><span style=\"font-weight: 400;\">\u201cHa sido una experiencia muy guay porque yo nunca hab\u00eda ido a un teatro y ver a los actores tan de cerca me gust\u00f3 mucho, lo volver\u00eda a repetir.\u201d Abril G\u00f3mez<\/span><\/p>\n<p>&nbsp;<\/p>\n<p><span style=\"font-weight: 400;\">\u201cMe ha gustado mucho como unos actores con tan poco presupuesto han conseguido hacer tres obras tan profundas y con un mensaje que se capta r\u00e1pido, en poco tiempo, adem\u00e1s, de lograr convertir la obra en algo creativo y entretenido para nosotros.\u201d Bruno Gonz\u00e1lez<\/span><\/p>\n<p>&nbsp;<\/p>\n<p><span style=\"font-weight: 400;\">\u201cMe gust\u00f3 mucho la experiencia, entre otras cosas porque los actores estaban muy cerca, y eso hac\u00eda que llamara m\u00e1s la atenci\u00f3n del p\u00fablico. Me gustaron mucho las tres, pero la que m\u00e1s me llam\u00f3 la atenci\u00f3n fue la de la pareja, que parec\u00edan tener muy claro lo que quer\u00edan hacer, uno casarse, la otra separarse, y al final acababan diciendo todo lo contrario.\u201d Vera Guijo<\/span><\/p>\n<p>&nbsp;<\/p>\n<p><span style=\"font-weight: 400;\">\u201cA m\u00ed me pareci\u00f3 muy guay, aparte, al final, pudimos hablar con los actores y nos dieron alg\u00fan consejo para el futuro por si te quieres dedicar al mundo esc\u00e9nico. \u00a1Me encant\u00f3!\u201d Laia Sebasti\u00e1n<\/span><\/p>\n<p>&nbsp;<\/p>\n<p><span style=\"font-weight: 400;\">\u201cA m\u00ed me gust\u00f3 el teatro de p\u00edndoles porque me pareci\u00f3 muy original y los temas que trataban eran modernos, los interpretaban de forma divertida y actuaban muy bien.\u201d Aleix Campos<\/span><\/p>\n<p>&nbsp;<\/p>\n<p><span style=\"font-weight: 400;\">\u201cEn mi opini\u00f3n fueron unas obras muy creativas, que quer\u00edan mostrar unos valores necesarios para vivir y de los que muchas personas carecen. La obra en la que una pareja expresaba su punto de vista sobre la relaci\u00f3n fue muy impactante, ya que trataron muchos temas a la vez y los supieron incorporar a la obra a la perfecci\u00f3n. La obra sobre el m\u00f3vil fue muy extra\u00f1a, me cost\u00f3 mucho entender el concepto de la obra y eran bastante desconcertantes los bailes y gestos que hac\u00eda la actriz. La obra sobre la chica que ten\u00eda un &#8220;y si&#8221; me pareci\u00f3 la m\u00e1s normalita, ya que no era dif\u00edcil de entender de qu\u00e9 trataba y lo que pasaba estaba bastante claro. En conclusi\u00f3n me gustaron mucho las tres obras y la excursi\u00f3n creo que fue bastante entretenida.\u201d Mart\u00ed Gilabert<\/span><\/p>\n<p>&nbsp;<\/p>\n<p><span style=\"font-weight: 400;\">\u201cMe gustaron las obras y me lo pas\u00e9 bien.<\/span><\/p>\n<p><span style=\"font-weight: 400;\">La que m\u00e1s me gust\u00f3 fue la del amor, y la que menos la de la tecnolog\u00eda.<\/span><\/p>\n<p><span style=\"font-weight: 400;\">Que me guste menos no significa que no me guste.\u201d Emma Lluci\u00e0<\/span><\/p>\n<p>&nbsp;<\/p>\n","protected":false},"excerpt":{"rendered":"<p>El divendres 10 de febrer els alumnes de 2n d\u2019ESO anaren al teatre Atrium de Viladecans i assistiren a l\u2019espectacle P\u00edndoles: microteatre fora del teatre. &nbsp; SINOPSI Qui ha dit que necessitem un escenari? Qui ha dit que el teatre no atreu als adolescents? P\u00edndoles \u00e9s una forma d\u2019entendre el teatre com a descoberta, com [&hellip;]<\/p>\n","protected":false},"author":1,"featured_media":0,"parent":0,"menu_order":0,"comment_status":"closed","ping_status":"closed","template":"","meta":{"_bbp_topic_count":0,"_bbp_reply_count":0,"_bbp_total_topic_count":0,"_bbp_total_reply_count":0,"_bbp_voice_count":0,"_bbp_anonymous_reply_count":0,"_bbp_topic_count_hidden":0,"_bbp_reply_count_hidden":0,"_bbp_forum_subforum_count":0,"site-sidebar-layout":"default","site-content-layout":"","ast-site-content-layout":"","site-content-style":"default","site-sidebar-style":"default","ast-global-header-display":"","ast-banner-title-visibility":"","ast-main-header-display":"","ast-hfb-above-header-display":"","ast-hfb-below-header-display":"","ast-hfb-mobile-header-display":"","site-post-title":"","ast-breadcrumbs-content":"","ast-featured-img":"","footer-sml-layout":"","theme-transparent-header-meta":"","adv-header-id-meta":"","stick-header-meta":"","header-above-stick-meta":"","header-main-stick-meta":"","header-below-stick-meta":"","astra-migrate-meta-layouts":"default","ast-page-background-enabled":"default","ast-page-background-meta":{"desktop":{"background-color":"var(--ast-global-color-4)","background-image":"","background-repeat":"repeat","background-position":"center center","background-size":"auto","background-attachment":"scroll","background-type":"","background-media":"","overlay-type":"","overlay-color":"","overlay-opacity":"","overlay-gradient":""},"tablet":{"background-color":"","background-image":"","background-repeat":"repeat","background-position":"center center","background-size":"auto","background-attachment":"scroll","background-type":"","background-media":"","overlay-type":"","overlay-color":"","overlay-opacity":"","overlay-gradient":""},"mobile":{"background-color":"","background-image":"","background-repeat":"repeat","background-position":"center center","background-size":"auto","background-attachment":"scroll","background-type":"","background-media":"","overlay-type":"","overlay-color":"","overlay-opacity":"","overlay-gradient":""}},"ast-content-background-meta":{"desktop":{"background-color":"var(--ast-global-color-5)","background-image":"","background-repeat":"repeat","background-position":"center center","background-size":"auto","background-attachment":"scroll","background-type":"","background-media":"","overlay-type":"","overlay-color":"","overlay-opacity":"","overlay-gradient":""},"tablet":{"background-color":"var(--ast-global-color-5)","background-image":"","background-repeat":"repeat","background-position":"center center","background-size":"auto","background-attachment":"scroll","background-type":"","background-media":"","overlay-type":"","overlay-color":"","overlay-opacity":"","overlay-gradient":""},"mobile":{"background-color":"var(--ast-global-color-5)","background-image":"","background-repeat":"repeat","background-position":"center center","background-size":"auto","background-attachment":"scroll","background-type":"","background-media":"","overlay-type":"","overlay-color":"","overlay-opacity":"","overlay-gradient":""}},"footnotes":""},"class_list":["post-3143","page","type-page","status-publish","hentry"],"post_mailing_queue_ids":[],"_links":{"self":[{"href":"https:\/\/agora.xtec.cat\/ieslesmarines\/wp-json\/wp\/v2\/pages\/3143","targetHints":{"allow":["GET"]}}],"collection":[{"href":"https:\/\/agora.xtec.cat\/ieslesmarines\/wp-json\/wp\/v2\/pages"}],"about":[{"href":"https:\/\/agora.xtec.cat\/ieslesmarines\/wp-json\/wp\/v2\/types\/page"}],"author":[{"embeddable":true,"href":"https:\/\/agora.xtec.cat\/ieslesmarines\/wp-json\/wp\/v2\/users\/1"}],"replies":[{"embeddable":true,"href":"https:\/\/agora.xtec.cat\/ieslesmarines\/wp-json\/wp\/v2\/comments?post=3143"}],"version-history":[{"count":1,"href":"https:\/\/agora.xtec.cat\/ieslesmarines\/wp-json\/wp\/v2\/pages\/3143\/revisions"}],"predecessor-version":[{"id":3146,"href":"https:\/\/agora.xtec.cat\/ieslesmarines\/wp-json\/wp\/v2\/pages\/3143\/revisions\/3146"}],"wp:attachment":[{"href":"https:\/\/agora.xtec.cat\/ieslesmarines\/wp-json\/wp\/v2\/media?parent=3143"}],"curies":[{"name":"wp","href":"https:\/\/api.w.org\/{rel}","templated":true}]}}