{"id":3087,"date":"2023-02-13T10:10:51","date_gmt":"2023-02-13T09:10:51","guid":{"rendered":"https:\/\/agora.xtec.cat\/ieslesmarines\/?page_id=3087"},"modified":"2023-02-13T10:10:51","modified_gmt":"2023-02-13T09:10:51","slug":"sortida-a-tarragona-projecte-roma-1r-b-deso","status":"publish","type":"page","link":"https:\/\/agora.xtec.cat\/ieslesmarines\/sortida-a-tarragona-projecte-roma-1r-b-deso\/","title":{"rendered":"Sortida a Tarragona Projecte Roma 1r B d\u2019ESO"},"content":{"rendered":"<div style=\"text-align: center;\"><a href=\"https:\/\/photos.app.goo.gl\/ySLENApKYSSe2V1Y6\" target=\"_blank\" rel=\"noopener\"><img loading=\"lazy\" decoding=\"async\" class=\"aligncenter wp-image-3089\" src=\"https:\/\/agora.xtec.cat\/ieslesmarines\/wp-content\/uploads\/usu619\/2023\/02\/1-2-300x300.png\" alt=\"\" width=\"500\" height=\"500\" srcset=\"https:\/\/agora.xtec.cat\/ieslesmarines\/wp-content\/uploads\/usu619\/2023\/02\/1-2-300x300.png 300w, https:\/\/agora.xtec.cat\/ieslesmarines\/wp-content\/uploads\/usu619\/2023\/02\/1-2-150x150.png 150w, https:\/\/agora.xtec.cat\/ieslesmarines\/wp-content\/uploads\/usu619\/2023\/02\/1-2-768x768.png 768w, https:\/\/agora.xtec.cat\/ieslesmarines\/wp-content\/uploads\/usu619\/2023\/02\/1-2.png 1000w\" sizes=\"auto, (max-width: 500px) 100vw, 500px\" \/><\/a><\/div>\n<div><\/div>\n<div>Els alumnes de 1r \u00a0ESO B en de projecte de Roma, fan de guies tur\u00edstics\u00a0a Tarragona\u00a0el 9 de febrer de 2023, exposant a la resta de companys, mitjan\u00e7ant un Lapbook elaborat a l&#8217;aula un monument arqueol\u00f2gic rom\u00e0, en total cadascun dels cinc\u00a0grups treballen: la Pedrera del M\u00e8dol, l&#8217;Aq\u00fceducte de les Ferreres, les Muralles, el Circ i l&#8217;Amfiteatre\u00a0de Roma.<\/div>\n<div><\/div>\n<div>Cliqueu a la foto per obrir <a href=\"https:\/\/photos.app.goo.gl\/ySLENApKYSSe2V1Y6\" target=\"_blank\" rel=\"noopener\">l&#8217;\u00e0lbum<\/a>.<\/div>\n<div><\/div>\n","protected":false},"excerpt":{"rendered":"<p>Els alumnes de 1r \u00a0ESO B en de projecte de Roma, fan de guies tur\u00edstics\u00a0a Tarragona\u00a0el 9 de febrer de 2023, exposant a la resta de companys, mitjan\u00e7ant un Lapbook elaborat a l&#8217;aula un monument arqueol\u00f2gic rom\u00e0, en total cadascun dels cinc\u00a0grups treballen: la Pedrera del M\u00e8dol, l&#8217;Aq\u00fceducte de les Ferreres, les Muralles, el Circ [&hellip;]<\/p>\n","protected":false},"author":1,"featured_media":0,"parent":0,"menu_order":0,"comment_status":"closed","ping_status":"closed","template":"","meta":{"_bbp_topic_count":0,"_bbp_reply_count":0,"_bbp_total_topic_count":0,"_bbp_total_reply_count":0,"_bbp_voice_count":0,"_bbp_anonymous_reply_count":0,"_bbp_topic_count_hidden":0,"_bbp_reply_count_hidden":0,"_bbp_forum_subforum_count":0,"site-sidebar-layout":"default","site-content-layout":"","ast-site-content-layout":"","site-content-style":"default","site-sidebar-style":"default","ast-global-header-display":"","ast-banner-title-visibility":"","ast-main-header-display":"","ast-hfb-above-header-display":"","ast-hfb-below-header-display":"","ast-hfb-mobile-header-display":"","site-post-title":"","ast-breadcrumbs-content":"","ast-featured-img":"","footer-sml-layout":"","theme-transparent-header-meta":"","adv-header-id-meta":"","stick-header-meta":"","header-above-stick-meta":"","header-main-stick-meta":"","header-below-stick-meta":"","astra-migrate-meta-layouts":"default","ast-page-background-enabled":"default","ast-page-background-meta":{"desktop":{"background-color":"var(--ast-global-color-4)","background-image":"","background-repeat":"repeat","background-position":"center center","background-size":"auto","background-attachment":"scroll","background-type":"","background-media":"","overlay-type":"","overlay-color":"","overlay-opacity":"","overlay-gradient":""},"tablet":{"background-color":"","background-image":"","background-repeat":"repeat","background-position":"center center","background-size":"auto","background-attachment":"scroll","background-type":"","background-media":"","overlay-type":"","overlay-color":"","overlay-opacity":"","overlay-gradient":""},"mobile":{"background-color":"","background-image":"","background-repeat":"repeat","background-position":"center center","background-size":"auto","background-attachment":"scroll","background-type":"","background-media":"","overlay-type":"","overlay-color":"","overlay-opacity":"","overlay-gradient":""}},"ast-content-background-meta":{"desktop":{"background-color":"var(--ast-global-color-5)","background-image":"","background-repeat":"repeat","background-position":"center center","background-size":"auto","background-attachment":"scroll","background-type":"","background-media":"","overlay-type":"","overlay-color":"","overlay-opacity":"","overlay-gradient":""},"tablet":{"background-color":"var(--ast-global-color-5)","background-image":"","background-repeat":"repeat","background-position":"center center","background-size":"auto","background-attachment":"scroll","background-type":"","background-media":"","overlay-type":"","overlay-color":"","overlay-opacity":"","overlay-gradient":""},"mobile":{"background-color":"var(--ast-global-color-5)","background-image":"","background-repeat":"repeat","background-position":"center center","background-size":"auto","background-attachment":"scroll","background-type":"","background-media":"","overlay-type":"","overlay-color":"","overlay-opacity":"","overlay-gradient":""}},"footnotes":""},"class_list":["post-3087","page","type-page","status-publish","hentry"],"post_mailing_queue_ids":[],"_links":{"self":[{"href":"https:\/\/agora.xtec.cat\/ieslesmarines\/wp-json\/wp\/v2\/pages\/3087","targetHints":{"allow":["GET"]}}],"collection":[{"href":"https:\/\/agora.xtec.cat\/ieslesmarines\/wp-json\/wp\/v2\/pages"}],"about":[{"href":"https:\/\/agora.xtec.cat\/ieslesmarines\/wp-json\/wp\/v2\/types\/page"}],"author":[{"embeddable":true,"href":"https:\/\/agora.xtec.cat\/ieslesmarines\/wp-json\/wp\/v2\/users\/1"}],"replies":[{"embeddable":true,"href":"https:\/\/agora.xtec.cat\/ieslesmarines\/wp-json\/wp\/v2\/comments?post=3087"}],"version-history":[{"count":1,"href":"https:\/\/agora.xtec.cat\/ieslesmarines\/wp-json\/wp\/v2\/pages\/3087\/revisions"}],"predecessor-version":[{"id":3091,"href":"https:\/\/agora.xtec.cat\/ieslesmarines\/wp-json\/wp\/v2\/pages\/3087\/revisions\/3091"}],"wp:attachment":[{"href":"https:\/\/agora.xtec.cat\/ieslesmarines\/wp-json\/wp\/v2\/media?parent=3087"}],"curies":[{"name":"wp","href":"https:\/\/api.w.org\/{rel}","templated":true}]}}