{"id":2910,"date":"2022-11-02T23:57:17","date_gmt":"2022-11-02T22:57:17","guid":{"rendered":"https:\/\/agora.xtec.cat\/ieslesmarines\/?page_id=2910"},"modified":"2022-11-02T23:57:17","modified_gmt":"2022-11-02T22:57:17","slug":"taller-de-booktrailers-castella-4t-deso-1a-sessio","status":"publish","type":"page","link":"https:\/\/agora.xtec.cat\/ieslesmarines\/taller-de-booktrailers-castella-4t-deso-1a-sessio\/","title":{"rendered":"Taller de Booktrailers (Castell\u00e0) &#8211; 4t d\u2019ESO (1a sessi\u00f3)"},"content":{"rendered":"<p style=\"text-align: justify;\"><a href=\"https:\/\/photos.app.goo.gl\/Kciwai92UMpwWFMX7\" target=\"_blank\" rel=\"noopener\"><img loading=\"lazy\" decoding=\"async\" class=\"aligncenter wp-image-2911\" src=\"https:\/\/agora.xtec.cat\/ieslesmarines\/wp-content\/uploads\/usu619\/2022\/11\/1-2.png\" alt=\"\" width=\"500\" height=\"500\" srcset=\"https:\/\/agora.xtec.cat\/ieslesmarines\/wp-content\/uploads\/usu619\/2022\/11\/1-2.png 1000w, https:\/\/agora.xtec.cat\/ieslesmarines\/wp-content\/uploads\/usu619\/2022\/11\/1-2-300x300.png 300w, https:\/\/agora.xtec.cat\/ieslesmarines\/wp-content\/uploads\/usu619\/2022\/11\/1-2-150x150.png 150w, https:\/\/agora.xtec.cat\/ieslesmarines\/wp-content\/uploads\/usu619\/2022\/11\/1-2-768x768.png 768w\" sizes=\"auto, (max-width: 500px) 100vw, 500px\" \/><\/a><\/p>\n<p style=\"text-align: justify;\">El 20 d\u2019octubre l\u2019alumnat de 4t d\u2019ESO va poder gaudir de la 1a sessi\u00f3 del taller de booktrailers, impartit pel Carles Alcoy. El formador els va explicar qu\u00e8 s\u2019ha de tenir en compte a l\u2019hora de realitzar un v\u00eddeo per promocionar un llibre. El booktrailer \u00e9s semblant al tr\u00e0iler cinematogr\u00e0fic, de pel\u00b7l\u00edcules o s\u00e8ries de televisi\u00f3, per\u00f2 en el cas del booktrailer cal tenir en compte els aspectes m\u00e9s atractius d\u2019un llibre per captar l\u2019atenci\u00f3 dels futurs lectors.<\/p>\n<p style=\"text-align: justify;\">Va ser un taller din\u00e0mic, divertit i ple creativitat. El dinamitzador va aconseguir animar els nostres alumnes a crear els seus propis booktrailers.<br \/>\nLa creaci\u00f3 d\u2019un booktrailer en grups fa que l\u2019alumnat llegeixi i dinamitza la lectura, per\u00f2, alhora serveix per a desenvolupar compet\u00e8ncies i habilitats.<\/p>\n<p style=\"text-align: justify;\">\nEl projecte de la creaci\u00f3 de booktrailers en grups significa:<\/p>\n<p style=\"padding-left: 40px; text-align: justify;\">\u25cf M\u00e9s comprensi\u00f3 lectora<br \/>\n\u25cf M\u00e9s treball en equip (coordinat)<br \/>\n\u25cf Un creixement de les habilitats digitals<br \/>\n\u25cf M\u00e9s creativitat<br \/>\n\u25cf M\u00e9s interacci\u00f3 entre els diferents cursos<br \/>\n\u25cf M\u00e9s integraci\u00f3 entre els alumnes a l\u2019aula<br \/>\n\u25cf M\u00e9s treball aut\u00f2nom i m\u00e9s curiositat<br \/>\n\u25cf Maduresa comunicativa<br \/>\n\u25cf Treball amb un calendari pactat<br \/>\n\u25cf Avaluaci\u00f3 compartida<\/p>\n<p style=\"text-align: justify;\">\nEn resum, permet que els nois i les noies expressin lliurement la seva opini\u00f3, tenint un llibre com a punt de partida. Que ho facin de manera aut\u00f2noma, independent i responsable. Que el format sigui una pel\u00b7l\u00edcula de vint segons a tres minuts, amb car\u00e0cter publicitari. Que ho avalu\u00efn comunit\u00e0riament. Que la feina tingui un reconeixement p\u00fablic i una certa remuneraci\u00f3 (simb\u00f2lica per\u00f2 valuable).<\/p>\n<p style=\"text-align: justify;\">\nEl booktrailer \u00e9s un recurs que ens acosta a \u201cla literatura com a descripci\u00f3 de la realitat\u201d. Ens trobem amb una activitat competencial, que se centra en les habilitats socials i tecnol\u00f2giques i que travessa les \u00e0rees de lleng\u00fces, ci\u00e8ncies socials, tecnologia, educaci\u00f3 visual i pl\u00e0stica, m\u00fasica\u2026<\/p>\n<p style=\"text-align: justify;\">\u00c9s a dir, per tal de poder \u201cexplicar\u201d una hist\u00f2ria, hem de fer que aquesta hist\u00f2ria sigui desitjable (per tant, incompresa, un \u201ctr\u00e0iler\u201d). Per poder-ho fer hem de treballar en grup, amb tasques complexes de manera aut\u00f2noma, fent una avaluaci\u00f3 p\u00fablica, social i compartida per la comunitat a qui s\u2019adre\u00e7a.<\/p>\n<p style=\"text-align: justify;\">\nEl booktrailer ha de ser incoherent. Han d\u2019aconseguir que l\u2019espectador s\u2019imagini qu\u00e8 passar\u00e0. Gravar una narraci\u00f3 sense spoilers. Un v\u00eddeo que desperti la curiositat, les ganes de llegir el llibre que promocionen. Han de crear una pel\u00b7l\u00edcula sobre un llibre en la qual no s\u2019entengui alguna cosa. A tots\/es ens agraden els relats suspesos: els tr\u00e0ilers. La t\u00e8cnica per crear un bon booktrailer \u00e9s reduir la narraci\u00f3.<\/p>\n<p style=\"text-align: justify;\">Alguns dels enlla\u00e7os que foren visionats durant la sessi\u00f3 van ser els seg\u00fcents:<br \/>\n<a href=\"https:\/\/youtu.be\/4K4Qyj2omag\" target=\"_blank\" rel=\"noopener\">https:\/\/youtu.be\/4K4Qyj2omag<\/a><br \/>\n<a href=\"https:\/\/youtu.be\/5nShGVPXnlQ\" target=\"_blank\" rel=\"noopener\">https:\/\/youtu.be\/5nShGVPXnlQ<\/a><br \/>\n<a href=\"https:\/\/youtu.be\/QvW61K2s0tA\" target=\"_blank\" rel=\"noopener\">https:\/\/youtu.be\/QvW61K2s0tA<\/a><\/p>\n<p style=\"text-align: justify;\">La propera sessi\u00f3 del taller de booktrailer tindr\u00e0 lloc el 29 de novembre.<\/p>\n<p style=\"text-align: justify;\">A continuaci\u00f3 podeu llegir els comentaris d\u2019alguns alumnes que van assistir al taller:<br \/>\n\u201cSi soy sincero, super\u00f3 mis expectativas. La persona que explic\u00f3 el taller era din\u00e1mico, adem\u00e1s de que explic\u00f3 de una manera f\u00e1cil lo que es un booktrailer y c\u00f3mo poder hacer uno. A m\u00ed personalmente me ha gustado mucho el taller.\u201d Kilian Gonz\u00e1lez<\/p>\n<p style=\"text-align: justify;\">\n\u201cA m\u00ed esta sesi\u00f3n de booktrailer me gust\u00f3 mucho, m\u00e1s que nada por el profesor que vino, me pareci\u00f3 muy divertido y me dieron ganas de atender sobre lo que dec\u00eda y explicaba. Adem\u00e1s, lo que m\u00e1s me gust\u00f3 fue que mezclaba la ense\u00f1anza con bromas, lo cual lo hac\u00eda mucho menos aburrido. Con los videos que nos ense\u00f1\u00f3, con el &#8220;truco de magia&#8221; que nos ense\u00f1\u00f3 nos lo pasamos muy bien y yo lo repetir\u00eda muchas m\u00e1s veces.\u201d Nerea Guerra<\/p>\n<p style=\"text-align: justify;\">\n\u201cPersonalmente , la primera sesi\u00f3n de booktrailer me gust\u00f3, porque la persona que hac\u00eda el taller, hac\u00eda que los alumnos estuvieran atentos a lo que \u00e9l dec\u00eda, utilizando palabras coloquiales que hac\u00edan gracia. \u00c9l sab\u00eda c\u00f3mo mantener la atenci\u00f3n de los alumnos y eso ayud\u00f3 a que el taller no tuviera interrupciones.\u201d Kristell L\u00f3pez<\/p>\n<p style=\"text-align: justify;\">\n\u201cMe pareci\u00f3 que el taller estaba muy bien hecho, muy participativo y din\u00e1mico, adem\u00e1s, mientras explicaba algo educativo, lo hac\u00eda divertido y entretenido a la vez.\u201d Leire Mas<\/p>\n<p style=\"text-align: justify;\">\n\u201cEl pasado jueves, tuvimos un taller en el cual nos explicaron c\u00f3mo dar un mejor suspense a nuestros booktr\u00e1ilers, y as\u00ed enganchar a la gente a leer el libro que quieres publicar. En mi opini\u00f3n, la persona que nos imparti\u00f3 el taller me pareci\u00f3 que lo explic\u00f3 bastante bien y cre\u00f3 un buen ambiente en la clase, ya que no aburri\u00f3 a nadie y lo hizo bastante din\u00e1mico y sobre todo, divertido. Con esto dicho, yo espero que siga siendo la misma persona quien nos siga dando el taller, ya que en talleres anteriores no crearon el mismo ambiente que consigui\u00f3 \u00e9l.\u201d Carlos Melero<\/p>\n<p style=\"text-align: justify;\">\u201cEl taller estaba muy bien. El tallerista era un hombre con mucho carisma, y eso hizo m\u00e1s entretenida y din\u00e1mica la experiencia. Y aparte, gracias a eso el tema se entendi\u00f3 bien y aprend\u00ed lo necesario.\u201d Marc Melero<\/p>\n<p style=\"text-align: justify;\">\n\u201cA m\u00ed la sesi\u00f3n de booktrailer me pareci\u00f3 muy interesante porque yo sab\u00eda que hab\u00eda tr\u00e1ilers de una pel\u00edcula, pero no sab\u00eda que pod\u00eda haber un tr\u00e1iler sobre un libro. La clase fue din\u00e1mica y a m\u00ed me ha gustado por eso.\u201d Dawit Ortega<\/p>\n<p style=\"text-align: justify;\">\n\u201cMuy bien explicado y estructurado, un taller muy divertido e interactivo, haci\u00e9ndonoslo pasar bien y a la vez aprendiendo. Una experiencia \u00fanica y agradable en donde aprendemos todos.\u201d Sara Roca<\/p>\n<p style=\"text-align: justify;\">\u201cA m\u00ed este taller me ha resultado muy interesante, ya que era muy din\u00e1mico y divertido. Carles me ha parecido un muy buen hombre que ha hecho que el taller sea divertido y no se haga pesado. Me apetece mucho hacer el taller booktrailer.\u201d Valentina Simoniello<\/p>\n<p style=\"text-align: justify;\">\u201cEs un buen taller, explica las cosas bien y me parece buena la idea del booktrailer, ser\u00e1 din\u00e1mico y divertido de hacer.\u201d Joel Mat\u00edas<\/p>\n<p style=\"text-align: justify;\">\n\u201cEsta primera sesi\u00f3n del taller de booktrailer me pareci\u00f3 muy interesante, la verdad fue muy divertido y aprend\u00ed cosas nuevas, como primera sesi\u00f3n me gust\u00f3 mucho.\u201d Alba Morillo<\/p>\n<p style=\"text-align: justify;\">\n\u201cEn mi opini\u00f3n, el taller fue muy \u00fatil y me gust\u00f3 mucho porque era muy interesante ver las diferentes estrategias para atraer la atenci\u00f3n del p\u00fablico en un tr\u00e1iler o rese\u00f1a. Fue desconcertante ver c\u00f3mo con tan solo la apariencia de una persona ya se podr\u00eda descubrir varias cosas sobre su vida personal sin siquiera conocerla.\u201d Valeria Mu\u00f1oz<\/p>\n<p style=\"text-align: justify;\">\n\u201cFue muy interesante, sobre todo cuando nos explic\u00f3 lo del vendedor de rosas y nos ense\u00f1\u00f3 el video sobre aquello.\u201d Pol Roca<\/p>\n<p style=\"text-align: justify;\">\n\u201cLa primera sesi\u00f3n que hicimos sobre el taller de booktrailer me encant\u00f3, ten\u00eda las expectativas muy bajas antes de empezar, pero nada m\u00e1s comenzar me di cuenta que estaba muy equivocado. El contenido es muy \u00fatil y nos aport\u00f3 mucho para hacer un buen booktrailer, pero se nos pas\u00f3 volando, se hizo muy divertido sobre todo gracias a Carles, la persona que lo imparti\u00f3, porque nos hizo participar para que as\u00ed no nos aburri\u00e9ramos y eso fue un puntazo a favor, ya que as\u00ed nos lo pasamos mucho mejor y nos hizo seguir atentos a sus explicaciones. Estoy deseando que llegue ya la segunda sesi\u00f3n.\u201d H\u00e8ctor Garc\u00eda<\/p>\n<p style=\"text-align: justify;\">\n\u201cEn mi opini\u00f3n, me pareci\u00f3 muy interesante y entretenido el taller. Carles era un se\u00f1or divertido y, al hacer bromas, se pasaba el rato r\u00e1pido. A la vez que bromeaba nos explicaba y era todo muy din\u00e1mico ya que siempre ten\u00edamos que participar. Me ha gustado mucho el taller.\u201d Noa Mi\u00f1ana<\/p>\n<p style=\"text-align: justify;\">\n\u201cA m\u00ed el taller de booktrailer me encant\u00f3, ya que aprend\u00ed muchas cosas. Adem\u00e1s creo que el hombre que vino hizo un gran trabajo: lo hizo con mucha energ\u00eda y entusiasmo.\u201d C\u00e9sar M\u00e9ndez<\/p>\n<p style=\"text-align: justify;\">\n\u201cCada curso nos hacen mil talleres de escuchar durante horas y aprendemos muy poco, por eso ten\u00eda las expectativas bastante bajas, pero este taller ha sido diferente, nos hizo participar y habl\u00f3 de una manera adecuada a nuestro nivel. Me parece una muy buena idea hacer un booktrailer, ya que se sale de lo que estamos acostumbrados. Me identifico mucho con la frase que dijo que los humanos vivimos del condicional, y s\u00ed\u2026\u201d Carla Ochoa<\/p>\n<p style=\"text-align: justify;\">\n\u201cMe ha parecido un taller muy interesante y entretenido. He aprendido muchas cosas sobre c\u00f3mo vender una pel\u00edcula\/serie y me ha parecido muy curioso esta manera de marketing. El hombre del taller se adapt\u00f3 muy bien a nuestra clase y me lo pas\u00e9 muy bien con \u00e9l. Me encantar\u00eda que volviera a hacernos una clase como la pasada.\u201d Maria Resano<\/p>\n<p style=\"text-align: justify;\">\n\u201cEl taller que hicimos me pareci\u00f3 fant\u00e1stico. Nos ense\u00f1\u00f3 lo que nos ten\u00eda que ense\u00f1ar de manera amena, divertida y clara. Fue muy entretenido y educativo. Un 10\/10: de los mejores talleres que he hecho.\u201d Lucas Ripoll<\/p>\n<p style=\"text-align: justify;\">\n\u201cEn mi opini\u00f3n la primera sesi\u00f3n del booktrailer ha sido un poco extra\u00f1a. Pero pienso que para comenzar ha estado bien porque ha sido entretenida y hemos estado centrados todo el tiempo en el taller. Adem\u00e1s el hombre que lo hace ha hecho el taller usando el humor y ha sido divertido e interesante.\u201d Alexander Van Kerckhove<\/p>\n<p style=\"text-align: justify;\">\n\u201cLa primera sesi\u00f3n del booktrailer ha estado muy bien, la verdad es que ten\u00eda bajas expectativas pero me ha sorprendido para bien. Vino un se\u00f1or muy simp\u00e1tico y divertido que nos explic\u00f3 todo muy bien, que nos ense\u00f1\u00f3 unos videos relacionados con el tema muy interesantes.\u201d David Van Kerckhove<\/p>\n","protected":false},"excerpt":{"rendered":"<p>El 20 d\u2019octubre l\u2019alumnat de 4t d\u2019ESO va poder gaudir de la 1a sessi\u00f3 del taller de booktrailers, impartit pel Carles Alcoy. El formador els va explicar qu\u00e8 s\u2019ha de tenir en compte a l\u2019hora de realitzar un v\u00eddeo per promocionar un llibre. El booktrailer \u00e9s semblant al tr\u00e0iler cinematogr\u00e0fic, de pel\u00b7l\u00edcules o s\u00e8ries de [&hellip;]<\/p>\n","protected":false},"author":1,"featured_media":0,"parent":0,"menu_order":0,"comment_status":"closed","ping_status":"closed","template":"","meta":{"_bbp_topic_count":0,"_bbp_reply_count":0,"_bbp_total_topic_count":0,"_bbp_total_reply_count":0,"_bbp_voice_count":0,"_bbp_anonymous_reply_count":0,"_bbp_topic_count_hidden":0,"_bbp_reply_count_hidden":0,"_bbp_forum_subforum_count":0,"site-sidebar-layout":"default","site-content-layout":"","ast-site-content-layout":"","site-content-style":"default","site-sidebar-style":"default","ast-global-header-display":"","ast-banner-title-visibility":"","ast-main-header-display":"","ast-hfb-above-header-display":"","ast-hfb-below-header-display":"","ast-hfb-mobile-header-display":"","site-post-title":"","ast-breadcrumbs-content":"","ast-featured-img":"","footer-sml-layout":"","theme-transparent-header-meta":"","adv-header-id-meta":"","stick-header-meta":"","header-above-stick-meta":"","header-main-stick-meta":"","header-below-stick-meta":"","astra-migrate-meta-layouts":"default","ast-page-background-enabled":"default","ast-page-background-meta":{"desktop":{"background-color":"var(--ast-global-color-4)","background-image":"","background-repeat":"repeat","background-position":"center center","background-size":"auto","background-attachment":"scroll","background-type":"","background-media":"","overlay-type":"","overlay-color":"","overlay-opacity":"","overlay-gradient":""},"tablet":{"background-color":"","background-image":"","background-repeat":"repeat","background-position":"center center","background-size":"auto","background-attachment":"scroll","background-type":"","background-media":"","overlay-type":"","overlay-color":"","overlay-opacity":"","overlay-gradient":""},"mobile":{"background-color":"","background-image":"","background-repeat":"repeat","background-position":"center center","background-size":"auto","background-attachment":"scroll","background-type":"","background-media":"","overlay-type":"","overlay-color":"","overlay-opacity":"","overlay-gradient":""}},"ast-content-background-meta":{"desktop":{"background-color":"var(--ast-global-color-5)","background-image":"","background-repeat":"repeat","background-position":"center center","background-size":"auto","background-attachment":"scroll","background-type":"","background-media":"","overlay-type":"","overlay-color":"","overlay-opacity":"","overlay-gradient":""},"tablet":{"background-color":"var(--ast-global-color-5)","background-image":"","background-repeat":"repeat","background-position":"center center","background-size":"auto","background-attachment":"scroll","background-type":"","background-media":"","overlay-type":"","overlay-color":"","overlay-opacity":"","overlay-gradient":""},"mobile":{"background-color":"var(--ast-global-color-5)","background-image":"","background-repeat":"repeat","background-position":"center center","background-size":"auto","background-attachment":"scroll","background-type":"","background-media":"","overlay-type":"","overlay-color":"","overlay-opacity":"","overlay-gradient":""}},"footnotes":""},"class_list":["post-2910","page","type-page","status-publish","hentry"],"post_mailing_queue_ids":[],"_links":{"self":[{"href":"https:\/\/agora.xtec.cat\/ieslesmarines\/wp-json\/wp\/v2\/pages\/2910","targetHints":{"allow":["GET"]}}],"collection":[{"href":"https:\/\/agora.xtec.cat\/ieslesmarines\/wp-json\/wp\/v2\/pages"}],"about":[{"href":"https:\/\/agora.xtec.cat\/ieslesmarines\/wp-json\/wp\/v2\/types\/page"}],"author":[{"embeddable":true,"href":"https:\/\/agora.xtec.cat\/ieslesmarines\/wp-json\/wp\/v2\/users\/1"}],"replies":[{"embeddable":true,"href":"https:\/\/agora.xtec.cat\/ieslesmarines\/wp-json\/wp\/v2\/comments?post=2910"}],"version-history":[{"count":1,"href":"https:\/\/agora.xtec.cat\/ieslesmarines\/wp-json\/wp\/v2\/pages\/2910\/revisions"}],"predecessor-version":[{"id":2912,"href":"https:\/\/agora.xtec.cat\/ieslesmarines\/wp-json\/wp\/v2\/pages\/2910\/revisions\/2912"}],"wp:attachment":[{"href":"https:\/\/agora.xtec.cat\/ieslesmarines\/wp-json\/wp\/v2\/media?parent=2910"}],"curies":[{"name":"wp","href":"https:\/\/api.w.org\/{rel}","templated":true}]}}