{"id":2887,"date":"2022-11-02T21:16:20","date_gmt":"2022-11-02T20:16:20","guid":{"rendered":"https:\/\/agora.xtec.cat\/ieslesmarines\/?page_id=2887"},"modified":"2022-11-02T21:16:20","modified_gmt":"2022-11-02T20:16:20","slug":"programa-de-certificacio-de-llengues-eoi","status":"publish","type":"page","link":"https:\/\/agora.xtec.cat\/ieslesmarines\/programa-de-certificacio-de-llengues-eoi\/","title":{"rendered":"Programa de certificaci\u00f3 de lleng\u00fces &#8211; EOI"},"content":{"rendered":"<p><span lang=\"CA\"><span style=\"color: #000000; font-size: large;\">L\u2019Institut Les Marines participa en el programa de\u00a0certificaci\u00f3 dels coneixements de lleng\u00fces estrangeres\u00a0en determinats ensenyaments pel curs 2022-2023. <\/span><\/span><\/p>\n<p><span lang=\"CA\"><span style=\"color: #000000; font-size: large;\">Aqu\u00ed sota podeu consultar la <a href=\"https:\/\/agora.xtec.cat\/ieslesmarines\/wp-content\/uploads\/usu619\/2022\/11\/RESOLUCIO-EDU2872022.pdf\" target=\"_blank\" rel=\"noopener\">RESOLUCI\u00d3 EDU\/2872022<\/a> i un <a href=\"https:\/\/agora.xtec.cat\/ieslesmarines\/wp-content\/uploads\/usu619\/2022\/11\/RESUM-DEL-PROGRAMA.pdf\" target=\"_blank\" rel=\"noopener\">RESUM DEL PROGRAMA<\/a>.<\/span><\/span><\/p>\n<p><span style=\"font-size: large;\"><span lang=\"CA\"><span style=\"color: #000000;\">L\u2019oferta de nivells i idiomes \u00e9s la seg\u00fcent:\u00a0<\/span><\/span><span lang=\"CA\">Nivells <strong>intermedi B1<\/strong> i <strong>intermedi B2 d\u2019angl\u00e8s<\/strong>.\u00a0\u00a0<\/span><\/span><\/p>\n<p><span style=\"color: #000000; font-size: large;\"><span lang=\"CA\">Per a m\u00e9s informaci\u00f3 adreceu-vos a <strong>Roser Farr\u00e9s<\/strong>.\u00a0<\/span><\/span><\/p>\n","protected":false},"excerpt":{"rendered":"<p>L\u2019Institut Les Marines participa en el programa de\u00a0certificaci\u00f3 dels coneixements de lleng\u00fces estrangeres\u00a0en determinats ensenyaments pel curs 2022-2023. Aqu\u00ed sota podeu consultar la RESOLUCI\u00d3 EDU\/2872022 i un RESUM DEL PROGRAMA. L\u2019oferta de nivells i idiomes \u00e9s la seg\u00fcent:\u00a0Nivells intermedi B1 i intermedi B2 d\u2019angl\u00e8s.\u00a0\u00a0 Per a m\u00e9s informaci\u00f3 adreceu-vos a Roser Farr\u00e9s.\u00a0<\/p>\n","protected":false},"author":1,"featured_media":0,"parent":0,"menu_order":0,"comment_status":"closed","ping_status":"closed","template":"","meta":{"_bbp_topic_count":0,"_bbp_reply_count":0,"_bbp_total_topic_count":0,"_bbp_total_reply_count":0,"_bbp_voice_count":0,"_bbp_anonymous_reply_count":0,"_bbp_topic_count_hidden":0,"_bbp_reply_count_hidden":0,"_bbp_forum_subforum_count":0,"site-sidebar-layout":"default","site-content-layout":"","ast-site-content-layout":"","site-content-style":"default","site-sidebar-style":"default","ast-global-header-display":"","ast-banner-title-visibility":"","ast-main-header-display":"","ast-hfb-above-header-display":"","ast-hfb-below-header-display":"","ast-hfb-mobile-header-display":"","site-post-title":"","ast-breadcrumbs-content":"","ast-featured-img":"","footer-sml-layout":"","theme-transparent-header-meta":"","adv-header-id-meta":"","stick-header-meta":"","header-above-stick-meta":"","header-main-stick-meta":"","header-below-stick-meta":"","astra-migrate-meta-layouts":"default","ast-page-background-enabled":"default","ast-page-background-meta":{"desktop":{"background-color":"var(--ast-global-color-4)","background-image":"","background-repeat":"repeat","background-position":"center center","background-size":"auto","background-attachment":"scroll","background-type":"","background-media":"","overlay-type":"","overlay-color":"","overlay-opacity":"","overlay-gradient":""},"tablet":{"background-color":"","background-image":"","background-repeat":"repeat","background-position":"center center","background-size":"auto","background-attachment":"scroll","background-type":"","background-media":"","overlay-type":"","overlay-color":"","overlay-opacity":"","overlay-gradient":""},"mobile":{"background-color":"","background-image":"","background-repeat":"repeat","background-position":"center center","background-size":"auto","background-attachment":"scroll","background-type":"","background-media":"","overlay-type":"","overlay-color":"","overlay-opacity":"","overlay-gradient":""}},"ast-content-background-meta":{"desktop":{"background-color":"var(--ast-global-color-5)","background-image":"","background-repeat":"repeat","background-position":"center center","background-size":"auto","background-attachment":"scroll","background-type":"","background-media":"","overlay-type":"","overlay-color":"","overlay-opacity":"","overlay-gradient":""},"tablet":{"background-color":"var(--ast-global-color-5)","background-image":"","background-repeat":"repeat","background-position":"center center","background-size":"auto","background-attachment":"scroll","background-type":"","background-media":"","overlay-type":"","overlay-color":"","overlay-opacity":"","overlay-gradient":""},"mobile":{"background-color":"var(--ast-global-color-5)","background-image":"","background-repeat":"repeat","background-position":"center center","background-size":"auto","background-attachment":"scroll","background-type":"","background-media":"","overlay-type":"","overlay-color":"","overlay-opacity":"","overlay-gradient":""}},"footnotes":""},"class_list":["post-2887","page","type-page","status-publish","hentry"],"post_mailing_queue_ids":[],"_links":{"self":[{"href":"https:\/\/agora.xtec.cat\/ieslesmarines\/wp-json\/wp\/v2\/pages\/2887","targetHints":{"allow":["GET"]}}],"collection":[{"href":"https:\/\/agora.xtec.cat\/ieslesmarines\/wp-json\/wp\/v2\/pages"}],"about":[{"href":"https:\/\/agora.xtec.cat\/ieslesmarines\/wp-json\/wp\/v2\/types\/page"}],"author":[{"embeddable":true,"href":"https:\/\/agora.xtec.cat\/ieslesmarines\/wp-json\/wp\/v2\/users\/1"}],"replies":[{"embeddable":true,"href":"https:\/\/agora.xtec.cat\/ieslesmarines\/wp-json\/wp\/v2\/comments?post=2887"}],"version-history":[{"count":1,"href":"https:\/\/agora.xtec.cat\/ieslesmarines\/wp-json\/wp\/v2\/pages\/2887\/revisions"}],"predecessor-version":[{"id":2890,"href":"https:\/\/agora.xtec.cat\/ieslesmarines\/wp-json\/wp\/v2\/pages\/2887\/revisions\/2890"}],"wp:attachment":[{"href":"https:\/\/agora.xtec.cat\/ieslesmarines\/wp-json\/wp\/v2\/media?parent=2887"}],"curies":[{"name":"wp","href":"https:\/\/api.w.org\/{rel}","templated":true}]}}