{"id":2799,"date":"2022-09-11T21:51:34","date_gmt":"2022-09-11T19:51:34","guid":{"rendered":"https:\/\/agora.xtec.cat\/ieslesmarines\/?page_id=2799"},"modified":"2022-09-12T12:18:38","modified_gmt":"2022-09-12T10:18:38","slug":"subvencio-per-al-projecte-steam","status":"publish","type":"page","link":"https:\/\/agora.xtec.cat\/ieslesmarines\/subvencio-per-al-projecte-steam\/","title":{"rendered":"Subvenci\u00f3 per al projecte STEM"},"content":{"rendered":"<p><a href=\"https:\/\/agora.xtec.cat\/ieslesmarines\/wp-content\/uploads\/usu619\/2022\/09\/IMG_20220902_132449-scaled.jpg\"><img loading=\"lazy\" decoding=\"async\" class=\"alignnone wp-image-2800\" src=\"https:\/\/agora.xtec.cat\/ieslesmarines\/wp-content\/uploads\/usu619\/2022\/09\/IMG_20220902_132449-1024x768.jpg\" alt=\"\" width=\"1024\" height=\"768\" srcset=\"https:\/\/agora.xtec.cat\/ieslesmarines\/wp-content\/uploads\/usu619\/2022\/09\/IMG_20220902_132449-1024x768.jpg 1024w, https:\/\/agora.xtec.cat\/ieslesmarines\/wp-content\/uploads\/usu619\/2022\/09\/IMG_20220902_132449-300x225.jpg 300w, https:\/\/agora.xtec.cat\/ieslesmarines\/wp-content\/uploads\/usu619\/2022\/09\/IMG_20220902_132449-768x576.jpg 768w, https:\/\/agora.xtec.cat\/ieslesmarines\/wp-content\/uploads\/usu619\/2022\/09\/IMG_20220902_132449-1536x1152.jpg 1536w, https:\/\/agora.xtec.cat\/ieslesmarines\/wp-content\/uploads\/usu619\/2022\/09\/IMG_20220902_132449-2048x1536.jpg 2048w, https:\/\/agora.xtec.cat\/ieslesmarines\/wp-content\/uploads\/usu619\/2022\/09\/IMG_20220902_132449-200x150.jpg 200w\" sizes=\"auto, (max-width: 1024px) 100vw, 1024px\" \/><\/a><\/p>\n<p><span style=\"font-weight: 400;\">L&#8217;AMPA de l&#8217;INS Les Marines va sol\u00b7licitar una subvenci\u00f3 a l&#8217;Ajuntament de Castelldefels per a la realitzaci\u00f3 de projectes, activitats i serveis tecnol\u00f2gics. La intenci\u00f3 de l&#8217;AMPA de Les Marines \u00e9s i ha estat sempre donar suport en tots els projectes del centre i volem agrair especialment aquesta constant implicaci\u00f3 que fa que estiguin alerta a totes aquelles propostes que ens poden ajudar a &#8220;Fer Marines&#8221;.<\/span><\/p>\n<p><span style=\"font-weight: 400;\">Agra\u00efm a l&#8217;Ajuntament de Castelldefels aquesta iniciativa i la possibilitat que les nostres associacions de fam\u00edlies es puguin implicar m\u00e9s en la nostra comunitat i entre tots els agents -Ajuntament, associacions de fam\u00edlies i centres educatius- fem cr\u00e9ixer el municipi i la nostra ciutat educadora.<\/span><\/p>\n<p><span style=\"font-weight: 400;\">L&#8217;ajut de 4000\u20ac es va sol\u00b7licitar amb la intenci\u00f3 de millorar el taller de tecnologia amb el projecte STEM i per aconseguir les eines necess\u00e0ries en les activitats cientificotecnol\u00f2giques que l&#8217;institut proposa en l&#8217;horari lectiu.<\/span><\/p>\n<p><span style=\"font-weight: 400;\">La subvenci\u00f3 ha perm\u00e8s la renovaci\u00f3 d&#8217;elements tecnol\u00f2gics i la compra de nous aparells: un panell interactiu pel taller de tecnologia i quatre ordinadors. Igualment ha aportat al centre materials i recursos pedag\u00f2gics que es faran servir dins del projecte STEM: plaques microbits per a les optatives de rob\u00f2tica i programaci\u00f3.\u00a0<\/span><\/p>\n","protected":false},"excerpt":{"rendered":"<p>L&#8217;AMPA de l&#8217;INS Les Marines va sol\u00b7licitar una subvenci\u00f3 a l&#8217;Ajuntament de Castelldefels per a la realitzaci\u00f3 de projectes, activitats i serveis tecnol\u00f2gics. La intenci\u00f3 de l&#8217;AMPA de Les Marines \u00e9s i ha estat sempre donar suport en tots els projectes del centre i volem agrair especialment aquesta constant implicaci\u00f3 que fa que estiguin alerta [&hellip;]<\/p>\n","protected":false},"author":1,"featured_media":0,"parent":0,"menu_order":0,"comment_status":"closed","ping_status":"closed","template":"","meta":{"_bbp_topic_count":0,"_bbp_reply_count":0,"_bbp_total_topic_count":0,"_bbp_total_reply_count":0,"_bbp_voice_count":0,"_bbp_anonymous_reply_count":0,"_bbp_topic_count_hidden":0,"_bbp_reply_count_hidden":0,"_bbp_forum_subforum_count":0,"site-sidebar-layout":"default","site-content-layout":"","ast-site-content-layout":"","site-content-style":"default","site-sidebar-style":"default","ast-global-header-display":"","ast-banner-title-visibility":"","ast-main-header-display":"","ast-hfb-above-header-display":"","ast-hfb-below-header-display":"","ast-hfb-mobile-header-display":"","site-post-title":"","ast-breadcrumbs-content":"","ast-featured-img":"","footer-sml-layout":"","theme-transparent-header-meta":"","adv-header-id-meta":"","stick-header-meta":"","header-above-stick-meta":"","header-main-stick-meta":"","header-below-stick-meta":"","astra-migrate-meta-layouts":"default","ast-page-background-enabled":"default","ast-page-background-meta":{"desktop":{"background-color":"var(--ast-global-color-4)","background-image":"","background-repeat":"repeat","background-position":"center center","background-size":"auto","background-attachment":"scroll","background-type":"","background-media":"","overlay-type":"","overlay-color":"","overlay-opacity":"","overlay-gradient":""},"tablet":{"background-color":"","background-image":"","background-repeat":"repeat","background-position":"center center","background-size":"auto","background-attachment":"scroll","background-type":"","background-media":"","overlay-type":"","overlay-color":"","overlay-opacity":"","overlay-gradient":""},"mobile":{"background-color":"","background-image":"","background-repeat":"repeat","background-position":"center center","background-size":"auto","background-attachment":"scroll","background-type":"","background-media":"","overlay-type":"","overlay-color":"","overlay-opacity":"","overlay-gradient":""}},"ast-content-background-meta":{"desktop":{"background-color":"var(--ast-global-color-5)","background-image":"","background-repeat":"repeat","background-position":"center center","background-size":"auto","background-attachment":"scroll","background-type":"","background-media":"","overlay-type":"","overlay-color":"","overlay-opacity":"","overlay-gradient":""},"tablet":{"background-color":"var(--ast-global-color-5)","background-image":"","background-repeat":"repeat","background-position":"center center","background-size":"auto","background-attachment":"scroll","background-type":"","background-media":"","overlay-type":"","overlay-color":"","overlay-opacity":"","overlay-gradient":""},"mobile":{"background-color":"var(--ast-global-color-5)","background-image":"","background-repeat":"repeat","background-position":"center center","background-size":"auto","background-attachment":"scroll","background-type":"","background-media":"","overlay-type":"","overlay-color":"","overlay-opacity":"","overlay-gradient":""}},"footnotes":""},"class_list":["post-2799","page","type-page","status-publish","hentry"],"post_mailing_queue_ids":[],"_links":{"self":[{"href":"https:\/\/agora.xtec.cat\/ieslesmarines\/wp-json\/wp\/v2\/pages\/2799","targetHints":{"allow":["GET"]}}],"collection":[{"href":"https:\/\/agora.xtec.cat\/ieslesmarines\/wp-json\/wp\/v2\/pages"}],"about":[{"href":"https:\/\/agora.xtec.cat\/ieslesmarines\/wp-json\/wp\/v2\/types\/page"}],"author":[{"embeddable":true,"href":"https:\/\/agora.xtec.cat\/ieslesmarines\/wp-json\/wp\/v2\/users\/1"}],"replies":[{"embeddable":true,"href":"https:\/\/agora.xtec.cat\/ieslesmarines\/wp-json\/wp\/v2\/comments?post=2799"}],"version-history":[{"count":2,"href":"https:\/\/agora.xtec.cat\/ieslesmarines\/wp-json\/wp\/v2\/pages\/2799\/revisions"}],"predecessor-version":[{"id":2808,"href":"https:\/\/agora.xtec.cat\/ieslesmarines\/wp-json\/wp\/v2\/pages\/2799\/revisions\/2808"}],"wp:attachment":[{"href":"https:\/\/agora.xtec.cat\/ieslesmarines\/wp-json\/wp\/v2\/media?parent=2799"}],"curies":[{"name":"wp","href":"https:\/\/api.w.org\/{rel}","templated":true}]}}