{"id":2647,"date":"2022-05-02T18:33:58","date_gmt":"2022-05-02T16:33:58","guid":{"rendered":"https:\/\/agora.xtec.cat\/ieslesmarines\/?page_id=2647"},"modified":"2022-05-02T18:40:12","modified_gmt":"2022-05-02T16:40:12","slug":"concurs-literari-sant-jordi-2022","status":"publish","type":"page","link":"https:\/\/agora.xtec.cat\/ieslesmarines\/concurs-literari-sant-jordi-2022\/","title":{"rendered":"Concurs literari Sant Jordi 2022"},"content":{"rendered":"<p style=\"text-align: left;\">Us oferim a continuaci\u00f3 el palmar\u00e8s amb tots els guanyadors i guanyadores del concurs literari de Sant Jordi. A aquest <a href=\"https:\/\/drive.google.com\/file\/d\/1vuRn1lkegd56Xn4loa9G6isUHZfTk_OI\/view?usp=sharing\" target=\"_blank\" rel=\"noopener\">enlla\u00e7<\/a> trobareu l\u2019opuscle on podreu gaudir llegint les obres guanyadores escrites pels nostres joves autors i autores. Enhorabona a la Marina, a la Maria, a la Carla, a l&#8217;Andrea, a l&#8217;Ainara, al Marc, a la Judith, a la Val\u00e8ria, a la J\u00falia, a l&#8217;Elsa i a la Gabriela!<\/p>\n<p>&nbsp;<\/p>\n<p style=\"text-align: left;\"><strong>1r i 2n d\u2019ESO\u00a0<\/strong><\/p>\n<p style=\"text-align: left;\"><strong>Poesia en Catal\u00e0 i Castell\u00e0\u00a0<\/strong><\/p>\n<p style=\"text-align: left;\"><em>L\u2019amistat<\/em>, de Marina Cebreros Rayas (1r ESO B)<\/p>\n<p style=\"text-align: left;\"><em>Hacia lo prohibido<\/em>, de Maria Conte Mart\u00edn (2n ESO C)<\/p>\n<p style=\"text-align: left;\"><strong>Narrativa en Catal\u00e0 i Castell\u00e0\u00a0<\/strong><\/p>\n<p style=\"text-align: left;\"><em>Qu\u00e8 va passar realment<\/em>, de Carla Buil Fern\u00e1ndez (1r ESO C)<\/p>\n<p style=\"text-align: left;\"><em>El despertar de la niebla<\/em>, d&#8217;Andrea Mateo Pandur (2n ESO C)<\/p>\n<p style=\"text-align: left;\"><strong>3r i 4t d\u2019ESO\u00a0<\/strong><\/p>\n<p style=\"text-align: left;\"><strong>Poesia en Catal\u00e0\u00a0<\/strong><\/p>\n<p style=\"text-align: left;\"><em>Ja \u00e9s primavera<\/em>, d&#8217;Ainara Correa Sancho (4t ESO C)<\/p>\n<p style=\"text-align: left;\"><strong>Narrativa en Catal\u00e0 i Castell\u00e0\u00a0<\/strong><\/p>\n<p style=\"text-align: left;\"><em>Un viatge per poder viure<\/em>, de Marc Fern\u00e1ndez Fern\u00e1ndez (4t ESO B)<\/p>\n<p style=\"text-align: left;\"><em>Las cinco perlas<\/em>, de Judith Longay Gallego (4t ESO E)<\/p>\n<p style=\"text-align: left;\"><strong>Batxillerat\u00a0<\/strong><\/p>\n<p style=\"text-align: left;\"><strong>Poesia en Catal\u00e0 i Castell\u00e0\u00a0<\/strong><\/p>\n<p style=\"text-align: left;\"><em>Rient, plorant i somiant<\/em>, de Val\u00e8ria Conte Mart\u00edn (2n Batxillerat B)<\/p>\n<p style=\"text-align: left;\"><em>En mitad del vendaval<\/em>, de J\u00falia Mart\u00ednez Rod\u00f3n (2n Batxillerat A)<\/p>\n<p style=\"text-align: left;\"><strong>Narrativa en Catal\u00e0 i Castell\u00e0\u00a0<\/strong><\/p>\n<p style=\"text-align: left;\"><em>Hoji Faule<\/em>, d&#8217;Elsa Arroyo P\u00e9rez (2n Batxillerat A)<\/p>\n<p style=\"text-align: left;\"><em>C\u00e8lia L\u00e1narez<\/em>, de Val\u00e8ria Conte Mart\u00edn (2n Batxillerat A)<\/p>\n<p style=\"text-align: left;\"><strong>Assaig de Batxillerat\u00a0<\/strong><\/p>\n<p style=\"text-align: left;\"><em>Amor<\/em>, de Gabriela D\u00edaz Olmedo (1r Batxillerat B)<\/p>\n","protected":false},"excerpt":{"rendered":"<p>Us oferim a continuaci\u00f3 el palmar\u00e8s amb tots els guanyadors i guanyadores del concurs literari de Sant Jordi. A aquest enlla\u00e7 trobareu l\u2019opuscle on podreu gaudir llegint les obres guanyadores escrites pels nostres joves autors i autores. Enhorabona a la Marina, a la Maria, a la Carla, a l&#8217;Andrea, a l&#8217;Ainara, al Marc, a la [&hellip;]<\/p>\n","protected":false},"author":1,"featured_media":0,"parent":0,"menu_order":0,"comment_status":"closed","ping_status":"closed","template":"","meta":{"_bbp_topic_count":0,"_bbp_reply_count":0,"_bbp_total_topic_count":0,"_bbp_total_reply_count":0,"_bbp_voice_count":0,"_bbp_anonymous_reply_count":0,"_bbp_topic_count_hidden":0,"_bbp_reply_count_hidden":0,"_bbp_forum_subforum_count":0,"site-sidebar-layout":"default","site-content-layout":"","ast-site-content-layout":"","site-content-style":"default","site-sidebar-style":"default","ast-global-header-display":"","ast-banner-title-visibility":"","ast-main-header-display":"","ast-hfb-above-header-display":"","ast-hfb-below-header-display":"","ast-hfb-mobile-header-display":"","site-post-title":"","ast-breadcrumbs-content":"","ast-featured-img":"","footer-sml-layout":"","theme-transparent-header-meta":"","adv-header-id-meta":"","stick-header-meta":"","header-above-stick-meta":"","header-main-stick-meta":"","header-below-stick-meta":"","astra-migrate-meta-layouts":"default","ast-page-background-enabled":"default","ast-page-background-meta":{"desktop":{"background-color":"var(--ast-global-color-4)","background-image":"","background-repeat":"repeat","background-position":"center center","background-size":"auto","background-attachment":"scroll","background-type":"","background-media":"","overlay-type":"","overlay-color":"","overlay-opacity":"","overlay-gradient":""},"tablet":{"background-color":"","background-image":"","background-repeat":"repeat","background-position":"center center","background-size":"auto","background-attachment":"scroll","background-type":"","background-media":"","overlay-type":"","overlay-color":"","overlay-opacity":"","overlay-gradient":""},"mobile":{"background-color":"","background-image":"","background-repeat":"repeat","background-position":"center center","background-size":"auto","background-attachment":"scroll","background-type":"","background-media":"","overlay-type":"","overlay-color":"","overlay-opacity":"","overlay-gradient":""}},"ast-content-background-meta":{"desktop":{"background-color":"var(--ast-global-color-5)","background-image":"","background-repeat":"repeat","background-position":"center center","background-size":"auto","background-attachment":"scroll","background-type":"","background-media":"","overlay-type":"","overlay-color":"","overlay-opacity":"","overlay-gradient":""},"tablet":{"background-color":"var(--ast-global-color-5)","background-image":"","background-repeat":"repeat","background-position":"center center","background-size":"auto","background-attachment":"scroll","background-type":"","background-media":"","overlay-type":"","overlay-color":"","overlay-opacity":"","overlay-gradient":""},"mobile":{"background-color":"var(--ast-global-color-5)","background-image":"","background-repeat":"repeat","background-position":"center center","background-size":"auto","background-attachment":"scroll","background-type":"","background-media":"","overlay-type":"","overlay-color":"","overlay-opacity":"","overlay-gradient":""}},"footnotes":""},"class_list":["post-2647","page","type-page","status-publish","hentry"],"post_mailing_queue_ids":[],"_links":{"self":[{"href":"https:\/\/agora.xtec.cat\/ieslesmarines\/wp-json\/wp\/v2\/pages\/2647","targetHints":{"allow":["GET"]}}],"collection":[{"href":"https:\/\/agora.xtec.cat\/ieslesmarines\/wp-json\/wp\/v2\/pages"}],"about":[{"href":"https:\/\/agora.xtec.cat\/ieslesmarines\/wp-json\/wp\/v2\/types\/page"}],"author":[{"embeddable":true,"href":"https:\/\/agora.xtec.cat\/ieslesmarines\/wp-json\/wp\/v2\/users\/1"}],"replies":[{"embeddable":true,"href":"https:\/\/agora.xtec.cat\/ieslesmarines\/wp-json\/wp\/v2\/comments?post=2647"}],"version-history":[{"count":2,"href":"https:\/\/agora.xtec.cat\/ieslesmarines\/wp-json\/wp\/v2\/pages\/2647\/revisions"}],"predecessor-version":[{"id":2652,"href":"https:\/\/agora.xtec.cat\/ieslesmarines\/wp-json\/wp\/v2\/pages\/2647\/revisions\/2652"}],"wp:attachment":[{"href":"https:\/\/agora.xtec.cat\/ieslesmarines\/wp-json\/wp\/v2\/media?parent=2647"}],"curies":[{"name":"wp","href":"https:\/\/api.w.org\/{rel}","templated":true}]}}