{"id":2563,"date":"2022-03-22T21:34:22","date_gmt":"2022-03-22T20:34:22","guid":{"rendered":"https:\/\/agora.xtec.cat\/ieslesmarines\/?page_id=2563"},"modified":"2022-03-25T18:08:50","modified_gmt":"2022-03-25T17:08:50","slug":"esquiada-1r-deso","status":"publish","type":"page","link":"https:\/\/agora.xtec.cat\/ieslesmarines\/esquiada-1r-deso\/","title":{"rendered":"Esquiada 1r d&#8217;ESO"},"content":{"rendered":"<p><strong>Divendres 25 de mar\u00e7<\/strong><\/p>\n<p>Ara mateix a la carretera de tornada cap a Castelldefels. Us deixem amb l&#8217;\u00e0lbum amb les fotos de l&#8217;\u00faltima jornada de neu de la qual hem gaudit esquiant a les pistes de l&#8217;estaci\u00f3 francesa de Les Angles,<\/p>\n<p><a href=\"https:\/\/photos.app.goo.gl\/st2Puhfz7SpbyQJH9\" target=\"_blank\" rel=\"noopener\">\u00c0lbum divendres 25 de mar\u00e7<\/a><\/p>\n<p>&nbsp;<\/p>\n<p><strong>Dijous 24 de mar\u00e7<\/strong><\/p>\n<p>Aquest mat\u00ed, despr\u00e9s d&#8217;un bon esmor\u00e7ar, hem tornat a creuar la frontera francesa, aquesta vegada per anar a esquiar a l&#8217;estaci\u00f3 de Font-Romeu. Ja per la tarda, passejada pel centre de Puigcerd\u00e0. Ara mateix, preparant-nos per una nit de m\u00fasica i ball a la discoteca de l&#8217;hotel!<\/p>\n<p><a href=\"https:\/\/photos.app.goo.gl\/eGDMTBE6XvjqprMj7\" target=\"_blank\" rel=\"noopener\">\u00c0lbum dijous 24 de mar\u00e7<\/a><\/p>\n<p>&nbsp;<\/p>\n<p><strong>D<\/strong><strong>imecres 23 de mar\u00e7<\/strong><\/p>\n<p>Aquest mat\u00ed, primer contacte amb la neu a l&#8217;estaci\u00f3 francesa de Les Angles. Per la tarda, passejada per Puigcerd\u00e0 i diversi\u00f3 sobre patins a la pista de gel. Ara toca recuperar forces amb un bon sopar. Aqu\u00ed teniu l&#8217;enlla\u00e7 a l&#8217;\u00e0lbum d&#8217;aquesta jornada.<\/p>\n<p><a href=\"https:\/\/photos.app.goo.gl\/EvwNRRXmzfnap5qA6\" target=\"_blank\" rel=\"noopener\">\u00c0lbum dimecres 23 de mar\u00e7<\/a><\/p>\n<p>&nbsp;<\/p>\n<p><strong>Dimarts 22 de mar\u00e7<\/strong><\/p>\n<p>Els nois i noies de 1r d&#8217;ESO i el professorat acompanyant ja hem arribat a Puigcerd\u00e0. Abans de recollir-nos a les nostres habitacions per descansar despr\u00e9s del viatge en autocar i del nostre primer sopar a l&#8217;Hotel Park (dem\u00e0 ens espera la neu), us deixem un link amb les fotos d&#8217;aquesta primera jornada de les col\u00f2nies d&#8217;esqu\u00ed.<\/p>\n<p><a href=\"https:\/\/photos.app.goo.gl\/2G5Ayny3ezKwfZQB8\" target=\"_blank\" rel=\"noopener\">\u00c0lbum autocar + primer sopar<\/a><\/p>\n","protected":false},"excerpt":{"rendered":"<p>Divendres 25 de mar\u00e7 Ara mateix a la carretera de tornada cap a Castelldefels. Us deixem amb l&#8217;\u00e0lbum amb les fotos de l&#8217;\u00faltima jornada de neu de la qual hem gaudit esquiant a les pistes de l&#8217;estaci\u00f3 francesa de Les Angles, \u00c0lbum divendres 25 de mar\u00e7 &nbsp; Dijous 24 de mar\u00e7 Aquest mat\u00ed, despr\u00e9s d&#8217;un [&hellip;]<\/p>\n","protected":false},"author":1,"featured_media":0,"parent":0,"menu_order":0,"comment_status":"closed","ping_status":"closed","template":"","meta":{"_bbp_topic_count":0,"_bbp_reply_count":0,"_bbp_total_topic_count":0,"_bbp_total_reply_count":0,"_bbp_voice_count":0,"_bbp_anonymous_reply_count":0,"_bbp_topic_count_hidden":0,"_bbp_reply_count_hidden":0,"_bbp_forum_subforum_count":0,"site-sidebar-layout":"default","site-content-layout":"","ast-site-content-layout":"","site-content-style":"default","site-sidebar-style":"default","ast-global-header-display":"","ast-banner-title-visibility":"","ast-main-header-display":"","ast-hfb-above-header-display":"","ast-hfb-below-header-display":"","ast-hfb-mobile-header-display":"","site-post-title":"","ast-breadcrumbs-content":"","ast-featured-img":"","footer-sml-layout":"","theme-transparent-header-meta":"","adv-header-id-meta":"","stick-header-meta":"","header-above-stick-meta":"","header-main-stick-meta":"","header-below-stick-meta":"","astra-migrate-meta-layouts":"default","ast-page-background-enabled":"default","ast-page-background-meta":{"desktop":{"background-color":"var(--ast-global-color-4)","background-image":"","background-repeat":"repeat","background-position":"center center","background-size":"auto","background-attachment":"scroll","background-type":"","background-media":"","overlay-type":"","overlay-color":"","overlay-opacity":"","overlay-gradient":""},"tablet":{"background-color":"","background-image":"","background-repeat":"repeat","background-position":"center center","background-size":"auto","background-attachment":"scroll","background-type":"","background-media":"","overlay-type":"","overlay-color":"","overlay-opacity":"","overlay-gradient":""},"mobile":{"background-color":"","background-image":"","background-repeat":"repeat","background-position":"center center","background-size":"auto","background-attachment":"scroll","background-type":"","background-media":"","overlay-type":"","overlay-color":"","overlay-opacity":"","overlay-gradient":""}},"ast-content-background-meta":{"desktop":{"background-color":"var(--ast-global-color-5)","background-image":"","background-repeat":"repeat","background-position":"center center","background-size":"auto","background-attachment":"scroll","background-type":"","background-media":"","overlay-type":"","overlay-color":"","overlay-opacity":"","overlay-gradient":""},"tablet":{"background-color":"var(--ast-global-color-5)","background-image":"","background-repeat":"repeat","background-position":"center center","background-size":"auto","background-attachment":"scroll","background-type":"","background-media":"","overlay-type":"","overlay-color":"","overlay-opacity":"","overlay-gradient":""},"mobile":{"background-color":"var(--ast-global-color-5)","background-image":"","background-repeat":"repeat","background-position":"center center","background-size":"auto","background-attachment":"scroll","background-type":"","background-media":"","overlay-type":"","overlay-color":"","overlay-opacity":"","overlay-gradient":""}},"footnotes":""},"class_list":["post-2563","page","type-page","status-publish","hentry"],"post_mailing_queue_ids":[],"_links":{"self":[{"href":"https:\/\/agora.xtec.cat\/ieslesmarines\/wp-json\/wp\/v2\/pages\/2563","targetHints":{"allow":["GET"]}}],"collection":[{"href":"https:\/\/agora.xtec.cat\/ieslesmarines\/wp-json\/wp\/v2\/pages"}],"about":[{"href":"https:\/\/agora.xtec.cat\/ieslesmarines\/wp-json\/wp\/v2\/types\/page"}],"author":[{"embeddable":true,"href":"https:\/\/agora.xtec.cat\/ieslesmarines\/wp-json\/wp\/v2\/users\/1"}],"replies":[{"embeddable":true,"href":"https:\/\/agora.xtec.cat\/ieslesmarines\/wp-json\/wp\/v2\/comments?post=2563"}],"version-history":[{"count":4,"href":"https:\/\/agora.xtec.cat\/ieslesmarines\/wp-json\/wp\/v2\/pages\/2563\/revisions"}],"predecessor-version":[{"id":2590,"href":"https:\/\/agora.xtec.cat\/ieslesmarines\/wp-json\/wp\/v2\/pages\/2563\/revisions\/2590"}],"wp:attachment":[{"href":"https:\/\/agora.xtec.cat\/ieslesmarines\/wp-json\/wp\/v2\/media?parent=2563"}],"curies":[{"name":"wp","href":"https:\/\/api.w.org\/{rel}","templated":true}]}}