{"id":2544,"date":"2022-03-08T23:01:14","date_gmt":"2022-03-08T22:01:14","guid":{"rendered":"https:\/\/agora.xtec.cat\/ieslesmarines\/?page_id=2544"},"modified":"2022-03-12T14:19:16","modified_gmt":"2022-03-12T13:19:16","slug":"esquiada-2n-deso","status":"publish","type":"page","link":"https:\/\/agora.xtec.cat\/ieslesmarines\/esquiada-2n-deso\/","title":{"rendered":"Esquiada 2n d&#8217;ESO"},"content":{"rendered":"<p><strong>Divendres 11 de mar\u00e7<\/strong><\/p>\n<p>Malauradament tot all\u00f2 que \u00e9s bo s&#8217;acaba, per\u00f2 abans us deixem amb els dos \u00faltims \u00e0lbums fotogr\u00e0fics d&#8217;aquestes quatre jornades d&#8217;esqu\u00ed i conviv\u00e8ncia per terres pirinenques. De ben segur, que tant els nois i noies de 2n com els profes acompanyants ens emportem un munt de records que perduraran a la nostra mem\u00f2ria.<\/p>\n<p><a href=\"https:\/\/photos.app.goo.gl\/tTjokbZVkttGSiKBA\" target=\"_blank\" rel=\"noopener\">L&#8217;\u00faltima nit<\/a><\/p>\n<p><a href=\"https:\/\/photos.app.goo.gl\/iU7jdASW6VNn2ya47\" target=\"_blank\" rel=\"noopener\">Agafant forces a Masella<\/a><\/p>\n<p>&nbsp;<\/p>\n<p><strong>Dijous 10 de mar\u00e7<\/strong><\/p>\n<p>Despr\u00e9s d&#8217;una llarga jornada d&#8217;esqu\u00ed a les pistes de l&#8217;estaci\u00f3 francesa de Font Romeu i d&#8217;una passejada al vespre per l&#8217;estany i els carrers de Puigcerd\u00e0, ja estem recollits per l&#8217;hotel, on d&#8217;aqu\u00ed a vint minutets soparem. I ja despr\u00e9s de sopar, i sense haver de moure&#8217;ns de l&#8217;hotel, arribar\u00e0 la tan esperada nit de discoteca. De moment, us deixem amb un \u00e1lbum amb les fotos d&#8217;avui.<\/p>\n<p><a href=\"https:\/\/photos.app.goo.gl\/PXSE8TuqzufHomq99\" target=\"_blank\" rel=\"noopener\">Esqu\u00ed a Font Romeu i passeig per Puigcerd\u00e0<\/a><\/p>\n<p>&nbsp;<\/p>\n<p><strong>Dimecres 9 de mar\u00e7<\/strong><\/p>\n<p>Ara mateix, tot a punt per comen\u00e7ar a sopar al nostre hotel de Puigcerd\u00e0, despr\u00e9s d&#8217;haver gaudit d&#8217;un dia intens d&#8217;esqu\u00ed a l&#8217;estaci\u00f3 francesa de Les Angles i d&#8217;una tarda on els alumnes han pogut triar entre fer patinatge sobre gel o fer un passeig pels carrers de Puigcerd\u00e0. De moment, aqu\u00ed us deixem amb l&#8217;\u00e0lbum de la jornada d&#8217;esqu\u00ed d&#8217;avui. D&#8217;aqu\u00ed a una estoneta, despr\u00e9s de sopar, afegirem les darreres fotos del dia.<\/p>\n<p><a href=\"https:\/\/photos.app.goo.gl\/BPESwP2TviAEGB5q8\" target=\"_blank\" rel=\"noopener\">Esqu\u00ed a Les Angles<\/a><\/p>\n<p><a href=\"https:\/\/photos.app.goo.gl\/Yr3Rdc1PzEAqyYEp9\" target=\"_blank\" rel=\"noopener\">Patinatge sobre gel a Puigcerd\u00e0<\/a><\/p>\n<p><a href=\"https:\/\/photos.app.goo.gl\/5J7zSVjPAEaxr2Pn9\" target=\"_blank\" rel=\"noopener\">Un tomb per Puigcerd\u00e0<\/a><\/p>\n<p>&nbsp;<\/p>\n<p><strong>Dimarts 8 de mar\u00e7<\/strong><\/p>\n<p>Despr\u00e9s de gaireb\u00e9 tres hores de viatge en autocar, els 93 alumnes de 2n ES0 i els profes acompanyants ja hem arribat a Puigcerd\u00e0. Una vegada recollit tot el material que necessitarem per esquiar els propers dies, ens hem instalat a les nostres habitacions de l&#8217;Hotel Park i hem baixat a sopar.\u00a0 Aquesta primera jornada ha estat breu per\u00f2 intensa. Us deixem amb el primer dels \u00e0lbums fotogr\u00e0fics que anirem penjant al llarg d&#8217;aquests dies:<\/p>\n<p><a href=\"https:\/\/photos.app.goo.gl\/4VNiDVgvsNAb7DDy9\" target=\"_blank\" rel=\"noopener\">Fotos dimarts 8 de mar\u00e7<\/a><\/p>\n<p>&nbsp;<\/p>\n","protected":false},"excerpt":{"rendered":"<p>Divendres 11 de mar\u00e7 Malauradament tot all\u00f2 que \u00e9s bo s&#8217;acaba, per\u00f2 abans us deixem amb els dos \u00faltims \u00e0lbums fotogr\u00e0fics d&#8217;aquestes quatre jornades d&#8217;esqu\u00ed i conviv\u00e8ncia per terres pirinenques. De ben segur, que tant els nois i noies de 2n com els profes acompanyants ens emportem un munt de records que perduraran a la [&hellip;]<\/p>\n","protected":false},"author":1,"featured_media":0,"parent":0,"menu_order":0,"comment_status":"closed","ping_status":"closed","template":"","meta":{"_bbp_topic_count":0,"_bbp_reply_count":0,"_bbp_total_topic_count":0,"_bbp_total_reply_count":0,"_bbp_voice_count":0,"_bbp_anonymous_reply_count":0,"_bbp_topic_count_hidden":0,"_bbp_reply_count_hidden":0,"_bbp_forum_subforum_count":0,"site-sidebar-layout":"default","site-content-layout":"","ast-site-content-layout":"","site-content-style":"default","site-sidebar-style":"default","ast-global-header-display":"","ast-banner-title-visibility":"","ast-main-header-display":"","ast-hfb-above-header-display":"","ast-hfb-below-header-display":"","ast-hfb-mobile-header-display":"","site-post-title":"","ast-breadcrumbs-content":"","ast-featured-img":"","footer-sml-layout":"","theme-transparent-header-meta":"","adv-header-id-meta":"","stick-header-meta":"","header-above-stick-meta":"","header-main-stick-meta":"","header-below-stick-meta":"","astra-migrate-meta-layouts":"default","ast-page-background-enabled":"default","ast-page-background-meta":{"desktop":{"background-color":"var(--ast-global-color-4)","background-image":"","background-repeat":"repeat","background-position":"center center","background-size":"auto","background-attachment":"scroll","background-type":"","background-media":"","overlay-type":"","overlay-color":"","overlay-opacity":"","overlay-gradient":""},"tablet":{"background-color":"","background-image":"","background-repeat":"repeat","background-position":"center center","background-size":"auto","background-attachment":"scroll","background-type":"","background-media":"","overlay-type":"","overlay-color":"","overlay-opacity":"","overlay-gradient":""},"mobile":{"background-color":"","background-image":"","background-repeat":"repeat","background-position":"center center","background-size":"auto","background-attachment":"scroll","background-type":"","background-media":"","overlay-type":"","overlay-color":"","overlay-opacity":"","overlay-gradient":""}},"ast-content-background-meta":{"desktop":{"background-color":"var(--ast-global-color-5)","background-image":"","background-repeat":"repeat","background-position":"center center","background-size":"auto","background-attachment":"scroll","background-type":"","background-media":"","overlay-type":"","overlay-color":"","overlay-opacity":"","overlay-gradient":""},"tablet":{"background-color":"var(--ast-global-color-5)","background-image":"","background-repeat":"repeat","background-position":"center center","background-size":"auto","background-attachment":"scroll","background-type":"","background-media":"","overlay-type":"","overlay-color":"","overlay-opacity":"","overlay-gradient":""},"mobile":{"background-color":"var(--ast-global-color-5)","background-image":"","background-repeat":"repeat","background-position":"center center","background-size":"auto","background-attachment":"scroll","background-type":"","background-media":"","overlay-type":"","overlay-color":"","overlay-opacity":"","overlay-gradient":""}},"footnotes":""},"class_list":["post-2544","page","type-page","status-publish","hentry"],"post_mailing_queue_ids":[],"_links":{"self":[{"href":"https:\/\/agora.xtec.cat\/ieslesmarines\/wp-json\/wp\/v2\/pages\/2544","targetHints":{"allow":["GET"]}}],"collection":[{"href":"https:\/\/agora.xtec.cat\/ieslesmarines\/wp-json\/wp\/v2\/pages"}],"about":[{"href":"https:\/\/agora.xtec.cat\/ieslesmarines\/wp-json\/wp\/v2\/types\/page"}],"author":[{"embeddable":true,"href":"https:\/\/agora.xtec.cat\/ieslesmarines\/wp-json\/wp\/v2\/users\/1"}],"replies":[{"embeddable":true,"href":"https:\/\/agora.xtec.cat\/ieslesmarines\/wp-json\/wp\/v2\/comments?post=2544"}],"version-history":[{"count":3,"href":"https:\/\/agora.xtec.cat\/ieslesmarines\/wp-json\/wp\/v2\/pages\/2544\/revisions"}],"predecessor-version":[{"id":2560,"href":"https:\/\/agora.xtec.cat\/ieslesmarines\/wp-json\/wp\/v2\/pages\/2544\/revisions\/2560"}],"wp:attachment":[{"href":"https:\/\/agora.xtec.cat\/ieslesmarines\/wp-json\/wp\/v2\/media?parent=2544"}],"curies":[{"name":"wp","href":"https:\/\/api.w.org\/{rel}","templated":true}]}}