{"id":2531,"date":"2022-02-28T10:45:55","date_gmt":"2022-02-28T09:45:55","guid":{"rendered":"https:\/\/agora.xtec.cat\/ieslesmarines\/?page_id=2531"},"modified":"2022-02-28T10:45:55","modified_gmt":"2022-02-28T09:45:55","slug":"carnestoltes-2022","status":"publish","type":"page","link":"https:\/\/agora.xtec.cat\/ieslesmarines\/carnestoltes-2022\/","title":{"rendered":"Carnestoltes 2022"},"content":{"rendered":"<p>Cliqueu els enlla\u00e7os per veure els \u00e0lbums amb les fotos del Carnestoltes:<\/p>\n<p><a href=\"https:\/\/photos.app.goo.gl\/q7DbYrG8AcJTPv8z6\" target=\"_blank\" rel=\"noopener\">Dilluns: alguna cosa al cap haur\u00e0s de portar<\/a><\/p>\n<p><a href=\"https:\/\/photos.app.goo.gl\/DgWopKshD9qcnJuf8\" target=\"_blank\" rel=\"noopener\">Dimarts: tota la classe d&#8217;un color es vestir\u00e0<\/a><\/p>\n<p><a href=\"https:\/\/photos.app.goo.gl\/8gu5FRHJjMo8yXVB6\" target=\"_blank\" rel=\"noopener\">Dimecres: vindr\u00e0s vestit com si anessis al llit<\/a><\/p>\n<p><a href=\"https:\/\/photos.app.goo.gl\/x28GgFDKAvbdyZ6D8\" target=\"_blank\" rel=\"noopener\">Dijous: pel dia de gala, elegant haur\u00e0s de venir<\/a><\/p>\n<p><a href=\"https:\/\/photos.app.goo.gl\/TAYUwJyoMcTu36au5\" target=\"_blank\" rel=\"noopener\">Divendres: disfresses i festa!<\/a><\/p>\n","protected":false},"excerpt":{"rendered":"<p>Cliqueu els enlla\u00e7os per veure els \u00e0lbums amb les fotos del Carnestoltes: Dilluns: alguna cosa al cap haur\u00e0s de portar Dimarts: tota la classe d&#8217;un color es vestir\u00e0 Dimecres: vindr\u00e0s vestit com si anessis al llit Dijous: pel dia de gala, elegant haur\u00e0s de venir Divendres: disfresses i festa!<\/p>\n","protected":false},"author":1,"featured_media":0,"parent":0,"menu_order":0,"comment_status":"closed","ping_status":"closed","template":"","meta":{"_bbp_topic_count":0,"_bbp_reply_count":0,"_bbp_total_topic_count":0,"_bbp_total_reply_count":0,"_bbp_voice_count":0,"_bbp_anonymous_reply_count":0,"_bbp_topic_count_hidden":0,"_bbp_reply_count_hidden":0,"_bbp_forum_subforum_count":0,"site-sidebar-layout":"default","site-content-layout":"","ast-site-content-layout":"","site-content-style":"default","site-sidebar-style":"default","ast-global-header-display":"","ast-banner-title-visibility":"","ast-main-header-display":"","ast-hfb-above-header-display":"","ast-hfb-below-header-display":"","ast-hfb-mobile-header-display":"","site-post-title":"","ast-breadcrumbs-content":"","ast-featured-img":"","footer-sml-layout":"","theme-transparent-header-meta":"","adv-header-id-meta":"","stick-header-meta":"","header-above-stick-meta":"","header-main-stick-meta":"","header-below-stick-meta":"","astra-migrate-meta-layouts":"default","ast-page-background-enabled":"default","ast-page-background-meta":{"desktop":{"background-color":"var(--ast-global-color-4)","background-image":"","background-repeat":"repeat","background-position":"center center","background-size":"auto","background-attachment":"scroll","background-type":"","background-media":"","overlay-type":"","overlay-color":"","overlay-opacity":"","overlay-gradient":""},"tablet":{"background-color":"","background-image":"","background-repeat":"repeat","background-position":"center center","background-size":"auto","background-attachment":"scroll","background-type":"","background-media":"","overlay-type":"","overlay-color":"","overlay-opacity":"","overlay-gradient":""},"mobile":{"background-color":"","background-image":"","background-repeat":"repeat","background-position":"center center","background-size":"auto","background-attachment":"scroll","background-type":"","background-media":"","overlay-type":"","overlay-color":"","overlay-opacity":"","overlay-gradient":""}},"ast-content-background-meta":{"desktop":{"background-color":"var(--ast-global-color-5)","background-image":"","background-repeat":"repeat","background-position":"center center","background-size":"auto","background-attachment":"scroll","background-type":"","background-media":"","overlay-type":"","overlay-color":"","overlay-opacity":"","overlay-gradient":""},"tablet":{"background-color":"var(--ast-global-color-5)","background-image":"","background-repeat":"repeat","background-position":"center center","background-size":"auto","background-attachment":"scroll","background-type":"","background-media":"","overlay-type":"","overlay-color":"","overlay-opacity":"","overlay-gradient":""},"mobile":{"background-color":"var(--ast-global-color-5)","background-image":"","background-repeat":"repeat","background-position":"center center","background-size":"auto","background-attachment":"scroll","background-type":"","background-media":"","overlay-type":"","overlay-color":"","overlay-opacity":"","overlay-gradient":""}},"footnotes":""},"class_list":["post-2531","page","type-page","status-publish","hentry"],"post_mailing_queue_ids":[],"_links":{"self":[{"href":"https:\/\/agora.xtec.cat\/ieslesmarines\/wp-json\/wp\/v2\/pages\/2531","targetHints":{"allow":["GET"]}}],"collection":[{"href":"https:\/\/agora.xtec.cat\/ieslesmarines\/wp-json\/wp\/v2\/pages"}],"about":[{"href":"https:\/\/agora.xtec.cat\/ieslesmarines\/wp-json\/wp\/v2\/types\/page"}],"author":[{"embeddable":true,"href":"https:\/\/agora.xtec.cat\/ieslesmarines\/wp-json\/wp\/v2\/users\/1"}],"replies":[{"embeddable":true,"href":"https:\/\/agora.xtec.cat\/ieslesmarines\/wp-json\/wp\/v2\/comments?post=2531"}],"version-history":[{"count":1,"href":"https:\/\/agora.xtec.cat\/ieslesmarines\/wp-json\/wp\/v2\/pages\/2531\/revisions"}],"predecessor-version":[{"id":2532,"href":"https:\/\/agora.xtec.cat\/ieslesmarines\/wp-json\/wp\/v2\/pages\/2531\/revisions\/2532"}],"wp:attachment":[{"href":"https:\/\/agora.xtec.cat\/ieslesmarines\/wp-json\/wp\/v2\/media?parent=2531"}],"curies":[{"name":"wp","href":"https:\/\/api.w.org\/{rel}","templated":true}]}}