{"id":2436,"date":"2022-01-23T20:24:08","date_gmt":"2022-01-23T19:24:08","guid":{"rendered":"https:\/\/agora.xtec.cat\/ieslesmarines\/?page_id=2436"},"modified":"2022-01-23T20:29:35","modified_gmt":"2022-01-23T19:29:35","slug":"escape-room-la-casa-de-bernarda-alba-4t-deso","status":"publish","type":"page","link":"https:\/\/agora.xtec.cat\/ieslesmarines\/escape-room-la-casa-de-bernarda-alba-4t-deso\/","title":{"rendered":"Escape Room &#8220;La casa de Bernarda Alba&#8221; (4t d\u2019ESO)"},"content":{"rendered":"<p><a href=\"https:\/\/photos.app.goo.gl\/zx6ZrFUHGYeCjaKo8\" target=\"_blank\" rel=\"noopener\"><img loading=\"lazy\" decoding=\"async\" class=\"alignnone wp-image-2437\" src=\"https:\/\/agora.xtec.cat\/ieslesmarines\/wp-content\/uploads\/usu619\/2022\/01\/IMG_20211217_142624-1-1024x575.jpg\" alt=\"\" width=\"595\" height=\"334\" srcset=\"https:\/\/agora.xtec.cat\/ieslesmarines\/wp-content\/uploads\/usu619\/2022\/01\/IMG_20211217_142624-1-1024x575.jpg 1024w, https:\/\/agora.xtec.cat\/ieslesmarines\/wp-content\/uploads\/usu619\/2022\/01\/IMG_20211217_142624-1-300x169.jpg 300w, https:\/\/agora.xtec.cat\/ieslesmarines\/wp-content\/uploads\/usu619\/2022\/01\/IMG_20211217_142624-1-768x432.jpg 768w, https:\/\/agora.xtec.cat\/ieslesmarines\/wp-content\/uploads\/usu619\/2022\/01\/IMG_20211217_142624-1-1536x863.jpg 1536w, https:\/\/agora.xtec.cat\/ieslesmarines\/wp-content\/uploads\/usu619\/2022\/01\/IMG_20211217_142624-1-2048x1151.jpg 2048w\" sizes=\"auto, (max-width: 595px) 100vw, 595px\" \/><\/a><\/p>\n<p><span style=\"font-weight: 400;\">El divendres 17 de desembre i el dimecres 12 de gener els diferents grups de 4t d\u2019ESO van gaudir de l\u2019<\/span><i><span style=\"font-weight: 400;\">escape room<\/span><\/i><span style=\"font-weight: 400;\"> de <\/span><i><span style=\"font-weight: 400;\">La casa de Bernarda Alba. <\/span><\/i><span style=\"font-weight: 400;\">La famosa trag\u00e8dia de Federico Garc\u00eda Lorca va ser llegida i treballada pr\u00e8viament per la classe.\u00a0<\/span><\/p>\n<p><span style=\"font-weight: 400;\">L\u2019alumnat s\u2019ho va passar molt b\u00e9, va participar positivament en l\u2019activitat i va aprofundir en el coneixement de <\/span><i><span style=\"font-weight: 400;\">La casa de Bernarda Alba.\u00a0<\/span><\/i><span style=\"font-weight: 400;\">A aquest <a href=\"https:\/\/photos.app.goo.gl\/zx6ZrFUHGYeCjaKo8\" target=\"_blank\" rel=\"noopener\">enlla\u00e7<\/a> trobar\u00e0s l&#8217;\u00e0lbum amb una selecci\u00f3 de fotografies d&#8217;aquesta escape room.<\/span><\/p>\n<p><span style=\"font-weight: 400;\">L\u2019<\/span><i><span style=\"font-weight: 400;\">escape room <\/span><\/i><span style=\"font-weight: 400;\">\u00e9s una activitat que motiva els alumnes a fer una lectura atenta de l&#8217;obra, que promou el treball en equip i la competici\u00f3 sana entre grups i que afavoreix la retenci\u00f3 a llarg termini dels coneixements adquirits sobre la pe\u00e7a teatral. La gamificaci\u00f3 \u00e9s un bon recurs per interessar a l&#8217;alumnat per la literatura i per afavorir la interioritzaci\u00f3 i l&#8217;assimilaci\u00f3 de conceptes.<\/span><\/p>\n<p><span style=\"font-weight: 400;\">DESCRIPCI\u00d3<\/span><\/p>\n<p><span style=\"font-weight: 400;\">Ning\u00fa no pot sortir de la casa de Bernarda Alba: aix\u00ed ho va decretar la matriarca despr\u00e9s de la mort del seu segon marit imposant a les seves cinc filles un rigor\u00f3s dol de vuit anys. Per\u00f2 alg\u00fa m\u00e9s ha quedat tancat a la casa per error &#8230; Un lladre que ha entrat aprofitant el descuit d&#8217;una de les criades: un lladre que s&#8217;ha amagat al pati, emparat per la foscor de la nit, i que ara no sap com sortir sense ser descobert. I si l&#8217; \u00fanica fugida possible pass\u00e9s per la resoluci\u00f3 d&#8217;uns enigmes relacionats amb els secrets de la fam\u00edlia? I si faltessin tan sols 60 minuts per a la sortida del sol?<\/span><\/p>\n<p><span style=\"font-weight: 400;\">Una <\/span><i><span style=\"font-weight: 400;\">escape room<\/span><\/i><span style=\"font-weight: 400;\"> pensada perqu\u00e8 els alumnes visquin en primera persona les viv\u00e8ncies de <\/span><i><span style=\"font-weight: 400;\">La casa de Bernarda Alba<\/span><\/i><span style=\"font-weight: 400;\">, perqu\u00e8 aprofundeixin en la seva lectura i se sentin motivats a con\u00e8ixer fins a l&#8217;\u00faltim detall. Una activitat centrada en els secrets de cadascun dels membres de la casa. Aconseguiran les germanes alliberar-se dels designis de la seva mare? Aconseguiran els alumnes fugir abans que el cant del gall deixi al descobert el seu amagatall?<\/span><\/p>\n<p><a href=\"https:\/\/www.actividadeseducativas.es\/escape-room-sobre-la-casa-de-bernarda-alba-a-94-ca\"><span style=\"font-weight: 400;\">https:\/\/www.actividadeseducativas.es\/escape-room-sobre-la-casa-de-bernarda-alba-a-94-ca<\/span><\/a><\/p>\n","protected":false},"excerpt":{"rendered":"<p>El divendres 17 de desembre i el dimecres 12 de gener els diferents grups de 4t d\u2019ESO van gaudir de l\u2019escape room de La casa de Bernarda Alba. La famosa trag\u00e8dia de Federico Garc\u00eda Lorca va ser llegida i treballada pr\u00e8viament per la classe.\u00a0 L\u2019alumnat s\u2019ho va passar molt b\u00e9, va participar positivament en l\u2019activitat [&hellip;]<\/p>\n","protected":false},"author":1,"featured_media":0,"parent":0,"menu_order":0,"comment_status":"closed","ping_status":"closed","template":"","meta":{"_bbp_topic_count":0,"_bbp_reply_count":0,"_bbp_total_topic_count":0,"_bbp_total_reply_count":0,"_bbp_voice_count":0,"_bbp_anonymous_reply_count":0,"_bbp_topic_count_hidden":0,"_bbp_reply_count_hidden":0,"_bbp_forum_subforum_count":0,"site-sidebar-layout":"default","site-content-layout":"","ast-site-content-layout":"","site-content-style":"default","site-sidebar-style":"default","ast-global-header-display":"","ast-banner-title-visibility":"","ast-main-header-display":"","ast-hfb-above-header-display":"","ast-hfb-below-header-display":"","ast-hfb-mobile-header-display":"","site-post-title":"","ast-breadcrumbs-content":"","ast-featured-img":"","footer-sml-layout":"","theme-transparent-header-meta":"","adv-header-id-meta":"","stick-header-meta":"","header-above-stick-meta":"","header-main-stick-meta":"","header-below-stick-meta":"","astra-migrate-meta-layouts":"default","ast-page-background-enabled":"default","ast-page-background-meta":{"desktop":{"background-color":"var(--ast-global-color-4)","background-image":"","background-repeat":"repeat","background-position":"center center","background-size":"auto","background-attachment":"scroll","background-type":"","background-media":"","overlay-type":"","overlay-color":"","overlay-opacity":"","overlay-gradient":""},"tablet":{"background-color":"","background-image":"","background-repeat":"repeat","background-position":"center center","background-size":"auto","background-attachment":"scroll","background-type":"","background-media":"","overlay-type":"","overlay-color":"","overlay-opacity":"","overlay-gradient":""},"mobile":{"background-color":"","background-image":"","background-repeat":"repeat","background-position":"center center","background-size":"auto","background-attachment":"scroll","background-type":"","background-media":"","overlay-type":"","overlay-color":"","overlay-opacity":"","overlay-gradient":""}},"ast-content-background-meta":{"desktop":{"background-color":"var(--ast-global-color-5)","background-image":"","background-repeat":"repeat","background-position":"center center","background-size":"auto","background-attachment":"scroll","background-type":"","background-media":"","overlay-type":"","overlay-color":"","overlay-opacity":"","overlay-gradient":""},"tablet":{"background-color":"var(--ast-global-color-5)","background-image":"","background-repeat":"repeat","background-position":"center center","background-size":"auto","background-attachment":"scroll","background-type":"","background-media":"","overlay-type":"","overlay-color":"","overlay-opacity":"","overlay-gradient":""},"mobile":{"background-color":"var(--ast-global-color-5)","background-image":"","background-repeat":"repeat","background-position":"center center","background-size":"auto","background-attachment":"scroll","background-type":"","background-media":"","overlay-type":"","overlay-color":"","overlay-opacity":"","overlay-gradient":""}},"footnotes":""},"class_list":["post-2436","page","type-page","status-publish","hentry"],"post_mailing_queue_ids":[],"_links":{"self":[{"href":"https:\/\/agora.xtec.cat\/ieslesmarines\/wp-json\/wp\/v2\/pages\/2436","targetHints":{"allow":["GET"]}}],"collection":[{"href":"https:\/\/agora.xtec.cat\/ieslesmarines\/wp-json\/wp\/v2\/pages"}],"about":[{"href":"https:\/\/agora.xtec.cat\/ieslesmarines\/wp-json\/wp\/v2\/types\/page"}],"author":[{"embeddable":true,"href":"https:\/\/agora.xtec.cat\/ieslesmarines\/wp-json\/wp\/v2\/users\/1"}],"replies":[{"embeddable":true,"href":"https:\/\/agora.xtec.cat\/ieslesmarines\/wp-json\/wp\/v2\/comments?post=2436"}],"version-history":[{"count":2,"href":"https:\/\/agora.xtec.cat\/ieslesmarines\/wp-json\/wp\/v2\/pages\/2436\/revisions"}],"predecessor-version":[{"id":2442,"href":"https:\/\/agora.xtec.cat\/ieslesmarines\/wp-json\/wp\/v2\/pages\/2436\/revisions\/2442"}],"wp:attachment":[{"href":"https:\/\/agora.xtec.cat\/ieslesmarines\/wp-json\/wp\/v2\/media?parent=2436"}],"curies":[{"name":"wp","href":"https:\/\/api.w.org\/{rel}","templated":true}]}}