{"id":2425,"date":"2022-01-13T19:11:26","date_gmt":"2022-01-13T18:11:26","guid":{"rendered":"https:\/\/agora.xtec.cat\/ieslesmarines\/?page_id=2425"},"modified":"2022-01-13T19:11:26","modified_gmt":"2022-01-13T18:11:26","slug":"disseny-dun-objecte-funcional","status":"publish","type":"page","link":"https:\/\/agora.xtec.cat\/ieslesmarines\/disseny-dun-objecte-funcional\/","title":{"rendered":"Disseny d&#8217;un objecte funcional"},"content":{"rendered":"<p><a href=\"https:\/\/agora.xtec.cat\/ieslesmarines\/wp-content\/uploads\/usu619\/2022\/01\/FOTO-1.jpg\"><img loading=\"lazy\" decoding=\"async\" class=\"alignnone size-large wp-image-2426\" src=\"https:\/\/agora.xtec.cat\/ieslesmarines\/wp-content\/uploads\/usu619\/2022\/01\/FOTO-1-1024x357.jpg\" alt=\"\" width=\"1024\" height=\"357\" srcset=\"https:\/\/agora.xtec.cat\/ieslesmarines\/wp-content\/uploads\/usu619\/2022\/01\/FOTO-1-1024x357.jpg 1024w, https:\/\/agora.xtec.cat\/ieslesmarines\/wp-content\/uploads\/usu619\/2022\/01\/FOTO-1-300x105.jpg 300w, https:\/\/agora.xtec.cat\/ieslesmarines\/wp-content\/uploads\/usu619\/2022\/01\/FOTO-1-768x268.jpg 768w, https:\/\/agora.xtec.cat\/ieslesmarines\/wp-content\/uploads\/usu619\/2022\/01\/FOTO-1.jpg 1183w\" sizes=\"auto, (max-width: 1024px) 100vw, 1024px\" \/><\/a><\/p>\n<div>\n<p><span style=\"font-weight: 400;\">Des de l&#8217;optativa de Visual i pl\u00e0stica de 4rt hem realitzat el disseny d&#8217;un objecte funcional.<\/span><\/p>\n<p><span style=\"font-weight: 400;\">Hem dissenyat un espai funcional per a una de les pistes interiors del pati (la pista de futbol). La idea ha consistit a realitzar un objecte amb un disseny funcional on els alumnes puguin passar m\u00e9s temps d&#8217;oci i gaudiment al pati.<\/span><\/p>\n<p><span style=\"font-weight: 400;\">Hem treballat diferents vistes del sistema di\u00e8dric, la perspectiva isom\u00e8trica, les escales en el pl\u00e0nol i maquetes en 3D, aix\u00ed com el fotomuntatge i les revistes digitals.<\/span><\/p>\n<p><span style=\"font-weight: 400;\">Pots veure algunes de les propostes en aquests links!!!<\/span><\/p>\n<p><span style=\"font-weight: 400;\"><a href=\"https:\/\/www.flipsnack.com\/aitanatejeramagazine\/disseny-d-un-objecte-funcional.html\" target=\"_blank\" rel=\"noopener\">disseny 1 \u00a0 <\/a>\u00a0<a href=\"https:\/\/www.flipsnack.com\/FA66D899E8C\/revista-plastica.html\" target=\"_blank\" rel=\"noopener\">disseny 2<\/a>\u00a0 \u00a0 \u00a0<a href=\"https:\/\/www.flipsnack.com\/candelacases\/disseny-d-un-objecte-funcional.html\" target=\"_blank\" rel=\"noopener\">disseny 3<\/a>\u00a0 \u00a0 <a href=\"https:\/\/www.flipsnack.com\/8DD66CBBDC9\/disseny-d-un-objecte-funcional.html\" target=\"_blank\" rel=\"noopener\">\u00a0disseny 4<\/a>\u00a0 \u00a0 \u00a0<a href=\"https:\/\/app.flipsnack.com\/editor\/7xjqnuxwb1\" target=\"_blank\" rel=\"noopener\">disseny 5<\/a>\u00a0 \u00a0 \u00a0<a href=\"https:\/\/www.flipsnack.com\/janawor\/new-flipbook.html\" target=\"_blank\" rel=\"noopener\">disseny 6<\/a>\u00a0 \u00a0 <a href=\"https:\/\/www.flipsnack.com\/lucreziazieg\/revista-pl-stica-objecte-funcional.html\" target=\"_blank\" rel=\"noopener\">disseny 7<\/a><\/span><\/p>\n<p>&nbsp;<\/p>\n<\/div>\n","protected":false},"excerpt":{"rendered":"<p>Des de l&#8217;optativa de Visual i pl\u00e0stica de 4rt hem realitzat el disseny d&#8217;un objecte funcional. Hem dissenyat un espai funcional per a una de les pistes interiors del pati (la pista de futbol). La idea ha consistit a realitzar un objecte amb un disseny funcional on els alumnes puguin passar m\u00e9s temps d&#8217;oci i [&hellip;]<\/p>\n","protected":false},"author":1,"featured_media":0,"parent":0,"menu_order":0,"comment_status":"closed","ping_status":"closed","template":"","meta":{"_bbp_topic_count":0,"_bbp_reply_count":0,"_bbp_total_topic_count":0,"_bbp_total_reply_count":0,"_bbp_voice_count":0,"_bbp_anonymous_reply_count":0,"_bbp_topic_count_hidden":0,"_bbp_reply_count_hidden":0,"_bbp_forum_subforum_count":0,"site-sidebar-layout":"default","site-content-layout":"","ast-site-content-layout":"","site-content-style":"default","site-sidebar-style":"default","ast-global-header-display":"","ast-banner-title-visibility":"","ast-main-header-display":"","ast-hfb-above-header-display":"","ast-hfb-below-header-display":"","ast-hfb-mobile-header-display":"","site-post-title":"","ast-breadcrumbs-content":"","ast-featured-img":"","footer-sml-layout":"","theme-transparent-header-meta":"","adv-header-id-meta":"","stick-header-meta":"","header-above-stick-meta":"","header-main-stick-meta":"","header-below-stick-meta":"","astra-migrate-meta-layouts":"default","ast-page-background-enabled":"default","ast-page-background-meta":{"desktop":{"background-color":"var(--ast-global-color-4)","background-image":"","background-repeat":"repeat","background-position":"center center","background-size":"auto","background-attachment":"scroll","background-type":"","background-media":"","overlay-type":"","overlay-color":"","overlay-opacity":"","overlay-gradient":""},"tablet":{"background-color":"","background-image":"","background-repeat":"repeat","background-position":"center center","background-size":"auto","background-attachment":"scroll","background-type":"","background-media":"","overlay-type":"","overlay-color":"","overlay-opacity":"","overlay-gradient":""},"mobile":{"background-color":"","background-image":"","background-repeat":"repeat","background-position":"center center","background-size":"auto","background-attachment":"scroll","background-type":"","background-media":"","overlay-type":"","overlay-color":"","overlay-opacity":"","overlay-gradient":""}},"ast-content-background-meta":{"desktop":{"background-color":"var(--ast-global-color-5)","background-image":"","background-repeat":"repeat","background-position":"center center","background-size":"auto","background-attachment":"scroll","background-type":"","background-media":"","overlay-type":"","overlay-color":"","overlay-opacity":"","overlay-gradient":""},"tablet":{"background-color":"var(--ast-global-color-5)","background-image":"","background-repeat":"repeat","background-position":"center center","background-size":"auto","background-attachment":"scroll","background-type":"","background-media":"","overlay-type":"","overlay-color":"","overlay-opacity":"","overlay-gradient":""},"mobile":{"background-color":"var(--ast-global-color-5)","background-image":"","background-repeat":"repeat","background-position":"center center","background-size":"auto","background-attachment":"scroll","background-type":"","background-media":"","overlay-type":"","overlay-color":"","overlay-opacity":"","overlay-gradient":""}},"footnotes":""},"class_list":["post-2425","page","type-page","status-publish","hentry"],"post_mailing_queue_ids":[],"_links":{"self":[{"href":"https:\/\/agora.xtec.cat\/ieslesmarines\/wp-json\/wp\/v2\/pages\/2425","targetHints":{"allow":["GET"]}}],"collection":[{"href":"https:\/\/agora.xtec.cat\/ieslesmarines\/wp-json\/wp\/v2\/pages"}],"about":[{"href":"https:\/\/agora.xtec.cat\/ieslesmarines\/wp-json\/wp\/v2\/types\/page"}],"author":[{"embeddable":true,"href":"https:\/\/agora.xtec.cat\/ieslesmarines\/wp-json\/wp\/v2\/users\/1"}],"replies":[{"embeddable":true,"href":"https:\/\/agora.xtec.cat\/ieslesmarines\/wp-json\/wp\/v2\/comments?post=2425"}],"version-history":[{"count":1,"href":"https:\/\/agora.xtec.cat\/ieslesmarines\/wp-json\/wp\/v2\/pages\/2425\/revisions"}],"predecessor-version":[{"id":2427,"href":"https:\/\/agora.xtec.cat\/ieslesmarines\/wp-json\/wp\/v2\/pages\/2425\/revisions\/2427"}],"wp:attachment":[{"href":"https:\/\/agora.xtec.cat\/ieslesmarines\/wp-json\/wp\/v2\/media?parent=2425"}],"curies":[{"name":"wp","href":"https:\/\/api.w.org\/{rel}","templated":true}]}}