{"id":2374,"date":"2021-12-15T13:31:05","date_gmt":"2021-12-15T12:31:05","guid":{"rendered":"https:\/\/agora.xtec.cat\/ieslesmarines\/?page_id=2374"},"modified":"2021-12-15T13:35:29","modified_gmt":"2021-12-15T12:35:29","slug":"practiques-electronica-4t-eso","status":"publish","type":"page","link":"https:\/\/agora.xtec.cat\/ieslesmarines\/practiques-electronica-4t-eso\/","title":{"rendered":"Pr\u00e0ctiques electr\u00f2nica (4t ESO)"},"content":{"rendered":"<div><a href=\"https:\/\/agora.xtec.cat\/ieslesmarines\/wp-content\/uploads\/usu619\/2021\/12\/Screenshot-43.png\"><img loading=\"lazy\" decoding=\"async\" class=\"alignnone wp-image-2375\" src=\"https:\/\/agora.xtec.cat\/ieslesmarines\/wp-content\/uploads\/usu619\/2021\/12\/Screenshot-43-1024x670.png\" alt=\"\" width=\"534\" height=\"349\" srcset=\"https:\/\/agora.xtec.cat\/ieslesmarines\/wp-content\/uploads\/usu619\/2021\/12\/Screenshot-43-1024x670.png 1024w, https:\/\/agora.xtec.cat\/ieslesmarines\/wp-content\/uploads\/usu619\/2021\/12\/Screenshot-43-300x196.png 300w, https:\/\/agora.xtec.cat\/ieslesmarines\/wp-content\/uploads\/usu619\/2021\/12\/Screenshot-43-768x502.png 768w, https:\/\/agora.xtec.cat\/ieslesmarines\/wp-content\/uploads\/usu619\/2021\/12\/Screenshot-43.png 1035w\" sizes=\"auto, (max-width: 534px) 100vw, 534px\" \/><\/a><\/div>\n<div><\/div>\n<div><\/div>\n<div>Els alumnes de quart d&#8217;ESO de l&#8217;espec\u00edfica de Tecnologia hem fet les nostres primeres pr\u00e0ctiques amb circuits electr\u00f2nics.<\/div>\n<div>Hem apr\u00e9s a fer el disseny, el muntatge i a fer servir els diferents components estudiats. Totes les pr\u00e0ctiques ens han ajudat a comen\u00e7ar a entendre i a endinsar-nos en un m\u00f3n desconegut per nosaltres fins ara, el de l&#8217;electr\u00f2nica!. A aquest <a href=\"https:\/\/youtu.be\/2_EH_okw-fg\" target=\"_blank\" rel=\"noopener\">link<\/a> podreu veure el v\u00eddeo que hem fet sobre aquestes pr\u00e0ctiques.<\/div>\n","protected":false},"excerpt":{"rendered":"<p>Els alumnes de quart d&#8217;ESO de l&#8217;espec\u00edfica de Tecnologia hem fet les nostres primeres pr\u00e0ctiques amb circuits electr\u00f2nics. Hem apr\u00e9s a fer el disseny, el muntatge i a fer servir els diferents components estudiats. Totes les pr\u00e0ctiques ens han ajudat a comen\u00e7ar a entendre i a endinsar-nos en un m\u00f3n desconegut per nosaltres fins ara, [&hellip;]<\/p>\n","protected":false},"author":1,"featured_media":0,"parent":0,"menu_order":0,"comment_status":"closed","ping_status":"closed","template":"","meta":{"_bbp_topic_count":0,"_bbp_reply_count":0,"_bbp_total_topic_count":0,"_bbp_total_reply_count":0,"_bbp_voice_count":0,"_bbp_anonymous_reply_count":0,"_bbp_topic_count_hidden":0,"_bbp_reply_count_hidden":0,"_bbp_forum_subforum_count":0,"site-sidebar-layout":"default","site-content-layout":"","ast-site-content-layout":"","site-content-style":"default","site-sidebar-style":"default","ast-global-header-display":"","ast-banner-title-visibility":"","ast-main-header-display":"","ast-hfb-above-header-display":"","ast-hfb-below-header-display":"","ast-hfb-mobile-header-display":"","site-post-title":"","ast-breadcrumbs-content":"","ast-featured-img":"","footer-sml-layout":"","theme-transparent-header-meta":"","adv-header-id-meta":"","stick-header-meta":"","header-above-stick-meta":"","header-main-stick-meta":"","header-below-stick-meta":"","astra-migrate-meta-layouts":"default","ast-page-background-enabled":"default","ast-page-background-meta":{"desktop":{"background-color":"var(--ast-global-color-4)","background-image":"","background-repeat":"repeat","background-position":"center center","background-size":"auto","background-attachment":"scroll","background-type":"","background-media":"","overlay-type":"","overlay-color":"","overlay-opacity":"","overlay-gradient":""},"tablet":{"background-color":"","background-image":"","background-repeat":"repeat","background-position":"center center","background-size":"auto","background-attachment":"scroll","background-type":"","background-media":"","overlay-type":"","overlay-color":"","overlay-opacity":"","overlay-gradient":""},"mobile":{"background-color":"","background-image":"","background-repeat":"repeat","background-position":"center center","background-size":"auto","background-attachment":"scroll","background-type":"","background-media":"","overlay-type":"","overlay-color":"","overlay-opacity":"","overlay-gradient":""}},"ast-content-background-meta":{"desktop":{"background-color":"var(--ast-global-color-5)","background-image":"","background-repeat":"repeat","background-position":"center center","background-size":"auto","background-attachment":"scroll","background-type":"","background-media":"","overlay-type":"","overlay-color":"","overlay-opacity":"","overlay-gradient":""},"tablet":{"background-color":"var(--ast-global-color-5)","background-image":"","background-repeat":"repeat","background-position":"center center","background-size":"auto","background-attachment":"scroll","background-type":"","background-media":"","overlay-type":"","overlay-color":"","overlay-opacity":"","overlay-gradient":""},"mobile":{"background-color":"var(--ast-global-color-5)","background-image":"","background-repeat":"repeat","background-position":"center center","background-size":"auto","background-attachment":"scroll","background-type":"","background-media":"","overlay-type":"","overlay-color":"","overlay-opacity":"","overlay-gradient":""}},"footnotes":""},"class_list":["post-2374","page","type-page","status-publish","hentry"],"post_mailing_queue_ids":[],"_links":{"self":[{"href":"https:\/\/agora.xtec.cat\/ieslesmarines\/wp-json\/wp\/v2\/pages\/2374","targetHints":{"allow":["GET"]}}],"collection":[{"href":"https:\/\/agora.xtec.cat\/ieslesmarines\/wp-json\/wp\/v2\/pages"}],"about":[{"href":"https:\/\/agora.xtec.cat\/ieslesmarines\/wp-json\/wp\/v2\/types\/page"}],"author":[{"embeddable":true,"href":"https:\/\/agora.xtec.cat\/ieslesmarines\/wp-json\/wp\/v2\/users\/1"}],"replies":[{"embeddable":true,"href":"https:\/\/agora.xtec.cat\/ieslesmarines\/wp-json\/wp\/v2\/comments?post=2374"}],"version-history":[{"count":3,"href":"https:\/\/agora.xtec.cat\/ieslesmarines\/wp-json\/wp\/v2\/pages\/2374\/revisions"}],"predecessor-version":[{"id":2381,"href":"https:\/\/agora.xtec.cat\/ieslesmarines\/wp-json\/wp\/v2\/pages\/2374\/revisions\/2381"}],"wp:attachment":[{"href":"https:\/\/agora.xtec.cat\/ieslesmarines\/wp-json\/wp\/v2\/media?parent=2374"}],"curies":[{"name":"wp","href":"https:\/\/api.w.org\/{rel}","templated":true}]}}