{"id":2341,"date":"2021-12-01T21:26:16","date_gmt":"2021-12-01T20:26:16","guid":{"rendered":"https:\/\/agora.xtec.cat\/ieslesmarines\/?page_id=2341"},"modified":"2021-12-01T22:03:32","modified_gmt":"2021-12-01T21:03:32","slug":"tangram-1r-deso","status":"publish","type":"page","link":"https:\/\/agora.xtec.cat\/ieslesmarines\/tangram-1r-deso\/","title":{"rendered":"Tangram (1r d&#8217;ESO)"},"content":{"rendered":"<div><a href=\"https:\/\/agora.xtec.cat\/ieslesmarines\/wp-content\/uploads\/usu619\/2021\/12\/Screenshot-35.png\"><img loading=\"lazy\" decoding=\"async\" class=\"alignnone wp-image-2342\" src=\"https:\/\/agora.xtec.cat\/ieslesmarines\/wp-content\/uploads\/usu619\/2021\/12\/Screenshot-35-1024x768.png\" alt=\"\" width=\"379\" height=\"284\" srcset=\"https:\/\/agora.xtec.cat\/ieslesmarines\/wp-content\/uploads\/usu619\/2021\/12\/Screenshot-35-1024x768.png 1024w, https:\/\/agora.xtec.cat\/ieslesmarines\/wp-content\/uploads\/usu619\/2021\/12\/Screenshot-35-300x225.png 300w, https:\/\/agora.xtec.cat\/ieslesmarines\/wp-content\/uploads\/usu619\/2021\/12\/Screenshot-35-768x576.png 768w, https:\/\/agora.xtec.cat\/ieslesmarines\/wp-content\/uploads\/usu619\/2021\/12\/Screenshot-35-200x150.png 200w, https:\/\/agora.xtec.cat\/ieslesmarines\/wp-content\/uploads\/usu619\/2021\/12\/Screenshot-35.png 1108w\" sizes=\"auto, (max-width: 379px) 100vw, 379px\" \/><\/a><\/div>\n<div><\/div>\n<div>Els alumnes de 1r d&#8217;ESO hem dissenyat i constru\u00eft un tangram. L&#8217;hem fet amb cartr\u00f3 ploma i cartr\u00f3 reciclat amb molt de cura ja que hem utilitzat eines de la fam\u00edlia de tallar. Aquest tangram ens servir\u00e0 per estudiar les figures geom\u00e8triques a matem\u00e0tiques.<\/div>\n<div>La nostra professora Pilar Ruiz ha editat un v\u00eddeo de tot el proc\u00e9s de construcci\u00f3 que podeu veure en <a href=\"https:\/\/youtu.be\/o_WmtN_-HQs\" target=\"_blank\" rel=\"noopener\">aquest enlla\u00e7<\/a>.<\/div>\n<div>Esperem que gaudiu tant com nosaltres.<\/div>\n","protected":false},"excerpt":{"rendered":"<p>Els alumnes de 1r d&#8217;ESO hem dissenyat i constru\u00eft un tangram. L&#8217;hem fet amb cartr\u00f3 ploma i cartr\u00f3 reciclat amb molt de cura ja que hem utilitzat eines de la fam\u00edlia de tallar. Aquest tangram ens servir\u00e0 per estudiar les figures geom\u00e8triques a matem\u00e0tiques. La nostra professora Pilar Ruiz ha editat un v\u00eddeo de tot [&hellip;]<\/p>\n","protected":false},"author":1,"featured_media":0,"parent":0,"menu_order":0,"comment_status":"closed","ping_status":"closed","template":"","meta":{"_bbp_topic_count":0,"_bbp_reply_count":0,"_bbp_total_topic_count":0,"_bbp_total_reply_count":0,"_bbp_voice_count":0,"_bbp_anonymous_reply_count":0,"_bbp_topic_count_hidden":0,"_bbp_reply_count_hidden":0,"_bbp_forum_subforum_count":0,"site-sidebar-layout":"default","site-content-layout":"","ast-site-content-layout":"","site-content-style":"default","site-sidebar-style":"default","ast-global-header-display":"","ast-banner-title-visibility":"","ast-main-header-display":"","ast-hfb-above-header-display":"","ast-hfb-below-header-display":"","ast-hfb-mobile-header-display":"","site-post-title":"","ast-breadcrumbs-content":"","ast-featured-img":"","footer-sml-layout":"","theme-transparent-header-meta":"","adv-header-id-meta":"","stick-header-meta":"","header-above-stick-meta":"","header-main-stick-meta":"","header-below-stick-meta":"","astra-migrate-meta-layouts":"default","ast-page-background-enabled":"default","ast-page-background-meta":{"desktop":{"background-color":"var(--ast-global-color-4)","background-image":"","background-repeat":"repeat","background-position":"center center","background-size":"auto","background-attachment":"scroll","background-type":"","background-media":"","overlay-type":"","overlay-color":"","overlay-opacity":"","overlay-gradient":""},"tablet":{"background-color":"","background-image":"","background-repeat":"repeat","background-position":"center center","background-size":"auto","background-attachment":"scroll","background-type":"","background-media":"","overlay-type":"","overlay-color":"","overlay-opacity":"","overlay-gradient":""},"mobile":{"background-color":"","background-image":"","background-repeat":"repeat","background-position":"center center","background-size":"auto","background-attachment":"scroll","background-type":"","background-media":"","overlay-type":"","overlay-color":"","overlay-opacity":"","overlay-gradient":""}},"ast-content-background-meta":{"desktop":{"background-color":"var(--ast-global-color-5)","background-image":"","background-repeat":"repeat","background-position":"center center","background-size":"auto","background-attachment":"scroll","background-type":"","background-media":"","overlay-type":"","overlay-color":"","overlay-opacity":"","overlay-gradient":""},"tablet":{"background-color":"var(--ast-global-color-5)","background-image":"","background-repeat":"repeat","background-position":"center center","background-size":"auto","background-attachment":"scroll","background-type":"","background-media":"","overlay-type":"","overlay-color":"","overlay-opacity":"","overlay-gradient":""},"mobile":{"background-color":"var(--ast-global-color-5)","background-image":"","background-repeat":"repeat","background-position":"center center","background-size":"auto","background-attachment":"scroll","background-type":"","background-media":"","overlay-type":"","overlay-color":"","overlay-opacity":"","overlay-gradient":""}},"footnotes":""},"class_list":["post-2341","page","type-page","status-publish","hentry"],"post_mailing_queue_ids":[],"_links":{"self":[{"href":"https:\/\/agora.xtec.cat\/ieslesmarines\/wp-json\/wp\/v2\/pages\/2341","targetHints":{"allow":["GET"]}}],"collection":[{"href":"https:\/\/agora.xtec.cat\/ieslesmarines\/wp-json\/wp\/v2\/pages"}],"about":[{"href":"https:\/\/agora.xtec.cat\/ieslesmarines\/wp-json\/wp\/v2\/types\/page"}],"author":[{"embeddable":true,"href":"https:\/\/agora.xtec.cat\/ieslesmarines\/wp-json\/wp\/v2\/users\/1"}],"replies":[{"embeddable":true,"href":"https:\/\/agora.xtec.cat\/ieslesmarines\/wp-json\/wp\/v2\/comments?post=2341"}],"version-history":[{"count":2,"href":"https:\/\/agora.xtec.cat\/ieslesmarines\/wp-json\/wp\/v2\/pages\/2341\/revisions"}],"predecessor-version":[{"id":2354,"href":"https:\/\/agora.xtec.cat\/ieslesmarines\/wp-json\/wp\/v2\/pages\/2341\/revisions\/2354"}],"wp:attachment":[{"href":"https:\/\/agora.xtec.cat\/ieslesmarines\/wp-json\/wp\/v2\/media?parent=2341"}],"curies":[{"name":"wp","href":"https:\/\/api.w.org\/{rel}","templated":true}]}}