{"id":2335,"date":"2021-11-22T08:29:19","date_gmt":"2021-11-22T07:29:19","guid":{"rendered":"https:\/\/agora.xtec.cat\/ieslesmarines\/?page_id=2335"},"modified":"2021-11-22T08:29:19","modified_gmt":"2021-11-22T07:29:19","slug":"mojo-and-rhythm-al-teatre-plaza","status":"publish","type":"page","link":"https:\/\/agora.xtec.cat\/ieslesmarines\/mojo-and-rhythm-al-teatre-plaza\/","title":{"rendered":"Mojo and Rhythm al Teatre Plaza"},"content":{"rendered":"<p><a href=\"https:\/\/agora.xtec.cat\/ieslesmarines\/wp-content\/uploads\/usu619\/2021\/11\/IMG_6120-2-scaled.jpg\"><img loading=\"lazy\" decoding=\"async\" class=\"alignnone  wp-image-2338\" src=\"https:\/\/agora.xtec.cat\/ieslesmarines\/wp-content\/uploads\/usu619\/2021\/11\/IMG_6120-2-1024x647.jpg\" alt=\"\" width=\"698\" height=\"441\" srcset=\"https:\/\/agora.xtec.cat\/ieslesmarines\/wp-content\/uploads\/usu619\/2021\/11\/IMG_6120-2-1024x647.jpg 1024w, https:\/\/agora.xtec.cat\/ieslesmarines\/wp-content\/uploads\/usu619\/2021\/11\/IMG_6120-2-300x190.jpg 300w, https:\/\/agora.xtec.cat\/ieslesmarines\/wp-content\/uploads\/usu619\/2021\/11\/IMG_6120-2-768x485.jpg 768w, https:\/\/agora.xtec.cat\/ieslesmarines\/wp-content\/uploads\/usu619\/2021\/11\/IMG_6120-2-1536x970.jpg 1536w, https:\/\/agora.xtec.cat\/ieslesmarines\/wp-content\/uploads\/usu619\/2021\/11\/IMG_6120-2-2048x1294.jpg 2048w\" sizes=\"auto, (max-width: 698px) 100vw, 698px\" \/><\/a><\/p>\n<p>Aquest dia 10 de novembre els alumnes de 1r d&#8217;ESO van realitzar una sortida d&#8217;\u00e0mbit art\u00edstic al teatre Plaza de Castelldefels, per veure l&#8217;espectacle musical MOJO AND RHYTHM, un espectacle que els va permetre viatjar a les arrels de la m\u00fasica pop, des del blues fins al rock passant pel folk i el soul. A l&#8217;escenari van sonar temes de The Beatles, Neil Young, Ray Charles i Muddy Waters, entre d&#8217;altres artistes, en un interessant rep\u00e0s a la hist\u00f2ria de la m\u00fasica anglesa i nord-americana.<\/p>\n","protected":false},"excerpt":{"rendered":"<p>Aquest dia 10 de novembre els alumnes de 1r d&#8217;ESO van realitzar una sortida d&#8217;\u00e0mbit art\u00edstic al teatre Plaza de Castelldefels, per veure l&#8217;espectacle musical MOJO AND RHYTHM, un espectacle que els va permetre viatjar a les arrels de la m\u00fasica pop, des del blues fins al rock passant pel folk i el soul. A [&hellip;]<\/p>\n","protected":false},"author":1,"featured_media":0,"parent":0,"menu_order":0,"comment_status":"closed","ping_status":"closed","template":"","meta":{"_bbp_topic_count":0,"_bbp_reply_count":0,"_bbp_total_topic_count":0,"_bbp_total_reply_count":0,"_bbp_voice_count":0,"_bbp_anonymous_reply_count":0,"_bbp_topic_count_hidden":0,"_bbp_reply_count_hidden":0,"_bbp_forum_subforum_count":0,"site-sidebar-layout":"default","site-content-layout":"","ast-site-content-layout":"","site-content-style":"default","site-sidebar-style":"default","ast-global-header-display":"","ast-banner-title-visibility":"","ast-main-header-display":"","ast-hfb-above-header-display":"","ast-hfb-below-header-display":"","ast-hfb-mobile-header-display":"","site-post-title":"","ast-breadcrumbs-content":"","ast-featured-img":"","footer-sml-layout":"","theme-transparent-header-meta":"","adv-header-id-meta":"","stick-header-meta":"","header-above-stick-meta":"","header-main-stick-meta":"","header-below-stick-meta":"","astra-migrate-meta-layouts":"default","ast-page-background-enabled":"default","ast-page-background-meta":{"desktop":{"background-color":"var(--ast-global-color-4)","background-image":"","background-repeat":"repeat","background-position":"center center","background-size":"auto","background-attachment":"scroll","background-type":"","background-media":"","overlay-type":"","overlay-color":"","overlay-opacity":"","overlay-gradient":""},"tablet":{"background-color":"","background-image":"","background-repeat":"repeat","background-position":"center center","background-size":"auto","background-attachment":"scroll","background-type":"","background-media":"","overlay-type":"","overlay-color":"","overlay-opacity":"","overlay-gradient":""},"mobile":{"background-color":"","background-image":"","background-repeat":"repeat","background-position":"center center","background-size":"auto","background-attachment":"scroll","background-type":"","background-media":"","overlay-type":"","overlay-color":"","overlay-opacity":"","overlay-gradient":""}},"ast-content-background-meta":{"desktop":{"background-color":"var(--ast-global-color-5)","background-image":"","background-repeat":"repeat","background-position":"center center","background-size":"auto","background-attachment":"scroll","background-type":"","background-media":"","overlay-type":"","overlay-color":"","overlay-opacity":"","overlay-gradient":""},"tablet":{"background-color":"var(--ast-global-color-5)","background-image":"","background-repeat":"repeat","background-position":"center center","background-size":"auto","background-attachment":"scroll","background-type":"","background-media":"","overlay-type":"","overlay-color":"","overlay-opacity":"","overlay-gradient":""},"mobile":{"background-color":"var(--ast-global-color-5)","background-image":"","background-repeat":"repeat","background-position":"center center","background-size":"auto","background-attachment":"scroll","background-type":"","background-media":"","overlay-type":"","overlay-color":"","overlay-opacity":"","overlay-gradient":""}},"footnotes":""},"class_list":["post-2335","page","type-page","status-publish","hentry"],"post_mailing_queue_ids":[],"_links":{"self":[{"href":"https:\/\/agora.xtec.cat\/ieslesmarines\/wp-json\/wp\/v2\/pages\/2335","targetHints":{"allow":["GET"]}}],"collection":[{"href":"https:\/\/agora.xtec.cat\/ieslesmarines\/wp-json\/wp\/v2\/pages"}],"about":[{"href":"https:\/\/agora.xtec.cat\/ieslesmarines\/wp-json\/wp\/v2\/types\/page"}],"author":[{"embeddable":true,"href":"https:\/\/agora.xtec.cat\/ieslesmarines\/wp-json\/wp\/v2\/users\/1"}],"replies":[{"embeddable":true,"href":"https:\/\/agora.xtec.cat\/ieslesmarines\/wp-json\/wp\/v2\/comments?post=2335"}],"version-history":[{"count":1,"href":"https:\/\/agora.xtec.cat\/ieslesmarines\/wp-json\/wp\/v2\/pages\/2335\/revisions"}],"predecessor-version":[{"id":2339,"href":"https:\/\/agora.xtec.cat\/ieslesmarines\/wp-json\/wp\/v2\/pages\/2335\/revisions\/2339"}],"wp:attachment":[{"href":"https:\/\/agora.xtec.cat\/ieslesmarines\/wp-json\/wp\/v2\/media?parent=2335"}],"curies":[{"name":"wp","href":"https:\/\/api.w.org\/{rel}","templated":true}]}}