{"id":2326,"date":"2021-11-15T19:46:02","date_gmt":"2021-11-15T18:46:02","guid":{"rendered":"https:\/\/agora.xtec.cat\/ieslesmarines\/?page_id=2326"},"modified":"2021-11-15T19:48:34","modified_gmt":"2021-11-15T18:48:34","slug":"visita-guiada-al-castell-de-castelldefels","status":"publish","type":"page","link":"https:\/\/agora.xtec.cat\/ieslesmarines\/visita-guiada-al-castell-de-castelldefels\/","title":{"rendered":"Visita guiada al Castell de Castelldefels"},"content":{"rendered":"<p><a href=\"https:\/\/agora.xtec.cat\/ieslesmarines\/wp-content\/uploads\/usu619\/2021\/11\/DSC04730.jpg\"><img loading=\"lazy\" decoding=\"async\" class=\"alignnone wp-image-2327\" src=\"https:\/\/agora.xtec.cat\/ieslesmarines\/wp-content\/uploads\/usu619\/2021\/11\/DSC04730-1024x678.jpg\" alt=\"\" width=\"855\" height=\"566\" srcset=\"https:\/\/agora.xtec.cat\/ieslesmarines\/wp-content\/uploads\/usu619\/2021\/11\/DSC04730-1024x678.jpg 1024w, https:\/\/agora.xtec.cat\/ieslesmarines\/wp-content\/uploads\/usu619\/2021\/11\/DSC04730-300x199.jpg 300w, https:\/\/agora.xtec.cat\/ieslesmarines\/wp-content\/uploads\/usu619\/2021\/11\/DSC04730-768x508.jpg 768w, https:\/\/agora.xtec.cat\/ieslesmarines\/wp-content\/uploads\/usu619\/2021\/11\/DSC04730-1536x1017.jpg 1536w, https:\/\/agora.xtec.cat\/ieslesmarines\/wp-content\/uploads\/usu619\/2021\/11\/DSC04730.jpg 1633w\" sizes=\"auto, (max-width: 855px) 100vw, 855px\" \/><\/a><\/p>\n<p>Al llarg del mat\u00ed del passat 8 de novembre, els diferents grups de 2n d&#8217;ESO van realitzar una visita guiada al Castell del nostre municipi en una sortida organitzada pel Departament de Ci\u00e8ncies Socials. Durant la visita, l&#8217;alumnat va poder aprendre sobre les diferents etapes que ha atravesat el Castell al llarg de la hist\u00f2ria i, molt especialment la funci\u00f3 que entre els segles XVI i XVII va cumplir contra els atacs de pirates barbarescos. Durant la visita, la guia tamb\u00e9 va explicar com l\u2019any 1897 Manuel Girona va comprar i rehabilitar el Castell, que a finals del segle XIX es trobava en estat de ru\u00efnes i com durant la guerra civil l\u2019esgl\u00e9sia del castell es va convertir en una caserna dels brigadistes internacionals i en pres\u00f3 preventiva de desertors. La visita va culminar amb l&#8217;experi\u00e8ncia Piratia, un viatge multisensorial en el qual els nostres alumnes van poder formar part d&#8217;una tripulaci\u00f3 pirata i descobrir elements claus de la pirateria a trav\u00e9s d&#8217;una s\u00e8rie de jocs interactius. Aqu\u00ed teniu l&#8217;<a href=\"https:\/\/photos.app.goo.gl\/CnAXd1nrXH5gxBL89\" target=\"_blank\" rel=\"noopener\">\u00e0lbum<\/a> amb una selecci\u00f3 de fotografies d&#8217;aquell mat\u00ed.<\/p>\n","protected":false},"excerpt":{"rendered":"<p>Al llarg del mat\u00ed del passat 8 de novembre, els diferents grups de 2n d&#8217;ESO van realitzar una visita guiada al Castell del nostre municipi en una sortida organitzada pel Departament de Ci\u00e8ncies Socials. Durant la visita, l&#8217;alumnat va poder aprendre sobre les diferents etapes que ha atravesat el Castell al llarg de la hist\u00f2ria [&hellip;]<\/p>\n","protected":false},"author":1,"featured_media":0,"parent":0,"menu_order":0,"comment_status":"closed","ping_status":"closed","template":"","meta":{"_bbp_topic_count":0,"_bbp_reply_count":0,"_bbp_total_topic_count":0,"_bbp_total_reply_count":0,"_bbp_voice_count":0,"_bbp_anonymous_reply_count":0,"_bbp_topic_count_hidden":0,"_bbp_reply_count_hidden":0,"_bbp_forum_subforum_count":0,"site-sidebar-layout":"default","site-content-layout":"","ast-site-content-layout":"","site-content-style":"default","site-sidebar-style":"default","ast-global-header-display":"","ast-banner-title-visibility":"","ast-main-header-display":"","ast-hfb-above-header-display":"","ast-hfb-below-header-display":"","ast-hfb-mobile-header-display":"","site-post-title":"","ast-breadcrumbs-content":"","ast-featured-img":"","footer-sml-layout":"","theme-transparent-header-meta":"","adv-header-id-meta":"","stick-header-meta":"","header-above-stick-meta":"","header-main-stick-meta":"","header-below-stick-meta":"","astra-migrate-meta-layouts":"default","ast-page-background-enabled":"default","ast-page-background-meta":{"desktop":{"background-color":"var(--ast-global-color-4)","background-image":"","background-repeat":"repeat","background-position":"center center","background-size":"auto","background-attachment":"scroll","background-type":"","background-media":"","overlay-type":"","overlay-color":"","overlay-opacity":"","overlay-gradient":""},"tablet":{"background-color":"","background-image":"","background-repeat":"repeat","background-position":"center center","background-size":"auto","background-attachment":"scroll","background-type":"","background-media":"","overlay-type":"","overlay-color":"","overlay-opacity":"","overlay-gradient":""},"mobile":{"background-color":"","background-image":"","background-repeat":"repeat","background-position":"center center","background-size":"auto","background-attachment":"scroll","background-type":"","background-media":"","overlay-type":"","overlay-color":"","overlay-opacity":"","overlay-gradient":""}},"ast-content-background-meta":{"desktop":{"background-color":"var(--ast-global-color-5)","background-image":"","background-repeat":"repeat","background-position":"center center","background-size":"auto","background-attachment":"scroll","background-type":"","background-media":"","overlay-type":"","overlay-color":"","overlay-opacity":"","overlay-gradient":""},"tablet":{"background-color":"var(--ast-global-color-5)","background-image":"","background-repeat":"repeat","background-position":"center center","background-size":"auto","background-attachment":"scroll","background-type":"","background-media":"","overlay-type":"","overlay-color":"","overlay-opacity":"","overlay-gradient":""},"mobile":{"background-color":"var(--ast-global-color-5)","background-image":"","background-repeat":"repeat","background-position":"center center","background-size":"auto","background-attachment":"scroll","background-type":"","background-media":"","overlay-type":"","overlay-color":"","overlay-opacity":"","overlay-gradient":""}},"footnotes":""},"class_list":["post-2326","page","type-page","status-publish","hentry"],"post_mailing_queue_ids":[],"_links":{"self":[{"href":"https:\/\/agora.xtec.cat\/ieslesmarines\/wp-json\/wp\/v2\/pages\/2326","targetHints":{"allow":["GET"]}}],"collection":[{"href":"https:\/\/agora.xtec.cat\/ieslesmarines\/wp-json\/wp\/v2\/pages"}],"about":[{"href":"https:\/\/agora.xtec.cat\/ieslesmarines\/wp-json\/wp\/v2\/types\/page"}],"author":[{"embeddable":true,"href":"https:\/\/agora.xtec.cat\/ieslesmarines\/wp-json\/wp\/v2\/users\/1"}],"replies":[{"embeddable":true,"href":"https:\/\/agora.xtec.cat\/ieslesmarines\/wp-json\/wp\/v2\/comments?post=2326"}],"version-history":[{"count":2,"href":"https:\/\/agora.xtec.cat\/ieslesmarines\/wp-json\/wp\/v2\/pages\/2326\/revisions"}],"predecessor-version":[{"id":2330,"href":"https:\/\/agora.xtec.cat\/ieslesmarines\/wp-json\/wp\/v2\/pages\/2326\/revisions\/2330"}],"wp:attachment":[{"href":"https:\/\/agora.xtec.cat\/ieslesmarines\/wp-json\/wp\/v2\/media?parent=2326"}],"curies":[{"name":"wp","href":"https:\/\/api.w.org\/{rel}","templated":true}]}}