{"id":2161,"date":"2021-05-31T19:56:14","date_gmt":"2021-05-31T17:56:14","guid":{"rendered":"http:\/\/agora.xtec.cat\/ieslesmarines\/?page_id=2161"},"modified":"2021-06-15T17:00:48","modified_gmt":"2021-06-15T15:00:48","slug":"colonies-de-2n-deso-als-pirineus","status":"publish","type":"page","link":"https:\/\/agora.xtec.cat\/ieslesmarines\/colonies-de-2n-deso-als-pirineus\/","title":{"rendered":"Col\u00f2nies de 2n d&#8217;ESO als Pirineus"},"content":{"rendered":"<h3><a href=\"https:\/\/photos.app.goo.gl\/fJiN5ZngezAdTHaR8\" target=\"_blank\" rel=\"noopener noreferrer\">R\u00e0fting al riu Noguera Pallaresa<\/a><\/h3>\n<h3><a href=\"https:\/\/photos.app.goo.gl\/UYB6fekWuehyjBqVA\" target=\"_blank\" rel=\"noopener noreferrer\">H\u00edpica a Rialp<\/a><\/h3>\n<h3><a href=\"https:\/\/youtu.be\/PO8BZ5hcIII\" target=\"_blank\" rel=\"noopener noreferrer\">V\u00eddeo cavalls 2nA<\/a><\/h3>\n<h3><a href=\"https:\/\/youtu.be\/1b8jqu--NKg\" target=\"_blank\" rel=\"noopener noreferrer\">V\u00eddeo cavalls 2nB<\/a><\/h3>\n<h3><a href=\"https:\/\/youtu.be\/QeiSSC9sUAI\" target=\"_blank\" rel=\"noopener noreferrer\">V\u00eddeo cavalls 2nC<\/a><\/h3>\n<h3><a href=\"https:\/\/youtu.be\/cMqwXmGRLhw\" target=\"_blank\" rel=\"noopener noreferrer\">V\u00eddeo cavalls 2nD<\/a><\/h3>\n<h3><a href=\"https:\/\/photos.app.goo.gl\/YYAGDYbRxQDGGTtT7\" target=\"_blank\" rel=\"noopener noreferrer\">Jocs i futbol (dia 31)<\/a><\/h3>\n<h3><a href=\"https:\/\/photos.app.goo.gl\/xskiuqWJ1ecQeict5\" target=\"_blank\" rel=\"noopener noreferrer\">Trekking Parc Nacional d&#8217;Aig\u00fcestortes i Estany de Sant Maurici (1 de juny)<\/a><\/h3>\n<h3><a href=\"https:\/\/photos.app.goo.gl\/gwVwMt1ZsJTaEfP69\" target=\"_blank\" rel=\"noopener noreferrer\">Caiac al llac de la Torrassa (2 de juny)<\/a><\/h3>\n","protected":false},"excerpt":{"rendered":"<p>R\u00e0fting al riu Noguera Pallaresa H\u00edpica a Rialp V\u00eddeo cavalls 2nA V\u00eddeo cavalls 2nB V\u00eddeo cavalls 2nC V\u00eddeo cavalls 2nD Jocs i futbol (dia 31) Trekking Parc Nacional d&#8217;Aig\u00fcestortes i Estany de Sant Maurici (1 de juny) Caiac al llac de la Torrassa (2 de juny)<\/p>\n","protected":false},"author":1,"featured_media":0,"parent":0,"menu_order":0,"comment_status":"closed","ping_status":"closed","template":"","meta":{"_bbp_topic_count":0,"_bbp_reply_count":0,"_bbp_total_topic_count":0,"_bbp_total_reply_count":0,"_bbp_voice_count":0,"_bbp_anonymous_reply_count":0,"_bbp_topic_count_hidden":0,"_bbp_reply_count_hidden":0,"_bbp_forum_subforum_count":0,"site-sidebar-layout":"default","site-content-layout":"","ast-site-content-layout":"","site-content-style":"default","site-sidebar-style":"default","ast-global-header-display":"","ast-banner-title-visibility":"","ast-main-header-display":"","ast-hfb-above-header-display":"","ast-hfb-below-header-display":"","ast-hfb-mobile-header-display":"","site-post-title":"","ast-breadcrumbs-content":"","ast-featured-img":"","footer-sml-layout":"","theme-transparent-header-meta":"","adv-header-id-meta":"","stick-header-meta":"","header-above-stick-meta":"","header-main-stick-meta":"","header-below-stick-meta":"","astra-migrate-meta-layouts":"default","ast-page-background-enabled":"default","ast-page-background-meta":{"desktop":{"background-color":"var(--ast-global-color-4)","background-image":"","background-repeat":"repeat","background-position":"center center","background-size":"auto","background-attachment":"scroll","background-type":"","background-media":"","overlay-type":"","overlay-color":"","overlay-opacity":"","overlay-gradient":""},"tablet":{"background-color":"","background-image":"","background-repeat":"repeat","background-position":"center center","background-size":"auto","background-attachment":"scroll","background-type":"","background-media":"","overlay-type":"","overlay-color":"","overlay-opacity":"","overlay-gradient":""},"mobile":{"background-color":"","background-image":"","background-repeat":"repeat","background-position":"center center","background-size":"auto","background-attachment":"scroll","background-type":"","background-media":"","overlay-type":"","overlay-color":"","overlay-opacity":"","overlay-gradient":""}},"ast-content-background-meta":{"desktop":{"background-color":"var(--ast-global-color-5)","background-image":"","background-repeat":"repeat","background-position":"center center","background-size":"auto","background-attachment":"scroll","background-type":"","background-media":"","overlay-type":"","overlay-color":"","overlay-opacity":"","overlay-gradient":""},"tablet":{"background-color":"var(--ast-global-color-5)","background-image":"","background-repeat":"repeat","background-position":"center center","background-size":"auto","background-attachment":"scroll","background-type":"","background-media":"","overlay-type":"","overlay-color":"","overlay-opacity":"","overlay-gradient":""},"mobile":{"background-color":"var(--ast-global-color-5)","background-image":"","background-repeat":"repeat","background-position":"center center","background-size":"auto","background-attachment":"scroll","background-type":"","background-media":"","overlay-type":"","overlay-color":"","overlay-opacity":"","overlay-gradient":""}},"footnotes":""},"class_list":["post-2161","page","type-page","status-publish","hentry"],"post_mailing_queue_ids":[],"_links":{"self":[{"href":"https:\/\/agora.xtec.cat\/ieslesmarines\/wp-json\/wp\/v2\/pages\/2161","targetHints":{"allow":["GET"]}}],"collection":[{"href":"https:\/\/agora.xtec.cat\/ieslesmarines\/wp-json\/wp\/v2\/pages"}],"about":[{"href":"https:\/\/agora.xtec.cat\/ieslesmarines\/wp-json\/wp\/v2\/types\/page"}],"author":[{"embeddable":true,"href":"https:\/\/agora.xtec.cat\/ieslesmarines\/wp-json\/wp\/v2\/users\/1"}],"replies":[{"embeddable":true,"href":"https:\/\/agora.xtec.cat\/ieslesmarines\/wp-json\/wp\/v2\/comments?post=2161"}],"version-history":[{"count":3,"href":"https:\/\/agora.xtec.cat\/ieslesmarines\/wp-json\/wp\/v2\/pages\/2161\/revisions"}],"predecessor-version":[{"id":2238,"href":"https:\/\/agora.xtec.cat\/ieslesmarines\/wp-json\/wp\/v2\/pages\/2161\/revisions\/2238"}],"wp:attachment":[{"href":"https:\/\/agora.xtec.cat\/ieslesmarines\/wp-json\/wp\/v2\/media?parent=2161"}],"curies":[{"name":"wp","href":"https:\/\/api.w.org\/{rel}","templated":true}]}}