{"id":2108,"date":"2021-05-03T19:07:27","date_gmt":"2021-05-03T17:07:27","guid":{"rendered":"http:\/\/agora.xtec.cat\/ieslesmarines\/?page_id=2108"},"modified":"2021-05-03T19:07:27","modified_gmt":"2021-05-03T17:07:27","slug":"tallers-efec-economia-financera-a-les-escoles-de-catalunya","status":"publish","type":"page","link":"https:\/\/agora.xtec.cat\/ieslesmarines\/tallers-efec-economia-financera-a-les-escoles-de-catalunya\/","title":{"rendered":"Tallers EFEC (Economia Financera a les Escoles de Catalunya)"},"content":{"rendered":"<p><a href=\"https:\/\/agora.xtec.cat\/ieslesmarines\/wp-content\/uploads\/usu619\/2021\/05\/portadataller.jpg\"><img loading=\"lazy\" decoding=\"async\" class=\"alignnone  wp-image-2107\" src=\"https:\/\/agora.xtec.cat\/ieslesmarines\/wp-content\/uploads\/usu619\/2021\/05\/portadataller-1024x732.jpg\" alt=\"\" width=\"518\" height=\"371\" srcset=\"https:\/\/agora.xtec.cat\/ieslesmarines\/wp-content\/uploads\/usu619\/2021\/05\/portadataller-1024x732.jpg 1024w, https:\/\/agora.xtec.cat\/ieslesmarines\/wp-content\/uploads\/usu619\/2021\/05\/portadataller-300x214.jpg 300w, https:\/\/agora.xtec.cat\/ieslesmarines\/wp-content\/uploads\/usu619\/2021\/05\/portadataller-768x549.jpg 768w\" sizes=\"auto, (max-width: 518px) 100vw, 518px\" \/><\/a><\/p>\n<p>El mes d\u00b4abril passat, van acabar els tallers d\u00b4economia financera al nostre centre. Aquesta\u00a0formaci\u00f3 ha estat realitzada per l\u00b4associaci\u00f3\u00a0EFEC (Economia Financera a les Escoles de Catalunya). Les persones que l\u00b4han\u00a0impartida s\u00f3n volunt\u00e0ries vinculades amb el m\u00f3n financer.<\/p>\n<p>Els tallers ensenyen operativa financera b\u00e0sica, estalvi, impostos, administraci\u00f3 dels diners, etc. S\u00f3n molt pr\u00e0ctics i lligats amb el m\u00f3n real. L\u00b4acceptaci\u00f3\u00a0per l\u00b4alumnat ha estat molt bona i el desenvolupament de les activitats molt satisfactori.<\/p>\n<p>Hem realitzat tallers cada trimestre i portem ja sis cursos escolars en els quals s\u00b4ha fet formaci\u00f3 des de l\u00b4associaci\u00f3\u00a0EFEC. Estem molt satisfets!<\/p>\n","protected":false},"excerpt":{"rendered":"<p>El mes d\u00b4abril passat, van acabar els tallers d\u00b4economia financera al nostre centre. Aquesta\u00a0formaci\u00f3 ha estat realitzada per l\u00b4associaci\u00f3\u00a0EFEC (Economia Financera a les Escoles de Catalunya). Les persones que l\u00b4han\u00a0impartida s\u00f3n volunt\u00e0ries vinculades amb el m\u00f3n financer. Els tallers ensenyen operativa financera b\u00e0sica, estalvi, impostos, administraci\u00f3 dels diners, etc. S\u00f3n molt pr\u00e0ctics i lligats amb [&hellip;]<\/p>\n","protected":false},"author":1,"featured_media":0,"parent":0,"menu_order":0,"comment_status":"closed","ping_status":"closed","template":"","meta":{"_bbp_topic_count":0,"_bbp_reply_count":0,"_bbp_total_topic_count":0,"_bbp_total_reply_count":0,"_bbp_voice_count":0,"_bbp_anonymous_reply_count":0,"_bbp_topic_count_hidden":0,"_bbp_reply_count_hidden":0,"_bbp_forum_subforum_count":0,"site-sidebar-layout":"default","site-content-layout":"","ast-site-content-layout":"","site-content-style":"default","site-sidebar-style":"default","ast-global-header-display":"","ast-banner-title-visibility":"","ast-main-header-display":"","ast-hfb-above-header-display":"","ast-hfb-below-header-display":"","ast-hfb-mobile-header-display":"","site-post-title":"","ast-breadcrumbs-content":"","ast-featured-img":"","footer-sml-layout":"","theme-transparent-header-meta":"","adv-header-id-meta":"","stick-header-meta":"","header-above-stick-meta":"","header-main-stick-meta":"","header-below-stick-meta":"","astra-migrate-meta-layouts":"default","ast-page-background-enabled":"default","ast-page-background-meta":{"desktop":{"background-color":"var(--ast-global-color-4)","background-image":"","background-repeat":"repeat","background-position":"center center","background-size":"auto","background-attachment":"scroll","background-type":"","background-media":"","overlay-type":"","overlay-color":"","overlay-opacity":"","overlay-gradient":""},"tablet":{"background-color":"","background-image":"","background-repeat":"repeat","background-position":"center center","background-size":"auto","background-attachment":"scroll","background-type":"","background-media":"","overlay-type":"","overlay-color":"","overlay-opacity":"","overlay-gradient":""},"mobile":{"background-color":"","background-image":"","background-repeat":"repeat","background-position":"center center","background-size":"auto","background-attachment":"scroll","background-type":"","background-media":"","overlay-type":"","overlay-color":"","overlay-opacity":"","overlay-gradient":""}},"ast-content-background-meta":{"desktop":{"background-color":"var(--ast-global-color-5)","background-image":"","background-repeat":"repeat","background-position":"center center","background-size":"auto","background-attachment":"scroll","background-type":"","background-media":"","overlay-type":"","overlay-color":"","overlay-opacity":"","overlay-gradient":""},"tablet":{"background-color":"var(--ast-global-color-5)","background-image":"","background-repeat":"repeat","background-position":"center center","background-size":"auto","background-attachment":"scroll","background-type":"","background-media":"","overlay-type":"","overlay-color":"","overlay-opacity":"","overlay-gradient":""},"mobile":{"background-color":"var(--ast-global-color-5)","background-image":"","background-repeat":"repeat","background-position":"center center","background-size":"auto","background-attachment":"scroll","background-type":"","background-media":"","overlay-type":"","overlay-color":"","overlay-opacity":"","overlay-gradient":""}},"footnotes":""},"class_list":["post-2108","page","type-page","status-publish","hentry"],"post_mailing_queue_ids":[],"_links":{"self":[{"href":"https:\/\/agora.xtec.cat\/ieslesmarines\/wp-json\/wp\/v2\/pages\/2108","targetHints":{"allow":["GET"]}}],"collection":[{"href":"https:\/\/agora.xtec.cat\/ieslesmarines\/wp-json\/wp\/v2\/pages"}],"about":[{"href":"https:\/\/agora.xtec.cat\/ieslesmarines\/wp-json\/wp\/v2\/types\/page"}],"author":[{"embeddable":true,"href":"https:\/\/agora.xtec.cat\/ieslesmarines\/wp-json\/wp\/v2\/users\/1"}],"replies":[{"embeddable":true,"href":"https:\/\/agora.xtec.cat\/ieslesmarines\/wp-json\/wp\/v2\/comments?post=2108"}],"version-history":[{"count":1,"href":"https:\/\/agora.xtec.cat\/ieslesmarines\/wp-json\/wp\/v2\/pages\/2108\/revisions"}],"predecessor-version":[{"id":2110,"href":"https:\/\/agora.xtec.cat\/ieslesmarines\/wp-json\/wp\/v2\/pages\/2108\/revisions\/2110"}],"wp:attachment":[{"href":"https:\/\/agora.xtec.cat\/ieslesmarines\/wp-json\/wp\/v2\/media?parent=2108"}],"curies":[{"name":"wp","href":"https:\/\/api.w.org\/{rel}","templated":true}]}}