{"id":1837,"date":"2021-01-24T16:18:12","date_gmt":"2021-01-24T15:18:12","guid":{"rendered":"http:\/\/agora.xtec.cat\/ieslesmarines\/?page_id=1837"},"modified":"2021-01-24T16:43:25","modified_gmt":"2021-01-24T15:43:25","slug":"espai-prehistoria","status":"publish","type":"page","link":"https:\/\/agora.xtec.cat\/ieslesmarines\/espai-prehistoria\/","title":{"rendered":"Espai prehist\u00f2ria"},"content":{"rendered":"<p><span style=\"font-weight: 400;\"><a href=\"https:\/\/agora.xtec.cat\/ieslesmarines\/wp-content\/uploads\/usu619\/2021\/01\/espai-prehistoria-1-e1611502604449.jpg\"><img loading=\"lazy\" decoding=\"async\" class=\"alignnone size-full wp-image-1844\" src=\"https:\/\/agora.xtec.cat\/ieslesmarines\/wp-content\/uploads\/usu619\/2021\/01\/espai-prehistoria-1-e1611502604449.jpg\" alt=\"\" width=\"800\" height=\"446\" srcset=\"https:\/\/agora.xtec.cat\/ieslesmarines\/wp-content\/uploads\/usu619\/2021\/01\/espai-prehistoria-1-e1611502604449.jpg 800w, https:\/\/agora.xtec.cat\/ieslesmarines\/wp-content\/uploads\/usu619\/2021\/01\/espai-prehistoria-1-e1611502604449-300x167.jpg 300w, https:\/\/agora.xtec.cat\/ieslesmarines\/wp-content\/uploads\/usu619\/2021\/01\/espai-prehistoria-1-e1611502604449-768x428.jpg 768w\" sizes=\"auto, (max-width: 800px) 100vw, 800px\" \/><\/a><\/span><\/p>\n<p><span style=\"font-weight: 400;\">A finals del primer trimestre vam realitzar la sortida amb els grups de 1r. de l\u2019ESO a <\/span><b>l\u2019 Espai Prehist\u00f2ria a la Biblioteca Ramon Fern\u00e0ndez Jurado de Castelldefels.\u00a0<\/b><\/p>\n<p><span style=\"font-weight: 400;\">La biblioteca ens va donar l\u2019oportunitat de gaudir d\u2019una exposici\u00f3 sobre les <\/span><b>restes f\u00f2ssils<\/b><span style=\"font-weight: 400;\"> de diferents animals trobades al jaciment de la <\/span><b>Cova del Rinoceront<\/b><span style=\"font-weight: 400;\"> a ca n&#8217;Aymerich, al barri de Bellamar de Castelldefels, unes troballes que tenen <\/span><b>m\u00e9s de 100. 000 anys d\u2019antiguitat<\/b><span style=\"font-weight: 400;\">. En concret vam poder observar l\u2019esquelet gaireb\u00e9 complert d\u2019una cria d\u2019elefant antic, un animal que ja est\u00e0 extingit, el crani sencer d\u2019una cria de rinoceront i d\u2019un c\u00e9rvol mediterrani, una esp\u00e8cie avui tamb\u00e9 extingida i pr\u00e0cticament desconeguda.<\/span><\/p>\n<p><span style=\"font-weight: 400;\">A m\u00e9s de poder observar la mostra, els nois i noies van poder realitzar diferents tallers que els van aproximar tant al clima, la vegetaci\u00f3 i la fauna al Garraf durant per\u00edode estudiat, identificar i comparar els cranis de les esp\u00e8cies humanes anteriors a l\u2019 <\/span><i><span style=\"font-weight: 400;\">homo sapiens <\/span><\/i><span style=\"font-weight: 400;\">\u00a0i classificar diferents eines prehist\u00f2riques segons la seva forma i \u00fas.<\/span><\/p>\n<p>A aquest <a href=\"https:\/\/photos.app.goo.gl\/Yz4iKx1DnvJLKkrS6\" target=\"_blank\" rel=\"noopener noreferrer\">enlla\u00e7<\/a> trobareu l&#8217;\u00e0lbum amb les fotografies d&#8217;aquesta sortida tan interessant.<\/p>\n<p>&nbsp;<\/p>\n","protected":false},"excerpt":{"rendered":"<p>A finals del primer trimestre vam realitzar la sortida amb els grups de 1r. de l\u2019ESO a l\u2019 Espai Prehist\u00f2ria a la Biblioteca Ramon Fern\u00e0ndez Jurado de Castelldefels.\u00a0 La biblioteca ens va donar l\u2019oportunitat de gaudir d\u2019una exposici\u00f3 sobre les restes f\u00f2ssils de diferents animals trobades al jaciment de la Cova del Rinoceront a ca [&hellip;]<\/p>\n","protected":false},"author":1,"featured_media":0,"parent":0,"menu_order":0,"comment_status":"closed","ping_status":"closed","template":"","meta":{"_bbp_topic_count":0,"_bbp_reply_count":0,"_bbp_total_topic_count":0,"_bbp_total_reply_count":0,"_bbp_voice_count":0,"_bbp_anonymous_reply_count":0,"_bbp_topic_count_hidden":0,"_bbp_reply_count_hidden":0,"_bbp_forum_subforum_count":0,"site-sidebar-layout":"default","site-content-layout":"","ast-site-content-layout":"","site-content-style":"default","site-sidebar-style":"default","ast-global-header-display":"","ast-banner-title-visibility":"","ast-main-header-display":"","ast-hfb-above-header-display":"","ast-hfb-below-header-display":"","ast-hfb-mobile-header-display":"","site-post-title":"","ast-breadcrumbs-content":"","ast-featured-img":"","footer-sml-layout":"","theme-transparent-header-meta":"","adv-header-id-meta":"","stick-header-meta":"","header-above-stick-meta":"","header-main-stick-meta":"","header-below-stick-meta":"","astra-migrate-meta-layouts":"default","ast-page-background-enabled":"default","ast-page-background-meta":{"desktop":{"background-color":"var(--ast-global-color-4)","background-image":"","background-repeat":"repeat","background-position":"center center","background-size":"auto","background-attachment":"scroll","background-type":"","background-media":"","overlay-type":"","overlay-color":"","overlay-opacity":"","overlay-gradient":""},"tablet":{"background-color":"","background-image":"","background-repeat":"repeat","background-position":"center center","background-size":"auto","background-attachment":"scroll","background-type":"","background-media":"","overlay-type":"","overlay-color":"","overlay-opacity":"","overlay-gradient":""},"mobile":{"background-color":"","background-image":"","background-repeat":"repeat","background-position":"center center","background-size":"auto","background-attachment":"scroll","background-type":"","background-media":"","overlay-type":"","overlay-color":"","overlay-opacity":"","overlay-gradient":""}},"ast-content-background-meta":{"desktop":{"background-color":"var(--ast-global-color-5)","background-image":"","background-repeat":"repeat","background-position":"center center","background-size":"auto","background-attachment":"scroll","background-type":"","background-media":"","overlay-type":"","overlay-color":"","overlay-opacity":"","overlay-gradient":""},"tablet":{"background-color":"var(--ast-global-color-5)","background-image":"","background-repeat":"repeat","background-position":"center center","background-size":"auto","background-attachment":"scroll","background-type":"","background-media":"","overlay-type":"","overlay-color":"","overlay-opacity":"","overlay-gradient":""},"mobile":{"background-color":"var(--ast-global-color-5)","background-image":"","background-repeat":"repeat","background-position":"center center","background-size":"auto","background-attachment":"scroll","background-type":"","background-media":"","overlay-type":"","overlay-color":"","overlay-opacity":"","overlay-gradient":""}},"footnotes":""},"class_list":["post-1837","page","type-page","status-publish","hentry"],"post_mailing_queue_ids":[],"_links":{"self":[{"href":"https:\/\/agora.xtec.cat\/ieslesmarines\/wp-json\/wp\/v2\/pages\/1837","targetHints":{"allow":["GET"]}}],"collection":[{"href":"https:\/\/agora.xtec.cat\/ieslesmarines\/wp-json\/wp\/v2\/pages"}],"about":[{"href":"https:\/\/agora.xtec.cat\/ieslesmarines\/wp-json\/wp\/v2\/types\/page"}],"author":[{"embeddable":true,"href":"https:\/\/agora.xtec.cat\/ieslesmarines\/wp-json\/wp\/v2\/users\/1"}],"replies":[{"embeddable":true,"href":"https:\/\/agora.xtec.cat\/ieslesmarines\/wp-json\/wp\/v2\/comments?post=1837"}],"version-history":[{"count":3,"href":"https:\/\/agora.xtec.cat\/ieslesmarines\/wp-json\/wp\/v2\/pages\/1837\/revisions"}],"predecessor-version":[{"id":1848,"href":"https:\/\/agora.xtec.cat\/ieslesmarines\/wp-json\/wp\/v2\/pages\/1837\/revisions\/1848"}],"wp:attachment":[{"href":"https:\/\/agora.xtec.cat\/ieslesmarines\/wp-json\/wp\/v2\/media?parent=1837"}],"curies":[{"name":"wp","href":"https:\/\/api.w.org\/{rel}","templated":true}]}}