{"id":9047,"date":"2021-02-12T16:03:20","date_gmt":"2021-02-12T15:03:20","guid":{"rendered":"http:\/\/agora.xtec.cat\/ieslescorts\/?page_id=9047"},"modified":"2021-02-13T10:33:51","modified_gmt":"2021-02-13T09:33:51","slug":"creacio-dun-curtmetratge-batxillerat","status":"publish","type":"page","link":"https:\/\/agora.xtec.cat\/ieslescorts\/projectes\/projectes-de-ciencies-de-la-naturalesa-2\/creacio-dun-curtmetratge-batxillerat\/","title":{"rendered":"CREACI\u00d3 D\u2019UN CURTMETRATGE (BATXILLERAT)"},"content":{"rendered":"<p style=\"text-align: justify;\">Elaboraci\u00f3 de diversos curtmetratges treballant les diverses fases del proc\u00e9s (gui\u00f3 literari, t\u00e8cnic, gr\u00e0fic, rodatge \u2013direcci\u00f3 i actuaci\u00f3-, postproducci\u00f3, etc.) a c\u00e0rrec dels alumnes de Cultura audiovisual de batxillerat (tant primer de batxillerat com segon).<\/p>\n<p>&nbsp;<\/p>\n<p><a href=\"https:\/\/agora.xtec.cat\/ieslescorts\/wp-content\/uploads\/usu1246\/2021\/02\/C\u00f2pia-de-IMG_20191218_182005.jpg\"><img loading=\"lazy\" decoding=\"async\" class=\" wp-image-9055 alignnone\" src=\"https:\/\/agora.xtec.cat\/ieslescorts\/wp-content\/uploads\/usu1246\/2021\/02\/C\u00f2pia-de-IMG_20191218_182005-636x1024.jpg\" alt=\"\" width=\"486\" height=\"782\" srcset=\"https:\/\/agora.xtec.cat\/ieslescorts\/wp-content\/uploads\/usu1246\/2021\/02\/C\u00f2pia-de-IMG_20191218_182005-636x1024.jpg 636w, https:\/\/agora.xtec.cat\/ieslescorts\/wp-content\/uploads\/usu1246\/2021\/02\/C\u00f2pia-de-IMG_20191218_182005-186x300.jpg 186w, https:\/\/agora.xtec.cat\/ieslescorts\/wp-content\/uploads\/usu1246\/2021\/02\/C\u00f2pia-de-IMG_20191218_182005-768x1236.jpg 768w, https:\/\/agora.xtec.cat\/ieslescorts\/wp-content\/uploads\/usu1246\/2021\/02\/C\u00f2pia-de-IMG_20191218_182005.jpg 980w\" sizes=\"auto, (max-width: 486px) 100vw, 486px\" \/><\/a> <a href=\"https:\/\/agora.xtec.cat\/ieslescorts\/wp-content\/uploads\/usu1246\/2021\/02\/C\u00f2pia-de-IMG_20191218_182024.jpg\"><img loading=\"lazy\" decoding=\"async\" class=\" wp-image-9056 alignnone\" src=\"https:\/\/agora.xtec.cat\/ieslescorts\/wp-content\/uploads\/usu1246\/2021\/02\/C\u00f2pia-de-IMG_20191218_182024-638x1024.jpg\" alt=\"\" width=\"486\" height=\"781\" srcset=\"https:\/\/agora.xtec.cat\/ieslescorts\/wp-content\/uploads\/usu1246\/2021\/02\/C\u00f2pia-de-IMG_20191218_182024-638x1024.jpg 638w, https:\/\/agora.xtec.cat\/ieslescorts\/wp-content\/uploads\/usu1246\/2021\/02\/C\u00f2pia-de-IMG_20191218_182024-187x300.jpg 187w, https:\/\/agora.xtec.cat\/ieslescorts\/wp-content\/uploads\/usu1246\/2021\/02\/C\u00f2pia-de-IMG_20191218_182024-768x1232.jpg 768w, https:\/\/agora.xtec.cat\/ieslescorts\/wp-content\/uploads\/usu1246\/2021\/02\/C\u00f2pia-de-IMG_20191218_182024.jpg 874w\" sizes=\"auto, (max-width: 486px) 100vw, 486px\" \/><\/a><\/p>\n<p><a href=\"https:\/\/agora.xtec.cat\/ieslescorts\/wp-content\/uploads\/usu1246\/2021\/02\/C\u00f2pia-de-IMG_0658.jpg\"><img loading=\"lazy\" decoding=\"async\" class=\"wp-image-9051 alignleft\" src=\"https:\/\/agora.xtec.cat\/ieslescorts\/wp-content\/uploads\/usu1246\/2021\/02\/C\u00f2pia-de-IMG_0658-1024x610.jpg\" alt=\"\" width=\"693\" height=\"413\" srcset=\"https:\/\/agora.xtec.cat\/ieslescorts\/wp-content\/uploads\/usu1246\/2021\/02\/C\u00f2pia-de-IMG_0658-1024x610.jpg 1024w, https:\/\/agora.xtec.cat\/ieslescorts\/wp-content\/uploads\/usu1246\/2021\/02\/C\u00f2pia-de-IMG_0658-300x179.jpg 300w, https:\/\/agora.xtec.cat\/ieslescorts\/wp-content\/uploads\/usu1246\/2021\/02\/C\u00f2pia-de-IMG_0658-768x458.jpg 768w, https:\/\/agora.xtec.cat\/ieslescorts\/wp-content\/uploads\/usu1246\/2021\/02\/C\u00f2pia-de-IMG_0658.jpg 1242w\" sizes=\"auto, (max-width: 693px) 100vw, 693px\" \/><\/a><a href=\"https:\/\/agora.xtec.cat\/ieslescorts\/wp-content\/uploads\/usu1246\/2021\/02\/C\u00f2pia-de-IMG_0712.jpg\"><img loading=\"lazy\" decoding=\"async\" class=\"wp-image-9052 alignleft\" src=\"https:\/\/agora.xtec.cat\/ieslescorts\/wp-content\/uploads\/usu1246\/2021\/02\/C\u00f2pia-de-IMG_0712-677x1024.jpg\" alt=\"\" width=\"272\" height=\"411\" srcset=\"https:\/\/agora.xtec.cat\/ieslescorts\/wp-content\/uploads\/usu1246\/2021\/02\/C\u00f2pia-de-IMG_0712-677x1024.jpg 677w, https:\/\/agora.xtec.cat\/ieslescorts\/wp-content\/uploads\/usu1246\/2021\/02\/C\u00f2pia-de-IMG_0712-198x300.jpg 198w, https:\/\/agora.xtec.cat\/ieslescorts\/wp-content\/uploads\/usu1246\/2021\/02\/C\u00f2pia-de-IMG_0712-768x1162.jpg 768w, https:\/\/agora.xtec.cat\/ieslescorts\/wp-content\/uploads\/usu1246\/2021\/02\/C\u00f2pia-de-IMG_0712.jpg 821w\" sizes=\"auto, (max-width: 272px) 100vw, 272px\" \/><\/a><\/p>\n<p>&nbsp;<\/p>\n<p>&nbsp;<\/p>\n<p>&nbsp;<\/p>\n<p>&nbsp;<\/p>\n<p>&nbsp;<\/p>\n<p>&nbsp;<\/p>\n<p>&nbsp;<\/p>\n<p>&nbsp;<\/p>\n<p>&nbsp;<\/p>\n<p>&nbsp;<\/p>\n<p><a href=\"https:\/\/agora.xtec.cat\/ieslescorts\/wp-content\/uploads\/usu1246\/2021\/02\/C\u00f2pia-de-IMG_20191215_084253.jpg\"><img loading=\"lazy\" decoding=\"async\" class=\"wp-image-9054 alignnone\" src=\"https:\/\/agora.xtec.cat\/ieslescorts\/wp-content\/uploads\/usu1246\/2021\/02\/C\u00f2pia-de-IMG_20191215_084253-768x1024.jpg\" alt=\"\" width=\"352\" height=\"470\" srcset=\"https:\/\/agora.xtec.cat\/ieslescorts\/wp-content\/uploads\/usu1246\/2021\/02\/C\u00f2pia-de-IMG_20191215_084253-768x1024.jpg 768w, https:\/\/agora.xtec.cat\/ieslescorts\/wp-content\/uploads\/usu1246\/2021\/02\/C\u00f2pia-de-IMG_20191215_084253-225x300.jpg 225w\" sizes=\"auto, (max-width: 352px) 100vw, 352px\" \/><\/a><a href=\"https:\/\/agora.xtec.cat\/ieslescorts\/wp-content\/uploads\/usu1246\/2021\/02\/C\u00f2pia-de-IMG_20191219_200113-b.jpg\"><img loading=\"lazy\" decoding=\"async\" class=\"wp-image-9066 alignnone\" src=\"https:\/\/agora.xtec.cat\/ieslescorts\/wp-content\/uploads\/usu1246\/2021\/02\/C\u00f2pia-de-IMG_20191219_200113-b-1024x760.jpg\" alt=\"\" width=\"632\" height=\"469\" srcset=\"https:\/\/agora.xtec.cat\/ieslescorts\/wp-content\/uploads\/usu1246\/2021\/02\/C\u00f2pia-de-IMG_20191219_200113-b-1024x760.jpg 1024w, https:\/\/agora.xtec.cat\/ieslescorts\/wp-content\/uploads\/usu1246\/2021\/02\/C\u00f2pia-de-IMG_20191219_200113-b-300x223.jpg 300w, https:\/\/agora.xtec.cat\/ieslescorts\/wp-content\/uploads\/usu1246\/2021\/02\/C\u00f2pia-de-IMG_20191219_200113-b-768x570.jpg 768w, https:\/\/agora.xtec.cat\/ieslescorts\/wp-content\/uploads\/usu1246\/2021\/02\/C\u00f2pia-de-IMG_20191219_200113-b.jpg 1690w\" sizes=\"auto, (max-width: 632px) 100vw, 632px\" \/><\/a><\/p>\n<p><a href=\"https:\/\/agora.xtec.cat\/ieslescorts\/wp-content\/uploads\/usu1246\/2021\/02\/C\u00f2pia-de-_DSC0636-b.jpg\"><img loading=\"lazy\" decoding=\"async\" class=\"wp-image-9071 alignnone\" src=\"https:\/\/agora.xtec.cat\/ieslescorts\/wp-content\/uploads\/usu1246\/2021\/02\/C\u00f2pia-de-_DSC0636-b-1024x683.jpg\" alt=\"\" width=\"515\" height=\"343\" srcset=\"https:\/\/agora.xtec.cat\/ieslescorts\/wp-content\/uploads\/usu1246\/2021\/02\/C\u00f2pia-de-_DSC0636-b-1024x683.jpg 1024w, https:\/\/agora.xtec.cat\/ieslescorts\/wp-content\/uploads\/usu1246\/2021\/02\/C\u00f2pia-de-_DSC0636-b-300x200.jpg 300w, https:\/\/agora.xtec.cat\/ieslescorts\/wp-content\/uploads\/usu1246\/2021\/02\/C\u00f2pia-de-_DSC0636-b-768x512.jpg 768w, https:\/\/agora.xtec.cat\/ieslescorts\/wp-content\/uploads\/usu1246\/2021\/02\/C\u00f2pia-de-_DSC0636-b.jpg 1800w\" sizes=\"auto, (max-width: 515px) 100vw, 515px\" \/><\/a><a href=\"https:\/\/agora.xtec.cat\/ieslescorts\/wp-content\/uploads\/usu1246\/2021\/02\/C\u00f2pia-de-_DSC0599-b.jpg\"><img loading=\"lazy\" decoding=\"async\" class=\"wp-image-9072 alignnone\" src=\"https:\/\/agora.xtec.cat\/ieslescorts\/wp-content\/uploads\/usu1246\/2021\/02\/C\u00f2pia-de-_DSC0599-b-1024x683.jpg\" alt=\"\" width=\"518\" height=\"345\" srcset=\"https:\/\/agora.xtec.cat\/ieslescorts\/wp-content\/uploads\/usu1246\/2021\/02\/C\u00f2pia-de-_DSC0599-b-1024x683.jpg 1024w, https:\/\/agora.xtec.cat\/ieslescorts\/wp-content\/uploads\/usu1246\/2021\/02\/C\u00f2pia-de-_DSC0599-b-300x200.jpg 300w, https:\/\/agora.xtec.cat\/ieslescorts\/wp-content\/uploads\/usu1246\/2021\/02\/C\u00f2pia-de-_DSC0599-b-768x512.jpg 768w\" sizes=\"auto, (max-width: 518px) 100vw, 518px\" \/><\/a><\/p>\n<p><a href=\"https:\/\/agora.xtec.cat\/ieslescorts\/wp-content\/uploads\/usu1246\/2021\/02\/C\u00f2pia-de-IMG_2146-b.jpg\"><img loading=\"lazy\" decoding=\"async\" class=\"wp-image-9077 alignnone\" src=\"https:\/\/agora.xtec.cat\/ieslescorts\/wp-content\/uploads\/usu1246\/2021\/02\/C\u00f2pia-de-IMG_2146-b-1024x575.jpg\" alt=\"\" width=\"484\" height=\"272\" srcset=\"https:\/\/agora.xtec.cat\/ieslescorts\/wp-content\/uploads\/usu1246\/2021\/02\/C\u00f2pia-de-IMG_2146-b-1024x575.jpg 1024w, https:\/\/agora.xtec.cat\/ieslescorts\/wp-content\/uploads\/usu1246\/2021\/02\/C\u00f2pia-de-IMG_2146-b-300x169.jpg 300w, https:\/\/agora.xtec.cat\/ieslescorts\/wp-content\/uploads\/usu1246\/2021\/02\/C\u00f2pia-de-IMG_2146-b-768x432.jpg 768w, https:\/\/agora.xtec.cat\/ieslescorts\/wp-content\/uploads\/usu1246\/2021\/02\/C\u00f2pia-de-IMG_2146-b.jpg 2000w\" sizes=\"auto, (max-width: 484px) 100vw, 484px\" \/><\/a> <a href=\"https:\/\/agora.xtec.cat\/ieslescorts\/wp-content\/uploads\/usu1246\/2021\/02\/C\u00f2pia-de-IMG_2172b.jpg\"><img loading=\"lazy\" decoding=\"async\" class=\"wp-image-9078 alignnone\" src=\"https:\/\/agora.xtec.cat\/ieslescorts\/wp-content\/uploads\/usu1246\/2021\/02\/C\u00f2pia-de-IMG_2172b-1024x576.jpg\" alt=\"\" width=\"483\" height=\"272\" srcset=\"https:\/\/agora.xtec.cat\/ieslescorts\/wp-content\/uploads\/usu1246\/2021\/02\/C\u00f2pia-de-IMG_2172b-1024x576.jpg 1024w, https:\/\/agora.xtec.cat\/ieslescorts\/wp-content\/uploads\/usu1246\/2021\/02\/C\u00f2pia-de-IMG_2172b-300x169.jpg 300w, https:\/\/agora.xtec.cat\/ieslescorts\/wp-content\/uploads\/usu1246\/2021\/02\/C\u00f2pia-de-IMG_2172b-768x432.jpg 768w, https:\/\/agora.xtec.cat\/ieslescorts\/wp-content\/uploads\/usu1246\/2021\/02\/C\u00f2pia-de-IMG_2172b.jpg 1600w\" sizes=\"auto, (max-width: 483px) 100vw, 483px\" \/><\/a><\/p>\n","protected":false},"excerpt":{"rendered":"<p>Elaboraci\u00f3 de diversos curtmetratges treballant les diverses fases del proc\u00e9s (gui\u00f3 literari, t\u00e8cnic, gr\u00e0fic, rodatge \u2013direcci\u00f3 i actuaci\u00f3-, postproducci\u00f3, etc.) a c\u00e0rrec dels alumnes de Cultura audiovisual de batxillerat (tant primer de batxillerat com segon).<br \/>\n&nbsp;<br \/>\n<a href=\"https:\/\/agora.xtec.cat\/ieslescorts\/wp-content\/uploads\/usu1246\/2021\/02\/C\u00f2pia-de-IMG_20191218_182005.jpg\"><\/a> <a href=\"https:\/\/agora.xtec.cat\/ieslescorts\/wp-content\/uploads\/usu1246\/2021\/02\/C\u00f2pia-de-IMG_20191218_182024.jpg\"><\/a><br \/>\n<a href=\"https:\/\/agora.xtec.cat\/ieslescorts\/wp-content\/uploads\/usu1246\/2021\/02\/C\u00f2pia-de-IMG_0658.jpg\"><\/a><a href=\"https:\/\/agora.xtec.cat\/ieslescorts\/wp-content\/uploads\/usu1246\/2021\/02\/C\u00f2pia-de-IMG_0712.jpg\"><\/a><br \/>\n&nbsp;<br \/>\n&nbsp;<br \/>\n&nbsp;<br \/>\n&nbsp;<br \/>\n&nbsp;<br \/>\n&nbsp;<br \/>\n&nbsp;<br \/>\n&nbsp;<br \/>\n&nbsp;<br \/>\n&nbsp;<br \/>\n<a href=\"https:\/\/agora.xtec.cat\/ieslescorts\/wp-content\/uploads\/usu1246\/2021\/02\/C\u00f2pia-de-IMG_20191215_084253.jpg\"><\/a><a href=\"https:\/\/agora.xtec.cat\/ieslescorts\/wp-content\/uploads\/usu1246\/2021\/02\/C\u00f2pia-de-IMG_20191219_200113-b.jpg\"><\/a><br \/>\n<a href=\"https:\/\/agora.xtec.cat\/ieslescorts\/wp-content\/uploads\/usu1246\/2021\/02\/C\u00f2pia-de-_DSC0636-b.jpg\"><\/a><a href=\"https:\/\/agora.xtec.cat\/ieslescorts\/wp-content\/uploads\/usu1246\/2021\/02\/C\u00f2pia-de-_DSC0599-b.jpg\"><\/a><br \/>\n<a href=\"https:\/\/agora.xtec.cat\/ieslescorts\/wp-content\/uploads\/usu1246\/2021\/02\/C\u00f2pia-de-IMG_2146-b.jpg\"><\/a>&hellip;  <a href=\"https:\/\/agora.xtec.cat\/ieslescorts\/projectes\/projectes-de-ciencies-de-la-naturalesa-2\/creacio-dun-curtmetratge-batxillerat\/\" title=\"Read CREACI\u00d3 D\u2019UN CURTMETRATGE (BATXILLERAT)\">Llegeix m\u00e9s\u00bb<\/a><\/p>\n","protected":false},"author":206,"featured_media":0,"parent":8357,"menu_order":5,"comment_status":"closed","ping_status":"closed","template":"page-templates\/side-menu.php","meta":{"_bbp_topic_count":0,"_bbp_reply_count":0,"_bbp_total_topic_count":0,"_bbp_total_reply_count":0,"_bbp_voice_count":0,"_bbp_anonymous_reply_count":0,"_bbp_topic_count_hidden":0,"_bbp_reply_count_hidden":0,"_bbp_forum_subforum_count":0,"footnotes":""},"class_list":["post-9047","page","type-page","status-publish","hentry"],"post_mailing_queue_ids":[],"_links":{"self":[{"href":"https:\/\/agora.xtec.cat\/ieslescorts\/wp-json\/wp\/v2\/pages\/9047","targetHints":{"allow":["GET"]}}],"collection":[{"href":"https:\/\/agora.xtec.cat\/ieslescorts\/wp-json\/wp\/v2\/pages"}],"about":[{"href":"https:\/\/agora.xtec.cat\/ieslescorts\/wp-json\/wp\/v2\/types\/page"}],"author":[{"embeddable":true,"href":"https:\/\/agora.xtec.cat\/ieslescorts\/wp-json\/wp\/v2\/users\/206"}],"replies":[{"embeddable":true,"href":"https:\/\/agora.xtec.cat\/ieslescorts\/wp-json\/wp\/v2\/comments?post=9047"}],"version-history":[{"count":3,"href":"https:\/\/agora.xtec.cat\/ieslescorts\/wp-json\/wp\/v2\/pages\/9047\/revisions"}],"predecessor-version":[{"id":9116,"href":"https:\/\/agora.xtec.cat\/ieslescorts\/wp-json\/wp\/v2\/pages\/9047\/revisions\/9116"}],"up":[{"embeddable":true,"href":"https:\/\/agora.xtec.cat\/ieslescorts\/wp-json\/wp\/v2\/pages\/8357"}],"wp:attachment":[{"href":"https:\/\/agora.xtec.cat\/ieslescorts\/wp-json\/wp\/v2\/media?parent=9047"}],"curies":[{"name":"wp","href":"https:\/\/api.w.org\/{rel}","templated":true}]}}