{"id":8447,"date":"2021-02-06T02:15:17","date_gmt":"2021-02-06T01:15:17","guid":{"rendered":"http:\/\/agora.xtec.cat\/ieslescorts\/?page_id=8447"},"modified":"2021-02-07T12:38:47","modified_gmt":"2021-02-07T11:38:47","slug":"projecte-de-programacio-i-robotica","status":"publish","type":"page","link":"https:\/\/agora.xtec.cat\/ieslescorts\/projectes\/projectes-de-tecnologia\/projecte-de-programacio-i-robotica\/","title":{"rendered":"PROJECTE DE PROGRAMACI\u00d3 I ROB\u00d2TICA"},"content":{"rendered":"<p><strong>PROJECTE DE PROGRAMACI\u00d3 I ROB\u00d2TICA<\/strong><\/p>\n<p>El\u00a0<strong>pensament computacional<\/strong> implica un conjunt de t\u00e8cniques i habilitats per a la resoluci\u00f3 de problemes, descomponent-los en problemes m\u00e9s petits i senzills de treballar i resoldre. D\u2019aquesta manera, problemes complexos es poden resoldre de manera m\u00e9s acotada i eficient.<\/p>\n<p>Des de Programaci\u00f3 i rob\u00f2tica treballem el pensament computacional per a resoldre reptes, i implica:<\/p>\n<ul>\n<li>L\u2019\u00fas actiu i no el consum passiu de la tecnologia.<\/li>\n<li>La millora de la resoluci\u00f3 de problemes<\/li>\n<li>El pensament algor\u00edtmic.<\/li>\n<li>El proc\u00e9s creatiu i el treball en equip.<\/li>\n<li>La utilitzaci\u00f3 de diferents intel\u00b7lig\u00e8ncies com ara la matem\u00e0tica, l\u2019 art\u00edstica\u2026<\/li>\n<\/ul>\n<p>L\u2019itinerari de Programaci\u00f3 i Rob\u00f2tica proposat \u00e9s:<\/p>\n<p><strong>PRIMER D\u2019ESO: <\/strong>Comen\u00e7ar la programaci\u00f3 amb <em>Code, Scratch i la placa Makey Makey <\/em>\u00a0en l\u2019entorn d\u2019una mat\u00e8ria optativa.<\/p>\n<p><strong>SEGON D\u2019ESO: <\/strong>Es continua de manera general amb concepte i resoluci\u00f3 de repte de programaci\u00f3, en entorns com Code, Scratch, Beetle Blocks, etc.<\/p>\n<p><strong>TERCER D\u2019ESO: <\/strong>Participaci\u00f3 en la <em>First Lego League<\/em> a nivell de districte i de Barcelona. Consisteix en la resoluci\u00f3 de missions mitan\u00e7ant el robot <em>Lego Mindstorms<\/em>, aix\u00ed com el desenvolupament d\u2019un projecte cient\u00edfic relacionat. Alhora, es fomenten els valors de la First Lego, com s\u00f3n: <em>descobriment,<\/em> <em>innovaci\u00f3, cooperaci\u00f3, impacte, inclusi\u00f3, col\u00b7laboraci\u00f3 i diversi\u00f3.<\/em><\/p>\n<p><a href=\"https:\/\/agora.xtec.cat\/ieslescorts\/wp-content\/uploads\/usu1246\/2021\/02\/1.png\"><img loading=\"lazy\" decoding=\"async\" class=\" wp-image-8471 alignleft\" src=\"https:\/\/agora.xtec.cat\/ieslescorts\/wp-content\/uploads\/usu1246\/2021\/02\/1.png\" alt=\"\" width=\"375\" height=\"448\" srcset=\"https:\/\/agora.xtec.cat\/ieslescorts\/wp-content\/uploads\/usu1246\/2021\/02\/1.png 434w, https:\/\/agora.xtec.cat\/ieslescorts\/wp-content\/uploads\/usu1246\/2021\/02\/1-251x300.png 251w\" sizes=\"auto, (max-width: 375px) 100vw, 375px\" \/><\/a> <a href=\"https:\/\/agora.xtec.cat\/ieslescorts\/wp-content\/uploads\/usu1246\/2021\/02\/2.jpg\"><img loading=\"lazy\" decoding=\"async\" class=\"aligncenter wp-image-8472\" src=\"https:\/\/agora.xtec.cat\/ieslescorts\/wp-content\/uploads\/usu1246\/2021\/02\/2.jpg\" alt=\"\" width=\"519\" height=\"389\" srcset=\"https:\/\/agora.xtec.cat\/ieslescorts\/wp-content\/uploads\/usu1246\/2021\/02\/2.jpg 619w, https:\/\/agora.xtec.cat\/ieslescorts\/wp-content\/uploads\/usu1246\/2021\/02\/2-300x225.jpg 300w, https:\/\/agora.xtec.cat\/ieslescorts\/wp-content\/uploads\/usu1246\/2021\/02\/2-200x150.jpg 200w\" sizes=\"auto, (max-width: 519px) 100vw, 519px\" \/><\/a><\/p>\n<p>&nbsp;<\/p>\n<p>&nbsp;<\/p>\n<p><a href=\"https:\/\/agora.xtec.cat\/ieslescorts\/wp-content\/uploads\/usu1246\/2021\/02\/3.jpg\"><img loading=\"lazy\" decoding=\"async\" class=\"size-large wp-image-8473 aligncenter\" src=\"https:\/\/agora.xtec.cat\/ieslescorts\/wp-content\/uploads\/usu1246\/2021\/02\/3.jpg\" alt=\"\" width=\"770\" height=\"433\" srcset=\"https:\/\/agora.xtec.cat\/ieslescorts\/wp-content\/uploads\/usu1246\/2021\/02\/3.jpg 770w, https:\/\/agora.xtec.cat\/ieslescorts\/wp-content\/uploads\/usu1246\/2021\/02\/3-300x169.jpg 300w, https:\/\/agora.xtec.cat\/ieslescorts\/wp-content\/uploads\/usu1246\/2021\/02\/3-768x432.jpg 768w\" sizes=\"auto, (max-width: 770px) 100vw, 770px\" \/><\/a><\/p>\n<p><a href=\"https:\/\/agora.xtec.cat\/ieslescorts\/wp-content\/uploads\/usu1246\/2021\/02\/5.jpg\"><img loading=\"lazy\" decoding=\"async\" class=\"wp-image-8475 alignleft\" src=\"https:\/\/agora.xtec.cat\/ieslescorts\/wp-content\/uploads\/usu1246\/2021\/02\/5.jpg\" alt=\"\" width=\"406\" height=\"680\" srcset=\"https:\/\/agora.xtec.cat\/ieslescorts\/wp-content\/uploads\/usu1246\/2021\/02\/5.jpg 346w, https:\/\/agora.xtec.cat\/ieslescorts\/wp-content\/uploads\/usu1246\/2021\/02\/5-179x300.jpg 179w\" sizes=\"auto, (max-width: 406px) 100vw, 406px\" \/><\/a><img loading=\"lazy\" decoding=\"async\" class=\"wp-image-8474 aligncenter\" src=\"https:\/\/agora.xtec.cat\/ieslescorts\/wp-content\/uploads\/usu1246\/2021\/02\/4.jpg\" alt=\"\" width=\"508\" height=\"677\" srcset=\"https:\/\/agora.xtec.cat\/ieslescorts\/wp-content\/uploads\/usu1246\/2021\/02\/4.jpg 592w, https:\/\/agora.xtec.cat\/ieslescorts\/wp-content\/uploads\/usu1246\/2021\/02\/4-225x300.jpg 225w\" sizes=\"auto, (max-width: 508px) 100vw, 508px\" \/><\/p>\n<p><a href=\"https:\/\/agora.xtec.cat\/ieslescorts\/wp-content\/uploads\/usu1246\/2021\/02\/6.jpg\"><img loading=\"lazy\" decoding=\"async\" class=\"aligncenter wp-image-8476\" src=\"https:\/\/agora.xtec.cat\/ieslescorts\/wp-content\/uploads\/usu1246\/2021\/02\/6.jpg\" alt=\"\" width=\"972\" height=\"972\" srcset=\"https:\/\/agora.xtec.cat\/ieslescorts\/wp-content\/uploads\/usu1246\/2021\/02\/6.jpg 789w, https:\/\/agora.xtec.cat\/ieslescorts\/wp-content\/uploads\/usu1246\/2021\/02\/6-150x150.jpg 150w, https:\/\/agora.xtec.cat\/ieslescorts\/wp-content\/uploads\/usu1246\/2021\/02\/6-300x300.jpg 300w, https:\/\/agora.xtec.cat\/ieslescorts\/wp-content\/uploads\/usu1246\/2021\/02\/6-768x768.jpg 768w\" sizes=\"auto, (max-width: 972px) 100vw, 972px\" \/><\/a><\/p>\n<p>Not\u00edcies:<\/p>\n<p><a href=\"https:\/\/agora.xtec.cat\/ieslescorts\/portada\/lins-les-corts-a-la-first-lego-league-torneig-upc\/\"><em>https:\/\/agora.xtec.cat\/ieslescorts\/portada\/lins-les-corts-a-la-first-lego-league-torneig-upc\/<\/em><\/a><\/p>\n<p><a href=\"https:\/\/agora.xtec.cat\/ieslescorts\/portada\/lins-les-corts-a-la-microfll\/\"><em>https:\/\/agora.xtec.cat\/ieslescorts\/portada\/lins-les-corts-a-la-microfll\/<\/em><\/a><\/p>\n<p><a href=\"https:\/\/agora.xtec.cat\/ieslescorts\/general\/micro-first-lego-league\/\"><em>https:\/\/agora.xtec.cat\/ieslescorts\/general\/micro-first-lego-league\/<\/em><\/a><\/p>\n<p><em>\u00a0<\/em><\/p>\n<p>Tamb\u00e9 s\u2019avan\u00e7a amb la programaci\u00f3 per blocs i codi relacionant-ho amb l\u2019electr\u00f2nica mitjan\u00e7ant les plaques Arduino, i s\u2019inicia el m\u00f3n de la impressi\u00f3 3D mitjan\u00e7ant programes com <em>beetle blocs, sketch up o Tinkercad.<\/em><\/p>\n<p><strong>QUART D\u2019ESO: <\/strong>Continuaci\u00f3 de programaci\u00f3 i electr\u00f2nica mitjan\u00e7ant Aruinoblocks, Snap4Arduino o ArduinoIDE, i plaques Arduino, afegint reptes de rob\u00f2tica amb el muntatge i programaci\u00f3 d\u2019un bra\u00e7 rob\u00f2tic, un vehicles, etc.<\/p>\n<p>Des de la mat\u00e8ria d\u2019<strong>inform\u00e0tica, <\/strong>es treballa la programaci\u00f3 amb el disseny d\u2019aplicacions m\u00f2bils utilitzant l\u2019APPInventor.<\/p>\n<p>D\u2019altra banda, es realitzen sortides i tallers relacionats com:<\/p>\n<ul>\n<li>Tallers a l\u2019Ateneu de Fabricaci\u00f3 de Les Corts<\/li>\n<li>Tallers a la UPC<\/li>\n<\/ul>\n<p><a href=\"https:\/\/agora.xtec.cat\/ieslescorts\/wp-content\/uploads\/usu1246\/2021\/02\/7.jpg\"><img loading=\"lazy\" decoding=\"async\" class=\"aligncenter size-full wp-image-8478\" src=\"https:\/\/agora.xtec.cat\/ieslescorts\/wp-content\/uploads\/usu1246\/2021\/02\/7.jpg\" alt=\"\" width=\"703\" height=\"528\" srcset=\"https:\/\/agora.xtec.cat\/ieslescorts\/wp-content\/uploads\/usu1246\/2021\/02\/7.jpg 703w, https:\/\/agora.xtec.cat\/ieslescorts\/wp-content\/uploads\/usu1246\/2021\/02\/7-300x225.jpg 300w, https:\/\/agora.xtec.cat\/ieslescorts\/wp-content\/uploads\/usu1246\/2021\/02\/7-200x150.jpg 200w\" sizes=\"auto, (max-width: 703px) 100vw, 703px\" \/><\/a><\/p>\n<p><a href=\"https:\/\/agora.xtec.cat\/ieslescorts\/portada\/robotica-a-la-upc\/\">https:\/\/agora.xtec.cat\/ieslescorts\/portada\/robotica-a-la-upc\/<\/a><\/p>\n<p><img loading=\"lazy\" decoding=\"async\" class=\"aligncenter wp-image-8479\" src=\"https:\/\/agora.xtec.cat\/ieslescorts\/wp-content\/uploads\/usu1246\/2021\/02\/8.jpg\" alt=\"\" width=\"595\" height=\"446\" srcset=\"https:\/\/agora.xtec.cat\/ieslescorts\/wp-content\/uploads\/usu1246\/2021\/02\/8.jpg 512w, https:\/\/agora.xtec.cat\/ieslescorts\/wp-content\/uploads\/usu1246\/2021\/02\/8-300x225.jpg 300w, https:\/\/agora.xtec.cat\/ieslescorts\/wp-content\/uploads\/usu1246\/2021\/02\/8-200x150.jpg 200w\" sizes=\"auto, (max-width: 595px) 100vw, 595px\" \/><\/p>\n<p><a href=\"https:\/\/agora.xtec.cat\/ieslescorts\/general\/sortida-tecno-robotica-upc\/\">https:\/\/agora.xtec.cat\/ieslescorts\/general\/sortida-tecno-robotica-upc\/<\/a><\/p>\n<p><a href=\"https:\/\/agora.xtec.cat\/ieslescorts\/wp-content\/uploads\/usu1246\/2021\/02\/9.jpg\"><img loading=\"lazy\" decoding=\"async\" class=\"aligncenter wp-image-8480\" src=\"https:\/\/agora.xtec.cat\/ieslescorts\/wp-content\/uploads\/usu1246\/2021\/02\/9-1024x768.jpg\" alt=\"\" width=\"667\" height=\"500\" srcset=\"https:\/\/agora.xtec.cat\/ieslescorts\/wp-content\/uploads\/usu1246\/2021\/02\/9-1024x768.jpg 1024w, https:\/\/agora.xtec.cat\/ieslescorts\/wp-content\/uploads\/usu1246\/2021\/02\/9-300x225.jpg 300w, https:\/\/agora.xtec.cat\/ieslescorts\/wp-content\/uploads\/usu1246\/2021\/02\/9-768x576.jpg 768w, https:\/\/agora.xtec.cat\/ieslescorts\/wp-content\/uploads\/usu1246\/2021\/02\/9-200x150.jpg 200w, https:\/\/agora.xtec.cat\/ieslescorts\/wp-content\/uploads\/usu1246\/2021\/02\/9.jpg 1052w\" sizes=\"auto, (max-width: 667px) 100vw, 667px\" \/><\/a><\/p>\n<p><a href=\"https:\/\/agora.xtec.cat\/ieslescorts\/general\/un-robot-a-casa-meva\/\">https:\/\/agora.xtec.cat\/ieslescorts\/general\/un-robot-a-casa-meva\/<\/a><\/p>\n<p>&nbsp;<\/p>\n<p>&nbsp;<\/p>\n","protected":false},"excerpt":{"rendered":"<p>PROJECTE DE PROGRAMACI\u00d3 I ROB\u00d2TICA<br \/>\nEl\u00a0pensament computacional implica un conjunt de t\u00e8cniques i habilitats per a la resoluci\u00f3 de problemes, descomponent-los en problemes m\u00e9s petits i senzills de treballar i resoldre. D\u2019aquesta manera, problemes complexos es poden resoldre de manera m\u00e9s acotada i eficient.<br \/>\nDes de Programaci\u00f3&hellip;  <a href=\"https:\/\/agora.xtec.cat\/ieslescorts\/projectes\/projectes-de-tecnologia\/projecte-de-programacio-i-robotica\/\" title=\"Read PROJECTE DE PROGRAMACI\u00d3 I ROB\u00d2TICA\">Llegeix m\u00e9s\u00bb<\/a><\/p>\n","protected":false},"author":206,"featured_media":0,"parent":8359,"menu_order":3,"comment_status":"closed","ping_status":"closed","template":"page-templates\/side-menu.php","meta":{"_bbp_topic_count":0,"_bbp_reply_count":0,"_bbp_total_topic_count":0,"_bbp_total_reply_count":0,"_bbp_voice_count":0,"_bbp_anonymous_reply_count":0,"_bbp_topic_count_hidden":0,"_bbp_reply_count_hidden":0,"_bbp_forum_subforum_count":0,"footnotes":""},"class_list":["post-8447","page","type-page","status-publish","hentry"],"post_mailing_queue_ids":[],"_links":{"self":[{"href":"https:\/\/agora.xtec.cat\/ieslescorts\/wp-json\/wp\/v2\/pages\/8447","targetHints":{"allow":["GET"]}}],"collection":[{"href":"https:\/\/agora.xtec.cat\/ieslescorts\/wp-json\/wp\/v2\/pages"}],"about":[{"href":"https:\/\/agora.xtec.cat\/ieslescorts\/wp-json\/wp\/v2\/types\/page"}],"author":[{"embeddable":true,"href":"https:\/\/agora.xtec.cat\/ieslescorts\/wp-json\/wp\/v2\/users\/206"}],"replies":[{"embeddable":true,"href":"https:\/\/agora.xtec.cat\/ieslescorts\/wp-json\/wp\/v2\/comments?post=8447"}],"version-history":[{"count":4,"href":"https:\/\/agora.xtec.cat\/ieslescorts\/wp-json\/wp\/v2\/pages\/8447\/revisions"}],"predecessor-version":[{"id":8490,"href":"https:\/\/agora.xtec.cat\/ieslescorts\/wp-json\/wp\/v2\/pages\/8447\/revisions\/8490"}],"up":[{"embeddable":true,"href":"https:\/\/agora.xtec.cat\/ieslescorts\/wp-json\/wp\/v2\/pages\/8359"}],"wp:attachment":[{"href":"https:\/\/agora.xtec.cat\/ieslescorts\/wp-json\/wp\/v2\/media?parent=8447"}],"curies":[{"name":"wp","href":"https:\/\/api.w.org\/{rel}","templated":true}]}}