{"id":8444,"date":"2021-02-06T02:13:00","date_gmt":"2021-02-06T01:13:00","guid":{"rendered":"http:\/\/agora.xtec.cat\/ieslescorts\/?page_id=8444"},"modified":"2021-02-07T12:37:07","modified_gmt":"2021-02-07T11:37:07","slug":"fabricacio-digital","status":"publish","type":"page","link":"https:\/\/agora.xtec.cat\/ieslescorts\/projectes\/projectes-de-tecnologia\/fabricacio-digital\/","title":{"rendered":"FABRICACI\u00d3 DIGITAL"},"content":{"rendered":"<p>L&#8217;Institut participa al projecte <strong>&#8220;Fabricaci\u00f3 Digital&#8221;<\/strong> , en col\u00b7laboraci\u00f3 amb l&#8217;Ateneu de Fabricaci\u00f3 de Les Corts.<\/p>\n<p>L&#8217;objectiu \u00e9s aprendre les eines de fabricaci\u00f3 que l&#8217;alumnat t\u00e9 a l&#8217;abast, i utilitzar-les per a implementar la soluci\u00f3 a problemes.<\/p>\n<p>S&#8217;hi participa especialment des de la mat\u00e8ria de Projecte de Recerca de 4t d&#8217;ESO, aix\u00ed com des de Treballs de recerca de Batxillerat.<\/p>\n<p><a href=\"https:\/\/agora.xtec.cat\/ieslescorts\/wp-content\/uploads\/usu1246\/2021\/02\/image-4.png\"><img loading=\"lazy\" decoding=\"async\" class=\"aligncenter wp-image-8485\" src=\"https:\/\/agora.xtec.cat\/ieslescorts\/wp-content\/uploads\/usu1246\/2021\/02\/image-4-1024x768.png\" alt=\"\" width=\"804\" height=\"603\" srcset=\"https:\/\/agora.xtec.cat\/ieslescorts\/wp-content\/uploads\/usu1246\/2021\/02\/image-4-1024x768.png 1024w, https:\/\/agora.xtec.cat\/ieslescorts\/wp-content\/uploads\/usu1246\/2021\/02\/image-4-300x225.png 300w, https:\/\/agora.xtec.cat\/ieslescorts\/wp-content\/uploads\/usu1246\/2021\/02\/image-4-768x576.png 768w, https:\/\/agora.xtec.cat\/ieslescorts\/wp-content\/uploads\/usu1246\/2021\/02\/image-4-200x150.png 200w, https:\/\/agora.xtec.cat\/ieslescorts\/wp-content\/uploads\/usu1246\/2021\/02\/image-4.png 1094w\" sizes=\"auto, (max-width: 804px) 100vw, 804px\" \/><\/a><\/p>\n<p>Algunes fotos:<\/p>\n<p><a href=\"https:\/\/agora.xtec.cat\/ieslescorts\/general\/visita-a-lateneu-de-fabricacio-de-les-corts\/\">https:\/\/agora.xtec.cat\/ieslescorts\/general\/visita-a-lateneu-de-fabricacio-de-les-corts\/<\/a><\/p>\n<p>m\u00e9s info:\u00a0<a href=\"https:\/\/ajuntament.barcelona.cat\/lescorts\/ca\/coneixeu-el-districte\/lateneu-de-fabricacio-digital\">https:\/\/ajuntament.barcelona.cat\/lescorts\/ca\/coneixeu-el-districte\/lateneu-de-fabricacio-digital<\/a><\/p>\n<p>&nbsp;<\/p>\n","protected":false},"excerpt":{"rendered":"<p>L&#8217;Institut participa al projecte &#8220;Fabricaci\u00f3 Digital&#8221; , en col\u00b7laboraci\u00f3 amb l&#8217;Ateneu de Fabricaci\u00f3 de Les Corts.<br \/>\nL&#8217;objectiu \u00e9s aprendre les eines de fabricaci\u00f3 que l&#8217;alumnat t\u00e9 a l&#8217;abast, i utilitzar-les per a implementar la soluci\u00f3 a problemes.<br \/>\nS&#8217;hi participa especialment des de la mat\u00e8ria de Projecte de&hellip;  <a href=\"https:\/\/agora.xtec.cat\/ieslescorts\/projectes\/projectes-de-tecnologia\/fabricacio-digital\/\" title=\"Read FABRICACI\u00d3 DIGITAL\">Llegeix m\u00e9s\u00bb<\/a><\/p>\n","protected":false},"author":206,"featured_media":0,"parent":8359,"menu_order":2,"comment_status":"closed","ping_status":"closed","template":"page-templates\/side-menu.php","meta":{"_bbp_topic_count":0,"_bbp_reply_count":0,"_bbp_total_topic_count":0,"_bbp_total_reply_count":0,"_bbp_voice_count":0,"_bbp_anonymous_reply_count":0,"_bbp_topic_count_hidden":0,"_bbp_reply_count_hidden":0,"_bbp_forum_subforum_count":0,"footnotes":""},"class_list":["post-8444","page","type-page","status-publish","hentry"],"post_mailing_queue_ids":[],"_links":{"self":[{"href":"https:\/\/agora.xtec.cat\/ieslescorts\/wp-json\/wp\/v2\/pages\/8444","targetHints":{"allow":["GET"]}}],"collection":[{"href":"https:\/\/agora.xtec.cat\/ieslescorts\/wp-json\/wp\/v2\/pages"}],"about":[{"href":"https:\/\/agora.xtec.cat\/ieslescorts\/wp-json\/wp\/v2\/types\/page"}],"author":[{"embeddable":true,"href":"https:\/\/agora.xtec.cat\/ieslescorts\/wp-json\/wp\/v2\/users\/206"}],"replies":[{"embeddable":true,"href":"https:\/\/agora.xtec.cat\/ieslescorts\/wp-json\/wp\/v2\/comments?post=8444"}],"version-history":[{"count":3,"href":"https:\/\/agora.xtec.cat\/ieslescorts\/wp-json\/wp\/v2\/pages\/8444\/revisions"}],"predecessor-version":[{"id":8487,"href":"https:\/\/agora.xtec.cat\/ieslescorts\/wp-json\/wp\/v2\/pages\/8444\/revisions\/8487"}],"up":[{"embeddable":true,"href":"https:\/\/agora.xtec.cat\/ieslescorts\/wp-json\/wp\/v2\/pages\/8359"}],"wp:attachment":[{"href":"https:\/\/agora.xtec.cat\/ieslescorts\/wp-json\/wp\/v2\/media?parent=8444"}],"curies":[{"name":"wp","href":"https:\/\/api.w.org\/{rel}","templated":true}]}}