{"id":8430,"date":"2021-02-06T01:55:21","date_gmt":"2021-02-06T00:55:21","guid":{"rendered":"http:\/\/agora.xtec.cat\/ieslescorts\/?page_id=8430"},"modified":"2021-02-09T21:24:15","modified_gmt":"2021-02-09T20:24:15","slug":"projecte-de-laboratori","status":"publish","type":"page","link":"https:\/\/agora.xtec.cat\/ieslescorts\/projectes\/projectes-de-ciencies-de-la-naturalesa\/projecte-de-laboratori\/","title":{"rendered":"PROJECTE DE LABORATORI"},"content":{"rendered":"<p style=\"text-align: justify;\">Les compet\u00e8ncies b\u00e0siques de l\u2019\u00e0mbit cientificotecnol\u00f2gic es refereixen a aquelles capacitats que permeten a l\u2019alumnat resoldre problemes a partir dels coneixements cient\u00edfics i t\u00e8cnics, aix\u00ed com al domini dels processos de l\u2019activitat cient\u00edfica.<\/p>\n<p style=\"text-align: justify;\">En les hores de desdoblament de les mat\u00e8ries de Ci\u00e8ncies de la Naturalesa, aix\u00ed com en les mat\u00e8ries optatives del Departament de Ci\u00e8ncies de la Natura que es puguin oferir, es treballa la viv\u00e8ncia de fer ci\u00e8ncia: <em>plantejant preguntes o problemes, dissenyant i executant experiments per tal d\u2019extreure les conclusions pertinents<\/em>, i per \u00faltim, <em>la publicaci\u00f3 dels resultats i conclusions<\/em>. En definitiva, l\u2019aplicaci\u00f3 del <strong>m\u00e8tode cient\u00edfic<\/strong>.<\/p>\n<p style=\"text-align: justify;\">A trav\u00e9s de la pr\u00e0ctica permet raonar i contribuir a l\u2019educaci\u00f3 global de l\u2019alumnat perqu\u00e8 el fa capa\u00e7 d\u2019actuar de manera reflexiva davant de situacions que es consideren rellevants.<\/p>\n<p><a href=\"https:\/\/agora.xtec.cat\/ieslescorts\/wp-content\/uploads\/usu1246\/2021\/02\/WhatsApp-Image-2019-03-12-at-19.22.56-1-1.jpeg\"><img loading=\"lazy\" decoding=\"async\" class=\"aligncenter  wp-image-8544\" src=\"https:\/\/agora.xtec.cat\/ieslescorts\/wp-content\/uploads\/usu1246\/2021\/02\/WhatsApp-Image-2019-03-12-at-19.22.56-1-1-1024x768.jpeg\" alt=\"\" width=\"840\" height=\"630\" srcset=\"https:\/\/agora.xtec.cat\/ieslescorts\/wp-content\/uploads\/usu1246\/2021\/02\/WhatsApp-Image-2019-03-12-at-19.22.56-1-1-1024x768.jpeg 1024w, https:\/\/agora.xtec.cat\/ieslescorts\/wp-content\/uploads\/usu1246\/2021\/02\/WhatsApp-Image-2019-03-12-at-19.22.56-1-1-300x225.jpeg 300w, https:\/\/agora.xtec.cat\/ieslescorts\/wp-content\/uploads\/usu1246\/2021\/02\/WhatsApp-Image-2019-03-12-at-19.22.56-1-1-768x576.jpeg 768w, https:\/\/agora.xtec.cat\/ieslescorts\/wp-content\/uploads\/usu1246\/2021\/02\/WhatsApp-Image-2019-03-12-at-19.22.56-1-1-200x150.jpeg 200w, https:\/\/agora.xtec.cat\/ieslescorts\/wp-content\/uploads\/usu1246\/2021\/02\/WhatsApp-Image-2019-03-12-at-19.22.56-1-1.jpeg 1599w\" sizes=\"auto, (max-width: 840px) 100vw, 840px\" \/><\/a><\/p>\n<p><img loading=\"lazy\" decoding=\"async\" class=\"aligncenter  wp-image-8432\" src=\"https:\/\/agora.xtec.cat\/ieslescorts\/wp-content\/uploads\/usu1246\/2021\/02\/Imatge-Laboratori.png\" alt=\"\" width=\"843\" height=\"564\" \/><\/p>\n<p>&nbsp;<\/p>\n<p style=\"text-align: justify;\">\n","protected":false},"excerpt":{"rendered":"<p>Les compet\u00e8ncies b\u00e0siques de l\u2019\u00e0mbit cientificotecnol\u00f2gic es refereixen a aquelles capacitats que permeten a l\u2019alumnat resoldre problemes a partir dels coneixements cient\u00edfics i t\u00e8cnics, aix\u00ed com al domini dels processos de l\u2019activitat cient\u00edfica.<br \/>\nEn les hores de desdoblament de les mat\u00e8ries de Ci\u00e8ncies de la Naturalesa,&hellip;  <a href=\"https:\/\/agora.xtec.cat\/ieslescorts\/projectes\/projectes-de-ciencies-de-la-naturalesa\/projecte-de-laboratori\/\" title=\"Read PROJECTE DE LABORATORI\">Llegeix m\u00e9s\u00bb<\/a><\/p>\n","protected":false},"author":206,"featured_media":0,"parent":8350,"menu_order":4,"comment_status":"closed","ping_status":"closed","template":"page-templates\/side-menu.php","meta":{"_bbp_topic_count":0,"_bbp_reply_count":0,"_bbp_total_topic_count":0,"_bbp_total_reply_count":0,"_bbp_voice_count":0,"_bbp_anonymous_reply_count":0,"_bbp_topic_count_hidden":0,"_bbp_reply_count_hidden":0,"_bbp_forum_subforum_count":0,"footnotes":""},"class_list":["post-8430","page","type-page","status-publish","hentry"],"post_mailing_queue_ids":[],"_links":{"self":[{"href":"https:\/\/agora.xtec.cat\/ieslescorts\/wp-json\/wp\/v2\/pages\/8430","targetHints":{"allow":["GET"]}}],"collection":[{"href":"https:\/\/agora.xtec.cat\/ieslescorts\/wp-json\/wp\/v2\/pages"}],"about":[{"href":"https:\/\/agora.xtec.cat\/ieslescorts\/wp-json\/wp\/v2\/types\/page"}],"author":[{"embeddable":true,"href":"https:\/\/agora.xtec.cat\/ieslescorts\/wp-json\/wp\/v2\/users\/206"}],"replies":[{"embeddable":true,"href":"https:\/\/agora.xtec.cat\/ieslescorts\/wp-json\/wp\/v2\/comments?post=8430"}],"version-history":[{"count":4,"href":"https:\/\/agora.xtec.cat\/ieslescorts\/wp-json\/wp\/v2\/pages\/8430\/revisions"}],"predecessor-version":[{"id":8572,"href":"https:\/\/agora.xtec.cat\/ieslescorts\/wp-json\/wp\/v2\/pages\/8430\/revisions\/8572"}],"up":[{"embeddable":true,"href":"https:\/\/agora.xtec.cat\/ieslescorts\/wp-json\/wp\/v2\/pages\/8350"}],"wp:attachment":[{"href":"https:\/\/agora.xtec.cat\/ieslescorts\/wp-json\/wp\/v2\/media?parent=8430"}],"curies":[{"name":"wp","href":"https:\/\/api.w.org\/{rel}","templated":true}]}}