{"id":8357,"date":"2021-02-04T10:52:47","date_gmt":"2021-02-04T09:52:47","guid":{"rendered":"http:\/\/agora.xtec.cat\/ieslescorts\/?page_id=8357"},"modified":"2021-02-12T16:05:54","modified_gmt":"2021-02-12T15:05:54","slug":"projectes-de-ciencies-de-la-naturalesa-2","status":"publish","type":"page","link":"https:\/\/agora.xtec.cat\/ieslescorts\/projectes\/projectes-de-ciencies-de-la-naturalesa-2\/","title":{"rendered":"PROJECTES DE CI\u00c8NCIES SOCIALS"},"content":{"rendered":"<ol>\n<li><a href=\"http:\/\/agora.xtec.cat\/ieslescorts\/projectes\/projectes-de-ciencies-de-la-naturalesa-2\/programa-gep-angles-a-les-socials-curriculars-2n-eso\/\">PROGRAMA GEP-ANGL\u00c8S A LES SOCIALS CURRICULARS (2n ESO)<\/a><\/li>\n<li><a href=\"http:\/\/agora.xtec.cat\/ieslescorts\/projectes\/projectes-de-ciencies-de-la-naturalesa-2\/de-laudiencia-publica-al-proces-participatiu\/\">DE L&#8217;AUDI\u00c8NCIA P\u00daBLICA AL PROC\u00c9S PARTICIPATIU.<\/a><\/li>\n<li><a href=\"http:\/\/agora.xtec.cat\/ieslescorts\/projectes\/projectes-de-ciencies-de-la-naturalesa-2\/viatge-a-paris-4t-eso\/\">VIATGE A PAR\u00cdS (4t ESO)<\/a><\/li>\n<li><a href=\"http:\/\/agora.xtec.cat\/ieslescorts\/projectes\/projectes-de-ciencies-de-la-naturalesa-2\/passat-mobil-present-4t-eso\/\">PASSAT, M\u00d2BIL, PRESENT (4t ESO)<\/a><\/li>\n<li><a href=\"http:\/\/agora.xtec.cat\/ieslescorts\/projectes\/projectes-de-ciencies-de-la-naturalesa-2\/creacio-dun-curtmetratge-batxillerat\/\">CREACI\u00d3 D\u2019UN CURTMETRATGE (BATXILLERAT)<\/a><\/li>\n<\/ol>\n","protected":false},"excerpt":{"rendered":"<ol>\n<li><a href=\"http:\/\/agora.xtec.cat\/ieslescorts\/projectes\/projectes-de-ciencies-de-la-naturalesa-2\/programa-gep-angles-a-les-socials-curriculars-2n-eso\/\">PROGRAMA GEP-ANGL\u00c8S A LES SOCIALS CURRICULARS (2n ESO)<\/a><\/li>\n<li><a href=\"http:\/\/agora.xtec.cat\/ieslescorts\/projectes\/projectes-de-ciencies-de-la-naturalesa-2\/de-laudiencia-publica-al-proces-participatiu\/\">DE L&#8217;AUDI\u00c8NCIA P\u00daBLICA AL PROC\u00c9S PARTICIPATIU.<\/a><\/li>\n<li><a href=\"http:\/\/agora.xtec.cat\/ieslescorts\/projectes\/projectes-de-ciencies-de-la-naturalesa-2\/viatge-a-paris-4t-eso\/\">VIATGE A PAR\u00cdS (4t ESO)<\/a><\/li>\n<li><a href=\"http:\/\/agora.xtec.cat\/ieslescorts\/projectes\/projectes-de-ciencies-de-la-naturalesa-2\/passat-mobil-present-4t-eso\/\">PASSAT, M\u00d2BIL, PRESENT (4t ESO)<\/a><\/li>\n<li><a href=\"http:\/\/agora.xtec.cat\/ieslescorts\/projectes\/projectes-de-ciencies-de-la-naturalesa-2\/creacio-dun-curtmetratge-batxillerat\/\">CREACI\u00d3 D\u2019UN CURTMETRATGE (BATXILLERAT)<\/a><\/li>\n<\/ol>\n","protected":false},"author":206,"featured_media":0,"parent":317,"menu_order":8,"comment_status":"closed","ping_status":"closed","template":"page-templates\/side-menu.php","meta":{"_bbp_topic_count":0,"_bbp_reply_count":0,"_bbp_total_topic_count":0,"_bbp_total_reply_count":0,"_bbp_voice_count":0,"_bbp_anonymous_reply_count":0,"_bbp_topic_count_hidden":0,"_bbp_reply_count_hidden":0,"_bbp_forum_subforum_count":0,"footnotes":""},"class_list":["post-8357","page","type-page","status-publish","hentry"],"post_mailing_queue_ids":[],"_links":{"self":[{"href":"https:\/\/agora.xtec.cat\/ieslescorts\/wp-json\/wp\/v2\/pages\/8357","targetHints":{"allow":["GET"]}}],"collection":[{"href":"https:\/\/agora.xtec.cat\/ieslescorts\/wp-json\/wp\/v2\/pages"}],"about":[{"href":"https:\/\/agora.xtec.cat\/ieslescorts\/wp-json\/wp\/v2\/types\/page"}],"author":[{"embeddable":true,"href":"https:\/\/agora.xtec.cat\/ieslescorts\/wp-json\/wp\/v2\/users\/206"}],"replies":[{"embeddable":true,"href":"https:\/\/agora.xtec.cat\/ieslescorts\/wp-json\/wp\/v2\/comments?post=8357"}],"version-history":[{"count":4,"href":"https:\/\/agora.xtec.cat\/ieslescorts\/wp-json\/wp\/v2\/pages\/8357\/revisions"}],"predecessor-version":[{"id":9050,"href":"https:\/\/agora.xtec.cat\/ieslescorts\/wp-json\/wp\/v2\/pages\/8357\/revisions\/9050"}],"up":[{"embeddable":true,"href":"https:\/\/agora.xtec.cat\/ieslescorts\/wp-json\/wp\/v2\/pages\/317"}],"wp:attachment":[{"href":"https:\/\/agora.xtec.cat\/ieslescorts\/wp-json\/wp\/v2\/media?parent=8357"}],"curies":[{"name":"wp","href":"https:\/\/api.w.org\/{rel}","templated":true}]}}