{"id":8346,"date":"2021-02-04T09:44:09","date_gmt":"2021-02-04T08:44:09","guid":{"rendered":"http:\/\/agora.xtec.cat\/ieslescorts\/?page_id=8346"},"modified":"2025-07-04T22:02:10","modified_gmt":"2025-07-04T20:02:10","slug":"projectes-de-tutoria","status":"publish","type":"page","link":"https:\/\/agora.xtec.cat\/ieslescorts\/projectes\/projectes-de-tutoria\/","title":{"rendered":"PROJECTES DE TUTORIA"},"content":{"rendered":"<p><strong>PROGRAMES DE L&#8217;AG\u00c8NCIA DE SALUT P\u00daBLICA DE BARCELONA<\/strong><\/p>\n<p style=\"text-align: justify;\">L\u2019institut participa des de fa molts anys en els programes de l&#8217;Ag\u00e8ncia de Salut P\u00fablica de Barcelona. Cada programa est\u00e0 adre\u00e7at a un nivell acad\u00e8mic i en els darrers anys, hem participat amb l\u2019alumnat de 4t en el programa <strong>PARLEM-NE, NO ET TALLIS<\/strong>, amb l&#8217;alumnat de 3r en el programa <strong> A CONTRACORRENT <\/strong>i amb l\u2019alumnat de 2n en el programa <strong>CANVIS<\/strong>. Les activitats formen part del Pla d&#8217;Acci\u00f3 Tutorial i es fan a les hores de tutoria al llarg del curs. Per aix\u00f2, tutores i tutors tenen un paper fonamental per a motivar l\u2019alumnat i dinamitzar les activitats. En primer lloc, el professorat fa la formaci\u00f3 organitzada per l\u2019ag\u00e8ncia, i despr\u00e9s condueix les activitats que fa l&#8217;alumnat amb l&#8217;ajut del llibret de l&#8217;ag\u00e8ncia.<\/p>\n<p style=\"text-align: justify;\">Les activitats dels tres projectes giren al voltant de situacions que apareixen en les vides dels adolescents durant el seu creixement i formaci\u00f3 com a ciutadans. Aspectes com el contacte amb les drogues, les relacions entre iguals, el sexe i altres aspectes de la vida, es presenten de forma amena i motivadora. L\u2019alumnat sovint es veu identificat amb els personatges de les activitats i els ajuda a posicionar-se quan han de prendre decisions en la seva dia quotidiana.<\/p>\n","protected":false},"excerpt":{"rendered":"<p>PROGRAMES DE L&#8217;AG\u00c8NCIA DE SALUT P\u00daBLICA DE BARCELONA<br \/>\nL\u2019institut participa des de fa molts anys en els programes de l&#8217;Ag\u00e8ncia de Salut P\u00fablica de Barcelona. Cada programa est\u00e0 adre\u00e7at a un nivell acad\u00e8mic i en els darrers anys, hem participat amb l\u2019alumnat de 4t en el&hellip;  <a href=\"https:\/\/agora.xtec.cat\/ieslescorts\/projectes\/projectes-de-tutoria\/\" title=\"Read PROJECTES DE TUTORIA\">Llegeix m\u00e9s\u00bb<\/a><\/p>\n","protected":false},"author":206,"featured_media":0,"parent":317,"menu_order":5,"comment_status":"closed","ping_status":"closed","template":"page-templates\/side-menu.php","meta":{"_bbp_topic_count":0,"_bbp_reply_count":0,"_bbp_total_topic_count":0,"_bbp_total_reply_count":0,"_bbp_voice_count":0,"_bbp_anonymous_reply_count":0,"_bbp_topic_count_hidden":0,"_bbp_reply_count_hidden":0,"_bbp_forum_subforum_count":0,"footnotes":""},"class_list":["post-8346","page","type-page","status-publish","hentry"],"post_mailing_queue_ids":[],"_links":{"self":[{"href":"https:\/\/agora.xtec.cat\/ieslescorts\/wp-json\/wp\/v2\/pages\/8346","targetHints":{"allow":["GET"]}}],"collection":[{"href":"https:\/\/agora.xtec.cat\/ieslescorts\/wp-json\/wp\/v2\/pages"}],"about":[{"href":"https:\/\/agora.xtec.cat\/ieslescorts\/wp-json\/wp\/v2\/types\/page"}],"author":[{"embeddable":true,"href":"https:\/\/agora.xtec.cat\/ieslescorts\/wp-json\/wp\/v2\/users\/206"}],"replies":[{"embeddable":true,"href":"https:\/\/agora.xtec.cat\/ieslescorts\/wp-json\/wp\/v2\/comments?post=8346"}],"version-history":[{"count":4,"href":"https:\/\/agora.xtec.cat\/ieslescorts\/wp-json\/wp\/v2\/pages\/8346\/revisions"}],"predecessor-version":[{"id":12235,"href":"https:\/\/agora.xtec.cat\/ieslescorts\/wp-json\/wp\/v2\/pages\/8346\/revisions\/12235"}],"up":[{"embeddable":true,"href":"https:\/\/agora.xtec.cat\/ieslescorts\/wp-json\/wp\/v2\/pages\/317"}],"wp:attachment":[{"href":"https:\/\/agora.xtec.cat\/ieslescorts\/wp-json\/wp\/v2\/media?parent=8346"}],"curies":[{"name":"wp","href":"https:\/\/api.w.org\/{rel}","templated":true}]}}