{"id":8114,"date":"2021-01-28T20:42:20","date_gmt":"2021-01-28T19:42:20","guid":{"rendered":"http:\/\/agora.xtec.cat\/ieslescorts\/?page_id=8114"},"modified":"2025-07-04T21:50:13","modified_gmt":"2025-07-04T19:50:13","slug":"erasmus-2","status":"publish","type":"page","link":"https:\/\/agora.xtec.cat\/ieslescorts\/projectes\/plurilinguisme\/erasmus-2\/","title":{"rendered":"ERASMUS +"},"content":{"rendered":"<p style=\"text-align: justify;\"><a href=\"https:\/\/agora.xtec.cat\/ieslescorts\/wp-content\/uploads\/usu1246\/2021\/01\/ERASMUS-.png\"><img loading=\"lazy\" decoding=\"async\" class=\"size-large wp-image-8258 aligncenter\" src=\"https:\/\/agora.xtec.cat\/ieslescorts\/wp-content\/uploads\/usu1246\/2021\/01\/ERASMUS--1024x223.png\" alt=\"\" width=\"1024\" height=\"223\" srcset=\"https:\/\/agora.xtec.cat\/ieslescorts\/wp-content\/uploads\/usu1246\/2021\/01\/ERASMUS--1024x223.png 1024w, https:\/\/agora.xtec.cat\/ieslescorts\/wp-content\/uploads\/usu1246\/2021\/01\/ERASMUS--300x65.png 300w, https:\/\/agora.xtec.cat\/ieslescorts\/wp-content\/uploads\/usu1246\/2021\/01\/ERASMUS--768x167.png 768w, https:\/\/agora.xtec.cat\/ieslescorts\/wp-content\/uploads\/usu1246\/2021\/01\/ERASMUS-.png 1720w\" sizes=\"auto, (max-width: 1024px) 100vw, 1024px\" \/><\/a><\/p>\n<p style=\"text-align: justify;\"><strong>Programa Erasmus+ Acci\u00f3 KA219 subvencionat per la Uni\u00f3 Europea, en col\u00b7laboraci\u00f3 amb altres instituts europeus.<\/strong><\/p>\n<p style=\"text-align: justify;\">Des de fa anys, el nostre centre est\u00e0 fermament comprom\u00e8s en orientar els nostres alumnes cap a la millora de les seves compet\u00e8ncies. Entre d\u2019altres, la compet\u00e8ncia ling\u00fc\u00edstica en llengua estrangera.<\/p>\n<p style=\"text-align: justify;\">Erasmus + \u00e9s el programa de la Uni\u00f3 Europea per a l\u2019educaci\u00f3, la formaci\u00f3, la joventut i l\u2019esport. T\u00e9 una durada de dos anys, amb organitzacions de tota Europa convidades a sol\u00b7licitar finan\u00e7ament cada any per dur a terme projectes creatius i significatius.<\/p>\n<p style=\"text-align: justify;\">La Comunitat Europea concedeix aquest estiu 2020 a l\u2019Institut Les Corts una subvenci\u00f3 en el marc de les beques Erasmus+ per a la Cooperaci\u00f3 i intercanvi escolar per a la innovaci\u00f3 i l\u2019intercanvi de bones pr\u00e0ctiques.<\/p>\n<p style=\"text-align: justify;\">Aquesta subvenci\u00f3 permetr\u00e0 dur a terme un projecte transversal d\u2019intercanvi <strong><em>Together for Green Deal <\/em><\/strong>entre alumnes del nostre institut i de l\u2019institut alemany K\u00f6nig-Wilhelm-Gymnasium &#8211; H\u00f6xter, per a treballar i conscienciar l\u2019alumnat sobre el <strong>canvi clim\u00e0tic<\/strong> i <strong>la sostenibilitat<\/strong>, i alhora a costar-los al <strong>Pacte Verd Europeu <\/strong>(European Green Deal), aix\u00ed com als reptes socials que comporta l\u2019escalfament global. Es treballar\u00e0 d\u2019una forma transversal i amb l\u2019angl\u00e8s com a llengua vehicular. El projecte tindr\u00e0 una durada de 2 anys i contempla activitats virtuals en una primera etapa, i viatges d\u2019intercanvi escolar quan la pand\u00e8mia ho permeti.<\/p>\n<p style=\"text-align: justify;\">\n<p>&nbsp;<\/p>\n","protected":false},"excerpt":{"rendered":"<p><a href=\"https:\/\/agora.xtec.cat\/ieslescorts\/wp-content\/uploads\/usu1246\/2021\/01\/ERASMUS-.png\"><\/a><br \/>\nPrograma Erasmus+ Acci\u00f3 KA219 subvencionat per la Uni\u00f3 Europea, en col\u00b7laboraci\u00f3 amb altres instituts europeus.<br \/>\nDes de fa anys, el nostre centre est\u00e0 fermament comprom\u00e8s en orientar els nostres alumnes cap a la millora de les seves compet\u00e8ncies. Entre d\u2019altres, la compet\u00e8ncia ling\u00fc\u00edstica en llengua&hellip;  <a href=\"https:\/\/agora.xtec.cat\/ieslescorts\/projectes\/plurilinguisme\/erasmus-2\/\" title=\"Read ERASMUS +\">Llegeix m\u00e9s\u00bb<\/a><\/p>\n","protected":false},"author":206,"featured_media":0,"parent":8243,"menu_order":3,"comment_status":"closed","ping_status":"closed","template":"page-templates\/side-menu.php","meta":{"_bbp_topic_count":0,"_bbp_reply_count":0,"_bbp_total_topic_count":0,"_bbp_total_reply_count":0,"_bbp_voice_count":0,"_bbp_anonymous_reply_count":0,"_bbp_topic_count_hidden":0,"_bbp_reply_count_hidden":0,"_bbp_forum_subforum_count":0,"footnotes":""},"class_list":["post-8114","page","type-page","status-publish","hentry"],"post_mailing_queue_ids":[],"_links":{"self":[{"href":"https:\/\/agora.xtec.cat\/ieslescorts\/wp-json\/wp\/v2\/pages\/8114","targetHints":{"allow":["GET"]}}],"collection":[{"href":"https:\/\/agora.xtec.cat\/ieslescorts\/wp-json\/wp\/v2\/pages"}],"about":[{"href":"https:\/\/agora.xtec.cat\/ieslescorts\/wp-json\/wp\/v2\/types\/page"}],"author":[{"embeddable":true,"href":"https:\/\/agora.xtec.cat\/ieslescorts\/wp-json\/wp\/v2\/users\/206"}],"replies":[{"embeddable":true,"href":"https:\/\/agora.xtec.cat\/ieslescorts\/wp-json\/wp\/v2\/comments?post=8114"}],"version-history":[{"count":4,"href":"https:\/\/agora.xtec.cat\/ieslescorts\/wp-json\/wp\/v2\/pages\/8114\/revisions"}],"predecessor-version":[{"id":12232,"href":"https:\/\/agora.xtec.cat\/ieslescorts\/wp-json\/wp\/v2\/pages\/8114\/revisions\/12232"}],"up":[{"embeddable":true,"href":"https:\/\/agora.xtec.cat\/ieslescorts\/wp-json\/wp\/v2\/pages\/8243"}],"wp:attachment":[{"href":"https:\/\/agora.xtec.cat\/ieslescorts\/wp-json\/wp\/v2\/media?parent=8114"}],"curies":[{"name":"wp","href":"https:\/\/api.w.org\/{rel}","templated":true}]}}