{"id":7737,"date":"2020-06-14T21:10:45","date_gmt":"2020-06-14T19:10:45","guid":{"rendered":"http:\/\/agora.xtec.cat\/ieslescorts\/?page_id=7737"},"modified":"2020-06-14T21:46:48","modified_gmt":"2020-06-14T19:46:48","slug":"repte-7","status":"publish","type":"page","link":"https:\/\/agora.xtec.cat\/ieslescorts\/reptes2020\/repte-7\/","title":{"rendered":"REPTE 7"},"content":{"rendered":"<h2><strong>Repte 7. <\/strong><span style=\"color: #339966;\"><strong>Posa&#8217;t la samarreta.<\/strong><\/span><\/h2>\n<p>Aquest repte consisteix en posar-se i treure\u2019s la samarreta, per\u00f2 en una posici\u00f3 una mica diferent!!!. Aquest repte consisteix en fer <strong>un v\u00eddeo<\/strong> on es vegi com et poses i et treus la samarreta amb una posici\u00f3 diferent i original.<\/p>\n<p><a href=\"https:\/\/agora.xtec.cat\/ieslescorts\/wp-content\/uploads\/usu1246\/2020\/06\/samarreta.png\"><img loading=\"lazy\" decoding=\"async\" class=\"aligncenter size-full wp-image-7738\" src=\"https:\/\/agora.xtec.cat\/ieslescorts\/wp-content\/uploads\/usu1246\/2020\/06\/samarreta.png\" alt=\"\" width=\"208\" height=\"519\" srcset=\"https:\/\/agora.xtec.cat\/ieslescorts\/wp-content\/uploads\/usu1246\/2020\/06\/samarreta.png 208w, https:\/\/agora.xtec.cat\/ieslescorts\/wp-content\/uploads\/usu1246\/2020\/06\/samarreta-120x300.png 120w\" sizes=\"auto, (max-width: 208px) 100vw, 208px\" \/><\/a><\/p>\n<p>Teniu total llibertat per a l\u2019edici\u00f3 del vostre v\u00eddeo. Hi podeu incloure m\u00fasica de fons, indument\u00e0ria divertida, participaci\u00f3 d\u2019algun familiar que faci tamb\u00e9 la mateja posici\u00f3 per treure&#8217;s i posar-se la semarreta, etc.<br \/>\nA continuaci\u00f3 teniu l\u2019enlla\u00e7 d&#8217;un exemple fet per l&#8217;Ana Pujol:<\/p>\n<h3 style=\"text-align: center;\"><a href=\"https:\/\/drive.google.com\/file\/d\/1zn0dpJ5mCrl2jnLyuJBdnPLbZRFY_ziu\/preview\" target=\"_blank\" rel=\"noopener noreferrer\"><span style=\"color: #ff6600;\">POSA&#8217;T LA SAMARRETA<\/span><\/a><\/h3>\n<p style=\"text-align: center;\"><em>\u00a1Manos a la obra!<\/em><\/p>\n<p style=\"text-align: justify;\"><em>Heu d\u2019enviar el vostre v\u00eddeo per correu electr\u00f2nic a l\u2019adre\u00e7a <a href=\"mailto:reptes.2020@inslescorts.cat\">reptes.2020@inslescorts.cat<\/a> En l\u2019assumpte cal posar: Repte 7, nom, cognom, curs i classe. Si la mida del fitxer \u00e9s superior a 25 MB, cap problema!, s&#8217;enviar\u00e0 com a enlla\u00e7 de Google Drive. Teniu temps per enviar el vostre v\u00eddeo fins el <strong>divendres 19 de juny<\/strong>. Tots els v\u00eddeos seran publicats junts. <\/em><\/p>\n","protected":false},"excerpt":{"rendered":"<p>Repte 7. Posa&#8217;t la samarreta.<br \/>\nAquest repte consisteix en posar-se i treure\u2019s la samarreta, per\u00f2 en una posici\u00f3 una mica diferent!!!. Aquest repte consisteix en fer un v\u00eddeo on es vegi com et poses i et treus la samarreta amb una posici\u00f3 diferent i original.<br \/>\n<a href=\"https:\/\/agora.xtec.cat\/ieslescorts\/wp-content\/uploads\/usu1246\/2020\/06\/samarreta.png\"><\/a><br \/>\nTeniu&hellip;  <a href=\"https:\/\/agora.xtec.cat\/ieslescorts\/reptes2020\/repte-7\/\" title=\"Read REPTE 7\">Llegeix m\u00e9s\u00bb<\/a><\/p>\n","protected":false},"author":1,"featured_media":0,"parent":7428,"menu_order":0,"comment_status":"closed","ping_status":"closed","template":"","meta":{"_bbp_topic_count":0,"_bbp_reply_count":0,"_bbp_total_topic_count":0,"_bbp_total_reply_count":0,"_bbp_voice_count":0,"_bbp_anonymous_reply_count":0,"_bbp_topic_count_hidden":0,"_bbp_reply_count_hidden":0,"_bbp_forum_subforum_count":0,"footnotes":""},"class_list":["post-7737","page","type-page","status-publish","hentry"],"post_mailing_queue_ids":[],"_links":{"self":[{"href":"https:\/\/agora.xtec.cat\/ieslescorts\/wp-json\/wp\/v2\/pages\/7737","targetHints":{"allow":["GET"]}}],"collection":[{"href":"https:\/\/agora.xtec.cat\/ieslescorts\/wp-json\/wp\/v2\/pages"}],"about":[{"href":"https:\/\/agora.xtec.cat\/ieslescorts\/wp-json\/wp\/v2\/types\/page"}],"author":[{"embeddable":true,"href":"https:\/\/agora.xtec.cat\/ieslescorts\/wp-json\/wp\/v2\/users\/1"}],"replies":[{"embeddable":true,"href":"https:\/\/agora.xtec.cat\/ieslescorts\/wp-json\/wp\/v2\/comments?post=7737"}],"version-history":[{"count":3,"href":"https:\/\/agora.xtec.cat\/ieslescorts\/wp-json\/wp\/v2\/pages\/7737\/revisions"}],"predecessor-version":[{"id":7764,"href":"https:\/\/agora.xtec.cat\/ieslescorts\/wp-json\/wp\/v2\/pages\/7737\/revisions\/7764"}],"up":[{"embeddable":true,"href":"https:\/\/agora.xtec.cat\/ieslescorts\/wp-json\/wp\/v2\/pages\/7428"}],"wp:attachment":[{"href":"https:\/\/agora.xtec.cat\/ieslescorts\/wp-json\/wp\/v2\/media?parent=7737"}],"curies":[{"name":"wp","href":"https:\/\/api.w.org\/{rel}","templated":true}]}}