{"id":7733,"date":"2020-06-14T21:04:08","date_gmt":"2020-06-14T19:04:08","guid":{"rendered":"http:\/\/agora.xtec.cat\/ieslescorts\/?page_id=7733"},"modified":"2020-06-14T21:47:20","modified_gmt":"2020-06-14T19:47:20","slug":"repte-6","status":"publish","type":"page","link":"https:\/\/agora.xtec.cat\/ieslescorts\/reptes2020\/repte-6\/","title":{"rendered":"REPTE 6"},"content":{"rendered":"<h2><strong>Repte 6. <\/strong><span style=\"color: #339966;\"><strong>Cuina&#8217;m sa.<\/strong><\/span><\/h2>\n<p>Aquest repte consisteix en fer <strong>un v\u00eddeo de m\u00e0xim tres minuts de durada<\/strong> (en catal\u00e0, castell\u00e0, angl\u00e8s, franc\u00e8s o alemany) en que s\u2019expliqui una <strong>recepta f\u00e0cil i saludable<\/strong>. L\u2019objetiu d\u2019aquest repte \u00e9s compartir i adquirir h\u00e0bits alimentaris saludables.<\/p>\n<p><a href=\"https:\/\/agora.xtec.cat\/ieslescorts\/wp-content\/uploads\/usu1246\/2020\/06\/cuina.png\"><img loading=\"lazy\" decoding=\"async\" class=\"aligncenter wp-image-7734\" src=\"https:\/\/agora.xtec.cat\/ieslescorts\/wp-content\/uploads\/usu1246\/2020\/06\/cuina.png\" alt=\"\" width=\"546\" height=\"313\" srcset=\"https:\/\/agora.xtec.cat\/ieslescorts\/wp-content\/uploads\/usu1246\/2020\/06\/cuina.png 624w, https:\/\/agora.xtec.cat\/ieslescorts\/wp-content\/uploads\/usu1246\/2020\/06\/cuina-300x172.png 300w\" sizes=\"auto, (max-width: 546px) 100vw, 546px\" \/><\/a><\/p>\n<p>Recorda que el v\u00eddeo ha d\u2019incloure els seg\u00fcents punts:<\/p>\n<p>1. Explicaci\u00f3 del plat que es cuinar\u00e0.<\/p>\n<p>2. Presentaci\u00f3 dels ingredients.<\/p>\n<p>3. Explicaci\u00f3 de l\u2019elaboraci\u00f3 del plat (pas a pas).<\/p>\n<p>4. Emplatat final.<\/p>\n<p>&nbsp;<\/p>\n<p>Teniu total llibertat per a l\u2019edici\u00f3 del vostre v\u00eddeo. Hi podeu incloure m\u00fasica de fons, indument\u00e0ria divertida, participaci\u00f3 d\u2019algun familiar que us ajudi a la cuina, etc.<\/p>\n<p>A continuaci\u00f3 teniu l\u2019enlla\u00e7 d\u2019una mostra feta pel Roger:<\/p>\n<h2 style=\"text-align: center;\"><a href=\"https:\/\/drive.google.com\/file\/d\/1W6HbZ5FQHcHaDf4TKzsSt6CwFHJbziQl\/preview\" target=\"_blank\" rel=\"noopener noreferrer\"><span style=\"color: #ff6600;\"><strong>CUINA&#8217;M SA<\/strong><\/span><\/a><\/h2>\n<p>El problema que planteja el seu v\u00eddeo \u00e9s la duraci\u00f3 (supera en un minut el minutatge perm\u00e9s). No obstant, pot ajudar-vos com a idea.<\/p>\n<p>&nbsp;<\/p>\n<p style=\"text-align: center;\"><em>\u00a1Manos a la obra! <\/em><\/p>\n<p style=\"text-align: justify;\"><em>Heu d\u2019enviar el vostre v\u00eddeo per correu electr\u00f2nic a l\u2019adre\u00e7a <a href=\"mailto:reptes.2020@inslescorts.cat\">reptes.2020@inslescorts.cat<\/a> En l\u2019assumpte cal posar: Repte 6, nom, cognom, curs i classe. Si la mida del fitxer \u00e9s superior a 25 MB, cap problema!, s&#8217;enviar\u00e0 com a enlla\u00e7 de Google Drive. Teniu temps per enviar el vostre v\u00eddeo fins el <strong>divendres 19 de juny<\/strong>. Tots els v\u00eddeos seran publicats junts. <\/em><\/p>\n","protected":false},"excerpt":{"rendered":"<p>Repte 6. Cuina&#8217;m sa.<br \/>\nAquest repte consisteix en fer un v\u00eddeo de m\u00e0xim tres minuts de durada (en catal\u00e0, castell\u00e0, angl\u00e8s, franc\u00e8s o alemany) en que s\u2019expliqui una recepta f\u00e0cil i saludable. L\u2019objetiu d\u2019aquest repte \u00e9s compartir i adquirir h\u00e0bits alimentaris saludables.<br \/>\n<a href=\"https:\/\/agora.xtec.cat\/ieslescorts\/wp-content\/uploads\/usu1246\/2020\/06\/cuina.png\"><\/a><br \/>\nRecorda que el v\u00eddeo&hellip;  <a href=\"https:\/\/agora.xtec.cat\/ieslescorts\/reptes2020\/repte-6\/\" title=\"Read REPTE 6\">Llegeix m\u00e9s\u00bb<\/a><\/p>\n","protected":false},"author":1,"featured_media":0,"parent":7428,"menu_order":0,"comment_status":"closed","ping_status":"closed","template":"","meta":{"_bbp_topic_count":0,"_bbp_reply_count":0,"_bbp_total_topic_count":0,"_bbp_total_reply_count":0,"_bbp_voice_count":0,"_bbp_anonymous_reply_count":0,"_bbp_topic_count_hidden":0,"_bbp_reply_count_hidden":0,"_bbp_forum_subforum_count":0,"footnotes":""},"class_list":["post-7733","page","type-page","status-publish","hentry"],"post_mailing_queue_ids":[],"_links":{"self":[{"href":"https:\/\/agora.xtec.cat\/ieslescorts\/wp-json\/wp\/v2\/pages\/7733","targetHints":{"allow":["GET"]}}],"collection":[{"href":"https:\/\/agora.xtec.cat\/ieslescorts\/wp-json\/wp\/v2\/pages"}],"about":[{"href":"https:\/\/agora.xtec.cat\/ieslescorts\/wp-json\/wp\/v2\/types\/page"}],"author":[{"embeddable":true,"href":"https:\/\/agora.xtec.cat\/ieslescorts\/wp-json\/wp\/v2\/users\/1"}],"replies":[{"embeddable":true,"href":"https:\/\/agora.xtec.cat\/ieslescorts\/wp-json\/wp\/v2\/comments?post=7733"}],"version-history":[{"count":4,"href":"https:\/\/agora.xtec.cat\/ieslescorts\/wp-json\/wp\/v2\/pages\/7733\/revisions"}],"predecessor-version":[{"id":7765,"href":"https:\/\/agora.xtec.cat\/ieslescorts\/wp-json\/wp\/v2\/pages\/7733\/revisions\/7765"}],"up":[{"embeddable":true,"href":"https:\/\/agora.xtec.cat\/ieslescorts\/wp-json\/wp\/v2\/pages\/7428"}],"wp:attachment":[{"href":"https:\/\/agora.xtec.cat\/ieslescorts\/wp-json\/wp\/v2\/media?parent=7733"}],"curies":[{"name":"wp","href":"https:\/\/api.w.org\/{rel}","templated":true}]}}