{"id":7728,"date":"2020-06-14T21:04:12","date_gmt":"2020-06-14T19:04:12","guid":{"rendered":"http:\/\/agora.xtec.cat\/ieslescorts\/?page_id=7728"},"modified":"2020-06-14T21:48:35","modified_gmt":"2020-06-14T19:48:35","slug":"repte-5","status":"publish","type":"page","link":"https:\/\/agora.xtec.cat\/ieslescorts\/reptes2020\/repte-5\/","title":{"rendered":"REPTE 5"},"content":{"rendered":"<h2><strong>Repte 5. <\/strong><span style=\"color: #339966;\"><strong>Recomana&#8217;m un llibre.<\/strong><\/span><\/h2>\n<p>Aquest repte consisteix a fer un petit v\u00eddeo d\u2019un m\u00e0xim de 3 minuts on recomaneu alguna lectura que h\u00e0giu fet durant aquests mesos. Es tracta que feu un petit resum del llibre (sense fer spoilers!) i animeu els companys a llegir-lo!<\/p>\n<p><a href=\"https:\/\/agora.xtec.cat\/ieslescorts\/wp-content\/uploads\/usu1246\/2020\/06\/llibre.png\"><img loading=\"lazy\" decoding=\"async\" class=\"aligncenter size-full wp-image-7729\" src=\"https:\/\/agora.xtec.cat\/ieslescorts\/wp-content\/uploads\/usu1246\/2020\/06\/llibre.png\" alt=\"\" width=\"541\" height=\"325\" srcset=\"https:\/\/agora.xtec.cat\/ieslescorts\/wp-content\/uploads\/usu1246\/2020\/06\/llibre.png 541w, https:\/\/agora.xtec.cat\/ieslescorts\/wp-content\/uploads\/usu1246\/2020\/06\/llibre-300x180.png 300w\" sizes=\"auto, (max-width: 541px) 100vw, 541px\" \/><\/a><\/p>\n<p>&nbsp;<\/p>\n<p style=\"text-align: justify;\"><strong>La vostra recomanaci\u00f3 com a booktubers ha de contenir: <\/strong><\/p>\n<ul>\n<li style=\"text-align: left;\">T\u00edtol de l\u2019obra, g\u00e8nere, n\u00famero de p\u00e0gines\u2026<\/li>\n<li style=\"text-align: left;\">Autor: nom, proced\u00e8ncia, altres llibres que hagi escrit\u2026<\/li>\n<li style=\"text-align: left;\">Explicar de qu\u00e8 tracta el llibre.<\/li>\n<li style=\"text-align: left;\">Explicar la vostra experi\u00e8ncia (sensacions en comen\u00e7ar i acabar la lectura, quins personatges m\u2019han agradat m\u00e9s o menys\u2026)<\/li>\n<li style=\"text-align: left;\">Recomanaci\u00f3: a qui creieu que li pot agradar el llibre i per qu\u00e8?<\/li>\n<\/ul>\n<p style=\"text-align: justify;\">El v\u00eddeo pot ser en catal\u00e0, castell\u00e0, angl\u00e8s, franc\u00e8s o alemany. I l\u2019espai, vestuari i il\u00b7luminaci\u00f3 s\u00f3n completament lliures!<\/p>\n<p>&nbsp;<\/p>\n<p style=\"text-align: justify;\"><strong>Us deixem aqu\u00ed alguns exemples per si us inspiren! <\/strong><\/p>\n<h4 style=\"text-align: center;\"><span style=\"color: #ff6600;\"><strong><a style=\"color: #ff6600;\" href=\"https:\/\/www.youtube.com\/watch?v=iQXtv5Y-Obw\" target=\"_blank\" rel=\"noopener noreferrer\">Ser booktuber \u00e9s complicad\u00edssim<\/a><\/strong><\/span><\/h4>\n<p style=\"text-align: justify;\"><strong>Heu d\u2019enviar el vostre v\u00eddeo per correu electr\u00f2nic a l\u2019adre\u00e7a<\/strong> <a href=\"mailto:reptes.2020@inslescorts.cat\">reptes.2020@inslescorts.cat <\/a><\/p>\n<p style=\"text-align: justify;\"><em>A l\u2019assumpte cal posar: Repte 5, nom, cognom, curs i classe. Si la mida del fitxer \u00e9s superior a 25 MB, cap problema!, s&#8217;enviar\u00e0 com a enlla\u00e7 de Google Drive. Teniu temps per enviar el vostre v\u00eddeo fins el <strong>divendres 19 de juny<\/strong>. Tots els v\u00eddeos seran publicats junts. <\/em><\/p>\n","protected":false},"excerpt":{"rendered":"<p>Repte 5. Recomana&#8217;m un llibre.<br \/>\nAquest repte consisteix a fer un petit v\u00eddeo d\u2019un m\u00e0xim de 3 minuts on recomaneu alguna lectura que h\u00e0giu fet durant aquests mesos. Es tracta que feu un petit resum del llibre (sense fer spoilers!) i animeu els companys a llegir-lo!<br \/>\n<a&hellip;  <a href=\"https:\/\/agora.xtec.cat\/ieslescorts\/reptes2020\/repte-5\/\" title=\"Read REPTE 5\">Llegeix m\u00e9s\u00bb<\/a><\/p>\n","protected":false},"author":1,"featured_media":0,"parent":7428,"menu_order":0,"comment_status":"closed","ping_status":"closed","template":"","meta":{"_bbp_topic_count":0,"_bbp_reply_count":0,"_bbp_total_topic_count":0,"_bbp_total_reply_count":0,"_bbp_voice_count":0,"_bbp_anonymous_reply_count":0,"_bbp_topic_count_hidden":0,"_bbp_reply_count_hidden":0,"_bbp_forum_subforum_count":0,"footnotes":""},"class_list":["post-7728","page","type-page","status-publish","hentry"],"post_mailing_queue_ids":[],"_links":{"self":[{"href":"https:\/\/agora.xtec.cat\/ieslescorts\/wp-json\/wp\/v2\/pages\/7728","targetHints":{"allow":["GET"]}}],"collection":[{"href":"https:\/\/agora.xtec.cat\/ieslescorts\/wp-json\/wp\/v2\/pages"}],"about":[{"href":"https:\/\/agora.xtec.cat\/ieslescorts\/wp-json\/wp\/v2\/types\/page"}],"author":[{"embeddable":true,"href":"https:\/\/agora.xtec.cat\/ieslescorts\/wp-json\/wp\/v2\/users\/1"}],"replies":[{"embeddable":true,"href":"https:\/\/agora.xtec.cat\/ieslescorts\/wp-json\/wp\/v2\/comments?post=7728"}],"version-history":[{"count":4,"href":"https:\/\/agora.xtec.cat\/ieslescorts\/wp-json\/wp\/v2\/pages\/7728\/revisions"}],"predecessor-version":[{"id":7766,"href":"https:\/\/agora.xtec.cat\/ieslescorts\/wp-json\/wp\/v2\/pages\/7728\/revisions\/7766"}],"up":[{"embeddable":true,"href":"https:\/\/agora.xtec.cat\/ieslescorts\/wp-json\/wp\/v2\/pages\/7428"}],"wp:attachment":[{"href":"https:\/\/agora.xtec.cat\/ieslescorts\/wp-json\/wp\/v2\/media?parent=7728"}],"curies":[{"name":"wp","href":"https:\/\/api.w.org\/{rel}","templated":true}]}}