{"id":7667,"date":"2020-06-07T20:48:12","date_gmt":"2020-06-07T18:48:12","guid":{"rendered":"http:\/\/agora.xtec.cat\/ieslescorts\/?page_id=7667"},"modified":"2020-06-07T20:48:12","modified_gmt":"2020-06-07T18:48:12","slug":"repte-4","status":"publish","type":"page","link":"https:\/\/agora.xtec.cat\/ieslescorts\/reptes2020\/repte-4\/","title":{"rendered":"REPTE 4"},"content":{"rendered":"<h2><strong>Repte 4. <\/strong><strong><span style=\"color: #99cc00;\">DECOREM L&#8217;INSTITUT AMB FLORS!!<\/span><\/strong><\/h2>\n<p style=\"text-align: justify;\">Aquest repte consisteix a dissenyar flors que penjarem per tot l\u2019institut. Hem de fer flors amb diferents materials, de totes mides i de tots colors!! Per fer-les, podeu fer servir diferents tipus de paper com per exemple paper crepe, paper de seda, etc., per\u00f2 tamb\u00e9 papers reciclats de revistes i diaris; diferents tipus de teles o feltre; diferents materials com filferro, plastilina, pinta-ungles o pl\u00e0stics reciclats d\u2019algun env\u00e0s&#8230; No cal que aneu a comprar res!! Podeu fer servir el material que tingueu per casa. Amb imaginaci\u00f3 i creativitat un tros de tela enrotllat es pot convertir en un filferro o un tros de paper pot fer el servei d\u2019una tela. Per inspirar-vos, us posem uns quants exemples, per\u00f2 tamb\u00e9 podeu trobar moltes altres idees per internet (cercant en el google o al pinterest) el que m\u00e9s us agradi. Recordeu que podeu participar tots els de casa, \u00e0vies i avis, mares i pares, germanes i germans, petits i grans!! Quan tingueu la flor feta, li feu una foto i ens l\u2019envieu!!<\/p>\n<p><a href=\"https:\/\/agora.xtec.cat\/ieslescorts\/wp-content\/uploads\/usu1246\/2020\/06\/FLORS.png\"><img loading=\"lazy\" decoding=\"async\" class=\"aligncenter size-full wp-image-7670\" src=\"https:\/\/agora.xtec.cat\/ieslescorts\/wp-content\/uploads\/usu1246\/2020\/06\/FLORS.png\" alt=\"\" width=\"957\" height=\"652\" srcset=\"https:\/\/agora.xtec.cat\/ieslescorts\/wp-content\/uploads\/usu1246\/2020\/06\/FLORS.png 957w, https:\/\/agora.xtec.cat\/ieslescorts\/wp-content\/uploads\/usu1246\/2020\/06\/FLORS-300x204.png 300w, https:\/\/agora.xtec.cat\/ieslescorts\/wp-content\/uploads\/usu1246\/2020\/06\/FLORS-768x523.png 768w\" sizes=\"auto, (max-width: 957px) 100vw, 957px\" \/><\/a><\/p>\n<p style=\"text-align: justify;\">Teniu temps <strong>fins el proper diumenge, 14 de juny<\/strong> per enviar la foto de la vostra flor al correu <a href=\"mailto:reptes.2020@inslescorts.cat\">reptes.2020@inslescorts.cat<\/a> En <strong>l\u2019assumpte de l\u2019email<\/strong> cal posar: Repte 4, nom, cognom, curs i classe. Totes les flors seran editades juntes en un mur de flors, i en triarem tres per penjar, sense el vostre nom, a la p\u00e0gina web de l\u2019institut.<\/p>\n","protected":false},"excerpt":{"rendered":"<p>Repte 4. DECOREM L&#8217;INSTITUT AMB FLORS!!<br \/>\nAquest repte consisteix a dissenyar flors que penjarem per tot l\u2019institut. Hem de fer flors amb diferents materials, de totes mides i de tots colors!! Per fer-les, podeu fer servir diferents tipus de paper com per exemple paper crepe, paper&hellip;  <a href=\"https:\/\/agora.xtec.cat\/ieslescorts\/reptes2020\/repte-4\/\" title=\"Read REPTE 4\">Llegeix m\u00e9s\u00bb<\/a><\/p>\n","protected":false},"author":1,"featured_media":0,"parent":7428,"menu_order":0,"comment_status":"closed","ping_status":"closed","template":"","meta":{"_bbp_topic_count":0,"_bbp_reply_count":0,"_bbp_total_topic_count":0,"_bbp_total_reply_count":0,"_bbp_voice_count":0,"_bbp_anonymous_reply_count":0,"_bbp_topic_count_hidden":0,"_bbp_reply_count_hidden":0,"_bbp_forum_subforum_count":0,"footnotes":""},"class_list":["post-7667","page","type-page","status-publish","hentry"],"post_mailing_queue_ids":[],"_links":{"self":[{"href":"https:\/\/agora.xtec.cat\/ieslescorts\/wp-json\/wp\/v2\/pages\/7667","targetHints":{"allow":["GET"]}}],"collection":[{"href":"https:\/\/agora.xtec.cat\/ieslescorts\/wp-json\/wp\/v2\/pages"}],"about":[{"href":"https:\/\/agora.xtec.cat\/ieslescorts\/wp-json\/wp\/v2\/types\/page"}],"author":[{"embeddable":true,"href":"https:\/\/agora.xtec.cat\/ieslescorts\/wp-json\/wp\/v2\/users\/1"}],"replies":[{"embeddable":true,"href":"https:\/\/agora.xtec.cat\/ieslescorts\/wp-json\/wp\/v2\/comments?post=7667"}],"version-history":[{"count":3,"href":"https:\/\/agora.xtec.cat\/ieslescorts\/wp-json\/wp\/v2\/pages\/7667\/revisions"}],"predecessor-version":[{"id":7687,"href":"https:\/\/agora.xtec.cat\/ieslescorts\/wp-json\/wp\/v2\/pages\/7667\/revisions\/7687"}],"up":[{"embeddable":true,"href":"https:\/\/agora.xtec.cat\/ieslescorts\/wp-json\/wp\/v2\/pages\/7428"}],"wp:attachment":[{"href":"https:\/\/agora.xtec.cat\/ieslescorts\/wp-json\/wp\/v2\/media?parent=7667"}],"curies":[{"name":"wp","href":"https:\/\/api.w.org\/{rel}","templated":true}]}}