{"id":7665,"date":"2020-06-07T20:46:30","date_gmt":"2020-06-07T18:46:30","guid":{"rendered":"http:\/\/agora.xtec.cat\/ieslescorts\/?page_id=7665"},"modified":"2020-06-07T20:53:57","modified_gmt":"2020-06-07T18:53:57","slug":"repte-3","status":"publish","type":"page","link":"https:\/\/agora.xtec.cat\/ieslescorts\/reptes2020\/repte-3\/","title":{"rendered":"REPTE 3"},"content":{"rendered":"<h2><strong>Repte 3. <span style=\"color: #99cc00;\">YouCi\u00e8ncia<\/span><\/strong><\/h2>\n<p style=\"text-align: justify;\">Aquest repte consisteix en fer <strong>un v\u00eddeo de m\u00e0xim tres minuts de durada<\/strong>, que mostri un experiment senzill fet amb estr\u00eds que tenim a casa, relacionat amb la biologia, la f\u00edsica, la geologia o la qu\u00edmica.<\/p>\n<p><a href=\"https:\/\/agora.xtec.cat\/ieslescorts\/wp-content\/uploads\/usu1246\/2020\/06\/youciencia.png\"><img loading=\"lazy\" decoding=\"async\" class=\"aligncenter size-full wp-image-7672\" src=\"https:\/\/agora.xtec.cat\/ieslescorts\/wp-content\/uploads\/usu1246\/2020\/06\/youciencia.png\" alt=\"\" width=\"850\" height=\"474\" srcset=\"https:\/\/agora.xtec.cat\/ieslescorts\/wp-content\/uploads\/usu1246\/2020\/06\/youciencia.png 850w, https:\/\/agora.xtec.cat\/ieslescorts\/wp-content\/uploads\/usu1246\/2020\/06\/youciencia-300x167.png 300w, https:\/\/agora.xtec.cat\/ieslescorts\/wp-content\/uploads\/usu1246\/2020\/06\/youciencia-768x428.png 768w\" sizes=\"auto, (max-width: 850px) 100vw, 850px\" \/><\/a><\/p>\n<p style=\"text-align: justify;\">En el v\u00eddeo s\u2019han de veure els passos que heu realitzat seguint del m\u00e8tode cient\u00edfic:<\/p>\n<p style=\"text-align: center;\">1. Pregunta 2. Hip\u00f2tesi 3. Material 4. Procediment 5. Resultats 6. Conclusions.<\/p>\n<p style=\"text-align: left;\">Us proposem unes quantes idees com a exemple:<\/p>\n<p style=\"text-align: left;\"><a href=\"https:\/\/www.regio7.cat\/educacio\/2019\/06\/05\/deu-experiments-casolans-facils-fer\/549127.html\" target=\"_blank\" rel=\"noopener noreferrer\">https:\/\/www.regio7.cat\/educacio\/2019\/06\/05\/deu-experiments-casolans-facils-fer\/549127.html<\/a><\/p>\n<p>&nbsp;<\/p>\n<p><a href=\"http:\/\/www.recercaenaccio.cat\/experimenta\/experiments-casolans-per-a-nens-i-per-a-tothom\/\" target=\"_blank\" rel=\"noopener noreferrer\"><img loading=\"lazy\" decoding=\"async\" class=\"wp-image-7690 alignleft\" src=\"https:\/\/agora.xtec.cat\/ieslescorts\/wp-content\/uploads\/usu1246\/2020\/06\/recerca_en_accio.png\" alt=\"\" width=\"583\" height=\"222\" srcset=\"https:\/\/agora.xtec.cat\/ieslescorts\/wp-content\/uploads\/usu1246\/2020\/06\/recerca_en_accio.png 934w, https:\/\/agora.xtec.cat\/ieslescorts\/wp-content\/uploads\/usu1246\/2020\/06\/recerca_en_accio-300x114.png 300w, https:\/\/agora.xtec.cat\/ieslescorts\/wp-content\/uploads\/usu1246\/2020\/06\/recerca_en_accio-768x292.png 768w\" sizes=\"auto, (max-width: 583px) 100vw, 583px\" \/><\/a><\/p>\n<p>&nbsp;<\/p>\n<p>&nbsp;<\/p>\n<p>&nbsp;<\/p>\n<p>&nbsp;<\/p>\n<p>&nbsp;<\/p>\n<p>&nbsp;<\/p>\n<p>&nbsp;<\/p>\n<blockquote class=\"wp-embedded-content\" data-secret=\"AMcolgy0jr\"><p><a href=\"https:\/\/educaconbigbang.com\/2015\/10\/experimento-de-tension-superficial-con-palillos\/\">Experimento de tensi\u00f3n superficial con palillos<\/a><\/p><\/blockquote>\n<p><iframe loading=\"lazy\" class=\"wp-embedded-content\" sandbox=\"allow-scripts\" security=\"restricted\" style=\"position: absolute; clip: rect(1px, 1px, 1px, 1px);\" title=\"\u00abExperimento de tensi\u00f3n superficial con palillos\u00bb \u2014 Experimentos y actividades educativas\" src=\"https:\/\/educaconbigbang.com\/2015\/10\/experimento-de-tension-superficial-con-palillos\/embed\/#?secret=aXivNJftUh#?secret=AMcolgy0jr\" data-secret=\"AMcolgy0jr\" width=\"500\" height=\"282\" frameborder=\"0\" marginwidth=\"0\" marginheight=\"0\" scrolling=\"no\"><\/iframe><\/p>\n<p>&nbsp;<\/p>\n<p><a href=\"https:\/\/www.ccma.cat\/tv3\/super3\/dinamiks\/videos\/\" target=\"_blank\" rel=\"noopener noreferrer\"><img loading=\"lazy\" decoding=\"async\" class=\" wp-image-7677 alignleft\" src=\"https:\/\/agora.xtec.cat\/ieslescorts\/wp-content\/uploads\/usu1246\/2020\/06\/dinamiks.png\" alt=\"\" width=\"570\" height=\"289\" srcset=\"https:\/\/agora.xtec.cat\/ieslescorts\/wp-content\/uploads\/usu1246\/2020\/06\/dinamiks.png 389w, https:\/\/agora.xtec.cat\/ieslescorts\/wp-content\/uploads\/usu1246\/2020\/06\/dinamiks-300x152.png 300w\" sizes=\"auto, (max-width: 570px) 100vw, 570px\" \/><\/a><\/p>\n<p>&nbsp;<\/p>\n<p>&nbsp;<\/p>\n<p>&nbsp;<\/p>\n<p>&nbsp;<\/p>\n<p>&nbsp;<\/p>\n<p>&nbsp;<\/p>\n<p>&nbsp;<\/p>\n<p>&nbsp;<\/p>\n<p style=\"text-align: center;\"><em>Ara nom\u00e9s cal que us poseu a investigar!!<\/em><\/p>\n<p style=\"text-align: left;\"><em>Heu d\u2019enviar el vostre v\u00eddeo per correu electr\u00f2nic a l\u2019adre\u00e7a <a href=\"mailto:reptes.2020@inslescorts.cat\">reptes.2020@inslescorts.cat<\/a> En l\u2019assumpte cal posar: Repte 3, nom, cognom, curs i classe. Si la mida del fitxer \u00e9s superior a 25 MB, cap problema!, s&#8217;enviar\u00e0 com a enlla\u00e7 de Google Drive. Teniu temps per enviar el vostre v\u00eddeo fins el <strong>diumenge 14 de juny<\/strong>. Tots els v\u00eddeos seran publicats junts. <\/em><\/p>\n<p>&nbsp;<\/p>\n","protected":false},"excerpt":{"rendered":"<p>Repte 3. YouCi\u00e8ncia<br \/>\nAquest repte consisteix en fer un v\u00eddeo de m\u00e0xim tres minuts de durada, que mostri un experiment senzill fet amb estr\u00eds que tenim a casa, relacionat amb la biologia, la f\u00edsica, la geologia o la qu\u00edmica.<br \/>\n<a href=\"https:\/\/agora.xtec.cat\/ieslescorts\/wp-content\/uploads\/usu1246\/2020\/06\/youciencia.png\"><\/a><br \/>\nEn el v\u00eddeo s\u2019han de veure els&hellip;  <a href=\"https:\/\/agora.xtec.cat\/ieslescorts\/reptes2020\/repte-3\/\" title=\"Read REPTE 3\">Llegeix m\u00e9s\u00bb<\/a><\/p>\n","protected":false},"author":1,"featured_media":0,"parent":7428,"menu_order":0,"comment_status":"closed","ping_status":"closed","template":"","meta":{"_bbp_topic_count":0,"_bbp_reply_count":0,"_bbp_total_topic_count":0,"_bbp_total_reply_count":0,"_bbp_voice_count":0,"_bbp_anonymous_reply_count":0,"_bbp_topic_count_hidden":0,"_bbp_reply_count_hidden":0,"_bbp_forum_subforum_count":0,"footnotes":""},"class_list":["post-7665","page","type-page","status-publish","hentry"],"post_mailing_queue_ids":[],"_links":{"self":[{"href":"https:\/\/agora.xtec.cat\/ieslescorts\/wp-json\/wp\/v2\/pages\/7665","targetHints":{"allow":["GET"]}}],"collection":[{"href":"https:\/\/agora.xtec.cat\/ieslescorts\/wp-json\/wp\/v2\/pages"}],"about":[{"href":"https:\/\/agora.xtec.cat\/ieslescorts\/wp-json\/wp\/v2\/types\/page"}],"author":[{"embeddable":true,"href":"https:\/\/agora.xtec.cat\/ieslescorts\/wp-json\/wp\/v2\/users\/1"}],"replies":[{"embeddable":true,"href":"https:\/\/agora.xtec.cat\/ieslescorts\/wp-json\/wp\/v2\/comments?post=7665"}],"version-history":[{"count":3,"href":"https:\/\/agora.xtec.cat\/ieslescorts\/wp-json\/wp\/v2\/pages\/7665\/revisions"}],"predecessor-version":[{"id":7698,"href":"https:\/\/agora.xtec.cat\/ieslescorts\/wp-json\/wp\/v2\/pages\/7665\/revisions\/7698"}],"up":[{"embeddable":true,"href":"https:\/\/agora.xtec.cat\/ieslescorts\/wp-json\/wp\/v2\/pages\/7428"}],"wp:attachment":[{"href":"https:\/\/agora.xtec.cat\/ieslescorts\/wp-json\/wp\/v2\/media?parent=7665"}],"curies":[{"name":"wp","href":"https:\/\/api.w.org\/{rel}","templated":true}]}}