{"id":7428,"date":"2020-05-26T17:39:41","date_gmt":"2020-05-26T15:39:41","guid":{"rendered":"http:\/\/agora.xtec.cat\/ieslescorts\/?page_id=7428"},"modified":"2020-05-28T14:22:22","modified_gmt":"2020-05-28T12:22:22","slug":"reptes2020","status":"publish","type":"page","link":"https:\/\/agora.xtec.cat\/ieslescorts\/reptes2020\/","title":{"rendered":"REPTES 2020"},"content":{"rendered":"<h6><\/h6>\n<h6>\r\n\t<div class=\"slideshow_container slideshow_container_style-light\" style=\"height: 300px; \" data-slideshow-id=\"7449\" data-style-name=\"style-light\" data-style-version=\"2.3.1\" >\r\n\r\n\t\t\t\t\t<div class=\"slideshow_loading_icon\"><\/div>\r\n\t\t\r\n\t\t<div class=\"slideshow_content\" style=\"display: none;\">\r\n\r\n\t\t\t<div class=\"slideshow_view\">\r\n\t\t\t\t<div class=\"slideshow_slide slideshow_slide_image\">\r\n\t\t\t\t\t\t\t\t\t\t\t<img src=\"https:\/\/agora.xtec.cat\/ieslescorts\/wp-content\/uploads\/usu1246\/2020\/05\/Imatge1_Challenge-Les-Corts.jpg\" alt=\"Imatge1_Challenge Les Corts\" width=\"1920\" height=\"1462\" \/>\r\n\t\t\t\t\t\t\t\t\t\t<div class=\"slideshow_description_box slideshow_transparent\">\r\n\t\t\t\t\t\t<div class=\"slideshow_title\">Imatge1_Challenge Les Corts<\/div>\t\t\t\t\t\t\t\t\t\t\t<\/div>\r\n\t\t\t\t<\/div>\r\n\r\n\t\t\t\t\t\t<div style=\"clear: both;\"><\/div><\/div><div class=\"slideshow_view\">\r\n\t\t\t\t<div class=\"slideshow_slide slideshow_slide_image\">\r\n\t\t\t\t\t\t\t\t\t\t\t<img src=\"https:\/\/agora.xtec.cat\/ieslescorts\/wp-content\/uploads\/usu1246\/2020\/05\/Imatge2_Challenge-Les-Corts.png\" alt=\"Imatge2_Challenge Les Corts\" width=\"1920\" height=\"1352\" \/>\r\n\t\t\t\t\t\t\t\t\t\t<div class=\"slideshow_description_box slideshow_transparent\">\r\n\t\t\t\t\t\t<div class=\"slideshow_title\">Imatge2_Challenge Les Corts<\/div>\t\t\t\t\t\t\t\t\t\t\t<\/div>\r\n\t\t\t\t<\/div>\r\n\r\n\t\t\t\t\t\t<div style=\"clear: both;\"><\/div><\/div><div class=\"slideshow_view\">\r\n\t\t\t\t<div class=\"slideshow_slide slideshow_slide_image\">\r\n\t\t\t\t\t\t\t\t\t\t\t<img src=\"https:\/\/agora.xtec.cat\/ieslescorts\/wp-content\/uploads\/usu1246\/2020\/05\/Imatge3_Challenge-Les-Corts-.jpg\" alt=\"Imatge3_Challenge Les Corts\" width=\"1920\" height=\"1080\" \/>\r\n\t\t\t\t\t\t\t\t\t\t<div class=\"slideshow_description_box slideshow_transparent\">\r\n\t\t\t\t\t\t<div class=\"slideshow_title\">Imatge3_Challenge Les Corts<\/div>\t\t\t\t\t\t\t\t\t\t\t<\/div>\r\n\t\t\t\t<\/div>\r\n\r\n\t\t\t\t\t\t<div style=\"clear: both;\"><\/div><\/div>\r\n\t\t<\/div>\r\n\r\n\t\t<div class=\"slideshow_controlPanel slideshow_transparent\" style=\"display: none;\"><ul><li class=\"slideshow_togglePlay\" data-play-text=\"Visualitza\" data-pause-text=\"Pausa\"><\/li><\/ul><\/div>\r\n\r\n\t\t<div class=\"slideshow_button slideshow_previous slideshow_transparent\" role=\"button\" data-previous-text=\"Anterior\" style=\"display: none;\"><\/div>\r\n\t\t<div class=\"slideshow_button slideshow_next slideshow_transparent\" role=\"button\" data-next-text=\"Seg\u00fcent\" style=\"display: none;\"><\/div>\r\n\r\n\t\t<div class=\"slideshow_pagination\" style=\"display: none;\" data-go-to-text=\"V\u00e9s a la diapositiva\"><div class=\"slideshow_pagination_center\"><\/div><\/div>\r\n\r\n\t\t<!-- WordPress Slideshow Version 2.3.1 -->\r\n\r\n\t\t\t<\/div>\r\n\r\n<\/h6>\n<h6><\/h6>\n<h6><img loading=\"lazy\" decoding=\"async\" class=\"wp-image-4900 alignleft\" src=\"https:\/\/agora.xtec.cat\/ieslescorts\/wp-content\/uploads\/usu1246\/2018\/02\/logotip_institut_lescorts-300x271.png\" alt=\"\" width=\"114\" height=\"103\" \/><\/h6>\n<p>&nbsp;<\/p>\n<h3>Challenge Les Corts<\/h3>\n<h6>Un projecte educatiu i entretingut per acabar el curs amb els Reptes de Les Corts.<\/h6>\n<p>Benvolgut alumnat i fam\u00edlies,<\/p>\n<p>Nom\u00e9s ens queden tres setmanes per acabar aquest estrany curs. Per a totes les persones que encara teniu recuperacions, heu de treballar a fons per completar el curs amb \u00e8xit. Per a l\u2019alumnat d\u2019ESO amb el curs superat, us demanem que participeu en el projecte <strong>Challenge Les Corts.<\/strong><br \/>\nCada <strong>dilluns<\/strong>, trobareu dos reptes en la p\u00e0gina principal de la web de l\u2019Institut. S\u00f3n reptes relacionats amb algun \u00e0mbit de l\u2019escola, reptes divertits, que us obligaran a pensar una mica i que podreu realitzar amb les vostres fam\u00edlies si voleu. Tindreu tota la setmana per preparar el repte i enviar-lo al correu: <a href=\"mailto:reptes.2020@inslescorts.cat\">reptes.2020@inslescorts.cat<\/a><\/p>\n<p><strong>Challenge Les Corts nom\u00e9s ser\u00e0 un \u00e8xit si participen molts alumnes. Comencem el proper 1-2 de juny<\/strong><\/p>\n<p>INS Les Corts<\/p>\n<h4 style=\"text-align: center;\"><\/h4>\n<p>&nbsp;<\/p>\n<p style=\"text-align: center;\">Les <strong><span style=\"color: #800000;\">noves publicacions dels reptes setmanals les trobar\u00e0s a:<\/span><\/strong><\/p>\n<p style=\"text-align: center;\"><a href=\"https:\/\/agora.xtec.cat\/ieslescorts\/wp-content\/uploads\/usu1246\/2020\/05\/menu.png\"><img loading=\"lazy\" decoding=\"async\" class=\"size-full wp-image-7482 aligncenter\" src=\"https:\/\/agora.xtec.cat\/ieslescorts\/wp-content\/uploads\/usu1246\/2020\/05\/menu.png\" alt=\"\" width=\"73\" height=\"80\" \/><\/a><a href=\"https:\/\/agora.xtec.cat\/ieslescorts\/wp-content\/uploads\/usu1246\/2020\/05\/reptes-2020.png\"><img loading=\"lazy\" decoding=\"async\" class=\"aligncenter size-full wp-image-7485\" src=\"https:\/\/agora.xtec.cat\/ieslescorts\/wp-content\/uploads\/usu1246\/2020\/05\/reptes-2020.png\" alt=\"\" width=\"102\" height=\"26\" \/><\/a><\/p>\n<h4 style=\"text-align: center;\"><span style=\"color: #ff0000;\"><strong><span style=\"color: #000000;\">+ INFORMACI\u00d3 <a href=\"https:\/\/agora.xtec.cat\/ieslescorts\/reptes2020\/repte-1\/\">REPTE 1<\/a><\/span><\/strong><\/span><\/h4>\n<h4 style=\"text-align: center;\"><span style=\"color: #ff0000;\"><strong><span style=\"color: #000000;\">+ INFORMACI\u00d3 <a href=\"https:\/\/agora.xtec.cat\/ieslescorts\/reptes2020\/repte-2\/\">REPTE 2<\/a><\/span><\/strong><\/span><\/h4>\n","protected":false},"excerpt":{"rendered":"<p>\t\t\t\t\t\tImatge1_Challenge Les Corts\t\t\t\t\t\t\t\t\t\t\t<\/p>\n<p>\t\t\t\t\t\tImatge2_Challenge Les Corts\t\t\t\t\t\t\t\t\t\t\t<\/p>\n<p>\t\t\t\t\t\tImatge3_Challenge Les Corts\t\t\t\t\t\t\t\t\t\t\t<\/p>\n<ul>\n<li class=\"slideshow_togglePlay\" data-play-text=\"Visualitza\" data-pause-text=\"Pausa\"><\/li>\n<\/ul>\n<p>&nbsp;<br \/>\nChallenge Les Corts<br \/>\nUn projecte educatiu i entretingut per acabar el curs amb els Reptes de Les Corts.<br \/>\nBenvolgut alumnat i fam\u00edlies,<br \/>\nNom\u00e9s ens queden tres setmanes per acabar aquest estrany curs. Per a totes les persones que encara&hellip;  <a href=\"https:\/\/agora.xtec.cat\/ieslescorts\/reptes2020\/\" title=\"Read REPTES 2020\">Llegeix m\u00e9s\u00bb<\/a><\/p>\n","protected":false},"author":1,"featured_media":0,"parent":0,"menu_order":0,"comment_status":"closed","ping_status":"closed","template":"","meta":{"_bbp_topic_count":0,"_bbp_reply_count":0,"_bbp_total_topic_count":0,"_bbp_total_reply_count":0,"_bbp_voice_count":0,"_bbp_anonymous_reply_count":0,"_bbp_topic_count_hidden":0,"_bbp_reply_count_hidden":0,"_bbp_forum_subforum_count":0,"footnotes":""},"class_list":["post-7428","page","type-page","status-publish","hentry"],"post_mailing_queue_ids":[],"_links":{"self":[{"href":"https:\/\/agora.xtec.cat\/ieslescorts\/wp-json\/wp\/v2\/pages\/7428","targetHints":{"allow":["GET"]}}],"collection":[{"href":"https:\/\/agora.xtec.cat\/ieslescorts\/wp-json\/wp\/v2\/pages"}],"about":[{"href":"https:\/\/agora.xtec.cat\/ieslescorts\/wp-json\/wp\/v2\/types\/page"}],"author":[{"embeddable":true,"href":"https:\/\/agora.xtec.cat\/ieslescorts\/wp-json\/wp\/v2\/users\/1"}],"replies":[{"embeddable":true,"href":"https:\/\/agora.xtec.cat\/ieslescorts\/wp-json\/wp\/v2\/comments?post=7428"}],"version-history":[{"count":3,"href":"https:\/\/agora.xtec.cat\/ieslescorts\/wp-json\/wp\/v2\/pages\/7428\/revisions"}],"predecessor-version":[{"id":7491,"href":"https:\/\/agora.xtec.cat\/ieslescorts\/wp-json\/wp\/v2\/pages\/7428\/revisions\/7491"}],"wp:attachment":[{"href":"https:\/\/agora.xtec.cat\/ieslescorts\/wp-json\/wp\/v2\/media?parent=7428"}],"curies":[{"name":"wp","href":"https:\/\/api.w.org\/{rel}","templated":true}]}}