{"id":4800,"date":"2018-02-01T11:09:34","date_gmt":"2018-02-01T10:09:34","guid":{"rendered":"http:\/\/agora.xtec.cat\/ieslescorts\/?page_id=4800"},"modified":"2025-12-16T12:36:58","modified_gmt":"2025-12-16T11:36:58","slug":"proves-geso","status":"publish","type":"page","link":"https:\/\/agora.xtec.cat\/ieslescorts\/proves-geso\/","title":{"rendered":"Proves GESO"},"content":{"rendered":"<h3>INFORMACI\u00d3 i CALENDARI<\/h3>\n<p><strong>INSCRIPCI\u00d3<\/strong>:<\/p>\n<div style=\"text-align: justify;\">\n<p><span style=\"font-family: inherit; font-size: 1em;\">La <\/span><strong style=\"font-family: inherit; font-size: 1em;\">sol\u00b7licitud<\/strong><span style=\"font-family: inherit; font-size: 1em;\"> per fer les proves s&#8217;ha de presentar entre el<\/span> <strong style=\"font-family: inherit; font-size: 1em;\">2 i el 13 de febrer de 2026.<\/strong><\/p>\n<\/div>\n<p><strong>LLOC<\/strong>: secretaria del centre on la persona sol\u00b7licitant va estar matriculada de quart d&#8217;ESO per \u00faltima vegada. S&#8217;ha de presentar el document <strong><a href=\"https:\/\/drive.google.com\/file\/d\/1y3VnWAk5R3UaAtaRJAhc__-eBdyEEts8\/view?usp=sharing\">&#8220;Sol\u00b7licitud inscripci\u00f3 proves GESO&#8221;<\/a>.<\/strong><\/p>\n<p>LLISTA DE PERSONES ADMESES I EXCLOSES: <strong>fins al 2 de mar\u00e7 de 2026.<\/strong><\/p>\n<p><span style=\"font-family: inherit; font-size: 1em;\">DIES PER A RECLAMACI\u00d3 SOBRE LA INSCRIPCI\u00d3 (AL CENTRE): <strong>del<\/strong> <strong>3 al 5 de mar\u00e7 de 2026.<\/strong><\/span><\/p>\n<p>DATES DE LES PROVES: <strong>durant el mes de mar\u00e7 de 2026. <\/strong>Horari a concretar.<\/p>\n<p>DOCUMENTACI\u00d3 A PORTAR EL DIA DE LA PROVA: original del DNI, targeta de resid\u00e8ncia, passaport o qualsevol altre document identificatiu oficial en vigor.<\/p>\n<p>TEMPS per a fer les proves: 60 minuts per a cada mat\u00e8ria.<\/p>\n<p>Es poden portar diccionaris i\/o calculadora no programable.<\/p>\n<p>Abans que comenci el per\u00edode d&#8217;inscripci\u00f3, els centres informen, per mitj\u00e0 dels canals que tinguin establerts, del curr\u00edculum de cadascuna de les mat\u00e8ries.<\/p>\n<h3><a href=\"https:\/\/drive.google.com\/drive\/folders\/1ky1fZlLpPTF3MRfAj21tBnOvkAM_1MyY?usp=sharing\">Criteris de les Proves GESO<\/a><\/h3>\n<p>&nbsp;<\/p>\n","protected":false},"excerpt":{"rendered":"<p>INFORMACI\u00d3 i CALENDARI<br \/>\nINSCRIPCI\u00d3:<\/p>\n<p>La sol\u00b7licitud per fer les proves s&#8217;ha de presentar entre el 2 i el 13 de febrer de 2026.<\/p>\n<p>LLOC: secretaria del centre on la persona sol\u00b7licitant va estar matriculada de quart d&#8217;ESO per \u00faltima vegada. S&#8217;ha de presentar el document <a href=\"https:\/\/drive.google.com\/file\/d\/1y3VnWAk5R3UaAtaRJAhc__-eBdyEEts8\/view?usp=sharing\">&#8220;Sol\u00b7licitud inscripci\u00f3&hellip;  <a href=\"https:\/\/agora.xtec.cat\/ieslescorts\/proves-geso\/\" title=\"Read Proves GESO\">Llegeix m\u00e9s\u00bb<\/a><\/p>\n","protected":false},"author":1,"featured_media":0,"parent":0,"menu_order":0,"comment_status":"closed","ping_status":"closed","template":"","meta":{"_bbp_topic_count":0,"_bbp_reply_count":0,"_bbp_total_topic_count":0,"_bbp_total_reply_count":0,"_bbp_voice_count":0,"_bbp_anonymous_reply_count":0,"_bbp_topic_count_hidden":0,"_bbp_reply_count_hidden":0,"_bbp_forum_subforum_count":0,"footnotes":""},"class_list":["post-4800","page","type-page","status-publish","hentry"],"post_mailing_queue_ids":[],"_links":{"self":[{"href":"https:\/\/agora.xtec.cat\/ieslescorts\/wp-json\/wp\/v2\/pages\/4800","targetHints":{"allow":["GET"]}}],"collection":[{"href":"https:\/\/agora.xtec.cat\/ieslescorts\/wp-json\/wp\/v2\/pages"}],"about":[{"href":"https:\/\/agora.xtec.cat\/ieslescorts\/wp-json\/wp\/v2\/types\/page"}],"author":[{"embeddable":true,"href":"https:\/\/agora.xtec.cat\/ieslescorts\/wp-json\/wp\/v2\/users\/1"}],"replies":[{"embeddable":true,"href":"https:\/\/agora.xtec.cat\/ieslescorts\/wp-json\/wp\/v2\/comments?post=4800"}],"version-history":[{"count":8,"href":"https:\/\/agora.xtec.cat\/ieslescorts\/wp-json\/wp\/v2\/pages\/4800\/revisions"}],"predecessor-version":[{"id":12320,"href":"https:\/\/agora.xtec.cat\/ieslescorts\/wp-json\/wp\/v2\/pages\/4800\/revisions\/12320"}],"wp:attachment":[{"href":"https:\/\/agora.xtec.cat\/ieslescorts\/wp-json\/wp\/v2\/media?parent=4800"}],"curies":[{"name":"wp","href":"https:\/\/api.w.org\/{rel}","templated":true}]}}